{"id":3717,"date":"2026-02-18T15:12:31","date_gmt":"2026-02-18T15:12:31","guid":{"rendered":"https:\/\/kisurfschool.gypsea-agency.fr\/produit\/cheques-regalo-ki-surf-school\/"},"modified":"2026-02-18T15:12:31","modified_gmt":"2026-02-18T15:12:31","slug":"cheques-regalo-ki-surf-school","status":"publish","type":"product","link":"https:\/\/www.kisurfschool.com\/es\/produit\/cheques-regalo-ki-surf-school\/","title":{"rendered":"Cheques regalo &#8211; Ki Surf School"},"content":{"rendered":"","protected":false},"excerpt":{"rendered":"<h2>\u00bfC\u00f3mo regalo un cheque regalo?<\/h2>\n<ol>\n<li>Elige la cantidad<\/li>\n<li>Pide y paga tu cheque regalo<\/li>\n<li>Descarga el cup\u00f3n recibido por correo electr\u00f3nico e impr\u00edmelo<\/li>\n<li>En el vale regalo, introduce tu nombre y el de la persona que recibir\u00e1 el vale<\/li>\n<li>Ahora s\u00f3lo tienes que hacer el regalo adecuado a la persona afortunada.<\/li>\n<\/ol>\n<p>&nbsp;<\/p>\n<h2>\u00bfC\u00f3mo utilizo un vale regalo?<\/h2>\n<ol>\n<li>Ve a la secci\u00f3n <a href=\"https:\/\/www.kisurfschool.com\/es\/tarifas-y-reservas\/\">&#8220;Precios y reservas<\/a> &#8221; del sitio web.<\/li>\n<li>Introduce la fecha que m\u00e1s te convenga, en funci\u00f3n de la disponibilidad de la escuela (haremos todo lo posible por complacerte).<\/li>\n<li>Rellena todos los campos, incluido el n\u00famero de tu cheque regalo y tus datos de contacto.<\/li>\n<li>En breve nos pondremos en contacto contigo para confirmar tu reserva y responder a cualquier pregunta que puedas tener.<\/li>\n<li>De 15 d\u00edas a una semana antes de la fecha del curso, confirma tu asistencia.<\/li>\n<li>Te avisaremos de cu\u00e1ndo y d\u00f3nde podemos quedar para dar clases de surf o de Tai Chi Chan.<\/li>\n<li>Entr\u00e9ganos tu vale regalo con su n\u00famero \u00fanico y disfruta de las actividades<\/li>\n<\/ol>\n","protected":false},"featured_media":3730,"comment_status":"open","ping_status":"closed","template":"","meta":{"_et_pb_use_builder":"","_et_pb_old_content":"","_et_gb_content_width":""},"product_brand":[],"product_cat":[207],"product_tag":[],"class_list":{"0":"post-3717","1":"product","2":"type-product","3":"status-publish","4":"has-post-thumbnail","6":"product_cat-cheques-regalo","8":"first","9":"instock","10":"shipping-taxable","11":"purchasable","12":"product-type-variable"},"yoast_head":"<!-- This site is optimized with the Yoast SEO plugin v27.3 - https:\/\/yoast.com\/product\/yoast-seo-wordpress\/ -->\n<title>Cheques regalo - Ki Surf School - Ki Surf School - Surf et Taichi dans les Landes<\/title>\n<meta name=\"robots\" content=\"index, follow, max-snippet:-1, max-image-preview:large, max-video-preview:-1\" \/>\n<link rel=\"canonical\" href=\"https:\/\/www.kisurfschool.com\/produit\/bons-cadeaux-ki-surf-school\/\" \/>\n<meta property=\"og:locale\" content=\"es_ES\" \/>\n<meta property=\"og:type\" content=\"article\" \/>\n<meta property=\"og:title\" content=\"Cheques regalo - Ki Surf School - Ki Surf School - Surf et Taichi dans les Landes\" \/>\n<meta property=\"og:description\" content=\"\u00bfC\u00f3mo regalo un cheque regalo?  Elige la cantidad  Pide y paga tu cheque regalo  Descarga el cup\u00f3n recibido por correo electr\u00f3nico e impr\u00edmelo  En el vale regalo, introduce tu nombre y el de la persona que recibir\u00e1 el vale  Ahora s\u00f3lo tienes que hacer el regalo adecuado a la persona afortunada. &nbsp; \u00bfC\u00f3mo utilizo un vale regalo?  Ve a la secci\u00f3n &quot;Precios y reservas &quot; del sitio web.  Introduce la fecha que m\u00e1s te convenga, en funci\u00f3n de la disponibilidad de la escuela (haremos todo lo posible por complacerte).  Rellena todos los campos, incluido el n\u00famero de tu cheque regalo y tus datos de contacto.  En breve nos pondremos en contacto contigo para confirmar tu reserva y responder a cualquier pregunta que puedas tener.  De 15 d\u00edas a una semana antes de la fecha del curso, confirma tu asistencia.  Te avisaremos de cu\u00e1ndo y d\u00f3nde podemos quedar para dar clases de surf o de Tai Chi Chan.  Entr\u00e9ganos tu vale regalo con su n\u00famero \u00fanico y disfruta de las actividades\" \/>\n<meta property=\"og:url\" content=\"https:\/\/www.kisurfschool.com\/produit\/bons-cadeaux-ki-surf-school\/\" \/>\n<meta property=\"og:site_name\" content=\"Ki Surf School - Surf et Taichi dans les Landes\" \/>\n<meta property=\"og:image\" content=\"https:\/\/www.kisurfschool.com\/wp-content\/uploads\/2026\/02\/bon-cadeau_page-0001.jpg\" \/>\n\t<meta property=\"og:image:width\" content=\"1211\" \/>\n\t<meta property=\"og:image:height\" content=\"828\" \/>\n\t<meta property=\"og:image:type\" content=\"image\/jpeg\" \/>\n<meta name=\"twitter:card\" content=\"summary_large_image\" \/>\n<script type=\"application\/ld+json\" class=\"yoast-schema-graph\">{\"@context\":\"https:\\\/\\\/schema.org\",\"@graph\":[{\"@type\":\"WebPage\",\"@id\":\"https:\\\/\\\/www.kisurfschool.com\\\/produit\\\/bons-cadeaux-ki-surf-school\\\/\",\"url\":\"https:\\\/\\\/www.kisurfschool.com\\\/produit\\\/bons-cadeaux-ki-surf-school\\\/\",\"name\":\"Cheques regalo - Ki Surf School - Ki Surf School - Surf et Taichi dans les Landes\",\"isPartOf\":{\"@id\":\"https:\\\/\\\/www.kisurfschool.com\\\/#website\"},\"primaryImageOfPage\":{\"@id\":\"https:\\\/\\\/www.kisurfschool.com\\\/produit\\\/bons-cadeaux-ki-surf-school\\\/#primaryimage\"},\"image\":{\"@id\":\"https:\\\/\\\/www.kisurfschool.com\\\/produit\\\/bons-cadeaux-ki-surf-school\\\/#primaryimage\"},\"thumbnailUrl\":\"https:\\\/\\\/www.kisurfschool.com\\\/wp-content\\\/uploads\\\/2026\\\/02\\\/bon-cadeau_page-0001.jpg\",\"datePublished\":\"2026-02-18T15:12:31+00:00\",\"breadcrumb\":{\"@id\":\"https:\\\/\\\/www.kisurfschool.com\\\/produit\\\/bons-cadeaux-ki-surf-school\\\/#breadcrumb\"},\"inLanguage\":\"es-ES\",\"potentialAction\":[{\"@type\":\"ReadAction\",\"target\":[\"https:\\\/\\\/www.kisurfschool.com\\\/produit\\\/bons-cadeaux-ki-surf-school\\\/\"]}]},{\"@type\":\"ImageObject\",\"inLanguage\":\"es-ES\",\"@id\":\"https:\\\/\\\/www.kisurfschool.com\\\/produit\\\/bons-cadeaux-ki-surf-school\\\/#primaryimage\",\"url\":\"https:\\\/\\\/www.kisurfschool.com\\\/wp-content\\\/uploads\\\/2026\\\/02\\\/bon-cadeau_page-0001.jpg\",\"contentUrl\":\"https:\\\/\\\/www.kisurfschool.com\\\/wp-content\\\/uploads\\\/2026\\\/02\\\/bon-cadeau_page-0001.jpg\",\"width\":1211,\"height\":828,\"caption\":\"Cheque regalo Ki Surf School: surf y taiji quan. \u00a1Regala una experiencia \u00fanica!\"},{\"@type\":\"BreadcrumbList\",\"@id\":\"https:\\\/\\\/www.kisurfschool.com\\\/produit\\\/bons-cadeaux-ki-surf-school\\\/#breadcrumb\",\"itemListElement\":[{\"@type\":\"ListItem\",\"position\":1,\"name\":\"Accueil\",\"item\":\"https:\\\/\\\/www.kisurfschool.com\\\/es\\\/ki-surf-school-surf-y-taichi\\\/\"},{\"@type\":\"ListItem\",\"position\":2,\"name\":\"Shop\",\"item\":\"https:\\\/\\\/www.kisurfschool.com\\\/es\\\/shop\\\/\"},{\"@type\":\"ListItem\",\"position\":3,\"name\":\"Cheques regalo &#8211; Ki Surf School\"}]},{\"@type\":\"WebSite\",\"@id\":\"https:\\\/\\\/www.kisurfschool.com\\\/#website\",\"url\":\"https:\\\/\\\/www.kisurfschool.com\\\/\",\"name\":\"Ki Surf School - Surf et Taichi dans les Landes\",\"description\":\"Ki Surf School &amp; Miki Dorade - Surf, Taichi, h\u00e9bergements et textiles inspir\u00e9s par l&#039;oc\u00e9an\",\"potentialAction\":[{\"@type\":\"SearchAction\",\"target\":{\"@type\":\"EntryPoint\",\"urlTemplate\":\"https:\\\/\\\/www.kisurfschool.com\\\/?s={search_term_string}\"},\"query-input\":{\"@type\":\"PropertyValueSpecification\",\"valueRequired\":true,\"valueName\":\"search_term_string\"}}],\"inLanguage\":\"es-ES\"}]}<\/script>\n<!-- \/ Yoast SEO plugin. -->","yoast_head_json":{"title":"Cheques regalo - Ki Surf School - Ki Surf School - Surf et Taichi dans les Landes","robots":{"index":"index","follow":"follow","max-snippet":"max-snippet:-1","max-image-preview":"max-image-preview:large","max-video-preview":"max-video-preview:-1"},"canonical":"https:\/\/www.kisurfschool.com\/produit\/bons-cadeaux-ki-surf-school\/","og_locale":"es_ES","og_type":"article","og_title":"Cheques regalo - Ki Surf School - Ki Surf School - Surf et Taichi dans les Landes","og_description":"\u00bfC\u00f3mo regalo un cheque regalo?  Elige la cantidad  Pide y paga tu cheque regalo  Descarga el cup\u00f3n recibido por correo electr\u00f3nico e impr\u00edmelo  En el vale regalo, introduce tu nombre y el de la persona que recibir\u00e1 el vale  Ahora s\u00f3lo tienes que hacer el regalo adecuado a la persona afortunada. &nbsp; \u00bfC\u00f3mo utilizo un vale regalo?  Ve a la secci\u00f3n \"Precios y reservas \" del sitio web.  Introduce la fecha que m\u00e1s te convenga, en funci\u00f3n de la disponibilidad de la escuela (haremos todo lo posible por complacerte).  Rellena todos los campos, incluido el n\u00famero de tu cheque regalo y tus datos de contacto.  En breve nos pondremos en contacto contigo para confirmar tu reserva y responder a cualquier pregunta que puedas tener.  De 15 d\u00edas a una semana antes de la fecha del curso, confirma tu asistencia.  Te avisaremos de cu\u00e1ndo y d\u00f3nde podemos quedar para dar clases de surf o de Tai Chi Chan.  Entr\u00e9ganos tu vale regalo con su n\u00famero \u00fanico y disfruta de las actividades","og_url":"https:\/\/www.kisurfschool.com\/produit\/bons-cadeaux-ki-surf-school\/","og_site_name":"Ki Surf School - Surf et Taichi dans les Landes","og_image":[{"width":1211,"height":828,"url":"https:\/\/www.kisurfschool.com\/wp-content\/uploads\/2026\/02\/bon-cadeau_page-0001.jpg","type":"image\/jpeg"}],"twitter_card":"summary_large_image","schema":{"@context":"https:\/\/schema.org","@graph":[{"@type":"WebPage","@id":"https:\/\/www.kisurfschool.com\/produit\/bons-cadeaux-ki-surf-school\/","url":"https:\/\/www.kisurfschool.com\/produit\/bons-cadeaux-ki-surf-school\/","name":"Cheques regalo - Ki Surf School - Ki Surf School - Surf et Taichi dans les Landes","isPartOf":{"@id":"https:\/\/www.kisurfschool.com\/#website"},"primaryImageOfPage":{"@id":"https:\/\/www.kisurfschool.com\/produit\/bons-cadeaux-ki-surf-school\/#primaryimage"},"image":{"@id":"https:\/\/www.kisurfschool.com\/produit\/bons-cadeaux-ki-surf-school\/#primaryimage"},"thumbnailUrl":"https:\/\/www.kisurfschool.com\/wp-content\/uploads\/2026\/02\/bon-cadeau_page-0001.jpg","datePublished":"2026-02-18T15:12:31+00:00","breadcrumb":{"@id":"https:\/\/www.kisurfschool.com\/produit\/bons-cadeaux-ki-surf-school\/#breadcrumb"},"inLanguage":"es-ES","potentialAction":[{"@type":"ReadAction","target":["https:\/\/www.kisurfschool.com\/produit\/bons-cadeaux-ki-surf-school\/"]}]},{"@type":"ImageObject","inLanguage":"es-ES","@id":"https:\/\/www.kisurfschool.com\/produit\/bons-cadeaux-ki-surf-school\/#primaryimage","url":"https:\/\/www.kisurfschool.com\/wp-content\/uploads\/2026\/02\/bon-cadeau_page-0001.jpg","contentUrl":"https:\/\/www.kisurfschool.com\/wp-content\/uploads\/2026\/02\/bon-cadeau_page-0001.jpg","width":1211,"height":828,"caption":"Cheque regalo Ki Surf School: surf y taiji quan. \u00a1Regala una experiencia \u00fanica!"},{"@type":"BreadcrumbList","@id":"https:\/\/www.kisurfschool.com\/produit\/bons-cadeaux-ki-surf-school\/#breadcrumb","itemListElement":[{"@type":"ListItem","position":1,"name":"Accueil","item":"https:\/\/www.kisurfschool.com\/es\/ki-surf-school-surf-y-taichi\/"},{"@type":"ListItem","position":2,"name":"Shop","item":"https:\/\/www.kisurfschool.com\/es\/shop\/"},{"@type":"ListItem","position":3,"name":"Cheques regalo &#8211; Ki Surf School"}]},{"@type":"WebSite","@id":"https:\/\/www.kisurfschool.com\/#website","url":"https:\/\/www.kisurfschool.com\/","name":"Ki Surf School - Surf et Taichi dans les Landes","description":"Ki Surf School &amp; Miki Dorade - Surf, Taichi, h\u00e9bergements et textiles inspir\u00e9s par l&#039;oc\u00e9an","potentialAction":[{"@type":"SearchAction","target":{"@type":"EntryPoint","urlTemplate":"https:\/\/www.kisurfschool.com\/?s={search_term_string}"},"query-input":{"@type":"PropertyValueSpecification","valueRequired":true,"valueName":"search_term_string"}}],"inLanguage":"es-ES"}]}},"_links":{"self":[{"href":"https:\/\/www.kisurfschool.com\/es\/wp-json\/wp\/v2\/product\/3717","targetHints":{"allow":["GET"]}}],"collection":[{"href":"https:\/\/www.kisurfschool.com\/es\/wp-json\/wp\/v2\/product"}],"about":[{"href":"https:\/\/www.kisurfschool.com\/es\/wp-json\/wp\/v2\/types\/product"}],"replies":[{"embeddable":true,"href":"https:\/\/www.kisurfschool.com\/es\/wp-json\/wp\/v2\/comments?post=3717"}],"wp:featuredmedia":[{"embeddable":true,"href":"https:\/\/www.kisurfschool.com\/es\/wp-json\/wp\/v2\/media\/3730"}],"wp:attachment":[{"href":"https:\/\/www.kisurfschool.com\/es\/wp-json\/wp\/v2\/media?parent=3717"}],"wp:term":[{"taxonomy":"product_brand","embeddable":true,"href":"https:\/\/www.kisurfschool.com\/es\/wp-json\/wp\/v2\/product_brand?post=3717"},{"taxonomy":"product_cat","embeddable":true,"href":"https:\/\/www.kisurfschool.com\/es\/wp-json\/wp\/v2\/product_cat?post=3717"},{"taxonomy":"product_tag","embeddable":true,"href":"https:\/\/www.kisurfschool.com\/es\/wp-json\/wp\/v2\/product_tag?post=3717"}],"curies":[{"name":"wp","href":"https:\/\/api.w.org\/{rel}","templated":true}]}}