{"id":1763,"date":"2025-07-16T08:59:09","date_gmt":"2025-07-16T08:59:09","guid":{"rendered":"https:\/\/kisurfschool.gypsea-agency.fr\/miki-dorade-textil-inspirado-en-el-surf\/"},"modified":"2026-02-17T21:16:09","modified_gmt":"2026-02-17T21:16:09","slug":"miki-dorade-textil-inspirado-en-el-surf","status":"publish","type":"page","link":"https:\/\/www.kisurfschool.com\/es\/miki-dorade-textil-inspirado-en-el-surf\/","title":{"rendered":"MIKI DORADE &#8211; Textil inspirado en el surf"},"content":{"rendered":"<p>[et_pb_section fb_built=&#8221;1&#8243; disabled_on=&#8221;on|on|off&#8221; _builder_version=&#8221;4.27.5&#8243; _module_preset=&#8221;default&#8221; custom_padding=&#8221;||0px|||&#8221; global_colors_info=&#8221;{}&#8221;][et_pb_row column_structure=&#8221;3_5,2_5&#8243; use_custom_gutter=&#8221;on&#8221; gutter_width=&#8221;2&#8243; make_equal=&#8221;on&#8221; _builder_version=&#8221;4.27.4&#8243; _module_preset=&#8221;default&#8221; width=&#8221;100%&#8221; max_width=&#8221;100%&#8221; module_alignment=&#8221;center&#8221; custom_padding=&#8221;||0px|||&#8221; global_colors_info=&#8221;{}&#8221;][et_pb_column type=&#8221;3_5&#8243; _builder_version=&#8221;4.27.4&#8243; _module_preset=&#8221;default&#8221; background_color=&#8221;rgba(255,255,255,0.88)&#8221; background_enable_image=&#8221;off&#8221; background_size=&#8221;initial&#8221; background_blend=&#8221;overlay&#8221; global_colors_info=&#8221;{}&#8221;][et_pb_image src=&#8221;https:\/\/www.kisurfschool.com\/wp-content\/uploads\/2026\/01\/5-2.png&#8221; alt=&#8221;Primer plano de una tabla de surf negra, cursos de surf.&#8221; title_text=&#8221;5 2&#8243; force_fullwidth=&#8221;on&#8221; _builder_version=&#8221;4.27.5&#8243; _module_preset=&#8221;default&#8221; background_image=&#8221;https:\/\/www.kisurfschool.com\/wp-content\/uploads\/2025\/12\/DSC03037-DXO_2-1-scaled.jpg&#8221; custom_margin=&#8221;3vw||3vw||true|false&#8221; custom_padding=&#8221;||0px|||&#8221; global_colors_info=&#8221;{}&#8221;][\/et_pb_image][et_pb_text _builder_version=&#8221;4.27.4&#8243; _module_preset=&#8221;default&#8221; text_text_color=&#8221;#000000&#8243; header_font=&#8221;Chewy||||||||&#8221; header_2_font=&#8221;Chewy|||on|||||&#8221; header_3_font=&#8221;Abel|||on|||||&#8221; width_tablet=&#8221;50%&#8221; width_phone=&#8221;50%&#8221; width_last_edited=&#8221;on|desktop&#8221; max_width=&#8221;60%&#8221; module_alignment=&#8221;center&#8221; custom_margin=&#8221;||36px|||&#8221; global_colors_info=&#8221;{}&#8221;]<\/p>\n<h2 data-start=\"1079\" data-end=\"1119\">La autoiron\u00eda como identidad<\/h2>\n<p data-start=\"1120\" data-end=\"1401\">Al igual que otras marcas inspiradas en nombres de peces o evocaciones marinas, Miki Dorade naci\u00f3 con un enfoque de autoiron\u00eda hacia las modas que atraviesan Hossegor.<\/p>\n<p data-start=\"1120\" data-end=\"1401\">Encarna la <strong data-start=\"1327\" data-end=\"1398\">fusi\u00f3n de un surfista de leyenda y un pez ic\u00f3nico: la dorada<\/strong>.<\/p>\n<p data-start=\"1120\" data-end=\"1401\">\n<h2 data-start=\"1403\" data-end=\"1455\">La dorada coryph\u00e8ne, emblema de la marca<\/h2>\n<p data-start=\"1456\" data-end=\"1626\">Entre todas las especies de dorada, se eligi\u00f3 la <strong data-start=\"1501\" data-end=\"1521\">dorada coryph\u00e8ne<\/strong>, <strong data-start=\"1541\" data-end=\"1594\">por su silueta similar a la de un longboard<\/strong>, tambi\u00e9n llamado <strong data-start=\"1613\" data-end=\"1623\">malibu<\/strong>.<\/p>\n<p>[\/et_pb_text][\/et_pb_column][et_pb_column type=&#8221;2_5&#8243; module_class=&#8221;centrer-verticalement&#8221; _builder_version=&#8221;4.27.4&#8243; _module_preset=&#8221;default&#8221; global_colors_info=&#8221;{}&#8221;][et_pb_image src=&#8221;https:\/\/www.kisurfschool.com\/wp-content\/uploads\/2025\/12\/Miki-Dorade-Logo-Transp-Noir-300&#215;247.png&#8221; alt=&#8221;Cuadrado negro&#8221; title_text=&#8221;Miki Dorade Logo Transp Noir&#8221; align=&#8221;center&#8221; _builder_version=&#8221;4.27.4&#8243; _module_preset=&#8221;default&#8221; global_colors_info=&#8221;{}&#8221;][\/et_pb_image][et_pb_text _builder_version=&#8221;4.27.4&#8243; _module_preset=&#8221;default&#8221; text_text_color=&#8221;#000000&#8243; header_font=&#8221;Chewy||||||||&#8221; header_2_font=&#8221;Abel|||on|||||&#8221; width_tablet=&#8221;50%&#8221; width_phone=&#8221;50%&#8221; width_last_edited=&#8221;on|desktop&#8221; max_width=&#8221;60%&#8221; module_alignment=&#8221;center&#8221; custom_margin=&#8221;||36px|||&#8221; global_colors_info=&#8221;{}&#8221;]<\/p>\n<h1 data-start=\"752\" data-end=\"799\">Miki Dorade, el esp\u00edritu surf revisitado<\/h1>\n<h2 data-start=\"801\" data-end=\"845\">Una marca nacida de la cultura surf<\/h2>\n<p data-start=\"846\" data-end=\"1077\">En la encrucijada de la <strong data-start=\"865\" data-end=\"881\">cultura surf<\/strong> y la <strong data-start=\"890\" data-end=\"923\">llamada de las profundidades marinas<\/strong>, <strong data-start=\"925\" data-end=\"985\">Eric Lafargue cre\u00f3 el personaje sat\u00edrico Miki Dorade<\/strong>, que poco a poco se ha convertido en la <strong data-start=\"1015\" data-end=\"1038\">marca de ropa<\/strong> que te ofrecemos hoy.<\/p>\n<p>[\/et_pb_text][et_pb_divider show_divider=&#8221;off&#8221; _builder_version=&#8221;4.27.4&#8243; _module_preset=&#8221;default&#8221; global_colors_info=&#8221;{}&#8221;][\/et_pb_divider][et_pb_image src=&#8221;https:\/\/www.kisurfschool.com\/wp-content\/uploads\/2026\/01\/2-e1765982052223-1.png&#8221; alt=&#8221;Forma ovalada negra con algunos detalles blancos.&#8221; title_text=&#8221;2 E1765982052223 1&#8243; force_fullwidth=&#8221;on&#8221; _builder_version=&#8221;4.27.5&#8243; _module_preset=&#8221;default&#8221; background_image=&#8221;https:\/\/www.kisurfschool.com\/wp-content\/uploads\/2025\/12\/DSC03024-DXO-scaled.jpg&#8221; background_position=&#8221;center_right&#8221; custom_margin=&#8221;3vw||3vw||true|false&#8221; custom_padding=&#8221;||0px|||&#8221; global_colors_info=&#8221;{}&#8221;][\/et_pb_image][\/et_pb_column][\/et_pb_row][\/et_pb_section][et_pb_section fb_built=&#8221;1&#8243; _builder_version=&#8221;4.27.4&#8243; _module_preset=&#8221;default&#8221; custom_padding=&#8221;||0px|||&#8221; global_colors_info=&#8221;{}&#8221;][et_pb_row use_custom_gutter=&#8221;on&#8221; gutter_width=&#8221;2&#8243; make_equal=&#8221;on&#8221; disabled_on=&#8221;off|off|on&#8221; _builder_version=&#8221;4.27.5&#8243; _module_preset=&#8221;default&#8221; width=&#8221;100%&#8221; max_width=&#8221;100%&#8221; module_alignment=&#8221;center&#8221; custom_padding=&#8221;||0px|||&#8221; global_colors_info=&#8221;{}&#8221;][et_pb_column type=&#8221;4_4&#8243; _builder_version=&#8221;4.27.4&#8243; _module_preset=&#8221;default&#8221; background_color=&#8221;rgba(255,255,255,0.88)&#8221; background_enable_image=&#8221;off&#8221; background_size=&#8221;initial&#8221; background_blend=&#8221;overlay&#8221; global_colors_info=&#8221;{}&#8221;][et_pb_image src=&#8221;https:\/\/www.kisurfschool.com\/wp-content\/uploads\/2026\/01\/5-2.png&#8221; alt=&#8221;Primer plano de una tabla de surf negra, cursos de surf.&#8221; title_text=&#8221;5 2&#8243; force_fullwidth=&#8221;on&#8221; _builder_version=&#8221;4.27.5&#8243; _module_preset=&#8221;default&#8221; background_image=&#8221;https:\/\/www.kisurfschool.com\/wp-content\/uploads\/2025\/12\/DSC03037-DXO_2-1-scaled.jpg&#8221; custom_margin=&#8221;3vw||3vw||true|false&#8221; custom_padding=&#8221;||0px|||&#8221; global_colors_info=&#8221;{}&#8221;][\/et_pb_image][et_pb_image src=&#8221;https:\/\/www.kisurfschool.com\/wp-content\/uploads\/2025\/12\/Miki-Dorade-Logo-Transp-Noir-300&#215;247.png&#8221; alt=&#8221;Cuadrado negro&#8221; title_text=&#8221;Miki Dorade Logo Transp Noir&#8221; align=&#8221;center&#8221; _builder_version=&#8221;4.27.4&#8243; _module_preset=&#8221;default&#8221; global_colors_info=&#8221;{}&#8221;][\/et_pb_image][et_pb_text _builder_version=&#8221;4.27.5&#8243; _module_preset=&#8221;default&#8221; text_text_color=&#8221;#000000&#8243; header_font=&#8221;Chewy||||||||&#8221; header_2_font=&#8221;Abel|||on|||||&#8221; width_tablet=&#8221;50%&#8221; width_phone=&#8221;90%&#8221; width_last_edited=&#8221;on|desktop&#8221; max_width=&#8221;90%&#8221; module_alignment=&#8221;center&#8221; custom_margin=&#8221;||36px|||&#8221; global_colors_info=&#8221;{}&#8221;]<\/p>\n<h1 data-start=\"752\" data-end=\"799\">Miki Dorade, el esp\u00edritu surf revisitado<\/h1>\n<h2 data-start=\"801\" data-end=\"845\">Una marca nacida de la cultura surf<\/h2>\n<p data-start=\"846\" data-end=\"1077\">En la encrucijada de la <strong data-start=\"865\" data-end=\"881\">cultura surf<\/strong> y la <strong data-start=\"890\" data-end=\"923\">llamada de las profundidades marinas<\/strong>, <strong data-start=\"925\" data-end=\"985\">Eric Lafargue cre\u00f3 el personaje sat\u00edrico Miki Dorade<\/strong>, que poco a poco se ha convertido en la <strong data-start=\"1015\" data-end=\"1038\">marca de ropa<\/strong> que te ofrecemos hoy.<\/p>\n<p>[\/et_pb_text][et_pb_image src=&#8221;https:\/\/www.kisurfschool.com\/wp-content\/uploads\/2026\/01\/2-e1765982052223-1.png&#8221; alt=&#8221;Forma ovalada negra con algunos detalles blancos.&#8221; title_text=&#8221;2 E1765982052223 1&#8243; force_fullwidth=&#8221;on&#8221; _builder_version=&#8221;4.27.5&#8243; _module_preset=&#8221;default&#8221; background_image=&#8221;https:\/\/www.kisurfschool.com\/wp-content\/uploads\/2025\/12\/DSC03024-DXO-scaled.jpg&#8221; background_position=&#8221;center_right&#8221; custom_margin=&#8221;3vw||3vw||true|false&#8221; custom_padding=&#8221;||0px|||&#8221; global_colors_info=&#8221;{}&#8221;][\/et_pb_image][et_pb_text _builder_version=&#8221;4.27.4&#8243; _module_preset=&#8221;default&#8221; text_text_color=&#8221;#000000&#8243; header_font=&#8221;Chewy||||||||&#8221; header_2_font=&#8221;Chewy|||on|||||&#8221; header_3_font=&#8221;Abel|||on|||||&#8221; width_tablet=&#8221;50%&#8221; width_phone=&#8221;90%&#8221; width_last_edited=&#8221;on|desktop&#8221; max_width=&#8221;90%&#8221; module_alignment=&#8221;center&#8221; custom_margin=&#8221;||-1px|||&#8221; global_colors_info=&#8221;{}&#8221;]<\/p>\n<h2 data-start=\"1079\" data-end=\"1119\">La autoiron\u00eda como identidad<\/h2>\n<p data-start=\"1120\" data-end=\"1401\">Al igual que otras marcas inspiradas en nombres de peces o evocaciones marinas, Miki Dorade naci\u00f3 con un enfoque de autoiron\u00eda hacia las modas que atraviesan Hossegor.<\/p>\n<p data-start=\"1120\" data-end=\"1401\">Encarna la <strong data-start=\"1327\" data-end=\"1398\">fusi\u00f3n de un surfista de leyenda y un pez ic\u00f3nico: la dorada<\/strong>.<\/p>\n<p data-start=\"1120\" data-end=\"1401\">\n<h2 data-start=\"1403\" data-end=\"1455\">La dorada coryph\u00e8ne, emblema de la marca<\/h2>\n<p data-start=\"1456\" data-end=\"1626\">Entre todas las especies de dorada, se eligi\u00f3 la <strong data-start=\"1501\" data-end=\"1521\">dorada coryph\u00e8ne<\/strong>, <strong data-start=\"1541\" data-end=\"1594\">por su silueta similar a la de un longboard<\/strong>, tambi\u00e9n llamado <strong data-start=\"1613\" data-end=\"1623\">malibu<\/strong>.<\/p>\n<p>[\/et_pb_text][et_pb_divider show_divider=&#8221;off&#8221; _builder_version=&#8221;4.27.4&#8243; _module_preset=&#8221;default&#8221; global_colors_info=&#8221;{}&#8221;][\/et_pb_divider][\/et_pb_column][\/et_pb_row][\/et_pb_section][et_pb_section fb_built=&#8221;1&#8243; _builder_version=&#8221;4.27.4&#8243; _module_preset=&#8221;default&#8221; global_colors_info=&#8221;{}&#8221;][et_pb_row _builder_version=&#8221;4.27.4&#8243; _module_preset=&#8221;default&#8221; max_width=&#8221;80%&#8221; global_colors_info=&#8221;{}&#8221;][et_pb_column type=&#8221;4_4&#8243; _builder_version=&#8221;4.27.4&#8243; _module_preset=&#8221;default&#8221; global_colors_info=&#8221;{}&#8221;][et_pb_shop type=&#8221;product_category&#8221; include_categories=&#8221;43,41,46,45,42,44&#8243; columns_number=&#8221;5&#8243; sale_badge_color=&#8221;#101e3b&#8221; icon_hover_color=&#8221;#101e3b&#8221; hover_icon=&#8221;\uf578||fa||900&#8243; show_rating=&#8221;off&#8221; _builder_version=&#8221;4.27.4&#8243; _module_preset=&#8221;default&#8221; title_font=&#8221;Chewy||||||||&#8221; title_text_align=&#8221;center&#8221; title_font_size=&#8221;18px&#8221; price_font=&#8221;Abel|700||on|||||&#8221; price_text_align=&#8221;center&#8221; price_font_size=&#8221;20px&#8221; sale_badge_text_color=&#8221;#ffffff&#8221; module_alignment=&#8221;center&#8221; global_colors_info=&#8221;{}&#8221;][\/et_pb_shop][\/et_pb_column][\/et_pb_row][\/et_pb_section]<\/p>\n","protected":false},"excerpt":{"rendered":"<p>La autoiron\u00eda como identidad Al igual que otras marcas inspiradas en nombres de peces o evocaciones marinas, Miki Dorade naci\u00f3 con un enfoque de autoiron\u00eda hacia las modas que atraviesan Hossegor. Encarna la fusi\u00f3n de un surfista de leyenda y un pez ic\u00f3nico: la dorada. La dorada coryph\u00e8ne, emblema de la marca Entre todas las [&hellip;]<\/p>\n","protected":false},"author":1,"featured_media":1764,"parent":0,"menu_order":0,"comment_status":"closed","ping_status":"closed","template":"","meta":{"_et_pb_use_builder":"on","_et_pb_old_content":"","_et_gb_content_width":"","footnotes":""},"class_list":["post-1763","page","type-page","status-publish","has-post-thumbnail","hentry"],"yoast_head":"<!-- This site is optimized with the Yoast SEO plugin v27.1.1 - https:\/\/yoast.com\/product\/yoast-seo-wordpress\/ -->\n<title>MIKI DORADE - Textil inspirado en el surf - Ki Surf School - Surf et Taichi dans les Landes<\/title>\n<meta name=\"description\" content=\"Descubre Miki Dorade, la marca de ropa creada por Eric Lafargue, en la encrucijada de la cultura surf y las profundidades marinas.\" \/>\n<meta name=\"robots\" content=\"index, follow, max-snippet:-1, max-image-preview:large, max-video-preview:-1\" \/>\n<link rel=\"canonical\" href=\"https:\/\/www.kisurfschool.com\/miki-dorade-vetements-surf\/\" \/>\n<meta property=\"og:locale\" content=\"es_ES\" \/>\n<meta property=\"og:type\" content=\"article\" \/>\n<meta property=\"og:title\" content=\"MIKI DORADE - Textil inspirado en el surf - Ki Surf School - Surf et Taichi dans les Landes\" \/>\n<meta property=\"og:description\" content=\"Descubre Miki Dorade, la marca de ropa creada por Eric Lafargue, en la encrucijada de la cultura surf y las profundidades marinas.\" \/>\n<meta property=\"og:url\" content=\"https:\/\/www.kisurfschool.com\/miki-dorade-vetements-surf\/\" \/>\n<meta property=\"og:site_name\" content=\"Ki Surf School - Surf et Taichi dans les Landes\" \/>\n<meta property=\"article:modified_time\" content=\"2026-02-17T21:16:09+00:00\" \/>\n<meta property=\"og:image\" content=\"https:\/\/www.kisurfschool.com\/wp-content\/uploads\/2025\/07\/kisurfschool40130.png\" \/>\n\t<meta property=\"og:image:width\" content=\"370\" \/>\n\t<meta property=\"og:image:height\" content=\"329\" \/>\n\t<meta property=\"og:image:type\" content=\"image\/png\" \/>\n<meta name=\"twitter:card\" content=\"summary_large_image\" \/>\n<meta name=\"twitter:label1\" content=\"Tiempo de lectura\" \/>\n\t<meta name=\"twitter:data1\" content=\"6 minutes\" \/>\n<script type=\"application\/ld+json\" class=\"yoast-schema-graph\">{\"@context\":\"https:\/\/schema.org\",\"@graph\":[{\"@type\":\"WebPage\",\"@id\":\"https:\/\/www.kisurfschool.com\/miki-dorade-vetements-surf\/\",\"url\":\"https:\/\/www.kisurfschool.com\/miki-dorade-vetements-surf\/\",\"name\":\"MIKI DORADE - Textil inspirado en el surf - Ki Surf School - Surf et Taichi dans les Landes\",\"isPartOf\":{\"@id\":\"https:\/\/www.kisurfschool.com\/#website\"},\"primaryImageOfPage\":{\"@id\":\"https:\/\/www.kisurfschool.com\/miki-dorade-vetements-surf\/#primaryimage\"},\"image\":{\"@id\":\"https:\/\/www.kisurfschool.com\/miki-dorade-vetements-surf\/#primaryimage\"},\"thumbnailUrl\":\"https:\/\/www.kisurfschool.com\/wp-content\/uploads\/2025\/07\/kisurfschool40130.png\",\"datePublished\":\"2025-07-16T08:59:09+00:00\",\"dateModified\":\"2026-02-17T21:16:09+00:00\",\"description\":\"Descubre Miki Dorade, la marca de ropa creada por Eric Lafargue, en la encrucijada de la cultura surf y las profundidades marinas.\",\"breadcrumb\":{\"@id\":\"https:\/\/www.kisurfschool.com\/miki-dorade-vetements-surf\/#breadcrumb\"},\"inLanguage\":\"es-ES\",\"potentialAction\":[{\"@type\":\"ReadAction\",\"target\":[\"https:\/\/www.kisurfschool.com\/miki-dorade-vetements-surf\/\"]}]},{\"@type\":\"ImageObject\",\"inLanguage\":\"es-ES\",\"@id\":\"https:\/\/www.kisurfschool.com\/miki-dorade-vetements-surf\/#primaryimage\",\"url\":\"https:\/\/www.kisurfschool.com\/wp-content\/uploads\/2025\/07\/kisurfschool40130.png\",\"contentUrl\":\"https:\/\/www.kisurfschool.com\/wp-content\/uploads\/2025\/07\/kisurfschool40130.png\",\"width\":370,\"height\":329,\"caption\":\"Olas rompiendo en una playa de arena en un d\u00eda soleado.\"},{\"@type\":\"BreadcrumbList\",\"@id\":\"https:\/\/www.kisurfschool.com\/miki-dorade-vetements-surf\/#breadcrumb\",\"itemListElement\":[{\"@type\":\"ListItem\",\"position\":1,\"name\":\"Accueil\",\"item\":\"https:\/\/www.kisurfschool.com\/es\/ki-surf-school-surf-y-taichi\/\"},{\"@type\":\"ListItem\",\"position\":2,\"name\":\"MIKI DORADE &#8211; Textil inspirado en el surf\"}]},{\"@type\":\"WebSite\",\"@id\":\"https:\/\/www.kisurfschool.com\/#website\",\"url\":\"https:\/\/www.kisurfschool.com\/\",\"name\":\"Ki Surf School - Surf et Taichi dans les Landes\",\"description\":\"Ki Surf School &amp; Miki Dorade - Surf, Taichi, h\u00e9bergements et textiles inspir\u00e9s par l&#039;oc\u00e9an\",\"potentialAction\":[{\"@type\":\"SearchAction\",\"target\":{\"@type\":\"EntryPoint\",\"urlTemplate\":\"https:\/\/www.kisurfschool.com\/?s={search_term_string}\"},\"query-input\":{\"@type\":\"PropertyValueSpecification\",\"valueRequired\":true,\"valueName\":\"search_term_string\"}}],\"inLanguage\":\"es-ES\"}]}<\/script>\n<!-- \/ Yoast SEO plugin. -->","yoast_head_json":{"title":"MIKI DORADE - Textil inspirado en el surf - Ki Surf School - Surf et Taichi dans les Landes","description":"Descubre Miki Dorade, la marca de ropa creada por Eric Lafargue, en la encrucijada de la cultura surf y las profundidades marinas.","robots":{"index":"index","follow":"follow","max-snippet":"max-snippet:-1","max-image-preview":"max-image-preview:large","max-video-preview":"max-video-preview:-1"},"canonical":"https:\/\/www.kisurfschool.com\/miki-dorade-vetements-surf\/","og_locale":"es_ES","og_type":"article","og_title":"MIKI DORADE - Textil inspirado en el surf - Ki Surf School - Surf et Taichi dans les Landes","og_description":"Descubre Miki Dorade, la marca de ropa creada por Eric Lafargue, en la encrucijada de la cultura surf y las profundidades marinas.","og_url":"https:\/\/www.kisurfschool.com\/miki-dorade-vetements-surf\/","og_site_name":"Ki Surf School - Surf et Taichi dans les Landes","article_modified_time":"2026-02-17T21:16:09+00:00","og_image":[{"width":370,"height":329,"url":"https:\/\/www.kisurfschool.com\/wp-content\/uploads\/2025\/07\/kisurfschool40130.png","type":"image\/png"}],"twitter_card":"summary_large_image","twitter_misc":{"Tiempo de lectura":"6 minutes"},"schema":{"@context":"https:\/\/schema.org","@graph":[{"@type":"WebPage","@id":"https:\/\/www.kisurfschool.com\/miki-dorade-vetements-surf\/","url":"https:\/\/www.kisurfschool.com\/miki-dorade-vetements-surf\/","name":"MIKI DORADE - Textil inspirado en el surf - Ki Surf School - Surf et Taichi dans les Landes","isPartOf":{"@id":"https:\/\/www.kisurfschool.com\/#website"},"primaryImageOfPage":{"@id":"https:\/\/www.kisurfschool.com\/miki-dorade-vetements-surf\/#primaryimage"},"image":{"@id":"https:\/\/www.kisurfschool.com\/miki-dorade-vetements-surf\/#primaryimage"},"thumbnailUrl":"https:\/\/www.kisurfschool.com\/wp-content\/uploads\/2025\/07\/kisurfschool40130.png","datePublished":"2025-07-16T08:59:09+00:00","dateModified":"2026-02-17T21:16:09+00:00","description":"Descubre Miki Dorade, la marca de ropa creada por Eric Lafargue, en la encrucijada de la cultura surf y las profundidades marinas.","breadcrumb":{"@id":"https:\/\/www.kisurfschool.com\/miki-dorade-vetements-surf\/#breadcrumb"},"inLanguage":"es-ES","potentialAction":[{"@type":"ReadAction","target":["https:\/\/www.kisurfschool.com\/miki-dorade-vetements-surf\/"]}]},{"@type":"ImageObject","inLanguage":"es-ES","@id":"https:\/\/www.kisurfschool.com\/miki-dorade-vetements-surf\/#primaryimage","url":"https:\/\/www.kisurfschool.com\/wp-content\/uploads\/2025\/07\/kisurfschool40130.png","contentUrl":"https:\/\/www.kisurfschool.com\/wp-content\/uploads\/2025\/07\/kisurfschool40130.png","width":370,"height":329,"caption":"Olas rompiendo en una playa de arena en un d\u00eda soleado."},{"@type":"BreadcrumbList","@id":"https:\/\/www.kisurfschool.com\/miki-dorade-vetements-surf\/#breadcrumb","itemListElement":[{"@type":"ListItem","position":1,"name":"Accueil","item":"https:\/\/www.kisurfschool.com\/es\/ki-surf-school-surf-y-taichi\/"},{"@type":"ListItem","position":2,"name":"MIKI DORADE &#8211; Textil inspirado en el surf"}]},{"@type":"WebSite","@id":"https:\/\/www.kisurfschool.com\/#website","url":"https:\/\/www.kisurfschool.com\/","name":"Ki Surf School - Surf et Taichi dans les Landes","description":"Ki Surf School &amp; Miki Dorade - Surf, Taichi, h\u00e9bergements et textiles inspir\u00e9s par l&#039;oc\u00e9an","potentialAction":[{"@type":"SearchAction","target":{"@type":"EntryPoint","urlTemplate":"https:\/\/www.kisurfschool.com\/?s={search_term_string}"},"query-input":{"@type":"PropertyValueSpecification","valueRequired":true,"valueName":"search_term_string"}}],"inLanguage":"es-ES"}]}},"_links":{"self":[{"href":"https:\/\/www.kisurfschool.com\/es\/wp-json\/wp\/v2\/pages\/1763","targetHints":{"allow":["GET"]}}],"collection":[{"href":"https:\/\/www.kisurfschool.com\/es\/wp-json\/wp\/v2\/pages"}],"about":[{"href":"https:\/\/www.kisurfschool.com\/es\/wp-json\/wp\/v2\/types\/page"}],"author":[{"embeddable":true,"href":"https:\/\/www.kisurfschool.com\/es\/wp-json\/wp\/v2\/users\/1"}],"replies":[{"embeddable":true,"href":"https:\/\/www.kisurfschool.com\/es\/wp-json\/wp\/v2\/comments?post=1763"}],"version-history":[{"count":0,"href":"https:\/\/www.kisurfschool.com\/es\/wp-json\/wp\/v2\/pages\/1763\/revisions"}],"wp:featuredmedia":[{"embeddable":true,"href":"https:\/\/www.kisurfschool.com\/es\/wp-json\/wp\/v2\/media\/1764"}],"wp:attachment":[{"href":"https:\/\/www.kisurfschool.com\/es\/wp-json\/wp\/v2\/media?parent=1763"}],"curies":[{"name":"wp","href":"https:\/\/api.w.org\/{rel}","templated":true}]}}