{"id":1665,"date":"2025-09-13T13:20:24","date_gmt":"2025-09-13T13:20:24","guid":{"rendered":"https:\/\/kisurfschool.gypsea-agency.fr\/club-de-tai-chi-chuan-en-seignosse\/"},"modified":"2026-02-17T16:07:10","modified_gmt":"2026-02-17T16:07:10","slug":"club-de-tai-chi-chuan-en-seignosse","status":"publish","type":"page","link":"https:\/\/www.kisurfschool.com\/es\/club-de-tai-chi-chuan-en-seignosse\/","title":{"rendered":"Club de tai chi chuan en Seignosse"},"content":{"rendered":"<p>[et_pb_section fb_built=&#8221;1&#8243; _builder_version=&#8221;4.27.4&#8243; _module_preset=&#8221;default&#8221; custom_padding=&#8221;||0px|||&#8221; global_colors_info=&#8221;{}&#8221;][et_pb_row column_structure=&#8221;3_5,2_5&#8243; use_custom_gutter=&#8221;on&#8221; gutter_width=&#8221;2&#8243; make_equal=&#8221;on&#8221; disabled_on=&#8221;on|on|off&#8221; _builder_version=&#8221;4.27.5&#8243; _module_preset=&#8221;default&#8221; width=&#8221;100%&#8221; max_width=&#8221;100%&#8221; module_alignment=&#8221;center&#8221; global_colors_info=&#8221;{}&#8221;][et_pb_column type=&#8221;3_5&#8243; _builder_version=&#8221;4.27.4&#8243; _module_preset=&#8221;default&#8221; background_color=&#8221;rgba(255,255,255,0.88)&#8221; background_enable_image=&#8221;off&#8221; background_size=&#8221;initial&#8221; background_blend=&#8221;overlay&#8221; global_colors_info=&#8221;{}&#8221;][et_pb_image src=&#8221;https:\/\/www.kisurfschool.com\/wp-content\/uploads\/2026\/01\/5-2.png&#8221; alt=&#8221;Primer plano de una tabla de surf negra, cursos de surf.&#8221; title_text=&#8221;5 2&#8243; force_fullwidth=&#8221;on&#8221; _builder_version=&#8221;4.27.5&#8243; _module_preset=&#8221;default&#8221; background_image=&#8221;https:\/\/www.kisurfschool.com\/wp-content\/uploads\/2025\/12\/Ki-Surf-Taichi-Hossegor-3-scaled.jpg&#8221; custom_padding=&#8221;||0px|||&#8221; hover_enabled=&#8221;0&#8243; global_colors_info=&#8221;{}&#8221; custom_margin=&#8221;3vw||3vw||true|false&#8221; sticky_enabled=&#8221;0&#8243;][\/et_pb_image][et_pb_text _builder_version=&#8221;4.27.5&#8243; _module_preset=&#8221;default&#8221; text_text_color=&#8221;#000000&#8243; header_font=&#8221;Chewy||||||||&#8221; header_2_font=&#8221;Chewy|||on|||||&#8221; header_3_font=&#8221;Abel|||on|||||&#8221; width_tablet=&#8221;50%&#8221; width_phone=&#8221;90%&#8221; width_last_edited=&#8221;on|desktop&#8221; max_width=&#8221;60%&#8221; max_width_tablet=&#8221;60%&#8221; max_width_phone=&#8221;90%&#8221; max_width_last_edited=&#8221;on|phone&#8221; module_alignment=&#8221;center&#8221; custom_margin=&#8221;||36px|||&#8221; global_colors_info=&#8221;{}&#8221;]<\/p>\n<h2 data-start=\"1440\" data-end=\"1488\">Los beneficios de una pr\u00e1ctica continua<\/h2>\n<p data-start=\"1489\" data-end=\"1994\">El <strong data-start=\"1492\" data-end=\"1509\">tai chi chuan<\/strong> permite <strong data-start=\"1520\" data-end=\"1561\">romper con los h\u00e1bitos sedentarios<\/strong>, gracias a <strong data-start=\"1575\" data-end=\"1610\">movimientos amplios y armoniosos<\/strong> que <strong data-start=\"1615\" data-end=\"1640\">liberan las tensiones<\/strong> y contribuyen a <strong data-start=\"1658\" data-end=\"1692\">prevenir los dolores de espalda<\/strong>.<\/p>\n<p data-start=\"1489\" data-end=\"1994\">Esta pr\u00e1ctica favorece una <strong data-start=\"1724\" data-end=\"1767\">reapropiaci\u00f3n del cuerpo y de la mente<\/strong>, al tiempo que ofrece un <strong data-start=\"1788\" data-end=\"1825\">tiempo de relajaci\u00f3n y de recentrado<\/strong> en el coraz\u00f3n de la semana.<\/p>\n<p data-start=\"1489\" data-end=\"1994\">La ense\u00f1anza se transmite en un <strong data-start=\"1888\" data-end=\"1927\">ambiente agradable y antiestr\u00e9s<\/strong>, en el <strong data-start=\"1937\" data-end=\"1991\">respeto de las capacidades y de las aspiraciones de cada uno<\/strong>.<\/p>\n<h2 data-start=\"2001\" data-end=\"2046\">Lugar y desarrollo de las clases del club<\/h2>\n<p data-start=\"2047\" data-end=\"2431\">Las clases del club se imparten en <strong data-start=\"2079\" data-end=\"2138\">Seignosse, en el P\u00f4le sportif et culturel Maurice Ravailhe<\/strong>.<\/p>\n<p data-start=\"2047\" data-end=\"2431\">Est\u00e1n <strong data-start=\"2151\" data-end=\"2175\">repartidas por niveles<\/strong>: los <strong data-start=\"2182\" data-end=\"2247\">lunes est\u00e1n dedicados a los principiantes y luego a la pr\u00e1ctica marcial<\/strong>, los <strong data-start=\"2253\" data-end=\"2297\">mi\u00e9rcoles a los practicantes intermedios<\/strong>.<\/p>\n<p data-start=\"2047\" data-end=\"2431\">El <strong data-start=\"2304\" data-end=\"2327\">ritmo semanal<\/strong> permite adquirir bases s\u00f3lidas y progresar a largo plazo, en una din\u00e1mica de grupo.<\/p>\n<p>[\/et_pb_text][\/et_pb_column][et_pb_column type=&#8221;2_5&#8243; module_class=&#8221;centrer-verticalement&#8221; _builder_version=&#8221;4.27.4&#8243; _module_preset=&#8221;default&#8221; global_colors_info=&#8221;{}&#8221;][et_pb_text _builder_version=&#8221;4.27.5&#8243; _module_preset=&#8221;default&#8221; text_text_color=&#8221;#000000&#8243; header_font=&#8221;Chewy||||||||&#8221; header_2_font=&#8221;Abel|||on|||||&#8221; width_tablet=&#8221;50%&#8221; width_phone=&#8221;90%&#8221; width_last_edited=&#8221;on|desktop&#8221; max_width=&#8221;60%&#8221; max_width_tablet=&#8221;60%&#8221; max_width_phone=&#8221;90%&#8221; max_width_last_edited=&#8221;on|phone&#8221; module_alignment=&#8221;center&#8221; custom_margin=&#8221;||36px|||&#8221; global_colors_info=&#8221;{}&#8221;]<\/p>\n<h1 data-start=\"1004\" data-end=\"1048\">Club de tai chi chuan en Seignosse<\/h1>\n<h2 data-start=\"1050\" data-end=\"1093\">Una pr\u00e1ctica regular durante todo el a\u00f1o<\/h2>\n<p data-start=\"1094\" data-end=\"1433\">El club asociado Taichi Surf Tribe ofrece <strong>una pr\u00e1ctica anual para los residentes del sur de Landes<\/strong>, sea cual sea su b\u00fasqueda personal: una marcialidad suave, <strong>un momento de relajaci\u00f3n<\/strong>, un arte sutil del movimiento, un complemento a la pr\u00e1ctica del surf u otras disciplinas deportivas, la adquisici\u00f3n de <strong>mejores capacidades f\u00edsicas<\/strong>, el placer de una <strong>pr\u00e1ctica agradable<\/strong>.<\/p>\n<p data-start=\"1094\" data-end=\"1433\">Esta f\u00f3rmula permite <strong data-start=\"1281\" data-end=\"1335\">entrenar regularmente a lo largo de las estaciones<\/strong>, establecer una <strong data-start=\"1353\" data-end=\"1385\">progresi\u00f3n suave y duradera<\/strong> y arraigar la disciplina en la vida cotidiana.<\/p>\n<p>[\/et_pb_text][et_pb_image src=&#8221;https:\/\/www.kisurfschool.com\/wp-content\/uploads\/2026\/01\/2-e1765982052223-1.png&#8221; alt=&#8221;Forma ovalada negra con algunos detalles blancos.&#8221; title_text=&#8221;2 E1765982052223 1&#8243; force_fullwidth=&#8221;on&#8221; disabled_on=&#8221;on|on|off&#8221; _builder_version=&#8221;4.27.5&#8243; _module_preset=&#8221;default&#8221; background_image=&#8221;https:\/\/www.kisurfschool.com\/wp-content\/uploads\/2025\/10\/article-stages-taichi-hossegor1-2-scaled.jpg&#8221; background_position=&#8221;center_right&#8221; hover_enabled=&#8221;0&#8243; global_colors_info=&#8221;{}&#8221; sticky_enabled=&#8221;0&#8243;][\/et_pb_image][et_pb_divider show_divider=&#8221;off&#8221; _builder_version=&#8221;4.27.4&#8243; _module_preset=&#8221;default&#8221; global_colors_info=&#8221;{}&#8221;][\/et_pb_divider][\/et_pb_column][\/et_pb_row][et_pb_row column_structure=&#8221;3_5,2_5&#8243; use_custom_gutter=&#8221;on&#8221; gutter_width=&#8221;2&#8243; make_equal=&#8221;on&#8221; disabled_on=&#8221;off|off|on&#8221; _builder_version=&#8221;4.27.5&#8243; _module_preset=&#8221;default&#8221; width=&#8221;100%&#8221; max_width=&#8221;100%&#8221; module_alignment=&#8221;center&#8221; global_colors_info=&#8221;{}&#8221;][et_pb_column type=&#8221;3_5&#8243; _builder_version=&#8221;4.27.4&#8243; _module_preset=&#8221;default&#8221; background_color=&#8221;rgba(255,255,255,0.88)&#8221; background_enable_image=&#8221;off&#8221; background_size=&#8221;initial&#8221; background_blend=&#8221;overlay&#8221; global_colors_info=&#8221;{}&#8221;][et_pb_image src=&#8221;https:\/\/www.kisurfschool.com\/wp-content\/uploads\/2026\/01\/5-2.png&#8221; alt=&#8221;Primer plano de una tabla de surf negra, cursos de surf.&#8221; title_text=&#8221;5 2&#8243; force_fullwidth=&#8221;on&#8221; _builder_version=&#8221;4.27.5&#8243; _module_preset=&#8221;default&#8221; background_image=&#8221;https:\/\/www.kisurfschool.com\/wp-content\/uploads\/2025\/12\/Ki-Surf-Taichi-Hossegor-3-scaled.jpg&#8221; custom_padding=&#8221;||0px|||&#8221; hover_enabled=&#8221;0&#8243; global_colors_info=&#8221;{}&#8221; sticky_enabled=&#8221;0&#8243;][\/et_pb_image][et_pb_text _builder_version=&#8221;4.27.5&#8243; _module_preset=&#8221;default&#8221; text_text_color=&#8221;#000000&#8243; header_font=&#8221;Chewy||||||||&#8221; header_2_font=&#8221;Abel|||on|||||&#8221; width_tablet=&#8221;50%&#8221; width_phone=&#8221;90%&#8221; width_last_edited=&#8221;on|desktop&#8221; max_width=&#8221;60%&#8221; max_width_tablet=&#8221;60%&#8221; max_width_phone=&#8221;90%&#8221; max_width_last_edited=&#8221;on|phone&#8221; module_alignment=&#8221;center&#8221; custom_margin=&#8221;||36px|||&#8221; global_colors_info=&#8221;{}&#8221;]<\/p>\n<h1 data-start=\"1004\" data-end=\"1048\">Club de tai chi chuan en Seignosse<\/h1>\n<h2 data-start=\"1050\" data-end=\"1093\">Una pr\u00e1ctica regular durante todo el a\u00f1o<\/h2>\n<p data-start=\"1094\" data-end=\"1433\">El club asociado Taichi Surf Tribe ofrece <strong>una pr\u00e1ctica anual para los residentes del sur de Landes<\/strong>, sea cual sea su b\u00fasqueda personal: una marcialidad suave, <strong>un momento de relajaci\u00f3n<\/strong>, un arte sutil del movimiento, un complemento a la pr\u00e1ctica del surf u otras disciplinas deportivas, la adquisici\u00f3n de <strong>mejores capacidades f\u00edsicas<\/strong>, el placer de una <strong>pr\u00e1ctica agradable<\/strong>.<\/p>\n<p data-start=\"1094\" data-end=\"1433\">Esta f\u00f3rmula permite <strong data-start=\"1281\" data-end=\"1335\">entrenar regularmente a lo largo de las estaciones<\/strong>, establecer una <strong data-start=\"1353\" data-end=\"1385\">progresi\u00f3n suave y duradera<\/strong> y arraigar la disciplina en la vida cotidiana.<\/p>\n<p>[\/et_pb_text][et_pb_image src=&#8221;https:\/\/www.kisurfschool.com\/wp-content\/uploads\/2026\/01\/2-e1765982052223-1.png&#8221; alt=&#8221;Forma ovalada negra con algunos detalles blancos.&#8221; title_text=&#8221;2 E1765982052223 1&#8243; force_fullwidth=&#8221;on&#8221; disabled_on=&#8221;off|off|off&#8221; _builder_version=&#8221;4.27.5&#8243; _module_preset=&#8221;default&#8221; background_image=&#8221;https:\/\/www.kisurfschool.com\/wp-content\/uploads\/2025\/10\/article-stages-taichi-hossegor1-2-scaled.jpg&#8221; custom_padding=&#8221;||0px|||&#8221; hover_enabled=&#8221;0&#8243; global_colors_info=&#8221;{}&#8221; sticky_enabled=&#8221;0&#8243;][\/et_pb_image][et_pb_text _builder_version=&#8221;4.27.5&#8243; _module_preset=&#8221;default&#8221; text_text_color=&#8221;#000000&#8243; header_font=&#8221;Chewy||||||||&#8221; header_2_font=&#8221;Chewy|||on|||||&#8221; header_3_font=&#8221;Abel|||on|||||&#8221; width_tablet=&#8221;50%&#8221; width_phone=&#8221;90%&#8221; width_last_edited=&#8221;on|desktop&#8221; max_width=&#8221;60%&#8221; max_width_tablet=&#8221;60%&#8221; max_width_phone=&#8221;90%&#8221; max_width_last_edited=&#8221;on|phone&#8221; module_alignment=&#8221;center&#8221; custom_margin=&#8221;||36px|||&#8221; global_colors_info=&#8221;{}&#8221;]<\/p>\n<h2 data-start=\"1440\" data-end=\"1488\">Los beneficios de una pr\u00e1ctica continua<\/h2>\n<p data-start=\"1489\" data-end=\"1994\">El <strong data-start=\"1492\" data-end=\"1509\">tai chi chuan<\/strong> permite <strong data-start=\"1520\" data-end=\"1561\">romper con los h\u00e1bitos sedentarios<\/strong>, gracias a <strong data-start=\"1575\" data-end=\"1610\">movimientos amplios y armoniosos<\/strong> que <strong data-start=\"1615\" data-end=\"1640\">liberan las tensiones<\/strong> y contribuyen a <strong data-start=\"1658\" data-end=\"1692\">prevenir los dolores de espalda<\/strong>.<\/p>\n<p data-start=\"1489\" data-end=\"1994\">Esta pr\u00e1ctica favorece una <strong data-start=\"1724\" data-end=\"1767\">reapropiaci\u00f3n del cuerpo y de la mente<\/strong>, al tiempo que ofrece un <strong data-start=\"1788\" data-end=\"1825\">tiempo de relajaci\u00f3n y de recentrado<\/strong> en el coraz\u00f3n de la semana.<\/p>\n<p data-start=\"1489\" data-end=\"1994\">La ense\u00f1anza se transmite en un <strong data-start=\"1888\" data-end=\"1927\">ambiente agradable y antiestr\u00e9s<\/strong>, en el <strong data-start=\"1937\" data-end=\"1991\">respeto de las capacidades y de las aspiraciones de cada uno<\/strong>.<\/p>\n<h2 data-start=\"2001\" data-end=\"2046\">Lugar y desarrollo de las clases del club<\/h2>\n<p data-start=\"2047\" data-end=\"2431\">Las clases del club se imparten en <strong data-start=\"2079\" data-end=\"2138\">Seignosse, en el P\u00f4le sportif et culturel Maurice Ravailhe<\/strong>.<\/p>\n<p data-start=\"2047\" data-end=\"2431\">Est\u00e1n <strong data-start=\"2151\" data-end=\"2175\">repartidas por niveles<\/strong>: los <strong data-start=\"2182\" data-end=\"2247\">lunes est\u00e1n dedicados a los principiantes y luego a la pr\u00e1ctica marcial<\/strong>, los <strong data-start=\"2253\" data-end=\"2297\">mi\u00e9rcoles a los practicantes intermedios<\/strong>.<\/p>\n<p data-start=\"2047\" data-end=\"2431\">El <strong data-start=\"2304\" data-end=\"2327\">ritmo semanal<\/strong> permite adquirir bases s\u00f3lidas y progresar a largo plazo, en una din\u00e1mica de grupo.<\/p>\n<p>[\/et_pb_text][\/et_pb_column][et_pb_column type=&#8221;2_5&#8243; module_class=&#8221;centrer-verticalement&#8221; _builder_version=&#8221;4.27.4&#8243; _module_preset=&#8221;default&#8221; global_colors_info=&#8221;{}&#8221;][et_pb_divider show_divider=&#8221;off&#8221; _builder_version=&#8221;4.27.4&#8243; _module_preset=&#8221;default&#8221; global_colors_info=&#8221;{}&#8221;][\/et_pb_divider][\/et_pb_column][\/et_pb_row][\/et_pb_section][et_pb_section fb_built=&#8221;1&#8243; _builder_version=&#8221;4.27.4&#8243; _module_preset=&#8221;default&#8221; global_colors_info=&#8221;{}&#8221;][et_pb_row use_custom_gutter=&#8221;on&#8221; make_equal=&#8221;on&#8221; _builder_version=&#8221;4.27.4&#8243; _module_preset=&#8221;default&#8221; max_width=&#8221;70%&#8221; module_alignment=&#8221;center&#8221; global_colors_info=&#8221;{}&#8221;][et_pb_column type=&#8221;4_4&#8243; _builder_version=&#8221;4.27.4&#8243; _module_preset=&#8221;default&#8221; border_radii=&#8221;on|10px|10px|10px|10px&#8221; box_shadow_style=&#8221;preset1&#8243; box_shadow_blur=&#8221;8px&#8221; global_colors_info=&#8221;{}&#8221;][et_pb_text _builder_version=&#8221;4.27.4&#8243; _module_preset=&#8221;default&#8221; text_text_color=&#8221;#000000&#8243; header_2_font=&#8221;Chewy||||||||&#8221; header_2_text_align=&#8221;center&#8221; custom_margin=&#8221;2vw|1vw|2vw|1vw|true|true&#8221; global_colors_info=&#8221;{}&#8221;]<\/p>\n<h2 data-start=\"102\" data-end=\"129\">Inscripci\u00f3n al club de tai chi chuan<\/h2>\n<p>[\/et_pb_text][et_pb_text _builder_version=&#8221;4.27.4&#8243; _module_preset=&#8221;default&#8221; text_text_color=&#8221;#000000&#8243; header_2_font=&#8221;Chewy||||||||&#8221; header_2_text_align=&#8221;center&#8221; width_tablet=&#8221;50%&#8221; width_phone=&#8221;90%&#8221; width_last_edited=&#8221;on|desktop&#8221; max_width=&#8221;60%&#8221; max_width_tablet=&#8221;60%&#8221; max_width_phone=&#8221;90%&#8221; max_width_last_edited=&#8221;on|phone&#8221; module_alignment=&#8221;center&#8221; custom_margin=&#8221;|1vw|1vw|1vw|false|true&#8221; global_colors_info=&#8221;{}&#8221;]<\/p>\n<p style=\"text-align: center;\">Las inscripciones al club se realizan directamente con la asociaci\u00f3n Taichi Surf Tribe, a trav\u00e9s de <strong>una adhesi\u00f3n anual y diversos abonos, mensuales, trimestrales o tarjetas<\/strong>.<\/p>\n<p style=\"text-align: center;\">[\/et_pb_text][et_pb_button button_url=&#8221;https:\/\/taichisurftribe.blogspot.com\/search\/label\/Club%20de%20taichi&#8221; button_text=&#8221;Inscribirse al club&#8221; button_alignment=&#8221;center&#8221; _builder_version=&#8221;4.27.4&#8243; _module_preset=&#8221;default&#8221; custom_button=&#8221;on&#8221; button_text_color=&#8221;#FFFFFF&#8221; button_bg_color=&#8221;#ffc440&#8243; button_border_color=&#8221;#ffc440&#8243; button_border_radius=&#8221;7px&#8221; button_font=&#8221;|||on|||||&#8221; custom_margin=&#8221;||1vw||false|false&#8221; locked=&#8221;off&#8221; global_colors_info=&#8221;{}&#8221; width_tablet=&#8221;50%&#8221; width_phone=&#8221;50%&#8221; width_last_edited=&#8221;on|desktop&#8221;][\/et_pb_button][\/et_pb_column][\/et_pb_row][\/et_pb_section]<\/p>\n","protected":false},"excerpt":{"rendered":"<p>Los beneficios de una pr\u00e1ctica continua El tai chi chuan permite romper con los h\u00e1bitos sedentarios, gracias a movimientos amplios y armoniosos que liberan las tensiones y contribuyen a prevenir los dolores de espalda. Esta pr\u00e1ctica favorece una reapropiaci\u00f3n del cuerpo y de la mente, al tiempo que ofrece un tiempo de relajaci\u00f3n y de [&hellip;]<\/p>\n","protected":false},"author":2,"featured_media":1666,"parent":0,"menu_order":0,"comment_status":"closed","ping_status":"closed","template":"","meta":{"_et_pb_use_builder":"on","_et_pb_old_content":"","_et_gb_content_width":"","footnotes":""},"class_list":["post-1665","page","type-page","status-publish","has-post-thumbnail","hentry"],"yoast_head":"<!-- This site is optimized with the Yoast SEO plugin v27.3 - https:\/\/yoast.com\/product\/yoast-seo-wordpress\/ -->\n<title>Club de tai chi chuan en Seignosse<\/title>\n<meta name=\"description\" content=\"Practica tai chi chuan todo el a\u00f1o en Seignosse con el club Taichi Surf Tribe. Clases regulares, progresi\u00f3n, beneficios y equilibrio.\" \/>\n<meta name=\"robots\" content=\"index, follow, max-snippet:-1, max-image-preview:large, max-video-preview:-1\" \/>\n<link rel=\"canonical\" href=\"https:\/\/www.kisurfschool.com\/es\/club-de-tai-chi-chuan-en-seignosse\/\" \/>\n<meta property=\"og:locale\" content=\"es_ES\" \/>\n<meta property=\"og:type\" content=\"article\" \/>\n<meta property=\"og:title\" content=\"Club de tai chi chuan en Seignosse\" \/>\n<meta property=\"og:description\" content=\"Practica tai chi chuan todo el a\u00f1o en Seignosse con el club Taichi Surf Tribe. Clases regulares, progresi\u00f3n, beneficios y equilibrio.\" \/>\n<meta property=\"og:url\" content=\"https:\/\/www.kisurfschool.com\/es\/club-de-tai-chi-chuan-en-seignosse\/\" \/>\n<meta property=\"og:site_name\" content=\"Ki Surf School - Surf et Taichi dans les Landes\" \/>\n<meta property=\"article:modified_time\" content=\"2026-02-17T16:07:10+00:00\" \/>\n<meta property=\"og:image\" content=\"https:\/\/www.kisurfschool.com\/wp-content\/uploads\/2025\/07\/TAICHI-Hossegor-44-scaled.jpg\" \/>\n\t<meta property=\"og:image:width\" content=\"2560\" \/>\n\t<meta property=\"og:image:height\" content=\"1594\" \/>\n\t<meta property=\"og:image:type\" content=\"image\/jpeg\" \/>\n<meta name=\"twitter:card\" content=\"summary_large_image\" \/>\n<meta name=\"twitter:label1\" content=\"Tiempo de lectura\" \/>\n\t<meta name=\"twitter:data1\" content=\"7 minutes\" \/>\n<script type=\"application\/ld+json\" class=\"yoast-schema-graph\">{\"@context\":\"https:\\\/\\\/schema.org\",\"@graph\":[{\"@type\":\"WebPage\",\"@id\":\"https:\\\/\\\/www.kisurfschool.com\\\/es\\\/club-de-tai-chi-chuan-en-seignosse\\\/\",\"url\":\"https:\\\/\\\/www.kisurfschool.com\\\/es\\\/club-de-tai-chi-chuan-en-seignosse\\\/\",\"name\":\"Club de tai chi chuan en Seignosse\",\"isPartOf\":{\"@id\":\"https:\\\/\\\/www.kisurfschool.com\\\/#website\"},\"primaryImageOfPage\":{\"@id\":\"https:\\\/\\\/www.kisurfschool.com\\\/es\\\/club-de-tai-chi-chuan-en-seignosse\\\/#primaryimage\"},\"image\":{\"@id\":\"https:\\\/\\\/www.kisurfschool.com\\\/es\\\/club-de-tai-chi-chuan-en-seignosse\\\/#primaryimage\"},\"thumbnailUrl\":\"https:\\\/\\\/www.kisurfschool.com\\\/wp-content\\\/uploads\\\/2025\\\/07\\\/TAICHI-Hossegor-44-scaled.jpg\",\"datePublished\":\"2025-09-13T13:20:24+00:00\",\"dateModified\":\"2026-02-17T16:07:10+00:00\",\"description\":\"Practica tai chi chuan todo el a\u00f1o en Seignosse con el club Taichi Surf Tribe. Clases regulares, progresi\u00f3n, beneficios y equilibrio.\",\"breadcrumb\":{\"@id\":\"https:\\\/\\\/www.kisurfschool.com\\\/es\\\/club-de-tai-chi-chuan-en-seignosse\\\/#breadcrumb\"},\"inLanguage\":\"es-ES\",\"potentialAction\":[{\"@type\":\"ReadAction\",\"target\":[\"https:\\\/\\\/www.kisurfschool.com\\\/es\\\/club-de-tai-chi-chuan-en-seignosse\\\/\"]}]},{\"@type\":\"ImageObject\",\"inLanguage\":\"es-ES\",\"@id\":\"https:\\\/\\\/www.kisurfschool.com\\\/es\\\/club-de-tai-chi-chuan-en-seignosse\\\/#primaryimage\",\"url\":\"https:\\\/\\\/www.kisurfschool.com\\\/wp-content\\\/uploads\\\/2025\\\/07\\\/TAICHI-Hossegor-44-scaled.jpg\",\"contentUrl\":\"https:\\\/\\\/www.kisurfschool.com\\\/wp-content\\\/uploads\\\/2025\\\/07\\\/TAICHI-Hossegor-44-scaled.jpg\",\"width\":2560,\"height\":1594,\"caption\":\"Un hombre practicando Tai Chi Chuan en una playa\"},{\"@type\":\"BreadcrumbList\",\"@id\":\"https:\\\/\\\/www.kisurfschool.com\\\/es\\\/club-de-tai-chi-chuan-en-seignosse\\\/#breadcrumb\",\"itemListElement\":[{\"@type\":\"ListItem\",\"position\":1,\"name\":\"Accueil\",\"item\":\"https:\\\/\\\/www.kisurfschool.com\\\/es\\\/ki-surf-school-surf-y-taichi\\\/\"},{\"@type\":\"ListItem\",\"position\":2,\"name\":\"Club de tai chi chuan en Seignosse\"}]},{\"@type\":\"WebSite\",\"@id\":\"https:\\\/\\\/www.kisurfschool.com\\\/#website\",\"url\":\"https:\\\/\\\/www.kisurfschool.com\\\/\",\"name\":\"Ki Surf School - Surf et Taichi dans les Landes\",\"description\":\"Ki Surf School &amp; Miki Dorade - Surf, Taichi, h\u00e9bergements et textiles inspir\u00e9s par l&#039;oc\u00e9an\",\"potentialAction\":[{\"@type\":\"SearchAction\",\"target\":{\"@type\":\"EntryPoint\",\"urlTemplate\":\"https:\\\/\\\/www.kisurfschool.com\\\/?s={search_term_string}\"},\"query-input\":{\"@type\":\"PropertyValueSpecification\",\"valueRequired\":true,\"valueName\":\"search_term_string\"}}],\"inLanguage\":\"es-ES\"}]}<\/script>\n<!-- \/ Yoast SEO plugin. -->","yoast_head_json":{"title":"Club de tai chi chuan en Seignosse","description":"Practica tai chi chuan todo el a\u00f1o en Seignosse con el club Taichi Surf Tribe. Clases regulares, progresi\u00f3n, beneficios y equilibrio.","robots":{"index":"index","follow":"follow","max-snippet":"max-snippet:-1","max-image-preview":"max-image-preview:large","max-video-preview":"max-video-preview:-1"},"canonical":"https:\/\/www.kisurfschool.com\/es\/club-de-tai-chi-chuan-en-seignosse\/","og_locale":"es_ES","og_type":"article","og_title":"Club de tai chi chuan en Seignosse","og_description":"Practica tai chi chuan todo el a\u00f1o en Seignosse con el club Taichi Surf Tribe. Clases regulares, progresi\u00f3n, beneficios y equilibrio.","og_url":"https:\/\/www.kisurfschool.com\/es\/club-de-tai-chi-chuan-en-seignosse\/","og_site_name":"Ki Surf School - Surf et Taichi dans les Landes","article_modified_time":"2026-02-17T16:07:10+00:00","og_image":[{"width":2560,"height":1594,"url":"https:\/\/www.kisurfschool.com\/wp-content\/uploads\/2025\/07\/TAICHI-Hossegor-44-scaled.jpg","type":"image\/jpeg"}],"twitter_card":"summary_large_image","twitter_misc":{"Tiempo de lectura":"7 minutes"},"schema":{"@context":"https:\/\/schema.org","@graph":[{"@type":"WebPage","@id":"https:\/\/www.kisurfschool.com\/es\/club-de-tai-chi-chuan-en-seignosse\/","url":"https:\/\/www.kisurfschool.com\/es\/club-de-tai-chi-chuan-en-seignosse\/","name":"Club de tai chi chuan en Seignosse","isPartOf":{"@id":"https:\/\/www.kisurfschool.com\/#website"},"primaryImageOfPage":{"@id":"https:\/\/www.kisurfschool.com\/es\/club-de-tai-chi-chuan-en-seignosse\/#primaryimage"},"image":{"@id":"https:\/\/www.kisurfschool.com\/es\/club-de-tai-chi-chuan-en-seignosse\/#primaryimage"},"thumbnailUrl":"https:\/\/www.kisurfschool.com\/wp-content\/uploads\/2025\/07\/TAICHI-Hossegor-44-scaled.jpg","datePublished":"2025-09-13T13:20:24+00:00","dateModified":"2026-02-17T16:07:10+00:00","description":"Practica tai chi chuan todo el a\u00f1o en Seignosse con el club Taichi Surf Tribe. Clases regulares, progresi\u00f3n, beneficios y equilibrio.","breadcrumb":{"@id":"https:\/\/www.kisurfschool.com\/es\/club-de-tai-chi-chuan-en-seignosse\/#breadcrumb"},"inLanguage":"es-ES","potentialAction":[{"@type":"ReadAction","target":["https:\/\/www.kisurfschool.com\/es\/club-de-tai-chi-chuan-en-seignosse\/"]}]},{"@type":"ImageObject","inLanguage":"es-ES","@id":"https:\/\/www.kisurfschool.com\/es\/club-de-tai-chi-chuan-en-seignosse\/#primaryimage","url":"https:\/\/www.kisurfschool.com\/wp-content\/uploads\/2025\/07\/TAICHI-Hossegor-44-scaled.jpg","contentUrl":"https:\/\/www.kisurfschool.com\/wp-content\/uploads\/2025\/07\/TAICHI-Hossegor-44-scaled.jpg","width":2560,"height":1594,"caption":"Un hombre practicando Tai Chi Chuan en una playa"},{"@type":"BreadcrumbList","@id":"https:\/\/www.kisurfschool.com\/es\/club-de-tai-chi-chuan-en-seignosse\/#breadcrumb","itemListElement":[{"@type":"ListItem","position":1,"name":"Accueil","item":"https:\/\/www.kisurfschool.com\/es\/ki-surf-school-surf-y-taichi\/"},{"@type":"ListItem","position":2,"name":"Club de tai chi chuan en Seignosse"}]},{"@type":"WebSite","@id":"https:\/\/www.kisurfschool.com\/#website","url":"https:\/\/www.kisurfschool.com\/","name":"Ki Surf School - Surf et Taichi dans les Landes","description":"Ki Surf School &amp; Miki Dorade - Surf, Taichi, h\u00e9bergements et textiles inspir\u00e9s par l&#039;oc\u00e9an","potentialAction":[{"@type":"SearchAction","target":{"@type":"EntryPoint","urlTemplate":"https:\/\/www.kisurfschool.com\/?s={search_term_string}"},"query-input":{"@type":"PropertyValueSpecification","valueRequired":true,"valueName":"search_term_string"}}],"inLanguage":"es-ES"}]}},"_links":{"self":[{"href":"https:\/\/www.kisurfschool.com\/es\/wp-json\/wp\/v2\/pages\/1665","targetHints":{"allow":["GET"]}}],"collection":[{"href":"https:\/\/www.kisurfschool.com\/es\/wp-json\/wp\/v2\/pages"}],"about":[{"href":"https:\/\/www.kisurfschool.com\/es\/wp-json\/wp\/v2\/types\/page"}],"author":[{"embeddable":true,"href":"https:\/\/www.kisurfschool.com\/es\/wp-json\/wp\/v2\/users\/2"}],"replies":[{"embeddable":true,"href":"https:\/\/www.kisurfschool.com\/es\/wp-json\/wp\/v2\/comments?post=1665"}],"version-history":[{"count":0,"href":"https:\/\/www.kisurfschool.com\/es\/wp-json\/wp\/v2\/pages\/1665\/revisions"}],"wp:featuredmedia":[{"embeddable":true,"href":"https:\/\/www.kisurfschool.com\/es\/wp-json\/wp\/v2\/media\/1666"}],"wp:attachment":[{"href":"https:\/\/www.kisurfschool.com\/es\/wp-json\/wp\/v2\/media?parent=1665"}],"curies":[{"name":"wp","href":"https:\/\/api.w.org\/{rel}","templated":true}]}}