{"id":1596,"date":"2025-07-16T08:57:42","date_gmt":"2025-07-16T08:57:42","guid":{"rendered":"https:\/\/kisurfschool.gypsea-agency.fr\/actividades-de-surf-para-empresas-seminarios-team-building\/"},"modified":"2026-02-17T23:13:36","modified_gmt":"2026-02-17T23:13:36","slug":"actividades-de-surf-para-empresas-seminarios-team-building","status":"publish","type":"page","link":"https:\/\/www.kisurfschool.com\/es\/actividades-de-surf-para-empresas-seminarios-team-building\/","title":{"rendered":"Actividades de surf para empresas (seminarios, team building&#8230;)"},"content":{"rendered":"<p>[et_pb_section fb_built=&#8221;1&#8243; _builder_version=&#8221;4.27.4&#8243; _module_preset=&#8221;default&#8221; custom_padding=&#8221;||0px|||&#8221; global_colors_info=&#8221;{}&#8221;][et_pb_row column_structure=&#8221;3_5,2_5&#8243; use_custom_gutter=&#8221;on&#8221; gutter_width=&#8221;2&#8243; make_equal=&#8221;on&#8221; _builder_version=&#8221;4.27.4&#8243; _module_preset=&#8221;default&#8221; width=&#8221;100%&#8221; max_width=&#8221;100%&#8221; module_alignment=&#8221;center&#8221; custom_padding=&#8221;||0px|||&#8221; global_colors_info=&#8221;{}&#8221;][et_pb_column type=&#8221;3_5&#8243; _builder_version=&#8221;4.27.4&#8243; _module_preset=&#8221;default&#8221; background_color=&#8221;rgba(255,255,255,0.88)&#8221; background_enable_image=&#8221;off&#8221; background_size=&#8221;initial&#8221; background_blend=&#8221;overlay&#8221; global_colors_info=&#8221;{}&#8221;][et_pb_image src=&#8221;https:\/\/www.kisurfschool.com\/wp-content\/uploads\/2026\/01\/5-2.png&#8221; alt=&#8221;Primer plano de una tabla de surf negra, cursos de surf.&#8221; title_text=&#8221;5 2&#8243; force_fullwidth=&#8221;on&#8221; _builder_version=&#8221;4.27.5&#8243; _module_preset=&#8221;default&#8221; background_image=&#8221;https:\/\/www.kisurfschool.com\/wp-content\/uploads\/2025\/10\/Ecole-de-surf-Hossegor-Seignosse-11-1-1-scaled.jpg&#8221; custom_margin=&#8221;3vw||3vw||true|false&#8221; custom_padding=&#8221;||0px|||&#8221; global_colors_info=&#8221;{}&#8221;][\/et_pb_image][et_pb_text _builder_version=&#8221;4.27.4&#8243; _module_preset=&#8221;default&#8221; text_text_color=&#8221;#000000&#8243; header_font=&#8221;Chewy||||||||&#8221; header_2_font=&#8221;Chewy|||on|||||&#8221; header_3_font=&#8221;Abel|||on|||||&#8221; width_tablet=&#8221;50%&#8221; width_phone=&#8221;90%&#8221; width_last_edited=&#8221;on|desktop&#8221; max_width=&#8221;60%&#8221; max_width_tablet=&#8221;60%&#8221; max_width_phone=&#8221;90%&#8221; max_width_last_edited=&#8221;on|phone&#8221; module_alignment=&#8221;center&#8221; custom_margin=&#8221;||36px|||&#8221; global_colors_info=&#8221;{}&#8221;]<\/p>\n<h2>Tai chi chuan: gesti\u00f3n del estr\u00e9s y recentrado<\/h2>\n<p>Como complemento del surf, <strong>el tai chi chuan (estilo Chen)<\/strong> se propone como una actividad centrada en:<\/p>\n<ul>\n<li>la gesti\u00f3n del estr\u00e9s y de la energ\u00eda,<\/li>\n<li>el equilibrio f\u00edsico y mental,<\/li>\n<li>la concentraci\u00f3n y la claridad mental,<\/li>\n<li>el refuerzo de la cohesi\u00f3n y de la din\u00e1mica de grupo.<\/li>\n<\/ul>\n<p>Esta pr\u00e1ctica de plena consciencia es particularmente adecuada para los <strong>equipos profesionales<\/strong> que se enfrentan a entornos exigentes, en busca de calma y de recursos duraderos para mejorar su rendimiento y su bienestar.<\/p>\n<p>[\/et_pb_text][et_pb_image src=&#8221;https:\/\/www.kisurfschool.com\/wp-content\/uploads\/2026\/01\/1.png&#8221; alt=&#8221;Forma abstracta negra con una textura cepillada&#8221; title_text=&#8221;1&#8243; force_fullwidth=&#8221;on&#8221; disabled_on=&#8221;on|on|off&#8221; _builder_version=&#8221;4.27.5&#8243; _module_preset=&#8221;default&#8221; background_image=&#8221;https:\/\/www.kisurfschool.com\/wp-content\/uploads\/2025\/12\/DSC03545-scaled.jpg&#8221; custom_margin=&#8221;3vw||3vw||true|false&#8221; custom_padding=&#8221;||0px|||&#8221; global_colors_info=&#8221;{}&#8221;][\/et_pb_image][\/et_pb_column][et_pb_column type=&#8221;2_5&#8243; module_class=&#8221;centrer-verticalement&#8221; _builder_version=&#8221;4.27.4&#8243; _module_preset=&#8221;default&#8221; global_colors_info=&#8221;{}&#8221;][et_pb_text _builder_version=&#8221;4.27.4&#8243; _module_preset=&#8221;default&#8221; text_text_color=&#8221;#000000&#8243; header_font=&#8221;Chewy||||||||&#8221; header_2_font=&#8221;Chewy|||on|||||&#8221; width_tablet=&#8221;50%&#8221; width_phone=&#8221;90%&#8221; width_last_edited=&#8221;on|desktop&#8221; max_width=&#8221;60%&#8221; max_width_tablet=&#8221;60%&#8221; max_width_phone=&#8221;90%&#8221; max_width_last_edited=&#8221;on|phone&#8221; module_alignment=&#8221;center&#8221; custom_margin=&#8221;||36px|||&#8221; global_colors_info=&#8221;{}&#8221;]<\/p>\n<h1>Actividades de surf y bienestar para empresas y grupos profesionales<\/h1>\n<p><strong>Ki Surf School<\/strong> dise\u00f1a <strong>experiencias a medida para las empresas<\/strong>, los comit\u00e9s de empresa y los equipos deportivos que deseen reforzar sus v\u00ednculos, estimular la motivaci\u00f3n y favorecer el bienestar de sus colaboradores.<\/p>\n<p>A trav\u00e9s de <strong>actividades deportivas y de plena naturaleza<\/strong>, sus equipos descubren un entorno nuevo, lejos del marco profesional, propicio para la cohesi\u00f3n, la comunicaci\u00f3n y la creatividad.<\/p>\n<p>Situada en la costa de las Landas, <strong>Ki Surf School<\/strong> se beneficia de un acceso f\u00e1cil gracias a la proximidad de varias estaciones (Saint-Vincent-de-Tyrosse, Bayona, Dax, Labenne) y del aeropuerto de Biarritz Parme, conectados por lanzaderas y autobuses regionales.<\/p>\n<p>Cada programa est\u00e1 pensado seg\u00fan sus necesidades espec\u00edficas:<\/p>\n<ul>\n<li>reforzar la cohesi\u00f3n de equipo,<\/li>\n<li>estimular la motivaci\u00f3n y el compromiso,<\/li>\n<li>prevenir el estr\u00e9s y mejorar la calidad de vida en el trabajo.<\/li>\n<\/ul>\n<p>Combinar surf, taichi y rugbysurf es ofrecer a sus colaboradores una experiencia completa que a\u00fana <strong>energ\u00eda, equilibrio y esp\u00edritu de equipo<\/strong>. Estas actividades permiten crear recuerdos compartidos y reforzar duraderamente la cohesi\u00f3n, en un marco natural y apacible. <\/p>\n<p>[\/et_pb_text][et_pb_divider show_divider=&#8221;off&#8221; _builder_version=&#8221;4.27.4&#8243; _module_preset=&#8221;default&#8221; global_colors_info=&#8221;{}&#8221;][\/et_pb_divider][et_pb_image src=&#8221;https:\/\/www.kisurfschool.com\/wp-content\/uploads\/2026\/01\/2-e1765982052223-1.png&#8221; alt=&#8221;Forma ovalada negra con algunos detalles blancos.&#8221; title_text=&#8221;2 E1765982052223 1&#8243; force_fullwidth=&#8221;on&#8221; disabled_on=&#8221;off|off|on&#8221; _builder_version=&#8221;4.27.5&#8243; _module_preset=&#8221;default&#8221; background_image=&#8221;https:\/\/www.kisurfschool.com\/wp-content\/uploads\/2025\/12\/Taichi-Frankreich-Seignosse-10-scaled.jpg&#8221; custom_margin=&#8221;3vw||3vw||true|false&#8221; custom_padding=&#8221;||0px|||&#8221; global_colors_info=&#8221;{}&#8221;][\/et_pb_image][et_pb_image src=&#8221;https:\/\/www.kisurfschool.com\/wp-content\/uploads\/2026\/01\/2-e1765982052223-1.png&#8221; alt=&#8221;Forma ovalada negra con algunos detalles blancos.&#8221; title_text=&#8221;2 E1765982052223 1&#8243; force_fullwidth=&#8221;on&#8221; disabled_on=&#8221;on|on|off&#8221; _builder_version=&#8221;4.27.5&#8243; _module_preset=&#8221;default&#8221; background_image=&#8221;https:\/\/www.kisurfschool.com\/wp-content\/uploads\/2025\/12\/Taichi-Frankreich-Seignosse-10-scaled.jpg&#8221; custom_margin=&#8221;3vw||3vw||true|false&#8221; custom_padding=&#8221;||0px|||&#8221; global_colors_info=&#8221;{}&#8221;][\/et_pb_image][et_pb_image src=&#8221;https:\/\/www.kisurfschool.com\/wp-content\/uploads\/2026\/01\/1.png&#8221; alt=&#8221;Forma abstracta negra con una textura cepillada&#8221; title_text=&#8221;1&#8243; force_fullwidth=&#8221;on&#8221; disabled_on=&#8221;off|off|on&#8221; _builder_version=&#8221;4.27.5&#8243; _module_preset=&#8221;default&#8221; background_image=&#8221;https:\/\/www.kisurfschool.com\/wp-content\/uploads\/2025\/12\/DSC03545-scaled.jpg&#8221; custom_padding=&#8221;||0px|||&#8221; global_colors_info=&#8221;{}&#8221;][\/et_pb_image][et_pb_text _builder_version=&#8221;4.27.4&#8243; _module_preset=&#8221;default&#8221; text_text_color=&#8221;#000000&#8243; header_font=&#8221;Chewy||||||||&#8221; header_2_font=&#8221;Chewy|||on|||||&#8221; header_3_font=&#8221;Abel|||on|||||&#8221; width_tablet=&#8221;50%&#8221; width_phone=&#8221;90%&#8221; width_last_edited=&#8221;on|desktop&#8221; max_width=&#8221;60%&#8221; max_width_tablet=&#8221;60%&#8221; max_width_phone=&#8221;90%&#8221; max_width_last_edited=&#8221;on|phone&#8221; module_alignment=&#8221;center&#8221; custom_margin=&#8221;||36px|||&#8221; global_colors_info=&#8221;{}&#8221;]<\/p>\n<h2>Rugbysurf: reforzar el esp\u00edritu de equipo en el juego<\/h2>\n<p>Creado por <strong>\u00c9ric Lafargue<\/strong>, el <strong>rugbysurf<\/strong> es una actividad colectiva original, l\u00fadica y accesible a todos. Practicado en una superficie de agua tranquila, con una tabla de surf de espuma y un mini bal\u00f3n de rugby, favorece: <\/p>\n<ul>\n<li>la cooperaci\u00f3n y la coordinaci\u00f3n,<\/li>\n<li>el desarrollo de la comunicaci\u00f3n en el seno de un equipo,<\/li>\n<li>la toma de decisiones colectiva en situaci\u00f3n din\u00e1mica.<\/li>\n<\/ul>\n<p>Una sesi\u00f3n de una hora comprende:<\/p>\n<ul>\n<li>una iniciaci\u00f3n a las t\u00e9cnicas de remo y de movilidad sobre la tabla,<\/li>\n<li>un partido amistoso arbitrado por el animador.<\/li>\n<\/ul>\n<p>Las reglas pueden adaptarse a los <strong>equipos deportivos<\/strong> o a los <strong>grupos de empresa<\/strong> que tengan objetivos pedag\u00f3gicos espec\u00edficos: preparaci\u00f3n f\u00edsica, cohesi\u00f3n o recuperaci\u00f3n activa.<\/p>\n<p>[\/et_pb_text][\/et_pb_column][\/et_pb_row][\/et_pb_section][et_pb_section fb_built=&#8221;1&#8243; _builder_version=&#8221;4.27.5&#8243; _module_preset=&#8221;default&#8221; locked=&#8221;off&#8221;][et_pb_row _builder_version=&#8221;4.27.5&#8243; _module_preset=&#8221;default&#8221; theme_builder_area=&#8221;post_content&#8221;][et_pb_column _builder_version=&#8221;4.27.5&#8243; _module_preset=&#8221;default&#8221; type=&#8221;4_4&#8243; theme_builder_area=&#8221;post_content&#8221;][et_pb_button button_text=&#8221;Tarifas y reservas&#8221; _builder_version=&#8221;4.27.5&#8243; _module_preset=&#8221;default&#8221; theme_builder_area=&#8221;post_content&#8221; button_url=&#8221;@ET-DC@eyJkeW5hbWljIjp0cnVlLCJjb250ZW50IjoicG9zdF9saW5rX3VybF9wYWdlIiwic2V0dGluZ3MiOnsicG9zdF9pZCI6IjQxIiwiZW5hYmxlX2h0bWwiOiJvZmYifX0=@&#8221; _dynamic_attributes=&#8221;button_url&#8221; sticky_enabled=&#8221;0&#8243; button_alignment=&#8221;center&#8221; custom_button=&#8221;on&#8221; button_text_color=&#8221;#FFFFFF&#8221; button_bg_color=&#8221;#ffc440&#8243; button_border_radius=&#8221;7px&#8221; button_font=&#8221;|||on|||||&#8221;][\/et_pb_button][\/et_pb_column][\/et_pb_row][\/et_pb_section]<\/p>\n","protected":false},"excerpt":{"rendered":"<p>Tai chi chuan: gesti\u00f3n del estr\u00e9s y recentrado Como complemento del surf, el tai chi chuan (estilo Chen) se propone como una actividad centrada en: la gesti\u00f3n del estr\u00e9s y de la energ\u00eda, el equilibrio f\u00edsico y mental, la concentraci\u00f3n y la claridad mental, el refuerzo de la cohesi\u00f3n y de la din\u00e1mica de grupo. [&hellip;]<\/p>\n","protected":false},"author":1,"featured_media":1597,"parent":0,"menu_order":0,"comment_status":"closed","ping_status":"closed","template":"","meta":{"_et_pb_use_builder":"on","_et_pb_old_content":"","_et_gb_content_width":"","footnotes":""},"class_list":["post-1596","page","type-page","status-publish","has-post-thumbnail","hentry"],"yoast_head":"<!-- This site is optimized with the Yoast SEO plugin v27.3 - https:\/\/yoast.com\/product\/yoast-seo-wordpress\/ -->\n<title>Actividades de surf para empresas (seminarios, team building...)<\/title>\n<meta name=\"description\" content=\"Ofrezca a sus equipos una experiencia \u00fanica con Ki Surf School: surf, tai chi chuan, rugbysurf, para reforzar la cohesi\u00f3n y el bienestar.\" \/>\n<meta name=\"robots\" content=\"index, follow, max-snippet:-1, max-image-preview:large, max-video-preview:-1\" \/>\n<link rel=\"canonical\" href=\"https:\/\/www.kisurfschool.com\/es\/actividades-de-surf-para-empresas-seminarios-team-building\/\" \/>\n<meta property=\"og:locale\" content=\"es_ES\" \/>\n<meta property=\"og:type\" content=\"article\" \/>\n<meta property=\"og:title\" content=\"Actividades de surf para empresas (seminarios, team building...)\" \/>\n<meta property=\"og:description\" content=\"Ofrezca a sus equipos una experiencia \u00fanica con Ki Surf School: surf, tai chi chuan, rugbysurf, para reforzar la cohesi\u00f3n y el bienestar.\" \/>\n<meta property=\"og:url\" content=\"https:\/\/www.kisurfschool.com\/es\/actividades-de-surf-para-empresas-seminarios-team-building\/\" \/>\n<meta property=\"og:site_name\" content=\"Ki Surf School - Surf et Taichi dans les Landes\" \/>\n<meta property=\"article:modified_time\" content=\"2026-02-17T23:13:36+00:00\" \/>\n<meta property=\"og:image\" content=\"https:\/\/www.kisurfschool.com\/wp-content\/uploads\/2025\/09\/Photo_6553963_DJI_363_jpg_4269708_0_202182082838_photo_original-scaled.jpg\" \/>\n\t<meta property=\"og:image:width\" content=\"2560\" \/>\n\t<meta property=\"og:image:height\" content=\"1440\" \/>\n\t<meta property=\"og:image:type\" content=\"image\/jpeg\" \/>\n<meta name=\"twitter:card\" content=\"summary_large_image\" \/>\n<meta name=\"twitter:label1\" content=\"Tiempo de lectura\" \/>\n\t<meta name=\"twitter:data1\" content=\"6 minutes\" \/>\n<script type=\"application\/ld+json\" class=\"yoast-schema-graph\">{\"@context\":\"https:\\\/\\\/schema.org\",\"@graph\":[{\"@type\":\"WebPage\",\"@id\":\"https:\\\/\\\/www.kisurfschool.com\\\/es\\\/actividades-de-surf-para-empresas-seminarios-team-building\\\/\",\"url\":\"https:\\\/\\\/www.kisurfschool.com\\\/es\\\/actividades-de-surf-para-empresas-seminarios-team-building\\\/\",\"name\":\"Actividades de surf para empresas (seminarios, team building...)\",\"isPartOf\":{\"@id\":\"https:\\\/\\\/www.kisurfschool.com\\\/#website\"},\"primaryImageOfPage\":{\"@id\":\"https:\\\/\\\/www.kisurfschool.com\\\/es\\\/actividades-de-surf-para-empresas-seminarios-team-building\\\/#primaryimage\"},\"image\":{\"@id\":\"https:\\\/\\\/www.kisurfschool.com\\\/es\\\/actividades-de-surf-para-empresas-seminarios-team-building\\\/#primaryimage\"},\"thumbnailUrl\":\"https:\\\/\\\/www.kisurfschool.com\\\/wp-content\\\/uploads\\\/2025\\\/09\\\/Photo_6553963_DJI_363_jpg_4269708_0_202182082838_photo_original-scaled.jpg\",\"datePublished\":\"2025-07-16T08:57:42+00:00\",\"dateModified\":\"2026-02-17T23:13:36+00:00\",\"description\":\"Ofrezca a sus equipos una experiencia \u00fanica con Ki Surf School: surf, tai chi chuan, rugbysurf, para reforzar la cohesi\u00f3n y el bienestar.\",\"breadcrumb\":{\"@id\":\"https:\\\/\\\/www.kisurfschool.com\\\/es\\\/actividades-de-surf-para-empresas-seminarios-team-building\\\/#breadcrumb\"},\"inLanguage\":\"es-ES\",\"potentialAction\":[{\"@type\":\"ReadAction\",\"target\":[\"https:\\\/\\\/www.kisurfschool.com\\\/es\\\/actividades-de-surf-para-empresas-seminarios-team-building\\\/\"]}]},{\"@type\":\"ImageObject\",\"inLanguage\":\"es-ES\",\"@id\":\"https:\\\/\\\/www.kisurfschool.com\\\/es\\\/actividades-de-surf-para-empresas-seminarios-team-building\\\/#primaryimage\",\"url\":\"https:\\\/\\\/www.kisurfschool.com\\\/wp-content\\\/uploads\\\/2025\\\/09\\\/Photo_6553963_DJI_363_jpg_4269708_0_202182082838_photo_original-scaled.jpg\",\"contentUrl\":\"https:\\\/\\\/www.kisurfschool.com\\\/wp-content\\\/uploads\\\/2025\\\/09\\\/Photo_6553963_DJI_363_jpg_4269708_0_202182082838_photo_original-scaled.jpg\",\"width\":2560,\"height\":1440,\"caption\":\"default\"},{\"@type\":\"BreadcrumbList\",\"@id\":\"https:\\\/\\\/www.kisurfschool.com\\\/es\\\/actividades-de-surf-para-empresas-seminarios-team-building\\\/#breadcrumb\",\"itemListElement\":[{\"@type\":\"ListItem\",\"position\":1,\"name\":\"Accueil\",\"item\":\"https:\\\/\\\/www.kisurfschool.com\\\/es\\\/ki-surf-school-surf-y-taichi\\\/\"},{\"@type\":\"ListItem\",\"position\":2,\"name\":\"Actividades de surf para empresas (seminarios, team building&#8230;)\"}]},{\"@type\":\"WebSite\",\"@id\":\"https:\\\/\\\/www.kisurfschool.com\\\/#website\",\"url\":\"https:\\\/\\\/www.kisurfschool.com\\\/\",\"name\":\"Ki Surf School - Surf et Taichi dans les Landes\",\"description\":\"Ki Surf School &amp; Miki Dorade - Surf, Taichi, h\u00e9bergements et textiles inspir\u00e9s par l&#039;oc\u00e9an\",\"potentialAction\":[{\"@type\":\"SearchAction\",\"target\":{\"@type\":\"EntryPoint\",\"urlTemplate\":\"https:\\\/\\\/www.kisurfschool.com\\\/?s={search_term_string}\"},\"query-input\":{\"@type\":\"PropertyValueSpecification\",\"valueRequired\":true,\"valueName\":\"search_term_string\"}}],\"inLanguage\":\"es-ES\"}]}<\/script>\n<!-- \/ Yoast SEO plugin. -->","yoast_head_json":{"title":"Actividades de surf para empresas (seminarios, team building...)","description":"Ofrezca a sus equipos una experiencia \u00fanica con Ki Surf School: surf, tai chi chuan, rugbysurf, para reforzar la cohesi\u00f3n y el bienestar.","robots":{"index":"index","follow":"follow","max-snippet":"max-snippet:-1","max-image-preview":"max-image-preview:large","max-video-preview":"max-video-preview:-1"},"canonical":"https:\/\/www.kisurfschool.com\/es\/actividades-de-surf-para-empresas-seminarios-team-building\/","og_locale":"es_ES","og_type":"article","og_title":"Actividades de surf para empresas (seminarios, team building...)","og_description":"Ofrezca a sus equipos una experiencia \u00fanica con Ki Surf School: surf, tai chi chuan, rugbysurf, para reforzar la cohesi\u00f3n y el bienestar.","og_url":"https:\/\/www.kisurfschool.com\/es\/actividades-de-surf-para-empresas-seminarios-team-building\/","og_site_name":"Ki Surf School - Surf et Taichi dans les Landes","article_modified_time":"2026-02-17T23:13:36+00:00","og_image":[{"width":2560,"height":1440,"url":"https:\/\/www.kisurfschool.com\/wp-content\/uploads\/2025\/09\/Photo_6553963_DJI_363_jpg_4269708_0_202182082838_photo_original-scaled.jpg","type":"image\/jpeg"}],"twitter_card":"summary_large_image","twitter_misc":{"Tiempo de lectura":"6 minutes"},"schema":{"@context":"https:\/\/schema.org","@graph":[{"@type":"WebPage","@id":"https:\/\/www.kisurfschool.com\/es\/actividades-de-surf-para-empresas-seminarios-team-building\/","url":"https:\/\/www.kisurfschool.com\/es\/actividades-de-surf-para-empresas-seminarios-team-building\/","name":"Actividades de surf para empresas (seminarios, team building...)","isPartOf":{"@id":"https:\/\/www.kisurfschool.com\/#website"},"primaryImageOfPage":{"@id":"https:\/\/www.kisurfschool.com\/es\/actividades-de-surf-para-empresas-seminarios-team-building\/#primaryimage"},"image":{"@id":"https:\/\/www.kisurfschool.com\/es\/actividades-de-surf-para-empresas-seminarios-team-building\/#primaryimage"},"thumbnailUrl":"https:\/\/www.kisurfschool.com\/wp-content\/uploads\/2025\/09\/Photo_6553963_DJI_363_jpg_4269708_0_202182082838_photo_original-scaled.jpg","datePublished":"2025-07-16T08:57:42+00:00","dateModified":"2026-02-17T23:13:36+00:00","description":"Ofrezca a sus equipos una experiencia \u00fanica con Ki Surf School: surf, tai chi chuan, rugbysurf, para reforzar la cohesi\u00f3n y el bienestar.","breadcrumb":{"@id":"https:\/\/www.kisurfschool.com\/es\/actividades-de-surf-para-empresas-seminarios-team-building\/#breadcrumb"},"inLanguage":"es-ES","potentialAction":[{"@type":"ReadAction","target":["https:\/\/www.kisurfschool.com\/es\/actividades-de-surf-para-empresas-seminarios-team-building\/"]}]},{"@type":"ImageObject","inLanguage":"es-ES","@id":"https:\/\/www.kisurfschool.com\/es\/actividades-de-surf-para-empresas-seminarios-team-building\/#primaryimage","url":"https:\/\/www.kisurfschool.com\/wp-content\/uploads\/2025\/09\/Photo_6553963_DJI_363_jpg_4269708_0_202182082838_photo_original-scaled.jpg","contentUrl":"https:\/\/www.kisurfschool.com\/wp-content\/uploads\/2025\/09\/Photo_6553963_DJI_363_jpg_4269708_0_202182082838_photo_original-scaled.jpg","width":2560,"height":1440,"caption":"default"},{"@type":"BreadcrumbList","@id":"https:\/\/www.kisurfschool.com\/es\/actividades-de-surf-para-empresas-seminarios-team-building\/#breadcrumb","itemListElement":[{"@type":"ListItem","position":1,"name":"Accueil","item":"https:\/\/www.kisurfschool.com\/es\/ki-surf-school-surf-y-taichi\/"},{"@type":"ListItem","position":2,"name":"Actividades de surf para empresas (seminarios, team building&#8230;)"}]},{"@type":"WebSite","@id":"https:\/\/www.kisurfschool.com\/#website","url":"https:\/\/www.kisurfschool.com\/","name":"Ki Surf School - Surf et Taichi dans les Landes","description":"Ki Surf School &amp; Miki Dorade - Surf, Taichi, h\u00e9bergements et textiles inspir\u00e9s par l&#039;oc\u00e9an","potentialAction":[{"@type":"SearchAction","target":{"@type":"EntryPoint","urlTemplate":"https:\/\/www.kisurfschool.com\/?s={search_term_string}"},"query-input":{"@type":"PropertyValueSpecification","valueRequired":true,"valueName":"search_term_string"}}],"inLanguage":"es-ES"}]}},"_links":{"self":[{"href":"https:\/\/www.kisurfschool.com\/es\/wp-json\/wp\/v2\/pages\/1596","targetHints":{"allow":["GET"]}}],"collection":[{"href":"https:\/\/www.kisurfschool.com\/es\/wp-json\/wp\/v2\/pages"}],"about":[{"href":"https:\/\/www.kisurfschool.com\/es\/wp-json\/wp\/v2\/types\/page"}],"author":[{"embeddable":true,"href":"https:\/\/www.kisurfschool.com\/es\/wp-json\/wp\/v2\/users\/1"}],"replies":[{"embeddable":true,"href":"https:\/\/www.kisurfschool.com\/es\/wp-json\/wp\/v2\/comments?post=1596"}],"version-history":[{"count":0,"href":"https:\/\/www.kisurfschool.com\/es\/wp-json\/wp\/v2\/pages\/1596\/revisions"}],"wp:featuredmedia":[{"embeddable":true,"href":"https:\/\/www.kisurfschool.com\/es\/wp-json\/wp\/v2\/media\/1597"}],"wp:attachment":[{"href":"https:\/\/www.kisurfschool.com\/es\/wp-json\/wp\/v2\/media?parent=1596"}],"curies":[{"name":"wp","href":"https:\/\/api.w.org\/{rel}","templated":true}]}}