{"id":3793,"date":"2026-02-18T15:12:31","date_gmt":"2026-02-18T15:12:31","guid":{"rendered":"https:\/\/kisurfschool.gypsea-agency.fr\/produit\/gift-vouchers-ki-surf-school\/"},"modified":"2026-02-18T15:12:31","modified_gmt":"2026-02-18T15:12:31","slug":"gift-vouchers-ki-surf-school","status":"publish","type":"product","link":"https:\/\/www.kisurfschool.com\/en\/produit\/gift-vouchers-ki-surf-school\/","title":{"rendered":"Gift vouchers &#8211; Ki Surf School"},"content":{"rendered":"","protected":false},"excerpt":{"rendered":"<h2>How to give a gift voucher<\/h2>\n<ol>\n<li>Select amount<\/li>\n<li>Order and pay for your gift voucher<\/li>\n<li>Download and print the coupon received by e-mail<\/li>\n<li>On the gift voucher, enter your name and the name of the person who will receive the voucher.<\/li>\n<li>All that&#8217;s left to do is give the right gift to the right person.<\/li>\n<\/ol>\n<p>&nbsp;<\/p>\n<h2>How do I use a gift voucher?<\/h2>\n<ol>\n<li>Go to the &#8221; <a href=\"https:\/\/www.kisurfschool.com\/en\/prices-and-bookings\/\">Rates and reservations<\/a> &#8221; section of the website.<\/li>\n<li>Enter the date that suits you best, subject to the school&#8217;s availability (we&#8217;ll do our best to accommodate you).<\/li>\n<li>Fill in all the fields, including your gift voucher number and contact details.<\/li>\n<li>We will contact you shortly to confirm your reservation and answer any questions you may have.<\/li>\n<li>15 days to one week before the course date, please confirm your attendance.<\/li>\n<li>We&#8217;ll let you know where and when to meet for surfing or Tai Chi Chan lessons.<\/li>\n<li>Give us your gift voucher, complete with its unique number, and enjoy the activities.<\/li>\n<\/ol>\n","protected":false},"featured_media":3794,"comment_status":"open","ping_status":"closed","template":"","meta":{"_et_pb_use_builder":"","_et_pb_old_content":"","_et_gb_content_width":""},"product_brand":[],"product_cat":[209],"product_tag":[],"class_list":{"0":"post-3793","1":"product","2":"type-product","3":"status-publish","4":"has-post-thumbnail","6":"product_cat-gift-vouchers","8":"first","9":"instock","10":"shipping-taxable","11":"purchasable","12":"product-type-variable"},"yoast_head":"<!-- This site is optimized with the Yoast SEO plugin v27.3 - https:\/\/yoast.com\/product\/yoast-seo-wordpress\/ -->\n<title>Gift vouchers - Ki Surf School - Ki Surf School - Surf et Taichi dans les Landes<\/title>\n<meta name=\"robots\" content=\"index, follow, max-snippet:-1, max-image-preview:large, max-video-preview:-1\" \/>\n<link rel=\"canonical\" href=\"https:\/\/www.kisurfschool.com\/produit\/bons-cadeaux-ki-surf-school\/\" \/>\n<meta property=\"og:locale\" content=\"en_US\" \/>\n<meta property=\"og:type\" content=\"article\" \/>\n<meta property=\"og:title\" content=\"Gift vouchers - Ki Surf School - Ki Surf School - Surf et Taichi dans les Landes\" \/>\n<meta property=\"og:description\" content=\"How to give a gift voucher  Select amount  Order and pay for your gift voucher  Download and print the coupon received by e-mail  On the gift voucher, enter your name and the name of the person who will receive the voucher.  All that&#039;s left to do is give the right gift to the right person. &nbsp; How do I use a gift voucher?  Go to the &quot; Rates and reservations &quot; section of the website.  Enter the date that suits you best, subject to the school&#039;s availability (we&#039;ll do our best to accommodate you).  Fill in all the fields, including your gift voucher number and contact details.  We will contact you shortly to confirm your reservation and answer any questions you may have.  15 days to one week before the course date, please confirm your attendance.  We&#039;ll let you know where and when to meet for surfing or Tai Chi Chan lessons.  Give us your gift voucher, complete with its unique number, and enjoy the activities.\" \/>\n<meta property=\"og:url\" content=\"https:\/\/www.kisurfschool.com\/produit\/bons-cadeaux-ki-surf-school\/\" \/>\n<meta property=\"og:site_name\" content=\"Ki Surf School - Surf et Taichi dans les Landes\" \/>\n<meta property=\"og:image\" content=\"https:\/\/www.kisurfschool.com\/wp-content\/uploads\/2026\/02\/bon-cadeau_page-0001.jpg\" \/>\n\t<meta property=\"og:image:width\" content=\"1211\" \/>\n\t<meta property=\"og:image:height\" content=\"828\" \/>\n\t<meta property=\"og:image:type\" content=\"image\/jpeg\" \/>\n<meta name=\"twitter:card\" content=\"summary_large_image\" \/>\n<script type=\"application\/ld+json\" class=\"yoast-schema-graph\">{\"@context\":\"https:\\\/\\\/schema.org\",\"@graph\":[{\"@type\":\"WebPage\",\"@id\":\"https:\\\/\\\/www.kisurfschool.com\\\/produit\\\/bons-cadeaux-ki-surf-school\\\/\",\"url\":\"https:\\\/\\\/www.kisurfschool.com\\\/produit\\\/bons-cadeaux-ki-surf-school\\\/\",\"name\":\"Gift vouchers - Ki Surf School - Ki Surf School - Surf et Taichi dans les Landes\",\"isPartOf\":{\"@id\":\"https:\\\/\\\/www.kisurfschool.com\\\/#website\"},\"primaryImageOfPage\":{\"@id\":\"https:\\\/\\\/www.kisurfschool.com\\\/produit\\\/bons-cadeaux-ki-surf-school\\\/#primaryimage\"},\"image\":{\"@id\":\"https:\\\/\\\/www.kisurfschool.com\\\/produit\\\/bons-cadeaux-ki-surf-school\\\/#primaryimage\"},\"thumbnailUrl\":\"https:\\\/\\\/www.kisurfschool.com\\\/wp-content\\\/uploads\\\/2026\\\/02\\\/bon-cadeau_page-0001.jpg\",\"datePublished\":\"2026-02-18T15:12:31+00:00\",\"breadcrumb\":{\"@id\":\"https:\\\/\\\/www.kisurfschool.com\\\/produit\\\/bons-cadeaux-ki-surf-school\\\/#breadcrumb\"},\"inLanguage\":\"en-US\",\"potentialAction\":[{\"@type\":\"ReadAction\",\"target\":[\"https:\\\/\\\/www.kisurfschool.com\\\/produit\\\/bons-cadeaux-ki-surf-school\\\/\"]}]},{\"@type\":\"ImageObject\",\"inLanguage\":\"en-US\",\"@id\":\"https:\\\/\\\/www.kisurfschool.com\\\/produit\\\/bons-cadeaux-ki-surf-school\\\/#primaryimage\",\"url\":\"https:\\\/\\\/www.kisurfschool.com\\\/wp-content\\\/uploads\\\/2026\\\/02\\\/bon-cadeau_page-0001.jpg\",\"contentUrl\":\"https:\\\/\\\/www.kisurfschool.com\\\/wp-content\\\/uploads\\\/2026\\\/02\\\/bon-cadeau_page-0001.jpg\",\"width\":1211,\"height\":828,\"caption\":\"Ki Surf School gift voucher: surfing and taiji quan. Give the gift of a unique experience!\"},{\"@type\":\"BreadcrumbList\",\"@id\":\"https:\\\/\\\/www.kisurfschool.com\\\/produit\\\/bons-cadeaux-ki-surf-school\\\/#breadcrumb\",\"itemListElement\":[{\"@type\":\"ListItem\",\"position\":1,\"name\":\"Accueil\",\"item\":\"https:\\\/\\\/www.kisurfschool.com\\\/en\\\/ki-surf-school-surf-and-tai-chi\\\/\"},{\"@type\":\"ListItem\",\"position\":2,\"name\":\"Shop\",\"item\":\"https:\\\/\\\/www.kisurfschool.com\\\/en\\\/shop\\\/\"},{\"@type\":\"ListItem\",\"position\":3,\"name\":\"Gift vouchers &#8211; Ki Surf School\"}]},{\"@type\":\"WebSite\",\"@id\":\"https:\\\/\\\/www.kisurfschool.com\\\/#website\",\"url\":\"https:\\\/\\\/www.kisurfschool.com\\\/\",\"name\":\"Ki Surf School - Surf et Taichi dans les Landes\",\"description\":\"Ki Surf School &amp; Miki Dorade - Surf, Taichi, h\u00e9bergements et textiles inspir\u00e9s par l&#039;oc\u00e9an\",\"potentialAction\":[{\"@type\":\"SearchAction\",\"target\":{\"@type\":\"EntryPoint\",\"urlTemplate\":\"https:\\\/\\\/www.kisurfschool.com\\\/?s={search_term_string}\"},\"query-input\":{\"@type\":\"PropertyValueSpecification\",\"valueRequired\":true,\"valueName\":\"search_term_string\"}}],\"inLanguage\":\"en-US\"}]}<\/script>\n<!-- \/ Yoast SEO plugin. -->","yoast_head_json":{"title":"Gift vouchers - Ki Surf School - Ki Surf School - Surf et Taichi dans les Landes","robots":{"index":"index","follow":"follow","max-snippet":"max-snippet:-1","max-image-preview":"max-image-preview:large","max-video-preview":"max-video-preview:-1"},"canonical":"https:\/\/www.kisurfschool.com\/produit\/bons-cadeaux-ki-surf-school\/","og_locale":"en_US","og_type":"article","og_title":"Gift vouchers - Ki Surf School - Ki Surf School - Surf et Taichi dans les Landes","og_description":"How to give a gift voucher  Select amount  Order and pay for your gift voucher  Download and print the coupon received by e-mail  On the gift voucher, enter your name and the name of the person who will receive the voucher.  All that's left to do is give the right gift to the right person. &nbsp; How do I use a gift voucher?  Go to the \" Rates and reservations \" section of the website.  Enter the date that suits you best, subject to the school's availability (we'll do our best to accommodate you).  Fill in all the fields, including your gift voucher number and contact details.  We will contact you shortly to confirm your reservation and answer any questions you may have.  15 days to one week before the course date, please confirm your attendance.  We'll let you know where and when to meet for surfing or Tai Chi Chan lessons.  Give us your gift voucher, complete with its unique number, and enjoy the activities.","og_url":"https:\/\/www.kisurfschool.com\/produit\/bons-cadeaux-ki-surf-school\/","og_site_name":"Ki Surf School - Surf et Taichi dans les Landes","og_image":[{"width":1211,"height":828,"url":"https:\/\/www.kisurfschool.com\/wp-content\/uploads\/2026\/02\/bon-cadeau_page-0001.jpg","type":"image\/jpeg"}],"twitter_card":"summary_large_image","schema":{"@context":"https:\/\/schema.org","@graph":[{"@type":"WebPage","@id":"https:\/\/www.kisurfschool.com\/produit\/bons-cadeaux-ki-surf-school\/","url":"https:\/\/www.kisurfschool.com\/produit\/bons-cadeaux-ki-surf-school\/","name":"Gift vouchers - Ki Surf School - Ki Surf School - Surf et Taichi dans les Landes","isPartOf":{"@id":"https:\/\/www.kisurfschool.com\/#website"},"primaryImageOfPage":{"@id":"https:\/\/www.kisurfschool.com\/produit\/bons-cadeaux-ki-surf-school\/#primaryimage"},"image":{"@id":"https:\/\/www.kisurfschool.com\/produit\/bons-cadeaux-ki-surf-school\/#primaryimage"},"thumbnailUrl":"https:\/\/www.kisurfschool.com\/wp-content\/uploads\/2026\/02\/bon-cadeau_page-0001.jpg","datePublished":"2026-02-18T15:12:31+00:00","breadcrumb":{"@id":"https:\/\/www.kisurfschool.com\/produit\/bons-cadeaux-ki-surf-school\/#breadcrumb"},"inLanguage":"en-US","potentialAction":[{"@type":"ReadAction","target":["https:\/\/www.kisurfschool.com\/produit\/bons-cadeaux-ki-surf-school\/"]}]},{"@type":"ImageObject","inLanguage":"en-US","@id":"https:\/\/www.kisurfschool.com\/produit\/bons-cadeaux-ki-surf-school\/#primaryimage","url":"https:\/\/www.kisurfschool.com\/wp-content\/uploads\/2026\/02\/bon-cadeau_page-0001.jpg","contentUrl":"https:\/\/www.kisurfschool.com\/wp-content\/uploads\/2026\/02\/bon-cadeau_page-0001.jpg","width":1211,"height":828,"caption":"Ki Surf School gift voucher: surfing and taiji quan. Give the gift of a unique experience!"},{"@type":"BreadcrumbList","@id":"https:\/\/www.kisurfschool.com\/produit\/bons-cadeaux-ki-surf-school\/#breadcrumb","itemListElement":[{"@type":"ListItem","position":1,"name":"Accueil","item":"https:\/\/www.kisurfschool.com\/en\/ki-surf-school-surf-and-tai-chi\/"},{"@type":"ListItem","position":2,"name":"Shop","item":"https:\/\/www.kisurfschool.com\/en\/shop\/"},{"@type":"ListItem","position":3,"name":"Gift vouchers &#8211; Ki Surf School"}]},{"@type":"WebSite","@id":"https:\/\/www.kisurfschool.com\/#website","url":"https:\/\/www.kisurfschool.com\/","name":"Ki Surf School - Surf et Taichi dans les Landes","description":"Ki Surf School &amp; Miki Dorade - Surf, Taichi, h\u00e9bergements et textiles inspir\u00e9s par l&#039;oc\u00e9an","potentialAction":[{"@type":"SearchAction","target":{"@type":"EntryPoint","urlTemplate":"https:\/\/www.kisurfschool.com\/?s={search_term_string}"},"query-input":{"@type":"PropertyValueSpecification","valueRequired":true,"valueName":"search_term_string"}}],"inLanguage":"en-US"}]}},"_links":{"self":[{"href":"https:\/\/www.kisurfschool.com\/en\/wp-json\/wp\/v2\/product\/3793","targetHints":{"allow":["GET"]}}],"collection":[{"href":"https:\/\/www.kisurfschool.com\/en\/wp-json\/wp\/v2\/product"}],"about":[{"href":"https:\/\/www.kisurfschool.com\/en\/wp-json\/wp\/v2\/types\/product"}],"replies":[{"embeddable":true,"href":"https:\/\/www.kisurfschool.com\/en\/wp-json\/wp\/v2\/comments?post=3793"}],"wp:featuredmedia":[{"embeddable":true,"href":"https:\/\/www.kisurfschool.com\/en\/wp-json\/wp\/v2\/media\/3794"}],"wp:attachment":[{"href":"https:\/\/www.kisurfschool.com\/en\/wp-json\/wp\/v2\/media?parent=3793"}],"wp:term":[{"taxonomy":"product_brand","embeddable":true,"href":"https:\/\/www.kisurfschool.com\/en\/wp-json\/wp\/v2\/product_brand?post=3793"},{"taxonomy":"product_cat","embeddable":true,"href":"https:\/\/www.kisurfschool.com\/en\/wp-json\/wp\/v2\/product_cat?post=3793"},{"taxonomy":"product_tag","embeddable":true,"href":"https:\/\/www.kisurfschool.com\/en\/wp-json\/wp\/v2\/product_tag?post=3793"}],"curies":[{"name":"wp","href":"https:\/\/api.w.org\/{rel}","templated":true}]}}