{"id":2544,"date":"2025-10-06T08:54:26","date_gmt":"2025-10-06T08:54:26","guid":{"rendered":"https:\/\/kisurfschool.gypsea-agency.fr\/produit\/rugby-surf\/"},"modified":"2025-10-06T08:54:26","modified_gmt":"2025-10-06T08:54:26","slug":"rugby-surf","status":"publish","type":"product","link":"https:\/\/www.kisurfschool.com\/en\/produit\/rugby-surf\/","title":{"rendered":"Rugby Surf"},"content":{"rendered":"","protected":false},"excerpt":{"rendered":"<p>Dive into the Rugbysurf adventure in Seignosse (Landes). Combining rugby and surfing, this unique experience offers fun and dynamic sessions, ideal for beginners or those wishing to improve their skills in an ocean environment. Supervised by passionate professionals, this innovative concept combines team spirit, balance and the pleasure of surfing, and takes place on calm water (marine lake or calm ocean).&#8221; target=&#8221;_blank&#8221; rel=&#8221;noopener&#8221;&gt;Discover rugby surfing<\/a><\/p>\n","protected":false},"featured_media":856,"comment_status":"open","ping_status":"closed","template":"","meta":{"_et_pb_use_builder":"","_et_pb_old_content":"","_et_gb_content_width":""},"product_brand":[],"product_cat":[165],"product_tag":[],"class_list":{"0":"post-2544","1":"product","2":"type-product","3":"status-publish","4":"has-post-thumbnail","6":"product_cat-rugby-surfing","8":"first","9":"instock","10":"shipping-taxable","11":"purchasable","12":"product-type-simple"},"yoast_head":"<!-- This site is optimized with the Yoast SEO plugin v27.3 - https:\/\/yoast.com\/product\/yoast-seo-wordpress\/ -->\n<title>Rugby Surf - Ki Surf School - Surf et Taichi dans les Landes<\/title>\n<meta name=\"robots\" content=\"index, follow, max-snippet:-1, max-image-preview:large, max-video-preview:-1\" \/>\n<link rel=\"canonical\" href=\"https:\/\/www.kisurfschool.com\/produit\/rugby-surf\/\" \/>\n<meta property=\"og:locale\" content=\"en_US\" \/>\n<meta property=\"og:type\" content=\"article\" \/>\n<meta property=\"og:title\" content=\"Rugby Surf - Ki Surf School - Surf et Taichi dans les Landes\" \/>\n<meta property=\"og:description\" content=\"Dive into the Rugbysurf adventure in Seignosse (Landes). Combining rugby and surfing, this unique experience offers fun and dynamic sessions, ideal for beginners or those wishing to improve their skills in an ocean environment. Supervised by passionate professionals, this innovative concept combines team spirit, balance and the pleasure of surfing, and takes place on calm water (marine lake or calm ocean).&quot; target=&quot;_blank&quot; rel=&quot;noopener&quot;&gt;Discover rugby surfing\" \/>\n<meta property=\"og:url\" content=\"https:\/\/www.kisurfschool.com\/produit\/rugby-surf\/\" \/>\n<meta property=\"og:site_name\" content=\"Ki Surf School - Surf et Taichi dans les Landes\" \/>\n<meta property=\"og:image\" content=\"https:\/\/www.kisurfschool.com\/wp-content\/uploads\/2025\/12\/DSC03633-scaled.jpg\" \/>\n\t<meta property=\"og:image:width\" content=\"2560\" \/>\n\t<meta property=\"og:image:height\" content=\"1707\" \/>\n\t<meta property=\"og:image:type\" content=\"image\/jpeg\" \/>\n<meta name=\"twitter:card\" content=\"summary_large_image\" \/>\n<script type=\"application\/ld+json\" class=\"yoast-schema-graph\">{\"@context\":\"https:\\\/\\\/schema.org\",\"@graph\":[{\"@type\":\"WebPage\",\"@id\":\"https:\\\/\\\/www.kisurfschool.com\\\/produit\\\/rugby-surf\\\/\",\"url\":\"https:\\\/\\\/www.kisurfschool.com\\\/produit\\\/rugby-surf\\\/\",\"name\":\"Rugby Surf - Ki Surf School - Surf et Taichi dans les Landes\",\"isPartOf\":{\"@id\":\"https:\\\/\\\/www.kisurfschool.com\\\/#website\"},\"primaryImageOfPage\":{\"@id\":\"https:\\\/\\\/www.kisurfschool.com\\\/produit\\\/rugby-surf\\\/#primaryimage\"},\"image\":{\"@id\":\"https:\\\/\\\/www.kisurfschool.com\\\/produit\\\/rugby-surf\\\/#primaryimage\"},\"thumbnailUrl\":\"https:\\\/\\\/www.kisurfschool.com\\\/wp-content\\\/uploads\\\/2025\\\/12\\\/DSC03633-scaled.jpg\",\"datePublished\":\"2025-10-06T08:54:26+00:00\",\"breadcrumb\":{\"@id\":\"https:\\\/\\\/www.kisurfschool.com\\\/produit\\\/rugby-surf\\\/#breadcrumb\"},\"inLanguage\":\"en-US\",\"potentialAction\":[{\"@type\":\"ReadAction\",\"target\":[\"https:\\\/\\\/www.kisurfschool.com\\\/produit\\\/rugby-surf\\\/\"]}]},{\"@type\":\"ImageObject\",\"inLanguage\":\"en-US\",\"@id\":\"https:\\\/\\\/www.kisurfschool.com\\\/produit\\\/rugby-surf\\\/#primaryimage\",\"url\":\"https:\\\/\\\/www.kisurfschool.com\\\/wp-content\\\/uploads\\\/2025\\\/12\\\/DSC03633-scaled.jpg\",\"contentUrl\":\"https:\\\/\\\/www.kisurfschool.com\\\/wp-content\\\/uploads\\\/2025\\\/12\\\/DSC03633-scaled.jpg\",\"width\":2560,\"height\":1707,\"caption\":\"Trois personnes en paddleboard jouent au rugby dans l'eau peu profonde.\"},{\"@type\":\"BreadcrumbList\",\"@id\":\"https:\\\/\\\/www.kisurfschool.com\\\/produit\\\/rugby-surf\\\/#breadcrumb\",\"itemListElement\":[{\"@type\":\"ListItem\",\"position\":1,\"name\":\"Accueil\",\"item\":\"https:\\\/\\\/www.kisurfschool.com\\\/en\\\/ki-surf-school-surf-and-tai-chi\\\/\"},{\"@type\":\"ListItem\",\"position\":2,\"name\":\"Shop\",\"item\":\"https:\\\/\\\/www.kisurfschool.com\\\/en\\\/shop\\\/\"},{\"@type\":\"ListItem\",\"position\":3,\"name\":\"Rugby Surf\"}]},{\"@type\":\"WebSite\",\"@id\":\"https:\\\/\\\/www.kisurfschool.com\\\/#website\",\"url\":\"https:\\\/\\\/www.kisurfschool.com\\\/\",\"name\":\"Ki Surf School - Surf et Taichi dans les Landes\",\"description\":\"Ki Surf School &amp; Miki Dorade - Surf, Taichi, h\u00e9bergements et textiles inspir\u00e9s par l&#039;oc\u00e9an\",\"potentialAction\":[{\"@type\":\"SearchAction\",\"target\":{\"@type\":\"EntryPoint\",\"urlTemplate\":\"https:\\\/\\\/www.kisurfschool.com\\\/?s={search_term_string}\"},\"query-input\":{\"@type\":\"PropertyValueSpecification\",\"valueRequired\":true,\"valueName\":\"search_term_string\"}}],\"inLanguage\":\"en-US\"}]}<\/script>\n<!-- \/ Yoast SEO plugin. -->","yoast_head_json":{"title":"Rugby Surf - Ki Surf School - Surf et Taichi dans les Landes","robots":{"index":"index","follow":"follow","max-snippet":"max-snippet:-1","max-image-preview":"max-image-preview:large","max-video-preview":"max-video-preview:-1"},"canonical":"https:\/\/www.kisurfschool.com\/produit\/rugby-surf\/","og_locale":"en_US","og_type":"article","og_title":"Rugby Surf - Ki Surf School - Surf et Taichi dans les Landes","og_description":"Dive into the Rugbysurf adventure in Seignosse (Landes). Combining rugby and surfing, this unique experience offers fun and dynamic sessions, ideal for beginners or those wishing to improve their skills in an ocean environment. Supervised by passionate professionals, this innovative concept combines team spirit, balance and the pleasure of surfing, and takes place on calm water (marine lake or calm ocean).\" target=\"_blank\" rel=\"noopener\"&gt;Discover rugby surfing","og_url":"https:\/\/www.kisurfschool.com\/produit\/rugby-surf\/","og_site_name":"Ki Surf School - Surf et Taichi dans les Landes","og_image":[{"width":2560,"height":1707,"url":"https:\/\/www.kisurfschool.com\/wp-content\/uploads\/2025\/12\/DSC03633-scaled.jpg","type":"image\/jpeg"}],"twitter_card":"summary_large_image","schema":{"@context":"https:\/\/schema.org","@graph":[{"@type":"WebPage","@id":"https:\/\/www.kisurfschool.com\/produit\/rugby-surf\/","url":"https:\/\/www.kisurfschool.com\/produit\/rugby-surf\/","name":"Rugby Surf - Ki Surf School - Surf et Taichi dans les Landes","isPartOf":{"@id":"https:\/\/www.kisurfschool.com\/#website"},"primaryImageOfPage":{"@id":"https:\/\/www.kisurfschool.com\/produit\/rugby-surf\/#primaryimage"},"image":{"@id":"https:\/\/www.kisurfschool.com\/produit\/rugby-surf\/#primaryimage"},"thumbnailUrl":"https:\/\/www.kisurfschool.com\/wp-content\/uploads\/2025\/12\/DSC03633-scaled.jpg","datePublished":"2025-10-06T08:54:26+00:00","breadcrumb":{"@id":"https:\/\/www.kisurfschool.com\/produit\/rugby-surf\/#breadcrumb"},"inLanguage":"en-US","potentialAction":[{"@type":"ReadAction","target":["https:\/\/www.kisurfschool.com\/produit\/rugby-surf\/"]}]},{"@type":"ImageObject","inLanguage":"en-US","@id":"https:\/\/www.kisurfschool.com\/produit\/rugby-surf\/#primaryimage","url":"https:\/\/www.kisurfschool.com\/wp-content\/uploads\/2025\/12\/DSC03633-scaled.jpg","contentUrl":"https:\/\/www.kisurfschool.com\/wp-content\/uploads\/2025\/12\/DSC03633-scaled.jpg","width":2560,"height":1707,"caption":"Trois personnes en paddleboard jouent au rugby dans l'eau peu profonde."},{"@type":"BreadcrumbList","@id":"https:\/\/www.kisurfschool.com\/produit\/rugby-surf\/#breadcrumb","itemListElement":[{"@type":"ListItem","position":1,"name":"Accueil","item":"https:\/\/www.kisurfschool.com\/en\/ki-surf-school-surf-and-tai-chi\/"},{"@type":"ListItem","position":2,"name":"Shop","item":"https:\/\/www.kisurfschool.com\/en\/shop\/"},{"@type":"ListItem","position":3,"name":"Rugby Surf"}]},{"@type":"WebSite","@id":"https:\/\/www.kisurfschool.com\/#website","url":"https:\/\/www.kisurfschool.com\/","name":"Ki Surf School - Surf et Taichi dans les Landes","description":"Ki Surf School &amp; Miki Dorade - Surf, Taichi, h\u00e9bergements et textiles inspir\u00e9s par l&#039;oc\u00e9an","potentialAction":[{"@type":"SearchAction","target":{"@type":"EntryPoint","urlTemplate":"https:\/\/www.kisurfschool.com\/?s={search_term_string}"},"query-input":{"@type":"PropertyValueSpecification","valueRequired":true,"valueName":"search_term_string"}}],"inLanguage":"en-US"}]}},"_links":{"self":[{"href":"https:\/\/www.kisurfschool.com\/en\/wp-json\/wp\/v2\/product\/2544","targetHints":{"allow":["GET"]}}],"collection":[{"href":"https:\/\/www.kisurfschool.com\/en\/wp-json\/wp\/v2\/product"}],"about":[{"href":"https:\/\/www.kisurfschool.com\/en\/wp-json\/wp\/v2\/types\/product"}],"replies":[{"embeddable":true,"href":"https:\/\/www.kisurfschool.com\/en\/wp-json\/wp\/v2\/comments?post=2544"}],"wp:featuredmedia":[{"embeddable":true,"href":"https:\/\/www.kisurfschool.com\/en\/wp-json\/wp\/v2\/media\/856"}],"wp:attachment":[{"href":"https:\/\/www.kisurfschool.com\/en\/wp-json\/wp\/v2\/media?parent=2544"}],"wp:term":[{"taxonomy":"product_brand","embeddable":true,"href":"https:\/\/www.kisurfschool.com\/en\/wp-json\/wp\/v2\/product_brand?post=2544"},{"taxonomy":"product_cat","embeddable":true,"href":"https:\/\/www.kisurfschool.com\/en\/wp-json\/wp\/v2\/product_cat?post=2544"},{"taxonomy":"product_tag","embeddable":true,"href":"https:\/\/www.kisurfschool.com\/en\/wp-json\/wp\/v2\/product_tag?post=2544"}],"curies":[{"name":"wp","href":"https:\/\/api.w.org\/{rel}","templated":true}]}}