{"id":1854,"date":"2025-07-16T08:54:54","date_gmt":"2025-07-16T08:54:54","guid":{"rendered":"https:\/\/kisurfschool.gypsea-agency.fr\/surfing-courses-in-seignosse-hossegor-and-capbreton\/"},"modified":"2026-02-16T09:49:38","modified_gmt":"2026-02-16T09:49:38","slug":"surfing-courses-in-seignosse-hossegor-and-capbreton","status":"publish","type":"page","link":"https:\/\/www.kisurfschool.com\/en\/surfing-courses-in-seignosse-hossegor-and-capbreton\/","title":{"rendered":"Surfing courses in Seignosse, Hossegor and Capbreton"},"content":{"rendered":"<p>[et_pb_section fb_built=&#8221;1&#8243; _builder_version=&#8221;4.27.5&#8243; _module_preset=&#8221;default&#8221; global_colors_info=&#8221;{}&#8221;][et_pb_row column_structure=&#8221;3_5,2_5&#8243; use_custom_gutter=&#8221;on&#8221; gutter_width=&#8221;2&#8243; make_equal=&#8221;on&#8221; _builder_version=&#8221;4.27.4&#8243; _module_preset=&#8221;default&#8221; width=&#8221;100%&#8221; max_width=&#8221;100%&#8221; module_alignment=&#8221;center&#8221; custom_padding=&#8221;||0px|||&#8221; global_colors_info=&#8221;{}&#8221;][et_pb_column type=&#8221;3_5&#8243; _builder_version=&#8221;4.27.4&#8243; _module_preset=&#8221;default&#8221; background_color=&#8221;rgba(255,255,255,0.88)&#8221; background_enable_image=&#8221;off&#8221; background_size=&#8221;initial&#8221; background_blend=&#8221;overlay&#8221; global_colors_info=&#8221;{}&#8221;][et_pb_image src=&#8221;https:\/\/www.kisurfschool.com\/wp-content\/uploads\/2026\/01\/5-2.png&#8221; alt=&#8221;Close-up of a black surfboard, surf lessons.&#8221; title_text=&#8221;5 2&#8243; force_fullwidth=&#8221;on&#8221; _builder_version=&#8221;4.27.5&#8243; _module_preset=&#8221;default&#8221; background_image=&#8221;https:\/\/www.kisurfschool.com\/wp-content\/uploads\/2026\/01\/Surfschule-Kisurf-Hossegor-18-scaled.jpg&#8221; custom_padding=&#8221;||0px|||&#8221; hover_enabled=&#8221;0&#8243; global_colors_info=&#8221;{}&#8221; sticky_enabled=&#8221;0&#8243; custom_margin=&#8221;3vw||3vw||true|false&#8221;][\/et_pb_image][et_pb_text _builder_version=&#8221;4.27.4&#8243; _module_preset=&#8221;default&#8221; text_text_color=&#8221;#000000&#8243; header_font=&#8221;Chewy||||||||&#8221; header_2_font=&#8221;Chewy|||on|||||&#8221; header_3_font=&#8221;Abel|||on|||||&#8221; width_tablet=&#8221;50%&#8221; width_phone=&#8221;90%&#8221; width_last_edited=&#8221;on|desktop&#8221; max_width=&#8221;60%&#8221; max_width_tablet=&#8221;60%&#8221; max_width_phone=&#8221;90%&#8221; max_width_last_edited=&#8221;on|phone&#8221; module_alignment=&#8221;center&#8221; custom_margin=&#8221;||36px|||&#8221; global_colors_info=&#8221;{}&#8221;]<\/p>\n<h2 data-start=\"1418\" data-end=\"1464\">A sensory and technical dimension<\/h2>\n<ul data-start=\"1521\" data-end=\"1810\">\n<li data-start=\"1521\" data-end=\"1646\">\n<p data-start=\"1523\" data-end=\"1646\">Possible integration of <strong data-start=\"1547\" data-end=\"1582\">tai chi chuan (taichi) classes<\/strong> to improve balance, coordination and body control<\/p>\n<\/li>\n<li data-start=\"1647\" data-end=\"1745\">\n<p data-start=\"1649\" data-end=\"1745\">Awareness of the body in space and development of fluidity of movement<\/p>\n<\/li>\n<li data-start=\"1746\" data-end=\"1810\">\n<p data-start=\"1748\" data-end=\"1810\">Link between mental preparation, physical relaxation and surfing.<\/p>\n<\/li>\n<\/ul>\n<p>&nbsp;<\/p>\n<h2 data-start=\"2816\" data-end=\"2864\">A sporting and convivial experience<\/h2>\n<p data-start=\"2865\" data-end=\"3085\">Whether you&#8217;re on your own, a couple, a family or a group of friends, <strong data-start=\"2916\" data-end=\"2950\">surfing courses in the Landes<\/strong> combine <strong data-start=\"2971\" data-end=\"3017\">sport, well-being and coastal discovery<\/strong> in a friendly, environmentally-friendly atmosphere.<\/p>\n<p>[\/et_pb_text][\/et_pb_column][et_pb_column type=&#8221;2_5&#8243; module_class=&#8221;centrer-verticalement&#8221; _builder_version=&#8221;4.27.4&#8243; _module_preset=&#8221;default&#8221; global_colors_info=&#8221;{}&#8221;][et_pb_image src=&#8221;https:\/\/www.kisurfschool.com\/wp-content\/uploads\/2026\/01\/2-e1765982052223-1.png&#8221; alt=&#8221;Black oval shape with some white details.&#8221; title_text=&#8221;2 E1765982052223 1&#8243; force_fullwidth=&#8221;on&#8221; disabled_on=&#8221;off|off|on&#8221; _builder_version=&#8221;4.27.5&#8243; _module_preset=&#8221;default&#8221; background_image=&#8221;https:\/\/www.kisurfschool.com\/wp-content\/uploads\/2025\/12\/Ki-Surf-School-Hossegor-80-scaled.jpg&#8221; custom_padding=&#8221;||0px|||&#8221; hover_enabled=&#8221;0&#8243; global_colors_info=&#8221;{}&#8221; custom_margin=&#8221;3vw||3vw||true|false&#8221; sticky_enabled=&#8221;0&#8243;][\/et_pb_image][et_pb_text _builder_version=&#8221;4.27.4&#8243; _module_preset=&#8221;default&#8221; text_text_color=&#8221;#000000&#8243; header_font=&#8221;Chewy||||||||&#8221; header_2_font=&#8221;Abel|||on|||||&#8221; width_tablet=&#8221;50%&#8221; width_phone=&#8221;90%&#8221; width_last_edited=&#8221;on|desktop&#8221; max_width=&#8221;60%&#8221; max_width_tablet=&#8221;60%&#8221; max_width_phone=&#8221;90%&#8221; max_width_last_edited=&#8221;on|phone&#8221; module_alignment=&#8221;center&#8221; custom_margin=&#8221;||36px|||&#8221; global_colors_info=&#8221;{}&#8221;]<\/p>\n<h1 data-start=\"2032\" data-end=\"2083\">Surfing courses in Seignosse, Hossegor and Capbreton<\/h1>\n<h2 data-start=\"836\" data-end=\"880\">Immerse yourself in the world of surfing<\/h2>\n<p data-start=\"881\" data-end=\"1165\"><strong data-start=\"885\" data-end=\"903\">Surfing courses<\/strong> enable you to progress at your own pace over several days, discovering a <strong data-start=\"981\" data-end=\"1003\">variety of conditions<\/strong> and experiencing a real <strong data-start=\"1031\" data-end=\"1057\">immersion in the ocean<\/strong>.<br data-start=\"1058\" data-end=\"1061\">Eric will accompany you with a <strong data-start=\"1091\" data-end=\"1129\">progressive and attentive teaching method<\/strong>, adapted to each person&#8217;s abilities.<\/p>\n<p data-start=\"881\" data-end=\"1165\">\n<p data-start=\"881\" data-end=\"1165\">\n<p data-start=\"881\" data-end=\"1165\">\n<h2 data-start=\"1172\" data-end=\"1222\">Tracked, personalized progress<\/h2>\n<ul data-start=\"1223\" data-end=\"1464\">\n<li data-start=\"1223\" data-end=\"1270\">\n<p data-start=\"1225\" data-end=\"1270\">Individualized follow-up and progressive approach<\/p>\n<\/li>\n<li data-start=\"1271\" data-end=\"1316\">\n<p data-start=\"1273\" data-end=\"1316\">Consolidating what you&#8217;ve learned over the days<\/p>\n<\/li>\n<li data-start=\"1317\" data-end=\"1415\">\n<p data-start=\"1319\" data-end=\"1415\">Discover varied surf conditions (tides, swell, weather) to develop adaptability<\/p>\n<\/li>\n<li data-start=\"1416\" data-end=\"1464\">\n<p data-start=\"1418\" data-end=\"1464\">Gesture analysis and personalized advice<\/p>\n<\/li>\n<li data-start=\"1416\" data-end=\"1464\"><span>Photo shoots during the week, as a technical observation tool and to bring back beautiful memories.<\/span><\/li>\n<li data-start=\"1416\" data-end=\"1464\">Gesture analysis and personalized advice.<\/li>\n<\/ul>\n<p>[\/et_pb_text][et_pb_divider show_divider=&#8221;off&#8221; _builder_version=&#8221;4.27.4&#8243; _module_preset=&#8221;default&#8221; global_colors_info=&#8221;{}&#8221;][\/et_pb_divider][et_pb_image src=&#8221;https:\/\/www.kisurfschool.com\/wp-content\/uploads\/2026\/01\/accueil-tai-calque.png&#8221; alt=&#8221;Woman on beach, hand outstretched. Soft natural light. &#8221; title_text=&#8221;Tai Layer home&#8221; force_fullwidth=&#8221;on&#8221; disabled_on=&#8221;on|on|off&#8221; _builder_version=&#8221;4.27.5&#8243; _module_preset=&#8221;default&#8221; background_image=&#8221;https:\/\/www.kisurfschool.com\/wp-content\/uploads\/2025\/12\/Ki-Surf-School-Hossegor-80-scaled.jpg&#8221; hover_enabled=&#8221;0&#8243; global_colors_info=&#8221;{}&#8221; custom_margin=&#8221;3vw||3vw||true|false&#8221; sticky_enabled=&#8221;0&#8243;][\/et_pb_image][\/et_pb_column][\/et_pb_row][\/et_pb_section][et_pb_section fb_built=&#8221;1&#8243; next_background_color=&#8221;#ffffff&#8221; _builder_version=&#8221;4.27.5&#8243; _module_preset=&#8221;default&#8221; background_color=&#8221;rgba(255,255,255,0.22)&#8221; background_image=&#8221;https:\/\/www.kisurfschool.com\/wp-content\/uploads\/2025\/10\/Ki-SURF.png&#8221; background_size=&#8221;stretch&#8221; background_blend=&#8221;overlay&#8221; custom_padding=&#8221;12vw||12vw||true|false&#8221; bottom_divider_style=&#8221;ramp2&#8243; locked=&#8221;off&#8221; global_colors_info=&#8221;{}&#8221;][et_pb_row _builder_version=&#8221;4.27.4&#8243; _module_preset=&#8221;default&#8221; global_colors_info=&#8221;{}&#8221;][et_pb_column type=&#8221;4_4&#8243; _builder_version=&#8221;4.27.4&#8243; _module_preset=&#8221;default&#8221; global_colors_info=&#8221;{}&#8221;][et_pb_image src=&#8221;https:\/\/www.kisurfschool.com\/wp-content\/uploads\/2025\/10\/KI-SURF-SCHOOL.png&#8221; alt=&#8221;Flags of France, UK, Spain and Germany for learning European languages.&#8221; title_text=&#8221;KI SURF SCHOOL&#8221; align=&#8221;center&#8221; _builder_version=&#8221;4.27.4&#8243; _module_preset=&#8221;default&#8221; module_alignment=&#8221;center&#8221; global_colors_info=&#8221;{}&#8221;][\/et_pb_image][et_pb_text _builder_version=&#8221;4.27.5&#8243; _module_preset=&#8221;default&#8221; text_text_color=&#8221;#000000&#8243; text_font_size=&#8221;20px&#8221; header_font=&#8221;Chewy||||||||&#8221; header_2_font=&#8221;Chewy|||on|||||&#8221; header_2_text_align=&#8221;center&#8221; header_2_text_color=&#8221;#000000&#8243; header_2_font_size=&#8221;30px&#8221; header_3_font=&#8221;Abel|||on|||||&#8221; width_tablet=&#8221;50%&#8221; width_phone=&#8221;90%&#8221; width_last_edited=&#8221;on|desktop&#8221; max_width_tablet=&#8221;&#8221; max_width_phone=&#8221;90%&#8221; max_width_last_edited=&#8221;on|phone&#8221; module_alignment=&#8221;center&#8221; custom_margin=&#8221;||36px|||&#8221; global_colors_info=&#8221;{}&#8221;]<\/p>\n<h2>A seamless experience in any language<\/h2>\n<p>Whether for <strong>courses, internships or stays<\/strong>, every exchange can be made in<strong> French, English, Spanish or German<\/strong>. Clear, natural communication at every stage, <strong>for a barrier-free experience and tailor-made support<\/strong>, from the first contact to the end of the stay. <\/p>\n<p>[\/et_pb_text][\/et_pb_column][\/et_pb_row][\/et_pb_section][et_pb_section fb_built=&#8221;1&#8243; _builder_version=&#8221;4.27.5&#8243; _module_preset=&#8221;default&#8221; background_image=&#8221;https:\/\/www.kisurfschool.com\/wp-content\/uploads\/2025\/12\/Capture-decran-2025-12-17-151812-Modifie.png&#8221; background_size=&#8221;contain&#8221; background_position=&#8221;center_left&#8221; locked=&#8221;off&#8221; global_colors_info=&#8221;{}&#8221;][et_pb_row _builder_version=&#8221;4.27.5&#8243; _module_preset=&#8221;default&#8221; max_width=&#8221;80%&#8221; global_colors_info=&#8221;{}&#8221;][et_pb_column type=&#8221;4_4&#8243; _builder_version=&#8221;4.27.4&#8243; _module_preset=&#8221;default&#8221; global_colors_info=&#8221;{}&#8221;][et_pb_shop type=&#8221;product_category&#8221; posts_number=&#8221;20&#8243; include_categories=&#8221;48&#8243; columns_number=&#8221;4&#8243; orderby=&#8221;menu_order&#8221; sale_badge_color=&#8221;#101e3b&#8221; icon_hover_color=&#8221;#101e3b&#8221; hover_icon=&#8221;\uf578||fa||900&#8243; show_rating=&#8221;off&#8221; _builder_version=&#8221;4.27.5&#8243; _module_preset=&#8221;default&#8221; title_font=&#8221;Chewy||||||||&#8221; title_text_align=&#8221;center&#8221; title_font_size=&#8221;18px&#8221; price_font=&#8221;Abel|700||on|||||&#8221; price_text_align=&#8221;center&#8221; price_font_size=&#8221;20px&#8221; sale_badge_text_color=&#8221;#ffffff&#8221; module_alignment=&#8221;center&#8221; border_radii_image=&#8221;on|20px|20px|20px|20px&#8221; global_colors_info=&#8221;{}&#8221;][\/et_pb_shop][\/et_pb_column][\/et_pb_row][\/et_pb_section][et_pb_section fb_built=&#8221;1&#8243; disabled_on=&#8221;on|on|on&#8221; _builder_version=&#8221;4.27.4&#8243; _module_preset=&#8221;default&#8221; disabled=&#8221;on&#8221; global_colors_info=&#8221;{}&#8221;][et_pb_row use_custom_gutter=&#8221;on&#8221; make_equal=&#8221;on&#8221; _builder_version=&#8221;4.27.4&#8243; _module_preset=&#8221;default&#8221; max_width=&#8221;70%&#8221; module_alignment=&#8221;center&#8221; global_colors_info=&#8221;{}&#8221;][et_pb_column type=&#8221;4_4&#8243; _builder_version=&#8221;4.27.4&#8243; _module_preset=&#8221;default&#8221; border_radii=&#8221;on|10px|10px|10px|10px&#8221; box_shadow_style=&#8221;preset1&#8243; box_shadow_blur=&#8221;8px&#8221; global_colors_info=&#8221;{}&#8221;][et_pb_text _builder_version=&#8221;4.27.4&#8243; _module_preset=&#8221;default&#8221; text_text_color=&#8221;#000000&#8243; header_2_font=&#8221;Chewy||||||||&#8221; header_2_text_align=&#8221;center&#8221; custom_margin=&#8221;2vw|1vw|2vw|1vw|true|true&#8221; global_colors_info=&#8221;{}&#8221;]<\/p>\n<h2 data-start=\"102\" data-end=\"129\">Internships<\/h2>\n<p>[\/et_pb_text][et_pb_text _builder_version=&#8221;4.27.4&#8243; _module_preset=&#8221;default&#8221; text_text_color=&#8221;#000000&#8243; header_2_font=&#8221;Chewy||||||||&#8221; header_2_text_align=&#8221;center&#8221; custom_margin=&#8221;2vw|1vw|13px|1vw|false|true&#8221; global_colors_info=&#8221;{}&#8221;]<\/p>\n<table data-start=\"2401\" data-end=\"2746\" class=\"w-fit min-w-(--thread-content-width)\">\n<thead data-start=\"2401\" data-end=\"2451\">\n<tr data-start=\"2401\" data-end=\"2451\">\n<th data-start=\"2401\" data-end=\"2417\" data-col-size=\"md\">Type of course<\/th>\n<th data-start=\"2417\" data-end=\"2427\" data-col-size=\"sm\">Content<\/th>\n<th data-start=\"2427\" data-end=\"2451\" data-col-size=\"sm\">Price (per person)<\/th>\n<\/tr>\n<\/thead>\n<tbody data-start=\"2466\" data-end=\"2746\">\n<tr data-start=\"2466\" data-end=\"2517\">\n<td data-start=\"2466\" data-end=\"2492\" data-col-size=\"md\">Classic 5-day course<\/td>\n<td data-start=\"2492\" data-end=\"2504\" data-col-size=\"sm\">2h \/ day<\/td>\n<td data-start=\"2504\" data-end=\"2517\" data-col-size=\"sm\"><strong data-start=\"2506\" data-end=\"2515\">165 \u20ac<\/strong><\/td>\n<\/tr>\n<tr data-start=\"2518\" data-end=\"2568\">\n<td data-start=\"2518\" data-end=\"2543\" data-col-size=\"md\">5-day intensive course<\/td>\n<td data-start=\"2543\" data-end=\"2555\" data-col-size=\"sm\">4h \/ day<\/td>\n<td data-start=\"2555\" data-end=\"2568\" data-col-size=\"sm\"><strong data-start=\"2557\" data-end=\"2566\">300 \u20ac<\/strong><\/td>\n<\/tr>\n<tr data-start=\"2569\" data-end=\"2667\">\n<td data-start=\"2569\" data-end=\"2613\" data-col-size=\"md\">5-day surfing + taichi discovery course<\/td>\n<td data-start=\"2613\" data-end=\"2654\" data-col-size=\"sm\">2h \/ day + 1 taichi discovery session<\/td>\n<td data-start=\"2654\" data-end=\"2667\" data-col-size=\"sm\"><strong data-start=\"2656\" data-end=\"2665\">180 \u20ac<\/strong><\/td>\n<\/tr>\n<tr data-start=\"2668\" data-end=\"2746\">\n<td data-start=\"2668\" data-end=\"2698\" data-col-size=\"md\">5-day surf + taichi course<\/td>\n<td data-start=\"2698\" data-end=\"2733\" data-col-size=\"sm\">2h surf + 1h taichi \/ day<\/td>\n<td data-start=\"2733\" data-end=\"2746\" data-col-size=\"sm\"><strong data-start=\"2735\" data-end=\"2744\">240 \u20ac<\/strong><\/td>\n<\/tr>\n<\/tbody>\n<\/table>\n<p>&nbsp;<\/p>\n<p>[\/et_pb_text][et_pb_text _builder_version=&#8221;4.27.4&#8243; _module_preset=&#8221;default&#8221; text_text_color=&#8221;#000000&#8243; header_2_font=&#8221;Chewy||||||||&#8221; header_2_text_align=&#8221;center&#8221; text_orientation=&#8221;center&#8221; custom_margin=&#8221;|1vw|2vw|1vw|false|true&#8221; global_colors_info=&#8221;{}&#8221;]<\/p>\n<ul><\/ul>\n<p data-start=\"377\" data-end=\"435\">Good to <strong>know<\/strong>: equipment is included for all courses.<\/p>\n<p>[\/et_pb_text][et_pb_button button_url=&#8221;@ET-DC@eyJkeW5hbWljIjp0cnVlLCJjb250ZW50IjoicG9zdF9saW5rX3VybF9wYWdlIiwic2V0dGluZ3MiOnsicG9zdF9pZCI6IjQxIiwiZW5hYmxlX2h0bWwiOiJvZmYifX0=@&#8221; button_text=&#8221;Book online&#8221; button_alignment=&#8221;center&#8221; _builder_version=&#8221;4.27.4&#8243; _dynamic_attributes=&#8221;button_url&#8221; _module_preset=&#8221;default&#8221; custom_button=&#8221;on&#8221; button_text_color=&#8221;#FFFFFF&#8221; button_bg_color=&#8221;#ffc440&#8243; button_border_color=&#8221;#ffc440&#8243; button_border_radius=&#8221;7px&#8221; button_font=&#8221;|||on|||||&#8221; custom_margin=&#8221;||1vw||false|false&#8221; locked=&#8221;off&#8221; global_colors_info=&#8221;{}&#8221; width_tablet=&#8221;50%&#8221; width_phone=&#8221;50%&#8221; width_last_edited=&#8221;on|desktop&#8221;][\/et_pb_button][\/et_pb_column][\/et_pb_row][\/et_pb_section]<\/p>\n","protected":false},"excerpt":{"rendered":"<p>A sensory and technical dimension Possible integration of tai chi chuan (taichi) classes to improve balance, coordination and body control Awareness of the body in space and development of fluidity of movement Link between mental preparation, physical relaxation and surfing. &nbsp; A sporting and convivial experience Whether you&#8217;re on your own, a couple, a family [&hellip;]<\/p>\n","protected":false},"author":1,"featured_media":1855,"parent":0,"menu_order":0,"comment_status":"closed","ping_status":"closed","template":"","meta":{"_et_pb_use_builder":"on","_et_pb_old_content":"","_et_gb_content_width":"","footnotes":""},"class_list":["post-1854","page","type-page","status-publish","has-post-thumbnail","hentry"],"yoast_head":"<!-- This site is optimized with the Yoast SEO plugin v27.1.1 - https:\/\/yoast.com\/product\/yoast-seo-wordpress\/ -->\n<title>Surfing courses in Seignosse, Hossegor and Capbreton<\/title>\n<meta name=\"description\" content=\"Discover our surfing courses in the Landes: 5 days of practice, personalized progression, photo\/video sessions and introduction to taichi.\" \/>\n<meta name=\"robots\" content=\"index, follow, max-snippet:-1, max-image-preview:large, max-video-preview:-1\" \/>\n<link rel=\"canonical\" href=\"https:\/\/www.kisurfschool.com\/en\/surfing-courses-in-seignosse-hossegor-and-capbreton\/\" \/>\n<meta property=\"og:locale\" content=\"en_US\" \/>\n<meta property=\"og:type\" content=\"article\" \/>\n<meta property=\"og:title\" content=\"Surfing courses in Seignosse, Hossegor and Capbreton\" \/>\n<meta property=\"og:description\" content=\"Discover our surfing courses in the Landes: 5 days of practice, personalized progression, photo\/video sessions and introduction to taichi.\" \/>\n<meta property=\"og:url\" content=\"https:\/\/www.kisurfschool.com\/en\/surfing-courses-in-seignosse-hossegor-and-capbreton\/\" \/>\n<meta property=\"og:site_name\" content=\"Ki Surf School - Surf et Taichi dans les Landes\" \/>\n<meta property=\"article:modified_time\" content=\"2026-02-16T09:49:38+00:00\" \/>\n<meta property=\"og:image\" content=\"https:\/\/www.kisurfschool.com\/wp-content\/uploads\/2025\/09\/Photo_6553956_DJI_356_jpg_2689924_0_20218208146_photo_original-scaled.jpg\" \/>\n\t<meta property=\"og:image:width\" content=\"2560\" \/>\n\t<meta property=\"og:image:height\" content=\"1440\" \/>\n\t<meta property=\"og:image:type\" content=\"image\/jpeg\" \/>\n<meta name=\"twitter:card\" content=\"summary_large_image\" \/>\n<meta name=\"twitter:label1\" content=\"Est. reading time\" \/>\n\t<meta name=\"twitter:data1\" content=\"7 minutes\" \/>\n<script type=\"application\/ld+json\" class=\"yoast-schema-graph\">{\"@context\":\"https:\/\/schema.org\",\"@graph\":[{\"@type\":\"WebPage\",\"@id\":\"https:\/\/www.kisurfschool.com\/en\/surfing-courses-in-seignosse-hossegor-and-capbreton\/\",\"url\":\"https:\/\/www.kisurfschool.com\/en\/surfing-courses-in-seignosse-hossegor-and-capbreton\/\",\"name\":\"Surfing courses in Seignosse, Hossegor and Capbreton\",\"isPartOf\":{\"@id\":\"https:\/\/www.kisurfschool.com\/#website\"},\"primaryImageOfPage\":{\"@id\":\"https:\/\/www.kisurfschool.com\/en\/surfing-courses-in-seignosse-hossegor-and-capbreton\/#primaryimage\"},\"image\":{\"@id\":\"https:\/\/www.kisurfschool.com\/en\/surfing-courses-in-seignosse-hossegor-and-capbreton\/#primaryimage\"},\"thumbnailUrl\":\"https:\/\/www.kisurfschool.com\/wp-content\/uploads\/2025\/09\/Photo_6553956_DJI_356_jpg_2689924_0_20218208146_photo_original-scaled.jpg\",\"datePublished\":\"2025-07-16T08:54:54+00:00\",\"dateModified\":\"2026-02-16T09:49:38+00:00\",\"description\":\"Discover our surfing courses in the Landes: 5 days of practice, personalized progression, photo\/video sessions and introduction to taichi.\",\"breadcrumb\":{\"@id\":\"https:\/\/www.kisurfschool.com\/en\/surfing-courses-in-seignosse-hossegor-and-capbreton\/#breadcrumb\"},\"inLanguage\":\"en-US\",\"potentialAction\":[{\"@type\":\"ReadAction\",\"target\":[\"https:\/\/www.kisurfschool.com\/en\/surfing-courses-in-seignosse-hossegor-and-capbreton\/\"]}]},{\"@type\":\"ImageObject\",\"inLanguage\":\"en-US\",\"@id\":\"https:\/\/www.kisurfschool.com\/en\/surfing-courses-in-seignosse-hossegor-and-capbreton\/#primaryimage\",\"url\":\"https:\/\/www.kisurfschool.com\/wp-content\/uploads\/2025\/09\/Photo_6553956_DJI_356_jpg_2689924_0_20218208146_photo_original-scaled.jpg\",\"contentUrl\":\"https:\/\/www.kisurfschool.com\/wp-content\/uploads\/2025\/09\/Photo_6553956_DJI_356_jpg_2689924_0_20218208146_photo_original-scaled.jpg\",\"width\":2560,\"height\":1440,\"caption\":\"default\"},{\"@type\":\"BreadcrumbList\",\"@id\":\"https:\/\/www.kisurfschool.com\/en\/surfing-courses-in-seignosse-hossegor-and-capbreton\/#breadcrumb\",\"itemListElement\":[{\"@type\":\"ListItem\",\"position\":1,\"name\":\"Accueil\",\"item\":\"https:\/\/www.kisurfschool.com\/en\/ki-surf-school-surf-and-tai-chi\/\"},{\"@type\":\"ListItem\",\"position\":2,\"name\":\"Surfing courses in Seignosse, Hossegor and Capbreton\"}]},{\"@type\":\"WebSite\",\"@id\":\"https:\/\/www.kisurfschool.com\/#website\",\"url\":\"https:\/\/www.kisurfschool.com\/\",\"name\":\"Ki Surf School - Surf et Taichi dans les Landes\",\"description\":\"Ki Surf School &amp; Miki Dorade - Surf, Taichi, h\u00e9bergements et textiles inspir\u00e9s par l&#039;oc\u00e9an\",\"potentialAction\":[{\"@type\":\"SearchAction\",\"target\":{\"@type\":\"EntryPoint\",\"urlTemplate\":\"https:\/\/www.kisurfschool.com\/?s={search_term_string}\"},\"query-input\":{\"@type\":\"PropertyValueSpecification\",\"valueRequired\":true,\"valueName\":\"search_term_string\"}}],\"inLanguage\":\"en-US\"}]}<\/script>\n<!-- \/ Yoast SEO plugin. -->","yoast_head_json":{"title":"Surfing courses in Seignosse, Hossegor and Capbreton","description":"Discover our surfing courses in the Landes: 5 days of practice, personalized progression, photo\/video sessions and introduction to taichi.","robots":{"index":"index","follow":"follow","max-snippet":"max-snippet:-1","max-image-preview":"max-image-preview:large","max-video-preview":"max-video-preview:-1"},"canonical":"https:\/\/www.kisurfschool.com\/en\/surfing-courses-in-seignosse-hossegor-and-capbreton\/","og_locale":"en_US","og_type":"article","og_title":"Surfing courses in Seignosse, Hossegor and Capbreton","og_description":"Discover our surfing courses in the Landes: 5 days of practice, personalized progression, photo\/video sessions and introduction to taichi.","og_url":"https:\/\/www.kisurfschool.com\/en\/surfing-courses-in-seignosse-hossegor-and-capbreton\/","og_site_name":"Ki Surf School - Surf et Taichi dans les Landes","article_modified_time":"2026-02-16T09:49:38+00:00","og_image":[{"width":2560,"height":1440,"url":"https:\/\/www.kisurfschool.com\/wp-content\/uploads\/2025\/09\/Photo_6553956_DJI_356_jpg_2689924_0_20218208146_photo_original-scaled.jpg","type":"image\/jpeg"}],"twitter_card":"summary_large_image","twitter_misc":{"Est. reading time":"7 minutes"},"schema":{"@context":"https:\/\/schema.org","@graph":[{"@type":"WebPage","@id":"https:\/\/www.kisurfschool.com\/en\/surfing-courses-in-seignosse-hossegor-and-capbreton\/","url":"https:\/\/www.kisurfschool.com\/en\/surfing-courses-in-seignosse-hossegor-and-capbreton\/","name":"Surfing courses in Seignosse, Hossegor and Capbreton","isPartOf":{"@id":"https:\/\/www.kisurfschool.com\/#website"},"primaryImageOfPage":{"@id":"https:\/\/www.kisurfschool.com\/en\/surfing-courses-in-seignosse-hossegor-and-capbreton\/#primaryimage"},"image":{"@id":"https:\/\/www.kisurfschool.com\/en\/surfing-courses-in-seignosse-hossegor-and-capbreton\/#primaryimage"},"thumbnailUrl":"https:\/\/www.kisurfschool.com\/wp-content\/uploads\/2025\/09\/Photo_6553956_DJI_356_jpg_2689924_0_20218208146_photo_original-scaled.jpg","datePublished":"2025-07-16T08:54:54+00:00","dateModified":"2026-02-16T09:49:38+00:00","description":"Discover our surfing courses in the Landes: 5 days of practice, personalized progression, photo\/video sessions and introduction to taichi.","breadcrumb":{"@id":"https:\/\/www.kisurfschool.com\/en\/surfing-courses-in-seignosse-hossegor-and-capbreton\/#breadcrumb"},"inLanguage":"en-US","potentialAction":[{"@type":"ReadAction","target":["https:\/\/www.kisurfschool.com\/en\/surfing-courses-in-seignosse-hossegor-and-capbreton\/"]}]},{"@type":"ImageObject","inLanguage":"en-US","@id":"https:\/\/www.kisurfschool.com\/en\/surfing-courses-in-seignosse-hossegor-and-capbreton\/#primaryimage","url":"https:\/\/www.kisurfschool.com\/wp-content\/uploads\/2025\/09\/Photo_6553956_DJI_356_jpg_2689924_0_20218208146_photo_original-scaled.jpg","contentUrl":"https:\/\/www.kisurfschool.com\/wp-content\/uploads\/2025\/09\/Photo_6553956_DJI_356_jpg_2689924_0_20218208146_photo_original-scaled.jpg","width":2560,"height":1440,"caption":"default"},{"@type":"BreadcrumbList","@id":"https:\/\/www.kisurfschool.com\/en\/surfing-courses-in-seignosse-hossegor-and-capbreton\/#breadcrumb","itemListElement":[{"@type":"ListItem","position":1,"name":"Accueil","item":"https:\/\/www.kisurfschool.com\/en\/ki-surf-school-surf-and-tai-chi\/"},{"@type":"ListItem","position":2,"name":"Surfing courses in Seignosse, Hossegor and Capbreton"}]},{"@type":"WebSite","@id":"https:\/\/www.kisurfschool.com\/#website","url":"https:\/\/www.kisurfschool.com\/","name":"Ki Surf School - Surf et Taichi dans les Landes","description":"Ki Surf School &amp; Miki Dorade - Surf, Taichi, h\u00e9bergements et textiles inspir\u00e9s par l&#039;oc\u00e9an","potentialAction":[{"@type":"SearchAction","target":{"@type":"EntryPoint","urlTemplate":"https:\/\/www.kisurfschool.com\/?s={search_term_string}"},"query-input":{"@type":"PropertyValueSpecification","valueRequired":true,"valueName":"search_term_string"}}],"inLanguage":"en-US"}]}},"_links":{"self":[{"href":"https:\/\/www.kisurfschool.com\/en\/wp-json\/wp\/v2\/pages\/1854","targetHints":{"allow":["GET"]}}],"collection":[{"href":"https:\/\/www.kisurfschool.com\/en\/wp-json\/wp\/v2\/pages"}],"about":[{"href":"https:\/\/www.kisurfschool.com\/en\/wp-json\/wp\/v2\/types\/page"}],"author":[{"embeddable":true,"href":"https:\/\/www.kisurfschool.com\/en\/wp-json\/wp\/v2\/users\/1"}],"replies":[{"embeddable":true,"href":"https:\/\/www.kisurfschool.com\/en\/wp-json\/wp\/v2\/comments?post=1854"}],"version-history":[{"count":0,"href":"https:\/\/www.kisurfschool.com\/en\/wp-json\/wp\/v2\/pages\/1854\/revisions"}],"wp:featuredmedia":[{"embeddable":true,"href":"https:\/\/www.kisurfschool.com\/en\/wp-json\/wp\/v2\/media\/1855"}],"wp:attachment":[{"href":"https:\/\/www.kisurfschool.com\/en\/wp-json\/wp\/v2\/media?parent=1854"}],"curies":[{"name":"wp","href":"https:\/\/api.w.org\/{rel}","templated":true}]}}