{"id":1788,"date":"2025-07-16T08:55:51","date_gmt":"2025-07-16T08:55:51","guid":{"rendered":"https:\/\/kisurfschool.gypsea-agency.fr\/tai-chi-chuan-workshops-in-seignosse\/"},"modified":"2026-01-22T18:46:45","modified_gmt":"2026-01-22T18:46:45","slug":"tai-chi-chuan-workshops-in-seignosse","status":"publish","type":"page","link":"https:\/\/www.kisurfschool.com\/en\/tai-chi-chuan-workshops-in-seignosse\/","title":{"rendered":"Tai Chi Chuan Workshops in Seignosse"},"content":{"rendered":"<p>[et_pb_section fb_built=&#8221;1&#8243; disabled_on=&#8221;on|on|off&#8221; _builder_version=&#8221;4.27.5&#8243; _module_preset=&#8221;default&#8221; custom_padding=&#8221;||0px|||&#8221; global_colors_info=&#8221;{}&#8221;][et_pb_row column_structure=&#8221;3_5,2_5&#8243; use_custom_gutter=&#8221;on&#8221; gutter_width=&#8221;2&#8243; make_equal=&#8221;on&#8221; _builder_version=&#8221;4.27.4&#8243; _module_preset=&#8221;default&#8221; width=&#8221;100%&#8221; max_width=&#8221;100%&#8221; module_alignment=&#8221;center&#8221; custom_padding=&#8221;||0px|||&#8221; global_colors_info=&#8221;{}&#8221;][et_pb_column type=&#8221;3_5&#8243; _builder_version=&#8221;4.27.4&#8243; _module_preset=&#8221;default&#8221; background_color=&#8221;rgba(255,255,255,0.88)&#8221; background_enable_image=&#8221;off&#8221; background_size=&#8221;initial&#8221; background_blend=&#8221;overlay&#8221; global_colors_info=&#8221;{}&#8221;][et_pb_image src=&#8221;https:\/\/www.kisurfschool.com\/wp-content\/uploads\/2026\/01\/5-1.png&#8221; alt=&#8221;Black abstract shape on a white background.&#8221; title_text=&#8221;5 1&#8243; force_fullwidth=&#8221;on&#8221; _builder_version=&#8221;4.27.5&#8243; _module_preset=&#8221;default&#8221; background_image=&#8221;https:\/\/www.kisurfschool.com\/wp-content\/uploads\/2025\/12\/TAICHI-Hossegor-3-scaled.jpg&#8221; custom_padding=&#8221;||0px|||&#8221; hover_enabled=&#8221;0&#8243; global_colors_info=&#8221;{}&#8221; custom_margin=&#8221;3vw||3vw||true|false&#8221; sticky_enabled=&#8221;0&#8243;][\/et_pb_image][et_pb_text _builder_version=&#8221;4.27.5&#8243; _module_preset=&#8221;default&#8221; text_text_color=&#8221;#000000&#8243; header_font=&#8221;Chewy||||||||&#8221; header_2_font=&#8221;Chewy|||on|||||&#8221; header_3_font=&#8221;Abel|||on|||||&#8221; width_tablet=&#8221;50%&#8221; width_phone=&#8221;90%&#8221; width_last_edited=&#8221;on|desktop&#8221; max_width=&#8221;60%&#8221; max_width_tablet=&#8221;60%&#8221; max_width_phone=&#8221;90%&#8221; max_width_last_edited=&#8221;on|phone&#8221; module_alignment=&#8221;center&#8221; custom_margin=&#8221;||36px|||&#8221; global_colors_info=&#8221;{}&#8221;]<\/p>\n<h2 data-start=\"1919\" data-end=\"1950\">Upcoming Dates<\/h2>\n<ul data-start=\"1951\" data-end=\"2136\">\n<li data-start=\"1951\" data-end=\"2046\">\n<p data-start=\"1953\" data-end=\"2046\"><span><strong>Spring Workshop<\/strong>: Monday to Friday (1 hour per day over 5 days). Dates will be announced soon here or on the blog.  <\/span><\/p>\n<\/li>\n<li data-start=\"1951\" data-end=\"2046\">\n<p data-start=\"1953\" data-end=\"2046\"><span><\/span><span><strong>Summer Workshop<\/strong>: Monday to Friday (1 hour per day over 5 days). Dates will be announced soon here or on the blog. <\/span><\/p>\n<\/li>\n<\/ul>\n<p data-start=\"2138\" data-end=\"2471\"><strong>Discovery weekends, workshops, and Tai Chi retreats<\/strong> are also offered to deepen your practice in a calm and rejuvenating environment.<\/p>\n<p data-start=\"2138\" data-end=\"2471\">For any specific request, <strong data-start=\"2331\" data-end=\"2379\">custom workshops can be organized<\/strong>: contact us, we will do our best with an open and flexible approach.<\/p>\n<p>[\/et_pb_text][\/et_pb_column][et_pb_column type=&#8221;2_5&#8243; module_class=&#8221;centrer-verticalement&#8221; _builder_version=&#8221;4.27.4&#8243; _module_preset=&#8221;default&#8221; global_colors_info=&#8221;{}&#8221;][et_pb_text _builder_version=&#8221;4.27.5&#8243; _module_preset=&#8221;default&#8221; text_text_color=&#8221;#000000&#8243; header_font=&#8221;Chewy||||||||&#8221; header_2_font=&#8221;Abel|||on|||||&#8221; width_tablet=&#8221;50%&#8221; width_phone=&#8221;90%&#8221; width_last_edited=&#8221;on|desktop&#8221; max_width=&#8221;60%&#8221; max_width_tablet=&#8221;60%&#8221; max_width_phone=&#8221;90%&#8221; max_width_last_edited=&#8221;on|phone&#8221; module_alignment=&#8221;center&#8221; custom_margin=&#8221;||36px|||&#8221; global_colors_info=&#8221;{}&#8221;]<\/p>\n<h1 data-start=\"1070\" data-end=\"1116\">Tai Chi Chuan Workshops in Seignosse<\/h1>\n<h2>AN IMMERSION IN TAI CHI<\/h2>\n<p><span>Ki Surf School offers workshops that provide<strong> a comprehensive approach to Tai Chi Chuan<\/strong> and allow for rapid progress.<\/span><\/p>\n<p><span>The workshops and sessions offer<strong> dedicated time for learning<\/strong>, free from daily routines, to improve relaxation, coordination, and the ability to listen and control one&#8217;s body.<\/span><\/p>\n<h2 data-start=\"1481\" data-end=\"1524\">A TAI CHI WEEK<\/h2>\n<p data-start=\"1525\" data-end=\"1912\"><span><strong>Classic workshops run for 5 consecutive days<\/strong>, one hour per day, and can be combined with surf lessons.<\/span><\/p>\n<p><span>They allow you to <strong>learn series of movements and sequences<\/strong> (tao lu) and to discover or perfect the basics of Tai Chi Chuan. The same principles of unified body use, relaxed muscle work, and postural alignment are found in all Tai Chi Chuan styles; here we practice the Chen style.<\/span><\/p>\n<p><span>With <strong>kindness and respect for individual abilities<\/strong>, the teaching adapts to the level of each practitioner.<\/span><\/p>\n<p>[\/et_pb_text][et_pb_divider show_divider=&#8221;off&#8221; _builder_version=&#8221;4.27.4&#8243; _module_preset=&#8221;default&#8221; global_colors_info=&#8221;{}&#8221;][\/et_pb_divider][et_pb_image src=&#8221;https:\/\/www.kisurfschool.com\/wp-content\/uploads\/2026\/01\/2-e1765982052223-1.png&#8221; alt=&#8221;Black oval shape with some white details.&#8221; title_text=&#8221;2 E1765982052223 1&#8243; force_fullwidth=&#8221;on&#8221; disabled_on=&#8221;on|on|off&#8221; _builder_version=&#8221;4.27.5&#8243; _module_preset=&#8221;default&#8221; background_image=&#8221;https:\/\/www.kisurfschool.com\/wp-content\/uploads\/2025\/12\/Taichi-Frankreich-Seignosse-7bis-scaled.jpg&#8221; custom_padding=&#8221;||0px|||&#8221; hover_enabled=&#8221;0&#8243; global_colors_info=&#8221;{}&#8221; custom_margin=&#8221;3vw||3vw||true|false&#8221; sticky_enabled=&#8221;0&#8243;][\/et_pb_image][\/et_pb_column][\/et_pb_row][\/et_pb_section][et_pb_section fb_built=&#8221;1&#8243; disabled_on=&#8221;off|off|on&#8221; _builder_version=&#8221;4.27.5&#8243; _module_preset=&#8221;default&#8221; custom_padding=&#8221;||0px|||&#8221; global_colors_info=&#8221;{}&#8221;][et_pb_row use_custom_gutter=&#8221;on&#8221; gutter_width=&#8221;2&#8243; make_equal=&#8221;on&#8221; _builder_version=&#8221;4.27.4&#8243; _module_preset=&#8221;default&#8221; width=&#8221;100%&#8221; max_width=&#8221;100%&#8221; module_alignment=&#8221;center&#8221; custom_padding=&#8221;||0px|||&#8221; global_colors_info=&#8221;{}&#8221;][et_pb_column type=&#8221;4_4&#8243; _builder_version=&#8221;4.27.4&#8243; _module_preset=&#8221;default&#8221; background_color=&#8221;rgba(255,255,255,0.88)&#8221; background_enable_image=&#8221;off&#8221; background_size=&#8221;initial&#8221; background_blend=&#8221;overlay&#8221; global_colors_info=&#8221;{}&#8221;][et_pb_image src=&#8221;https:\/\/www.kisurfschool.com\/wp-content\/uploads\/2026\/01\/5-1.png&#8221; alt=&#8221;Black abstract shape on a white background.&#8221; title_text=&#8221;5 1&#8243; force_fullwidth=&#8221;on&#8221; _builder_version=&#8221;4.27.5&#8243; _module_preset=&#8221;default&#8221; background_image=&#8221;https:\/\/www.kisurfschool.com\/wp-content\/uploads\/2025\/12\/TAICHI-Hossegor-3-scaled.jpg&#8221; custom_padding=&#8221;||0px|||&#8221; hover_enabled=&#8221;0&#8243; global_colors_info=&#8221;{}&#8221; sticky_enabled=&#8221;0&#8243;][\/et_pb_image][et_pb_text _builder_version=&#8221;4.27.5&#8243; _module_preset=&#8221;default&#8221; text_text_color=&#8221;#000000&#8243; header_font=&#8221;Chewy||||||||&#8221; header_2_font=&#8221;Abel|||on|||||&#8221; width_tablet=&#8221;50%&#8221; width_phone=&#8221;90%&#8221; width_last_edited=&#8221;on|desktop&#8221; max_width=&#8221;60%&#8221; max_width_tablet=&#8221;60%&#8221; max_width_phone=&#8221;90%&#8221; max_width_last_edited=&#8221;on|phone&#8221; module_alignment=&#8221;center&#8221; custom_margin=&#8221;||36px|||&#8221; global_colors_info=&#8221;{}&#8221;]<\/p>\n<h1 data-start=\"1070\" data-end=\"1116\">Tai Chi Chuan Workshops in Seignosse<\/h1>\n<h2>AN IMMERSION IN TAI CHI<\/h2>\n<p><span>Ki Surf School offers workshops that provide<strong> a comprehensive approach to Tai Chi Chuan<\/strong> and allow for rapid progress.<\/span><\/p>\n<p><span>The workshops and sessions offer<strong> dedicated time for learning<\/strong>, free from daily routines, to improve relaxation, coordination, and the ability to listen and control one&#8217;s body.<\/span><\/p>\n<h2 data-start=\"1481\" data-end=\"1524\">A TAI CHI WEEK<\/h2>\n<p data-start=\"1525\" data-end=\"1912\"><span><strong>Classic workshops run for 5 consecutive days<\/strong>, one hour per day, and can be combined with surf lessons.<\/span><\/p>\n<p><span>They allow you to <strong>learn series of movements and sequences<\/strong> (tao lu) and to discover or perfect the basics of Tai Chi Chuan. The same principles of unified body use, relaxed muscle work, and postural alignment are found in all Tai Chi Chuan styles; here we practice the Chen style.<\/span><\/p>\n<p><span>With <strong>kindness and respect for individual abilities<\/strong>, the teaching adapts to the level of each practitioner.<\/span><\/p>\n<p>[\/et_pb_text][et_pb_image src=&#8221;https:\/\/www.kisurfschool.com\/wp-content\/uploads\/2026\/01\/2-e1765982052223-1.png&#8221; alt=&#8221;Black oval shape with some white details.&#8221; title_text=&#8221;2 E1765982052223 1&#8243; force_fullwidth=&#8221;on&#8221; disabled_on=&#8221;off|off|on&#8221; _builder_version=&#8221;4.27.5&#8243; _module_preset=&#8221;default&#8221; background_image=&#8221;https:\/\/www.kisurfschool.com\/wp-content\/uploads\/2025\/12\/Taichi-Frankreich-Seignosse-7bis-scaled.jpg&#8221; custom_padding=&#8221;||0px|||&#8221; hover_enabled=&#8221;0&#8243; global_colors_info=&#8221;{}&#8221; sticky_enabled=&#8221;0&#8243;][\/et_pb_image][et_pb_text _builder_version=&#8221;4.27.5&#8243; _module_preset=&#8221;default&#8221; text_text_color=&#8221;#000000&#8243; header_font=&#8221;Chewy||||||||&#8221; header_2_font=&#8221;Chewy|||on|||||&#8221; header_3_font=&#8221;Abel|||on|||||&#8221; width_tablet=&#8221;50%&#8221; width_phone=&#8221;90%&#8221; width_last_edited=&#8221;on|desktop&#8221; max_width=&#8221;60%&#8221; max_width_tablet=&#8221;60%&#8221; max_width_phone=&#8221;90%&#8221; max_width_last_edited=&#8221;on|phone&#8221; module_alignment=&#8221;center&#8221; custom_margin=&#8221;||36px|||&#8221; global_colors_info=&#8221;{}&#8221;]<\/p>\n<h2 data-start=\"1919\" data-end=\"1950\">Upcoming Dates<\/h2>\n<ul data-start=\"1951\" data-end=\"2136\">\n<li data-start=\"1951\" data-end=\"2046\">\n<p data-start=\"1953\" data-end=\"2046\"><span><strong>Spring Workshop<\/strong>: Monday to Friday (1 hour per day over 5 days). Dates will be announced soon here or on the blog.  <\/span><\/p>\n<\/li>\n<li data-start=\"1951\" data-end=\"2046\">\n<p data-start=\"1953\" data-end=\"2046\"><span><\/span><span><strong>Summer Workshop<\/strong>: Monday to Friday (1 hour per day over 5 days). Dates will be announced soon here or on the blog. <\/span><\/p>\n<\/li>\n<\/ul>\n<p data-start=\"2138\" data-end=\"2471\"><strong>Discovery weekends, workshops, and Tai Chi retreats<\/strong> are also offered to deepen your practice in a calm and rejuvenating environment.<\/p>\n<p data-start=\"2138\" data-end=\"2471\">For any specific request, <strong data-start=\"2331\" data-end=\"2379\">custom workshops can be organized<\/strong>: contact us, we will do our best with an open and flexible approach.<\/p>\n<p>[\/et_pb_text][\/et_pb_column][\/et_pb_row][\/et_pb_section][et_pb_section fb_built=&#8221;1&#8243; next_background_color=&#8221;#ffffff&#8221; _builder_version=&#8221;4.27.5&#8243; _module_preset=&#8221;default&#8221; background_color=&#8221;rgba(255,255,255,0.22)&#8221; background_image=&#8221;https:\/\/www.kisurfschool.com\/wp-content\/uploads\/2025\/10\/Ki-SURF.png&#8221; background_size=&#8221;stretch&#8221; background_blend=&#8221;overlay&#8221; module_alignment=&#8221;center&#8221; custom_margin=&#8221;-3px|||||&#8221; custom_padding=&#8221;10vw||10vw||true|false&#8221; bottom_divider_style=&#8221;ramp2&#8243; locked=&#8221;off&#8221; global_colors_info=&#8221;{}&#8221;][et_pb_row column_structure=&#8221;1_5,3_5,1_5&#8243; use_custom_gutter=&#8221;on&#8221; make_equal=&#8221;on&#8221; _builder_version=&#8221;4.27.4&#8243; _module_preset=&#8221;default&#8221; width=&#8221;100%&#8221; width_tablet=&#8221;70%&#8221; width_phone=&#8221;70%&#8221; width_last_edited=&#8221;on|desktop&#8221; max_width=&#8221;100%&#8221; max_width_tablet=&#8221;90%&#8221; max_width_phone=&#8221;90%&#8221; max_width_last_edited=&#8221;on|desktop&#8221; module_alignment=&#8221;center&#8221; global_colors_info=&#8221;{}&#8221;][et_pb_column type=&#8221;1_5&#8243; _builder_version=&#8221;4.27.4&#8243; _module_preset=&#8221;default&#8221; global_colors_info=&#8221;{}&#8221;][\/et_pb_column][et_pb_column type=&#8221;3_5&#8243; module_class=&#8221;centrer-verticalement&#8221; _builder_version=&#8221;4.27.4&#8243; _module_preset=&#8221;default&#8221; global_colors_info=&#8221;{}&#8221;][et_pb_image src=&#8221;https:\/\/www.kisurfschool.com\/wp-content\/uploads\/2025\/10\/KI-SURF-SCHOOL.png&#8221; alt=&#8221;Flags of France, United Kingdom, Spain, and Germany for learning European languages.&#8221; title_text=&#8221;KI SURF SCHOOL&#8221; align=&#8221;center&#8221; _builder_version=&#8221;4.27.4&#8243; _module_preset=&#8221;default&#8221; module_alignment=&#8221;center&#8221; global_colors_info=&#8221;{}&#8221;][\/et_pb_image][et_pb_text _builder_version=&#8221;4.27.5&#8243; _module_preset=&#8221;default&#8221; text_text_color=&#8221;#000000&#8243; text_font_size=&#8221;20px&#8221; header_font=&#8221;Chewy||||||||&#8221; header_2_font=&#8221;Chewy|||on|||||&#8221; header_2_text_align=&#8221;center&#8221; header_2_text_color=&#8221;#000000&#8243; header_2_font_size=&#8221;29px&#8221; header_3_font=&#8221;Abel|||on|||||&#8221; width_tablet=&#8221;50%&#8221; width_phone=&#8221;95%&#8221; width_last_edited=&#8221;on|phone&#8221; max_width=&#8221;95%&#8221; module_alignment=&#8221;center&#8221; custom_margin=&#8221;||36px|||&#8221; header_2_font_size_tablet=&#8221;29px&#8221; header_2_font_size_phone=&#8221;25px&#8221; header_2_font_size_last_edited=&#8221;on|phone&#8221; global_colors_info=&#8221;{}&#8221;]<\/p>\n<h2>A seamless experience, in all languages<\/h2>\n<p>Whether for <strong>classes, workshops, or stays<\/strong>, every interaction can be in <strong>French, English, Spanish, or German<\/strong>. Clear and natural communication at every step, <strong>for a barrier-free experience and tailored support<\/strong>, from first contact until the end of your stay. <\/p>\n<p>[\/et_pb_text][\/et_pb_column][et_pb_column type=&#8221;1_5&#8243; _builder_version=&#8221;4.27.4&#8243; _module_preset=&#8221;default&#8221; global_colors_info=&#8221;{}&#8221;][\/et_pb_column][\/et_pb_row][\/et_pb_section][et_pb_section fb_built=&#8221;1&#8243; _builder_version=&#8221;4.27.4&#8243; _module_preset=&#8221;default&#8221; locked=&#8221;off&#8221; global_colors_info=&#8221;{}&#8221;][et_pb_row _builder_version=&#8221;4.27.5&#8243; _module_preset=&#8221;default&#8221; max_width=&#8221;70%&#8221; global_colors_info=&#8221;{}&#8221;][et_pb_column type=&#8221;4_4&#8243; _builder_version=&#8221;4.27.4&#8243; _module_preset=&#8221;default&#8221; global_colors_info=&#8221;{}&#8221;][et_pb_shop type=&#8221;product_category&#8221; include_categories=&#8221;50&#8243; columns_number=&#8221;3&#8243; orderby=&#8221;price&#8221; sale_badge_color=&#8221;#101e3b&#8221; icon_hover_color=&#8221;#101e3b&#8221; hover_icon=&#8221;\uf578||fa||900&#8243; show_rating=&#8221;off&#8221; _builder_version=&#8221;4.27.5&#8243; _module_preset=&#8221;default&#8221; title_font=&#8221;Chewy||||||||&#8221; title_text_align=&#8221;center&#8221; title_font_size=&#8221;18px&#8221; price_font=&#8221;Abel|700||on|||||&#8221; price_text_align=&#8221;center&#8221; price_font_size=&#8221;20px&#8221; sale_badge_text_color=&#8221;#ffffff&#8221; module_alignment=&#8221;center&#8221; border_radii_image=&#8221;on|20px|20px|20px|20px&#8221; global_colors_info=&#8221;{}&#8221;][\/et_pb_shop][\/et_pb_column][\/et_pb_row][\/et_pb_section]<\/p>\n","protected":false},"excerpt":{"rendered":"<p>Upcoming Dates Spring Workshop: Monday to Friday (1 hour per day over 5 days). Dates will be announced soon here or on the blog. Summer Workshop: Monday to Friday (1 hour per day over 5 days). Dates will be announced soon here or on the blog. Discovery weekends, workshops, and Tai Chi retreats are also [&hellip;]<\/p>\n","protected":false},"author":1,"featured_media":1789,"parent":0,"menu_order":0,"comment_status":"closed","ping_status":"closed","template":"","meta":{"_et_pb_use_builder":"on","_et_pb_old_content":"","_et_gb_content_width":"","footnotes":""},"class_list":["post-1788","page","type-page","status-publish","has-post-thumbnail","hentry"],"yoast_head":"<!-- This site is optimized with the Yoast SEO plugin v27.3 - https:\/\/yoast.com\/product\/yoast-seo-wordpress\/ -->\n<title>Tai Chi Chuan Workshops in Seignosse<\/title>\n<meta name=\"description\" content=\"Join Tai Chi Chuan workshops in Seignosse with Ki Surf School. 5-day workshops, weekends, and retreats in a natural setting.\" \/>\n<meta name=\"robots\" content=\"index, follow, max-snippet:-1, max-image-preview:large, max-video-preview:-1\" \/>\n<link rel=\"canonical\" href=\"https:\/\/www.kisurfschool.com\/en\/tai-chi-chuan-workshops-in-seignosse\/\" \/>\n<meta property=\"og:locale\" content=\"en_US\" \/>\n<meta property=\"og:type\" content=\"article\" \/>\n<meta property=\"og:title\" content=\"Tai Chi Chuan Workshops in Seignosse\" \/>\n<meta property=\"og:description\" content=\"Join Tai Chi Chuan workshops in Seignosse with Ki Surf School. 5-day workshops, weekends, and retreats in a natural setting.\" \/>\n<meta property=\"og:url\" content=\"https:\/\/www.kisurfschool.com\/en\/tai-chi-chuan-workshops-in-seignosse\/\" \/>\n<meta property=\"og:site_name\" content=\"Ki Surf School - Surf et Taichi dans les Landes\" \/>\n<meta property=\"article:modified_time\" content=\"2026-01-22T18:46:45+00:00\" \/>\n<meta property=\"og:image\" content=\"https:\/\/www.kisurfschool.com\/wp-content\/uploads\/2025\/07\/TAICHI-Hossegor-3-scaled.jpg\" \/>\n\t<meta property=\"og:image:width\" content=\"2560\" \/>\n\t<meta property=\"og:image:height\" content=\"1707\" \/>\n\t<meta property=\"og:image:type\" content=\"image\/jpeg\" \/>\n<meta name=\"twitter:card\" content=\"summary_large_image\" \/>\n<meta name=\"twitter:label1\" content=\"Est. reading time\" \/>\n\t<meta name=\"twitter:data1\" content=\"8 minutes\" \/>\n<script type=\"application\/ld+json\" class=\"yoast-schema-graph\">{\"@context\":\"https:\\\/\\\/schema.org\",\"@graph\":[{\"@type\":\"WebPage\",\"@id\":\"https:\\\/\\\/www.kisurfschool.com\\\/en\\\/tai-chi-chuan-workshops-in-seignosse\\\/\",\"url\":\"https:\\\/\\\/www.kisurfschool.com\\\/en\\\/tai-chi-chuan-workshops-in-seignosse\\\/\",\"name\":\"Tai Chi Chuan Workshops in Seignosse\",\"isPartOf\":{\"@id\":\"https:\\\/\\\/www.kisurfschool.com\\\/#website\"},\"primaryImageOfPage\":{\"@id\":\"https:\\\/\\\/www.kisurfschool.com\\\/en\\\/tai-chi-chuan-workshops-in-seignosse\\\/#primaryimage\"},\"image\":{\"@id\":\"https:\\\/\\\/www.kisurfschool.com\\\/en\\\/tai-chi-chuan-workshops-in-seignosse\\\/#primaryimage\"},\"thumbnailUrl\":\"https:\\\/\\\/www.kisurfschool.com\\\/wp-content\\\/uploads\\\/2025\\\/07\\\/TAICHI-Hossegor-3-scaled.jpg\",\"datePublished\":\"2025-07-16T08:55:51+00:00\",\"dateModified\":\"2026-01-22T18:46:45+00:00\",\"description\":\"Join Tai Chi Chuan workshops in Seignosse with Ki Surf School. 5-day workshops, weekends, and retreats in a natural setting.\",\"breadcrumb\":{\"@id\":\"https:\\\/\\\/www.kisurfschool.com\\\/en\\\/tai-chi-chuan-workshops-in-seignosse\\\/#breadcrumb\"},\"inLanguage\":\"en-US\",\"potentialAction\":[{\"@type\":\"ReadAction\",\"target\":[\"https:\\\/\\\/www.kisurfschool.com\\\/en\\\/tai-chi-chuan-workshops-in-seignosse\\\/\"]}]},{\"@type\":\"ImageObject\",\"inLanguage\":\"en-US\",\"@id\":\"https:\\\/\\\/www.kisurfschool.com\\\/en\\\/tai-chi-chuan-workshops-in-seignosse\\\/#primaryimage\",\"url\":\"https:\\\/\\\/www.kisurfschool.com\\\/wp-content\\\/uploads\\\/2025\\\/07\\\/TAICHI-Hossegor-3-scaled.jpg\",\"contentUrl\":\"https:\\\/\\\/www.kisurfschool.com\\\/wp-content\\\/uploads\\\/2025\\\/07\\\/TAICHI-Hossegor-3-scaled.jpg\",\"width\":2560,\"height\":1707,\"caption\":\"A man practicing Tai Chi Chuan on a sandy beach, throwing a small object.\"},{\"@type\":\"BreadcrumbList\",\"@id\":\"https:\\\/\\\/www.kisurfschool.com\\\/en\\\/tai-chi-chuan-workshops-in-seignosse\\\/#breadcrumb\",\"itemListElement\":[{\"@type\":\"ListItem\",\"position\":1,\"name\":\"Accueil\",\"item\":\"https:\\\/\\\/www.kisurfschool.com\\\/en\\\/ki-surf-school-surf-and-tai-chi\\\/\"},{\"@type\":\"ListItem\",\"position\":2,\"name\":\"Tai Chi Chuan Workshops in Seignosse\"}]},{\"@type\":\"WebSite\",\"@id\":\"https:\\\/\\\/www.kisurfschool.com\\\/#website\",\"url\":\"https:\\\/\\\/www.kisurfschool.com\\\/\",\"name\":\"Ki Surf School - Surf et Taichi dans les Landes\",\"description\":\"Ki Surf School &amp; Miki Dorade - Surf, Taichi, h\u00e9bergements et textiles inspir\u00e9s par l&#039;oc\u00e9an\",\"potentialAction\":[{\"@type\":\"SearchAction\",\"target\":{\"@type\":\"EntryPoint\",\"urlTemplate\":\"https:\\\/\\\/www.kisurfschool.com\\\/?s={search_term_string}\"},\"query-input\":{\"@type\":\"PropertyValueSpecification\",\"valueRequired\":true,\"valueName\":\"search_term_string\"}}],\"inLanguage\":\"en-US\"}]}<\/script>\n<!-- \/ Yoast SEO plugin. -->","yoast_head_json":{"title":"Tai Chi Chuan Workshops in Seignosse","description":"Join Tai Chi Chuan workshops in Seignosse with Ki Surf School. 5-day workshops, weekends, and retreats in a natural setting.","robots":{"index":"index","follow":"follow","max-snippet":"max-snippet:-1","max-image-preview":"max-image-preview:large","max-video-preview":"max-video-preview:-1"},"canonical":"https:\/\/www.kisurfschool.com\/en\/tai-chi-chuan-workshops-in-seignosse\/","og_locale":"en_US","og_type":"article","og_title":"Tai Chi Chuan Workshops in Seignosse","og_description":"Join Tai Chi Chuan workshops in Seignosse with Ki Surf School. 5-day workshops, weekends, and retreats in a natural setting.","og_url":"https:\/\/www.kisurfschool.com\/en\/tai-chi-chuan-workshops-in-seignosse\/","og_site_name":"Ki Surf School - Surf et Taichi dans les Landes","article_modified_time":"2026-01-22T18:46:45+00:00","og_image":[{"width":2560,"height":1707,"url":"https:\/\/www.kisurfschool.com\/wp-content\/uploads\/2025\/07\/TAICHI-Hossegor-3-scaled.jpg","type":"image\/jpeg"}],"twitter_card":"summary_large_image","twitter_misc":{"Est. reading time":"8 minutes"},"schema":{"@context":"https:\/\/schema.org","@graph":[{"@type":"WebPage","@id":"https:\/\/www.kisurfschool.com\/en\/tai-chi-chuan-workshops-in-seignosse\/","url":"https:\/\/www.kisurfschool.com\/en\/tai-chi-chuan-workshops-in-seignosse\/","name":"Tai Chi Chuan Workshops in Seignosse","isPartOf":{"@id":"https:\/\/www.kisurfschool.com\/#website"},"primaryImageOfPage":{"@id":"https:\/\/www.kisurfschool.com\/en\/tai-chi-chuan-workshops-in-seignosse\/#primaryimage"},"image":{"@id":"https:\/\/www.kisurfschool.com\/en\/tai-chi-chuan-workshops-in-seignosse\/#primaryimage"},"thumbnailUrl":"https:\/\/www.kisurfschool.com\/wp-content\/uploads\/2025\/07\/TAICHI-Hossegor-3-scaled.jpg","datePublished":"2025-07-16T08:55:51+00:00","dateModified":"2026-01-22T18:46:45+00:00","description":"Join Tai Chi Chuan workshops in Seignosse with Ki Surf School. 5-day workshops, weekends, and retreats in a natural setting.","breadcrumb":{"@id":"https:\/\/www.kisurfschool.com\/en\/tai-chi-chuan-workshops-in-seignosse\/#breadcrumb"},"inLanguage":"en-US","potentialAction":[{"@type":"ReadAction","target":["https:\/\/www.kisurfschool.com\/en\/tai-chi-chuan-workshops-in-seignosse\/"]}]},{"@type":"ImageObject","inLanguage":"en-US","@id":"https:\/\/www.kisurfschool.com\/en\/tai-chi-chuan-workshops-in-seignosse\/#primaryimage","url":"https:\/\/www.kisurfschool.com\/wp-content\/uploads\/2025\/07\/TAICHI-Hossegor-3-scaled.jpg","contentUrl":"https:\/\/www.kisurfschool.com\/wp-content\/uploads\/2025\/07\/TAICHI-Hossegor-3-scaled.jpg","width":2560,"height":1707,"caption":"A man practicing Tai Chi Chuan on a sandy beach, throwing a small object."},{"@type":"BreadcrumbList","@id":"https:\/\/www.kisurfschool.com\/en\/tai-chi-chuan-workshops-in-seignosse\/#breadcrumb","itemListElement":[{"@type":"ListItem","position":1,"name":"Accueil","item":"https:\/\/www.kisurfschool.com\/en\/ki-surf-school-surf-and-tai-chi\/"},{"@type":"ListItem","position":2,"name":"Tai Chi Chuan Workshops in Seignosse"}]},{"@type":"WebSite","@id":"https:\/\/www.kisurfschool.com\/#website","url":"https:\/\/www.kisurfschool.com\/","name":"Ki Surf School - Surf et Taichi dans les Landes","description":"Ki Surf School &amp; Miki Dorade - Surf, Taichi, h\u00e9bergements et textiles inspir\u00e9s par l&#039;oc\u00e9an","potentialAction":[{"@type":"SearchAction","target":{"@type":"EntryPoint","urlTemplate":"https:\/\/www.kisurfschool.com\/?s={search_term_string}"},"query-input":{"@type":"PropertyValueSpecification","valueRequired":true,"valueName":"search_term_string"}}],"inLanguage":"en-US"}]}},"_links":{"self":[{"href":"https:\/\/www.kisurfschool.com\/en\/wp-json\/wp\/v2\/pages\/1788","targetHints":{"allow":["GET"]}}],"collection":[{"href":"https:\/\/www.kisurfschool.com\/en\/wp-json\/wp\/v2\/pages"}],"about":[{"href":"https:\/\/www.kisurfschool.com\/en\/wp-json\/wp\/v2\/types\/page"}],"author":[{"embeddable":true,"href":"https:\/\/www.kisurfschool.com\/en\/wp-json\/wp\/v2\/users\/1"}],"replies":[{"embeddable":true,"href":"https:\/\/www.kisurfschool.com\/en\/wp-json\/wp\/v2\/comments?post=1788"}],"version-history":[{"count":0,"href":"https:\/\/www.kisurfschool.com\/en\/wp-json\/wp\/v2\/pages\/1788\/revisions"}],"wp:featuredmedia":[{"embeddable":true,"href":"https:\/\/www.kisurfschool.com\/en\/wp-json\/wp\/v2\/media\/1789"}],"wp:attachment":[{"href":"https:\/\/www.kisurfschool.com\/en\/wp-json\/wp\/v2\/media?parent=1788"}],"curies":[{"name":"wp","href":"https:\/\/api.w.org\/{rel}","templated":true}]}}