{"id":1742,"date":"2025-07-16T09:02:51","date_gmt":"2025-07-16T09:02:51","guid":{"rendered":"https:\/\/kisurfschool.gypsea-agency.fr\/ki-surf-school-x-taichi-surf-tribe-surf-club\/"},"modified":"2026-02-16T10:29:36","modified_gmt":"2026-02-16T10:29:36","slug":"ki-surf-school-x-taichi-surf-tribe-surf-club","status":"publish","type":"page","link":"https:\/\/www.kisurfschool.com\/en\/ki-surf-school-x-taichi-surf-tribe-surf-club\/","title":{"rendered":"Ki Surf School x Taichi Surf Tribe Surf Club"},"content":{"rendered":"<p>[et_pb_section fb_built=&#8221;1&#8243; _builder_version=&#8221;4.27.5&#8243; _module_preset=&#8221;default&#8221; custom_padding=&#8221;||0px|||&#8221; hover_enabled=&#8221;0&#8243; global_colors_info=&#8221;{}&#8221; sticky_enabled=&#8221;0&#8243;][et_pb_row column_structure=&#8221;3_5,2_5&#8243; _builder_version=&#8221;4.27.5&#8243; _module_preset=&#8221;default&#8221; global_colors_info=&#8221;{}&#8221; max_width=&#8221;100%&#8221; module_alignment=&#8221;center&#8221; width=&#8221;100%&#8221; hover_enabled=&#8221;0&#8243; sticky_enabled=&#8221;0&#8243;][et_pb_column type=&#8221;3_5&#8243; _builder_version=&#8221;4.27.5&#8243; _module_preset=&#8221;default&#8221; background_enable_color=&#8221;off&#8221; background_enable_image=&#8221;off&#8221; background_size=&#8221;initial&#8221; background_blend=&#8221;overlay&#8221; background_enable_video_mp4=&#8221;off&#8221; background_video_width=&#8221;734px&#8221; background_video_height=&#8221;587px&#8221; allow_player_pause=&#8221;on&#8221; background_video_pause_outside_viewport=&#8221;off&#8221; global_colors_info=&#8221;{}&#8221;][et_pb_image src=&#8221;https:\/\/www.kisurfschool.com\/wp-content\/uploads\/2026\/01\/5-2.png&#8221; alt=&#8221;Close-up of a black surfboard, surf lessons.&#8221; title_text=&#8221;5 2&#8243; force_fullwidth=&#8221;on&#8221; _builder_version=&#8221;4.27.5&#8243; _module_preset=&#8221;default&#8221; background_image=&#8221;https:\/\/www.kisurfschool.com\/wp-content\/uploads\/2026\/01\/KiSurfSchool-9bis-scaled.jpg&#8221; hover_enabled=&#8221;0&#8243; locked=&#8221;off&#8221; global_colors_info=&#8221;{}&#8221; sticky_enabled=&#8221;0&#8243;][\/et_pb_image][\/et_pb_column][et_pb_column type=&#8221;2_5&#8243; module_class=&#8221;centrer-verticalement&#8221; _builder_version=&#8221;4.27.4&#8243; _module_preset=&#8221;default&#8221; global_colors_info=&#8221;{}&#8221;][et_pb_text _builder_version=&#8221;4.27.5&#8243; _module_preset=&#8221;default&#8221; text_text_color=&#8221;#000000&#8243; header_font=&#8221;Chewy||||||||&#8221; header_2_font=&#8221;Abel|||on|||||&#8221; width_tablet=&#8221;50%&#8221; width_phone=&#8221;90%&#8221; width_last_edited=&#8221;on|desktop&#8221; max_width=&#8221;60%&#8221; max_width_tablet=&#8221;60%&#8221; max_width_phone=&#8221;90%&#8221; max_width_last_edited=&#8221;on|phone&#8221; module_alignment=&#8221;center&#8221; hover_enabled=&#8221;0&#8243; global_colors_info=&#8221;{}&#8221; sticky_enabled=&#8221;0&#8243;]<\/p>\n<h1 data-start=\"596\" data-end=\"650\">The Taichi Surf Tribe Club<\/h1>\n<h2 data-start=\"652\" data-end=\"688\">Year-round surfing<\/h2>\n<p data-start=\"689\" data-end=\"1121\">The <strong data-start=\"692\" data-end=\"708\">surf club<\/strong> is for <strong data-start=\"723\" data-end=\"750\">residents of South Landes<\/strong> who wish to surf all year round.<br data-start=\"798\" data-end=\"801\"><strong>Volunteer instructor from partner association Taichi Surf Tribe<\/strong>, Eric offers a non-competitive approach, focused on the <strong>joy of progressing, in a spirit of sharing and cultural openness<\/strong>.<br data-start=\"1004\" data-end=\"1007\">This formula allows members to strengthen their skills throughout the seasons, within a collective and supportive dynamic.<\/p>\n<h3 data-start=\"1128\" data-end=\"1168\"><\/h3>\n<h2 data-start=\"1128\" data-end=\"1168\">A different perspective on progress<\/h2>\n<p data-start=\"1169\" data-end=\"1272\">Progress doesn&#8217;t necessarily come through competition. The club is built on strong values: <\/p>\n<ul data-start=\"1273\" data-end=\"1758\">\n<li data-start=\"1273\" data-end=\"1357\">\n<p data-start=\"1275\" data-end=\"1357\"><strong data-start=\"1275\" data-end=\"1302\">Respect and adaptability<\/strong> towards a fragile and changing natural environment<\/p>\n<\/li>\n<li data-start=\"1358\" data-end=\"1445\">\n<p data-start=\"1360\" data-end=\"1445\"><strong data-start=\"1360\" data-end=\"1379\">Team spirit<\/strong>: performing together rather than competition at all costs<\/p>\n<\/li>\n<li data-start=\"1446\" data-end=\"1550\">\n<p data-start=\"1448\" data-end=\"1550\"><strong data-start=\"1448\" data-end=\"1474\">Differentiated pedagogy<\/strong>: tailored learning, adapted to each individual&#8217;s aptitudes and qualities<\/p>\n<\/li>\n<li data-start=\"1551\" data-end=\"1647\">\n<p data-start=\"1553\" data-end=\"1647\"><strong data-start=\"1553\" data-end=\"1577\">Goal of autonomy<\/strong>: understanding the ocean element and applying safety instructions<\/p>\n<\/li>\n<li data-start=\"1648\" data-end=\"1758\">\n<p data-start=\"1650\" data-end=\"1758\"><strong data-start=\"1650\" data-end=\"1677\">Personal development<\/strong>: learning to manage stress and provide appropriate responses in the moment<\/p>\n<\/li>\n<\/ul>\n<p data-start=\"1760\" data-end=\"1902\">Surfing is a <strong data-start=\"1775\" data-end=\"1795\">sport of freedom<\/strong>, but it remains subject to the <strong data-start=\"1822\" data-end=\"1853\">rules imposed by the ocean<\/strong>, with everyone&#8217;s <strong data-start=\"1877\" data-end=\"1889\">safety<\/strong> as the priority.<\/p>\n<p>[\/et_pb_text][\/et_pb_column][\/et_pb_row][et_pb_row column_structure=&#8221;2_5,3_5&#8243; _builder_version=&#8221;4.27.5&#8243; _module_preset=&#8221;default&#8221; width=&#8221;100%&#8221; max_width=&#8221;100%&#8221; module_alignment=&#8221;center&#8221; global_colors_info=&#8221;{}&#8221; sticky_enabled=&#8221;0&#8243;][et_pb_column type=&#8221;2_5&#8243; module_class=&#8221;centrer-verticalement&#8221; _builder_version=&#8221;4.27.4&#8243; _module_preset=&#8221;default&#8221; global_colors_info=&#8221;{}&#8221;][et_pb_divider show_divider=&#8221;off&#8221; _builder_version=&#8221;4.27.4&#8243; _module_preset=&#8221;default&#8221; global_colors_info=&#8221;{}&#8221;][\/et_pb_divider][et_pb_image src=&#8221;https:\/\/www.kisurfschool.com\/wp-content\/uploads\/2026\/01\/2-e1765982052223-1.png&#8221; alt=&#8221;Black oval shape with some white details.&#8221; title_text=&#8221;2 E1765982052223 1&#8243; align=&#8221;right&#8221; force_fullwidth=&#8221;on&#8221; disabled_on=&#8221;off|off|on&#8221; _builder_version=&#8221;4.27.5&#8243; _module_preset=&#8221;default&#8221; background_image=&#8221;https:\/\/www.kisurfschool.com\/wp-content\/uploads\/2025\/12\/Ecole-de-surf-Hossegor-Seignosse-75-scaled.jpg&#8221; global_colors_info=&#8221;{}&#8221;][\/et_pb_image][et_pb_text _builder_version=&#8221;4.27.5&#8243; _module_preset=&#8221;default&#8221; text_text_color=&#8221;#000000&#8243; header_font=&#8221;Chewy||||||||&#8221; header_2_font=&#8221;Chewy|||on|||||&#8221; header_3_font=&#8221;Abel|||on|||||&#8221; width_tablet=&#8221;50%&#8221; width_phone=&#8221;90%&#8221; width_last_edited=&#8221;on|desktop&#8221; max_width=&#8221;60%&#8221; max_width_tablet=&#8221;60%&#8221; max_width_phone=&#8221;90%&#8221; max_width_last_edited=&#8221;on|phone&#8221; module_alignment=&#8221;center&#8221; hover_enabled=&#8221;0&#8243; global_colors_info=&#8221;{}&#8221; sticky_enabled=&#8221;0&#8243;]<\/p>\n<h2 data-start=\"1909\" data-end=\"1925\">Who is it for?<\/h2>\n<ul data-start=\"1926\" data-end=\"2154\">\n<li data-start=\"1926\" data-end=\"1984\">\n<p data-start=\"1928\" data-end=\"1984\">For <strong data-start=\"1937\" data-end=\"1982\">young people and adults residing in South Landes<\/strong><\/p>\n<\/li>\n<li data-start=\"1985\" data-end=\"2080\">\n<p data-start=\"1987\" data-end=\"2080\">For those seeking <strong data-start=\"2027\" data-end=\"2078\">regular practice<\/strong><\/p>\n<\/li>\n<li data-start=\"2081\" data-end=\"2154\">\n<p data-start=\"2083\" data-end=\"2154\">For all levels, within a <strong data-start=\"2111\" data-end=\"2135\">collective dynamic<\/strong> and supportive atmosphere<\/p>\n<\/li>\n<\/ul>\n<p>&nbsp;<\/p>\n<h2 data-start=\"2161\" data-end=\"2189\">How the club works<\/h2>\n<ul data-start=\"2190\" data-end=\"2534\">\n<li data-start=\"2190\" data-end=\"2230\">\n<p data-start=\"2192\" data-end=\"2230\"><strong>Sessions from April to October<\/strong><\/p>\n<\/li>\n<li data-start=\"2328\" data-end=\"2395\">\n<p data-start=\"2330\" data-end=\"2395\"><strong data-start=\"2330\" data-end=\"2359\">Adapted group sizes<\/strong> to ensure quality and safety<\/p>\n<\/li>\n<li data-start=\"2396\" data-end=\"2534\">\n<p data-start=\"2398\" data-end=\"2534\"><strong>Opportunity to complement your experience with tai chi chuan practice<\/strong>, to improve body control, balance, coordination, and stress management.<\/p>\n<\/li>\n<\/ul>\n<p>&nbsp;<\/p>\n<h2 data-start=\"2541\" data-end=\"2575\">Why join the club?<\/h2>\n<ul data-start=\"2576\" data-end=\"2947\">\n<li data-start=\"2576\" data-end=\"2691\">\n<p data-start=\"2578\" data-end=\"2691\">Regular practice that allows you to <strong>progress faster<\/strong> than with occasional lessons or courses.<\/p>\n<\/li>\n<li data-start=\"2692\" data-end=\"2757\">\n<p data-start=\"2694\" data-end=\"2757\">A <strong data-start=\"2697\" data-end=\"2737\">spirit of camaraderie and emulation<\/strong> among members<\/p>\n<\/li>\n<li data-start=\"2758\" data-end=\"2834\">\n<p data-start=\"2760\" data-end=\"2834\">An <strong data-start=\"2763\" data-end=\"2793\">exceptional natural setting<\/strong> between Seignosse, Capbreton, and Hossegor<\/p>\n<\/li>\n<li data-start=\"2835\" data-end=\"2947\">\n<p data-start=\"2837\" data-end=\"2947\">A <strong data-start=\"2841\" data-end=\"2877\">respectful approach to the ocean<\/strong>: safety, adherence to rules, and environmental awareness<\/p>\n<\/li>\n<\/ul>\n<p>&nbsp;<\/p>\n<h2 data-start=\"2954\" data-end=\"2995\">An approach rooted in tai chi<\/h2>\n<p data-start=\"2996\" data-end=\"3317\">The approach is based on the principles of <strong>Tai Chi Chuan (taichi)<\/strong>: search for balance, body control in space, coordination, self-control, and respect for others.<\/p>\n<p data-start=\"2996\" data-end=\"3317\"><br data-start=\"3177\" data-end=\"3180\">This dimension promotes better body awareness, greater ease in the waves, and an ability to adapt to the constant variations of the oceanic environment.<\/p>\n<p>[\/et_pb_text][\/et_pb_column][et_pb_column type=&#8221;3_5&#8243; _builder_version=&#8221;4.27.4&#8243; _module_preset=&#8221;default&#8221; background_color=&#8221;rgba(255,255,255,0.88)&#8221; background_enable_image=&#8221;off&#8221; background_size=&#8221;initial&#8221; background_blend=&#8221;overlay&#8221; global_colors_info=&#8221;{}&#8221;][et_pb_image src=&#8221;https:\/\/www.kisurfschool.com\/wp-content\/uploads\/2026\/01\/2-e1765982052223-1.png&#8221; alt=&#8221;Black oval shape with some white details.&#8221; title_text=&#8221;2 E1765982052223 1&#8243; align=&#8221;right&#8221; force_fullwidth=&#8221;on&#8221; disabled_on=&#8221;on|on|off&#8221; _builder_version=&#8221;4.27.5&#8243; _module_preset=&#8221;default&#8221; background_image=&#8221;https:\/\/www.kisurfschool.com\/wp-content\/uploads\/2025\/12\/Ecole-de-surf-Hossegor-Seignosse-75-scaled.jpg&#8221; hover_enabled=&#8221;0&#8243; global_colors_info=&#8221;{}&#8221; sticky_enabled=&#8221;0&#8243;][\/et_pb_image][\/et_pb_column][\/et_pb_row][\/et_pb_section][et_pb_section fb_built=&#8221;1&#8243; next_background_color=&#8221;#ffffff&#8221; _builder_version=&#8221;4.27.4&#8243; _module_preset=&#8221;default&#8221; background_color=&#8221;rgba(255,255,255,0.22)&#8221; background_image=&#8221;https:\/\/www.kisurfschool.com\/wp-content\/uploads\/2025\/10\/Ki-SURF.png&#8221; background_size=&#8221;stretch&#8221; background_blend=&#8221;overlay&#8221; custom_padding=&#8221;12vw||12vw||true|false&#8221; bottom_divider_style=&#8221;ramp2&#8243; locked=&#8221;off&#8221; global_colors_info=&#8221;{}&#8221;][et_pb_row _builder_version=&#8221;4.27.4&#8243; _module_preset=&#8221;default&#8221; global_colors_info=&#8221;{}&#8221;][et_pb_column type=&#8221;4_4&#8243; _builder_version=&#8221;4.27.4&#8243; _module_preset=&#8221;default&#8221; global_colors_info=&#8221;{}&#8221;][et_pb_image src=&#8221;https:\/\/www.kisurfschool.com\/wp-content\/uploads\/2025\/10\/KI-SURF-SCHOOL.png&#8221; alt=&#8221;Flags of France, United Kingdom, Spain, and Germany for learning European languages.&#8221; title_text=&#8221;KI SURF SCHOOL&#8221; align=&#8221;center&#8221; _builder_version=&#8221;4.27.4&#8243; _module_preset=&#8221;default&#8221; module_alignment=&#8221;center&#8221; global_colors_info=&#8221;{}&#8221;][\/et_pb_image][et_pb_text _builder_version=&#8221;4.27.5&#8243; _module_preset=&#8221;default&#8221; text_text_color=&#8221;#000000&#8243; text_font_size=&#8221;20px&#8221; header_font=&#8221;Chewy||||||||&#8221; header_2_font=&#8221;Chewy|||on|||||&#8221; header_2_text_align=&#8221;center&#8221; header_2_text_color=&#8221;#000000&#8243; header_2_font_size=&#8221;30px&#8221; header_3_font=&#8221;Abel|||on|||||&#8221; width_tablet=&#8221;50%&#8221; width_phone=&#8221;90%&#8221; width_last_edited=&#8221;on|phone&#8221; max_width_tablet=&#8221;&#8221; max_width_phone=&#8221;90%&#8221; max_width_last_edited=&#8221;on|phone&#8221; module_alignment=&#8221;center&#8221; custom_margin=&#8221;||36px|||&#8221; hover_enabled=&#8221;0&#8243; global_colors_info=&#8221;{}&#8221; sticky_enabled=&#8221;0&#8243;]<\/p>\n<h2>A seamless experience, in all languages<\/h2>\n<p>Whether for <strong>classes, workshops, or stays<\/strong>, every interaction can be in <strong>French, English, Spanish, or German<\/strong>. Clear and natural communication at every step, <strong>for a barrier-free experience and tailored support<\/strong>, from first contact until the end of your stay. <\/p>\n<p>[\/et_pb_text][\/et_pb_column][\/et_pb_row][\/et_pb_section][et_pb_section fb_built=&#8221;1&#8243; _builder_version=&#8221;4.27.4&#8243; _module_preset=&#8221;default&#8221; global_colors_info=&#8221;{}&#8221;][et_pb_row use_custom_gutter=&#8221;on&#8221; make_equal=&#8221;on&#8221; _builder_version=&#8221;4.27.5&#8243; _module_preset=&#8221;default&#8221; width=&#8221;60%&#8221; width_tablet=&#8221;60%&#8221; width_phone=&#8221;90%&#8221; width_last_edited=&#8221;on|phone&#8221; max_width=&#8221;60%&#8221; max_width_tablet=&#8221;60%&#8221; max_width_phone=&#8221;90%&#8221; max_width_last_edited=&#8221;on|phone&#8221; module_alignment=&#8221;center&#8221; global_colors_info=&#8221;{}&#8221;][et_pb_column type=&#8221;4_4&#8243; _builder_version=&#8221;4.27.4&#8243; _module_preset=&#8221;default&#8221; border_radii=&#8221;on|10px|10px|10px|10px&#8221; box_shadow_style=&#8221;preset1&#8243; box_shadow_blur=&#8221;8px&#8221; global_colors_info=&#8221;{}&#8221;][et_pb_text _builder_version=&#8221;4.27.4&#8243; _module_preset=&#8221;default&#8221; text_text_color=&#8221;#000000&#8243; header_2_font=&#8221;Chewy||||||||&#8221; header_2_text_align=&#8221;center&#8221; custom_margin=&#8221;2vw|1vw|2vw|1vw|true|true&#8221; global_colors_info=&#8221;{}&#8221;]<\/p>\n<h2 data-start=\"102\" data-end=\"129\">Membership<\/h2>\n<p>[\/et_pb_text][et_pb_text _builder_version=&#8221;4.27.4&#8243; _module_preset=&#8221;default&#8221; text_text_color=&#8221;#000000&#8243; text_orientation=&#8221;center&#8221; global_colors_info=&#8221;{}&#8221;]<\/p>\n<p><span>To <strong>benefit from year-round surf lessons<\/strong>, registrations are made directly with the <strong>Taichi Surf Tribe association<\/strong>.<\/span><\/p>\n<p>[\/et_pb_text][et_pb_button button_url=&#8221;https:\/\/taichisurftribe.blogspot.com\/search\/label\/Club%20de%20surf&#8221; button_text=&#8221;Join Taichi Surf Tribe&#8221; button_alignment=&#8221;center&#8221; _builder_version=&#8221;4.27.4&#8243; _module_preset=&#8221;default&#8221; custom_button=&#8221;on&#8221; button_text_color=&#8221;#FFFFFF&#8221; button_bg_color=&#8221;#ffc440&#8243; button_border_color=&#8221;#ffc440&#8243; button_border_radius=&#8221;7px&#8221; button_font=&#8221;|||on|||||&#8221; custom_margin=&#8221;||1vw||false|false&#8221; locked=&#8221;off&#8221; global_colors_info=&#8221;{}&#8221; width_tablet=&#8221;50%&#8221; width_phone=&#8221;50%&#8221; width_last_edited=&#8221;on|desktop&#8221;][\/et_pb_button][\/et_pb_column][\/et_pb_row][\/et_pb_section]<\/p>\n","protected":false},"excerpt":{"rendered":"<p>The Taichi Surf Tribe Club Year-round surfing The surf club is for residents of South Landes who wish to surf all year round.Volunteer instructor from partner association Taichi Surf Tribe, Eric offers a non-competitive approach, focused on the joy of progressing, in a spirit of sharing and cultural openness.This formula allows members to strengthen their [&hellip;]<\/p>\n","protected":false},"author":1,"featured_media":1744,"parent":0,"menu_order":0,"comment_status":"closed","ping_status":"closed","template":"","meta":{"_et_pb_use_builder":"on","_et_pb_old_content":"","_et_gb_content_width":"","footnotes":""},"class_list":["post-1742","page","type-page","status-publish","has-post-thumbnail","hentry"],"yoast_head":"<!-- This site is optimized with the Yoast SEO plugin v27.3 - https:\/\/yoast.com\/product\/yoast-seo-wordpress\/ -->\n<title>Ki Surf School x Taichi Surf Tribe Surf Club<\/title>\n<meta name=\"description\" content=\"Join the Taichi Surf Tribe surf club with Ki Surf School: year-round practice, progress, team spirit, and respect for the ocean.\" \/>\n<meta name=\"robots\" content=\"index, follow, max-snippet:-1, max-image-preview:large, max-video-preview:-1\" \/>\n<link rel=\"canonical\" href=\"https:\/\/www.kisurfschool.com\/club-de-surf-seignosse-hossegor-capbreton\/\" \/>\n<meta property=\"og:locale\" content=\"en_US\" \/>\n<meta property=\"og:type\" content=\"article\" \/>\n<meta property=\"og:title\" content=\"Ki Surf School x Taichi Surf Tribe Surf Club\" \/>\n<meta property=\"og:description\" content=\"Join the Taichi Surf Tribe surf club with Ki Surf School: year-round practice, progress, team spirit, and respect for the ocean.\" \/>\n<meta property=\"og:url\" content=\"https:\/\/www.kisurfschool.com\/club-de-surf-seignosse-hossegor-capbreton\/\" \/>\n<meta property=\"og:site_name\" content=\"Ki Surf School - Surf et Taichi dans les Landes\" \/>\n<meta property=\"article:modified_time\" content=\"2026-02-16T10:29:36+00:00\" \/>\n<meta property=\"og:image\" content=\"https:\/\/www.kisurfschool.com\/wp-content\/uploads\/2025\/09\/Photo_6553954_DJI_354_jpg_3360981_0_202182081310_photo_original-scaled.jpg\" \/>\n\t<meta property=\"og:image:width\" content=\"2560\" \/>\n\t<meta property=\"og:image:height\" content=\"1440\" \/>\n\t<meta property=\"og:image:type\" content=\"image\/jpeg\" \/>\n<meta name=\"twitter:card\" content=\"summary_large_image\" \/>\n<meta name=\"twitter:label1\" content=\"Est. reading time\" \/>\n\t<meta name=\"twitter:data1\" content=\"7 minutes\" \/>\n<script type=\"application\/ld+json\" class=\"yoast-schema-graph\">{\"@context\":\"https:\\\/\\\/schema.org\",\"@graph\":[{\"@type\":\"WebPage\",\"@id\":\"https:\\\/\\\/www.kisurfschool.com\\\/club-de-surf-seignosse-hossegor-capbreton\\\/\",\"url\":\"https:\\\/\\\/www.kisurfschool.com\\\/club-de-surf-seignosse-hossegor-capbreton\\\/\",\"name\":\"Ki Surf School x Taichi Surf Tribe Surf Club\",\"isPartOf\":{\"@id\":\"https:\\\/\\\/www.kisurfschool.com\\\/#website\"},\"primaryImageOfPage\":{\"@id\":\"https:\\\/\\\/www.kisurfschool.com\\\/club-de-surf-seignosse-hossegor-capbreton\\\/#primaryimage\"},\"image\":{\"@id\":\"https:\\\/\\\/www.kisurfschool.com\\\/club-de-surf-seignosse-hossegor-capbreton\\\/#primaryimage\"},\"thumbnailUrl\":\"https:\\\/\\\/www.kisurfschool.com\\\/wp-content\\\/uploads\\\/2025\\\/09\\\/Photo_6553954_DJI_354_jpg_3360981_0_202182081310_photo_original-scaled.jpg\",\"datePublished\":\"2025-07-16T09:02:51+00:00\",\"dateModified\":\"2026-02-16T10:29:36+00:00\",\"description\":\"Join the Taichi Surf Tribe surf club with Ki Surf School: year-round practice, progress, team spirit, and respect for the ocean.\",\"breadcrumb\":{\"@id\":\"https:\\\/\\\/www.kisurfschool.com\\\/club-de-surf-seignosse-hossegor-capbreton\\\/#breadcrumb\"},\"inLanguage\":\"en-US\",\"potentialAction\":[{\"@type\":\"ReadAction\",\"target\":[\"https:\\\/\\\/www.kisurfschool.com\\\/club-de-surf-seignosse-hossegor-capbreton\\\/\"]}]},{\"@type\":\"ImageObject\",\"inLanguage\":\"en-US\",\"@id\":\"https:\\\/\\\/www.kisurfschool.com\\\/club-de-surf-seignosse-hossegor-capbreton\\\/#primaryimage\",\"url\":\"https:\\\/\\\/www.kisurfschool.com\\\/wp-content\\\/uploads\\\/2025\\\/09\\\/Photo_6553954_DJI_354_jpg_3360981_0_202182081310_photo_original-scaled.jpg\",\"contentUrl\":\"https:\\\/\\\/www.kisurfschool.com\\\/wp-content\\\/uploads\\\/2025\\\/09\\\/Photo_6553954_DJI_354_jpg_3360981_0_202182081310_photo_original-scaled.jpg\",\"width\":2560,\"height\":1440,\"caption\":\"default\"},{\"@type\":\"BreadcrumbList\",\"@id\":\"https:\\\/\\\/www.kisurfschool.com\\\/club-de-surf-seignosse-hossegor-capbreton\\\/#breadcrumb\",\"itemListElement\":[{\"@type\":\"ListItem\",\"position\":1,\"name\":\"Accueil\",\"item\":\"https:\\\/\\\/www.kisurfschool.com\\\/en\\\/ki-surf-school-surf-and-tai-chi\\\/\"},{\"@type\":\"ListItem\",\"position\":2,\"name\":\"Ki Surf School x Taichi Surf Tribe Surf Club\"}]},{\"@type\":\"WebSite\",\"@id\":\"https:\\\/\\\/www.kisurfschool.com\\\/#website\",\"url\":\"https:\\\/\\\/www.kisurfschool.com\\\/\",\"name\":\"Ki Surf School - Surf et Taichi dans les Landes\",\"description\":\"Ki Surf School &amp; Miki Dorade - Surf, Taichi, h\u00e9bergements et textiles inspir\u00e9s par l&#039;oc\u00e9an\",\"potentialAction\":[{\"@type\":\"SearchAction\",\"target\":{\"@type\":\"EntryPoint\",\"urlTemplate\":\"https:\\\/\\\/www.kisurfschool.com\\\/?s={search_term_string}\"},\"query-input\":{\"@type\":\"PropertyValueSpecification\",\"valueRequired\":true,\"valueName\":\"search_term_string\"}}],\"inLanguage\":\"en-US\"}]}<\/script>\n<!-- \/ Yoast SEO plugin. -->","yoast_head_json":{"title":"Ki Surf School x Taichi Surf Tribe Surf Club","description":"Join the Taichi Surf Tribe surf club with Ki Surf School: year-round practice, progress, team spirit, and respect for the ocean.","robots":{"index":"index","follow":"follow","max-snippet":"max-snippet:-1","max-image-preview":"max-image-preview:large","max-video-preview":"max-video-preview:-1"},"canonical":"https:\/\/www.kisurfschool.com\/club-de-surf-seignosse-hossegor-capbreton\/","og_locale":"en_US","og_type":"article","og_title":"Ki Surf School x Taichi Surf Tribe Surf Club","og_description":"Join the Taichi Surf Tribe surf club with Ki Surf School: year-round practice, progress, team spirit, and respect for the ocean.","og_url":"https:\/\/www.kisurfschool.com\/club-de-surf-seignosse-hossegor-capbreton\/","og_site_name":"Ki Surf School - Surf et Taichi dans les Landes","article_modified_time":"2026-02-16T10:29:36+00:00","og_image":[{"width":2560,"height":1440,"url":"https:\/\/www.kisurfschool.com\/wp-content\/uploads\/2025\/09\/Photo_6553954_DJI_354_jpg_3360981_0_202182081310_photo_original-scaled.jpg","type":"image\/jpeg"}],"twitter_card":"summary_large_image","twitter_misc":{"Est. reading time":"7 minutes"},"schema":{"@context":"https:\/\/schema.org","@graph":[{"@type":"WebPage","@id":"https:\/\/www.kisurfschool.com\/club-de-surf-seignosse-hossegor-capbreton\/","url":"https:\/\/www.kisurfschool.com\/club-de-surf-seignosse-hossegor-capbreton\/","name":"Ki Surf School x Taichi Surf Tribe Surf Club","isPartOf":{"@id":"https:\/\/www.kisurfschool.com\/#website"},"primaryImageOfPage":{"@id":"https:\/\/www.kisurfschool.com\/club-de-surf-seignosse-hossegor-capbreton\/#primaryimage"},"image":{"@id":"https:\/\/www.kisurfschool.com\/club-de-surf-seignosse-hossegor-capbreton\/#primaryimage"},"thumbnailUrl":"https:\/\/www.kisurfschool.com\/wp-content\/uploads\/2025\/09\/Photo_6553954_DJI_354_jpg_3360981_0_202182081310_photo_original-scaled.jpg","datePublished":"2025-07-16T09:02:51+00:00","dateModified":"2026-02-16T10:29:36+00:00","description":"Join the Taichi Surf Tribe surf club with Ki Surf School: year-round practice, progress, team spirit, and respect for the ocean.","breadcrumb":{"@id":"https:\/\/www.kisurfschool.com\/club-de-surf-seignosse-hossegor-capbreton\/#breadcrumb"},"inLanguage":"en-US","potentialAction":[{"@type":"ReadAction","target":["https:\/\/www.kisurfschool.com\/club-de-surf-seignosse-hossegor-capbreton\/"]}]},{"@type":"ImageObject","inLanguage":"en-US","@id":"https:\/\/www.kisurfschool.com\/club-de-surf-seignosse-hossegor-capbreton\/#primaryimage","url":"https:\/\/www.kisurfschool.com\/wp-content\/uploads\/2025\/09\/Photo_6553954_DJI_354_jpg_3360981_0_202182081310_photo_original-scaled.jpg","contentUrl":"https:\/\/www.kisurfschool.com\/wp-content\/uploads\/2025\/09\/Photo_6553954_DJI_354_jpg_3360981_0_202182081310_photo_original-scaled.jpg","width":2560,"height":1440,"caption":"default"},{"@type":"BreadcrumbList","@id":"https:\/\/www.kisurfschool.com\/club-de-surf-seignosse-hossegor-capbreton\/#breadcrumb","itemListElement":[{"@type":"ListItem","position":1,"name":"Accueil","item":"https:\/\/www.kisurfschool.com\/en\/ki-surf-school-surf-and-tai-chi\/"},{"@type":"ListItem","position":2,"name":"Ki Surf School x Taichi Surf Tribe Surf Club"}]},{"@type":"WebSite","@id":"https:\/\/www.kisurfschool.com\/#website","url":"https:\/\/www.kisurfschool.com\/","name":"Ki Surf School - Surf et Taichi dans les Landes","description":"Ki Surf School &amp; Miki Dorade - Surf, Taichi, h\u00e9bergements et textiles inspir\u00e9s par l&#039;oc\u00e9an","potentialAction":[{"@type":"SearchAction","target":{"@type":"EntryPoint","urlTemplate":"https:\/\/www.kisurfschool.com\/?s={search_term_string}"},"query-input":{"@type":"PropertyValueSpecification","valueRequired":true,"valueName":"search_term_string"}}],"inLanguage":"en-US"}]}},"_links":{"self":[{"href":"https:\/\/www.kisurfschool.com\/en\/wp-json\/wp\/v2\/pages\/1742","targetHints":{"allow":["GET"]}}],"collection":[{"href":"https:\/\/www.kisurfschool.com\/en\/wp-json\/wp\/v2\/pages"}],"about":[{"href":"https:\/\/www.kisurfschool.com\/en\/wp-json\/wp\/v2\/types\/page"}],"author":[{"embeddable":true,"href":"https:\/\/www.kisurfschool.com\/en\/wp-json\/wp\/v2\/users\/1"}],"replies":[{"embeddable":true,"href":"https:\/\/www.kisurfschool.com\/en\/wp-json\/wp\/v2\/comments?post=1742"}],"version-history":[{"count":0,"href":"https:\/\/www.kisurfschool.com\/en\/wp-json\/wp\/v2\/pages\/1742\/revisions"}],"wp:featuredmedia":[{"embeddable":true,"href":"https:\/\/www.kisurfschool.com\/en\/wp-json\/wp\/v2\/media\/1744"}],"wp:attachment":[{"href":"https:\/\/www.kisurfschool.com\/en\/wp-json\/wp\/v2\/media?parent=1742"}],"curies":[{"name":"wp","href":"https:\/\/api.w.org\/{rel}","templated":true}]}}