{"id":1576,"date":"2025-07-16T08:57:42","date_gmt":"2025-07-16T08:57:42","guid":{"rendered":"https:\/\/kisurfschool.gypsea-agency.fr\/surf-activities-for-businesses-seminars-team-building\/"},"modified":"2026-02-17T23:13:33","modified_gmt":"2026-02-17T23:13:33","slug":"surf-activities-for-businesses-seminars-team-building","status":"publish","type":"page","link":"https:\/\/www.kisurfschool.com\/en\/surf-activities-for-businesses-seminars-team-building\/","title":{"rendered":"Surf and Wellness Activities for Businesses and Professional Groups"},"content":{"rendered":"<p>[et_pb_section fb_built=&#8221;1&#8243; _builder_version=&#8221;4.27.4&#8243; _module_preset=&#8221;default&#8221; custom_padding=&#8221;||0px|||&#8221; global_colors_info=&#8221;{}&#8221;][et_pb_row column_structure=&#8221;3_5,2_5&#8243; use_custom_gutter=&#8221;on&#8221; gutter_width=&#8221;2&#8243; make_equal=&#8221;on&#8221; _builder_version=&#8221;4.27.4&#8243; _module_preset=&#8221;default&#8221; width=&#8221;100%&#8221; max_width=&#8221;100%&#8221; module_alignment=&#8221;center&#8221; custom_padding=&#8221;||0px|||&#8221; global_colors_info=&#8221;{}&#8221;][et_pb_column type=&#8221;3_5&#8243; _builder_version=&#8221;4.27.4&#8243; _module_preset=&#8221;default&#8221; background_color=&#8221;rgba(255,255,255,0.88)&#8221; background_enable_image=&#8221;off&#8221; background_size=&#8221;initial&#8221; background_blend=&#8221;overlay&#8221; global_colors_info=&#8221;{}&#8221;][et_pb_image src=&#8221;https:\/\/www.kisurfschool.com\/wp-content\/uploads\/2026\/01\/5-2.png&#8221; alt=&#8221;Close-up of a black surfboard, surf lessons.&#8221; title_text=&#8221;5 2&#8243; force_fullwidth=&#8221;on&#8221; _builder_version=&#8221;4.27.5&#8243; _module_preset=&#8221;default&#8221; background_image=&#8221;https:\/\/www.kisurfschool.com\/wp-content\/uploads\/2025\/10\/Ecole-de-surf-Hossegor-Seignosse-11-1-1-scaled.jpg&#8221; custom_margin=&#8221;3vw||3vw||true|false&#8221; custom_padding=&#8221;||0px|||&#8221; global_colors_info=&#8221;{}&#8221;][\/et_pb_image][et_pb_text _builder_version=&#8221;4.27.4&#8243; _module_preset=&#8221;default&#8221; text_text_color=&#8221;#000000&#8243; header_font=&#8221;Chewy||||||||&#8221; header_2_font=&#8221;Chewy|||on|||||&#8221; header_3_font=&#8221;Abel|||on|||||&#8221; width_tablet=&#8221;50%&#8221; width_phone=&#8221;90%&#8221; width_last_edited=&#8221;on|desktop&#8221; max_width=&#8221;60%&#8221; max_width_tablet=&#8221;60%&#8221; max_width_phone=&#8221;90%&#8221; max_width_last_edited=&#8221;on|phone&#8221; module_alignment=&#8221;center&#8221; custom_margin=&#8221;||36px|||&#8221; global_colors_info=&#8221;{}&#8221;]<\/p>\n<h2>Tai Chi Chuan: Stress Management and Re-centering<\/h2>\n<p>In addition to surfing, <strong>tai chi chuan (Chen style)<\/strong> is offered as an activity focused on:<\/p>\n<ul>\n<li>stress and energy management,<\/li>\n<li>physical and mental balance,<\/li>\n<li>concentration and mental clarity,<\/li>\n<li>strengthening cohesion and group dynamics.<\/li>\n<\/ul>\n<p>This mindfulness practice is particularly suited for <strong>professional teams<\/strong> facing demanding environments, seeking calm and sustainable resources to improve their performance and well-being.<\/p>\n<p>[\/et_pb_text][et_pb_image src=&#8221;https:\/\/www.kisurfschool.com\/wp-content\/uploads\/2026\/01\/1.png&#8221; alt=&#8221;Abstract black shape with a brushed texture&#8221; title_text=&#8221;1&#8243; force_fullwidth=&#8221;on&#8221; disabled_on=&#8221;on|on|off&#8221; _builder_version=&#8221;4.27.5&#8243; _module_preset=&#8221;default&#8221; background_image=&#8221;https:\/\/www.kisurfschool.com\/wp-content\/uploads\/2025\/12\/DSC03545-scaled.jpg&#8221; custom_margin=&#8221;3vw||3vw||true|false&#8221; custom_padding=&#8221;||0px|||&#8221; global_colors_info=&#8221;{}&#8221;][\/et_pb_image][\/et_pb_column][et_pb_column type=&#8221;2_5&#8243; module_class=&#8221;centrer-verticalement&#8221; _builder_version=&#8221;4.27.4&#8243; _module_preset=&#8221;default&#8221; global_colors_info=&#8221;{}&#8221;][et_pb_text _builder_version=&#8221;4.27.4&#8243; _module_preset=&#8221;default&#8221; text_text_color=&#8221;#000000&#8243; header_font=&#8221;Chewy||||||||&#8221; header_2_font=&#8221;Chewy|||on|||||&#8221; width_tablet=&#8221;50%&#8221; width_phone=&#8221;90%&#8221; width_last_edited=&#8221;on|desktop&#8221; max_width=&#8221;60%&#8221; max_width_tablet=&#8221;60%&#8221; max_width_phone=&#8221;90%&#8221; max_width_last_edited=&#8221;on|phone&#8221; module_alignment=&#8221;center&#8221; custom_margin=&#8221;||36px|||&#8221; global_colors_info=&#8221;{}&#8221;]<\/p>\n<h1>Surf and Wellness Activities for Businesses and Professional Groups<\/h1>\n<p><strong>Ki Surf School<\/strong> designs <strong>tailor-made experiences for businesses<\/strong>, works councils, and sports teams looking to strengthen their bonds, boost motivation, and promote the well-being of their employees.<\/p>\n<p>Through <strong>sports and outdoor activities<\/strong>, your teams discover a new environment, far from the professional setting, conducive to cohesion, communication, and creativity.<\/p>\n<p>Located on the Landes coast, <strong>Ki Surf School<\/strong> benefits from easy access thanks to its proximity to several train stations (Saint-Vincent-de-Tyrosse, Bayonne, Dax, Labenne) and Biarritz Parme Airport, connected by shuttles and regional buses.<\/p>\n<p>Each program is designed according to your specific needs:<\/p>\n<ul>\n<li>strengthen team cohesion,<\/li>\n<li>boost motivation and engagement,<\/li>\n<li>prevent stress and improve quality of life at work.<\/li>\n<\/ul>\n<p>Combining surfing, tai chi, and rugbysurf offers your employees a complete experience blending <strong>energy, balance, and team spirit<\/strong>. These activities create shared memories and sustainably strengthen cohesion in a natural and calming setting. <\/p>\n<p>[\/et_pb_text][et_pb_divider show_divider=&#8221;off&#8221; _builder_version=&#8221;4.27.4&#8243; _module_preset=&#8221;default&#8221; global_colors_info=&#8221;{}&#8221;][\/et_pb_divider][et_pb_image src=&#8221;https:\/\/www.kisurfschool.com\/wp-content\/uploads\/2026\/01\/2-e1765982052223-1.png&#8221; alt=&#8221;Black oval shape with some white details.&#8221; title_text=&#8221;2 E1765982052223 1&#8243; force_fullwidth=&#8221;on&#8221; disabled_on=&#8221;off|off|on&#8221; _builder_version=&#8221;4.27.5&#8243; _module_preset=&#8221;default&#8221; background_image=&#8221;https:\/\/www.kisurfschool.com\/wp-content\/uploads\/2025\/12\/Taichi-Frankreich-Seignosse-10-scaled.jpg&#8221; custom_margin=&#8221;3vw||3vw||true|false&#8221; custom_padding=&#8221;||0px|||&#8221; global_colors_info=&#8221;{}&#8221;][\/et_pb_image][et_pb_image src=&#8221;https:\/\/www.kisurfschool.com\/wp-content\/uploads\/2026\/01\/2-e1765982052223-1.png&#8221; alt=&#8221;Black oval shape with some white details.&#8221; title_text=&#8221;2 E1765982052223 1&#8243; force_fullwidth=&#8221;on&#8221; disabled_on=&#8221;on|on|off&#8221; _builder_version=&#8221;4.27.5&#8243; _module_preset=&#8221;default&#8221; background_image=&#8221;https:\/\/www.kisurfschool.com\/wp-content\/uploads\/2025\/12\/Taichi-Frankreich-Seignosse-10-scaled.jpg&#8221; custom_margin=&#8221;3vw||3vw||true|false&#8221; custom_padding=&#8221;||0px|||&#8221; global_colors_info=&#8221;{}&#8221;][\/et_pb_image][et_pb_image src=&#8221;https:\/\/www.kisurfschool.com\/wp-content\/uploads\/2026\/01\/1.png&#8221; alt=&#8221;Abstract black shape with a brushed texture&#8221; title_text=&#8221;1&#8243; force_fullwidth=&#8221;on&#8221; disabled_on=&#8221;off|off|on&#8221; _builder_version=&#8221;4.27.5&#8243; _module_preset=&#8221;default&#8221; background_image=&#8221;https:\/\/www.kisurfschool.com\/wp-content\/uploads\/2025\/12\/DSC03545-scaled.jpg&#8221; custom_padding=&#8221;||0px|||&#8221; global_colors_info=&#8221;{}&#8221;][\/et_pb_image][et_pb_text _builder_version=&#8221;4.27.4&#8243; _module_preset=&#8221;default&#8221; text_text_color=&#8221;#000000&#8243; header_font=&#8221;Chewy||||||||&#8221; header_2_font=&#8221;Chewy|||on|||||&#8221; header_3_font=&#8221;Abel|||on|||||&#8221; width_tablet=&#8221;50%&#8221; width_phone=&#8221;90%&#8221; width_last_edited=&#8221;on|desktop&#8221; max_width=&#8221;60%&#8221; max_width_tablet=&#8221;60%&#8221; max_width_phone=&#8221;90%&#8221; max_width_last_edited=&#8221;on|phone&#8221; module_alignment=&#8221;center&#8221; custom_margin=&#8221;||36px|||&#8221; global_colors_info=&#8221;{}&#8221;]<\/p>\n<h2>Rugbysurf: Strengthening Team Spirit Through Play<\/h2>\n<p>Created by <strong>\u00c9ric Lafargue<\/strong>, <strong>rugbysurf<\/strong> is an original, fun, and accessible group activity. Practiced on calm water, with a foam surfboard and a mini rugby ball, it promotes: <\/p>\n<ul>\n<li>cooperation and coordination,<\/li>\n<li>the development of communication within a team,<\/li>\n<li>collective decision-making in dynamic situations.<\/li>\n<\/ul>\n<p>A one-hour session includes:<\/p>\n<ul>\n<li>an introduction to paddling techniques and board mobility,<\/li>\n<li>a friendly match refereed by the instructor.<\/li>\n<\/ul>\n<p>Rules can be adapted for <strong>sports teams<\/strong> or <strong>corporate groups<\/strong> with specific educational objectives: physical preparation, cohesion, or active recovery.<\/p>\n<p>[\/et_pb_text][\/et_pb_column][\/et_pb_row][\/et_pb_section][et_pb_section fb_built=&#8221;1&#8243; _builder_version=&#8221;4.27.5&#8243; _module_preset=&#8221;default&#8221; locked=&#8221;off&#8221;][et_pb_row _builder_version=&#8221;4.27.5&#8243; _module_preset=&#8221;default&#8221; theme_builder_area=&#8221;post_content&#8221;][et_pb_column _builder_version=&#8221;4.27.5&#8243; _module_preset=&#8221;default&#8221; type=&#8221;4_4&#8243; theme_builder_area=&#8221;post_content&#8221;][et_pb_button button_text=&#8221;Prices and Bookings&#8221; _builder_version=&#8221;4.27.5&#8243; _module_preset=&#8221;default&#8221; theme_builder_area=&#8221;post_content&#8221; button_url=&#8221;@ET-DC@eyJkeW5hbWljIjp0cnVlLCJjb250ZW50IjoicG9zdF9saW5rX3VybF9wYWdlIiwic2V0dGluZ3MiOnsicG9zdF9pZCI6IjQxIiwiZW5hYmxlX2h0bWwiOiJvZmYifX0=@&#8221; _dynamic_attributes=&#8221;button_url&#8221; sticky_enabled=&#8221;0&#8243; button_alignment=&#8221;center&#8221; custom_button=&#8221;on&#8221; button_text_color=&#8221;#FFFFFF&#8221; button_bg_color=&#8221;#ffc440&#8243; button_border_radius=&#8221;7px&#8221; button_font=&#8221;|||on|||||&#8221;][\/et_pb_button][\/et_pb_column][\/et_pb_row][\/et_pb_section]<\/p>\n","protected":false},"excerpt":{"rendered":"<p>Tai Chi Chuan: Stress Management and Re-centering In addition to surfing, tai chi chuan (Chen style) is offered as an activity focused on: stress and energy management, physical and mental balance, concentration and mental clarity, strengthening cohesion and group dynamics. This mindfulness practice is particularly suited for professional teams facing demanding environments, seeking calm and [&hellip;]<\/p>\n","protected":false},"author":1,"featured_media":1577,"parent":0,"menu_order":0,"comment_status":"closed","ping_status":"closed","template":"","meta":{"_et_pb_use_builder":"on","_et_pb_old_content":"","_et_gb_content_width":"","footnotes":""},"class_list":["post-1576","page","type-page","status-publish","has-post-thumbnail","hentry"],"yoast_head":"<!-- This site is optimized with the Yoast SEO plugin v27.3 - https:\/\/yoast.com\/product\/yoast-seo-wordpress\/ -->\n<title>Surf and Wellness Activities for Businesses and Professional Groups<\/title>\n<meta name=\"description\" content=\"Offer your teams a unique experience with Ki Surf School: surfing, tai chi chuan, rugbysurf, to strengthen cohesion and well-being.\" \/>\n<meta name=\"robots\" content=\"index, follow, max-snippet:-1, max-image-preview:large, max-video-preview:-1\" \/>\n<link rel=\"canonical\" href=\"https:\/\/www.kisurfschool.com\/en\/surf-activities-for-businesses-seminars-team-building\/\" \/>\n<meta property=\"og:locale\" content=\"en_US\" \/>\n<meta property=\"og:type\" content=\"article\" \/>\n<meta property=\"og:title\" content=\"Surf and Wellness Activities for Businesses and Professional Groups\" \/>\n<meta property=\"og:description\" content=\"Offer your teams a unique experience with Ki Surf School: surfing, tai chi chuan, rugbysurf, to strengthen cohesion and well-being.\" \/>\n<meta property=\"og:url\" content=\"https:\/\/www.kisurfschool.com\/en\/surf-activities-for-businesses-seminars-team-building\/\" \/>\n<meta property=\"og:site_name\" content=\"Ki Surf School - Surf et Taichi dans les Landes\" \/>\n<meta property=\"article:modified_time\" content=\"2026-02-17T23:13:33+00:00\" \/>\n<meta property=\"og:image\" content=\"https:\/\/www.kisurfschool.com\/wp-content\/uploads\/2025\/09\/Photo_6553963_DJI_363_jpg_4269708_0_202182082838_photo_original-scaled.jpg\" \/>\n\t<meta property=\"og:image:width\" content=\"2560\" \/>\n\t<meta property=\"og:image:height\" content=\"1440\" \/>\n\t<meta property=\"og:image:type\" content=\"image\/jpeg\" \/>\n<meta name=\"twitter:card\" content=\"summary_large_image\" \/>\n<meta name=\"twitter:label1\" content=\"Est. reading time\" \/>\n\t<meta name=\"twitter:data1\" content=\"5 minutes\" \/>\n<script type=\"application\/ld+json\" class=\"yoast-schema-graph\">{\"@context\":\"https:\\\/\\\/schema.org\",\"@graph\":[{\"@type\":\"WebPage\",\"@id\":\"https:\\\/\\\/www.kisurfschool.com\\\/en\\\/surf-activities-for-businesses-seminars-team-building\\\/\",\"url\":\"https:\\\/\\\/www.kisurfschool.com\\\/en\\\/surf-activities-for-businesses-seminars-team-building\\\/\",\"name\":\"Surf and Wellness Activities for Businesses and Professional Groups\",\"isPartOf\":{\"@id\":\"https:\\\/\\\/www.kisurfschool.com\\\/#website\"},\"primaryImageOfPage\":{\"@id\":\"https:\\\/\\\/www.kisurfschool.com\\\/en\\\/surf-activities-for-businesses-seminars-team-building\\\/#primaryimage\"},\"image\":{\"@id\":\"https:\\\/\\\/www.kisurfschool.com\\\/en\\\/surf-activities-for-businesses-seminars-team-building\\\/#primaryimage\"},\"thumbnailUrl\":\"https:\\\/\\\/www.kisurfschool.com\\\/wp-content\\\/uploads\\\/2025\\\/09\\\/Photo_6553963_DJI_363_jpg_4269708_0_202182082838_photo_original-scaled.jpg\",\"datePublished\":\"2025-07-16T08:57:42+00:00\",\"dateModified\":\"2026-02-17T23:13:33+00:00\",\"description\":\"Offer your teams a unique experience with Ki Surf School: surfing, tai chi chuan, rugbysurf, to strengthen cohesion and well-being.\",\"breadcrumb\":{\"@id\":\"https:\\\/\\\/www.kisurfschool.com\\\/en\\\/surf-activities-for-businesses-seminars-team-building\\\/#breadcrumb\"},\"inLanguage\":\"en-US\",\"potentialAction\":[{\"@type\":\"ReadAction\",\"target\":[\"https:\\\/\\\/www.kisurfschool.com\\\/en\\\/surf-activities-for-businesses-seminars-team-building\\\/\"]}]},{\"@type\":\"ImageObject\",\"inLanguage\":\"en-US\",\"@id\":\"https:\\\/\\\/www.kisurfschool.com\\\/en\\\/surf-activities-for-businesses-seminars-team-building\\\/#primaryimage\",\"url\":\"https:\\\/\\\/www.kisurfschool.com\\\/wp-content\\\/uploads\\\/2025\\\/09\\\/Photo_6553963_DJI_363_jpg_4269708_0_202182082838_photo_original-scaled.jpg\",\"contentUrl\":\"https:\\\/\\\/www.kisurfschool.com\\\/wp-content\\\/uploads\\\/2025\\\/09\\\/Photo_6553963_DJI_363_jpg_4269708_0_202182082838_photo_original-scaled.jpg\",\"width\":2560,\"height\":1440,\"caption\":\"default\"},{\"@type\":\"BreadcrumbList\",\"@id\":\"https:\\\/\\\/www.kisurfschool.com\\\/en\\\/surf-activities-for-businesses-seminars-team-building\\\/#breadcrumb\",\"itemListElement\":[{\"@type\":\"ListItem\",\"position\":1,\"name\":\"Accueil\",\"item\":\"https:\\\/\\\/www.kisurfschool.com\\\/en\\\/ki-surf-school-surf-and-tai-chi\\\/\"},{\"@type\":\"ListItem\",\"position\":2,\"name\":\"Surf and Wellness Activities for Businesses and Professional Groups\"}]},{\"@type\":\"WebSite\",\"@id\":\"https:\\\/\\\/www.kisurfschool.com\\\/#website\",\"url\":\"https:\\\/\\\/www.kisurfschool.com\\\/\",\"name\":\"Ki Surf School - Surf et Taichi dans les Landes\",\"description\":\"Ki Surf School &amp; Miki Dorade - Surf, Taichi, h\u00e9bergements et textiles inspir\u00e9s par l&#039;oc\u00e9an\",\"potentialAction\":[{\"@type\":\"SearchAction\",\"target\":{\"@type\":\"EntryPoint\",\"urlTemplate\":\"https:\\\/\\\/www.kisurfschool.com\\\/?s={search_term_string}\"},\"query-input\":{\"@type\":\"PropertyValueSpecification\",\"valueRequired\":true,\"valueName\":\"search_term_string\"}}],\"inLanguage\":\"en-US\"}]}<\/script>\n<!-- \/ Yoast SEO plugin. -->","yoast_head_json":{"title":"Surf and Wellness Activities for Businesses and Professional Groups","description":"Offer your teams a unique experience with Ki Surf School: surfing, tai chi chuan, rugbysurf, to strengthen cohesion and well-being.","robots":{"index":"index","follow":"follow","max-snippet":"max-snippet:-1","max-image-preview":"max-image-preview:large","max-video-preview":"max-video-preview:-1"},"canonical":"https:\/\/www.kisurfschool.com\/en\/surf-activities-for-businesses-seminars-team-building\/","og_locale":"en_US","og_type":"article","og_title":"Surf and Wellness Activities for Businesses and Professional Groups","og_description":"Offer your teams a unique experience with Ki Surf School: surfing, tai chi chuan, rugbysurf, to strengthen cohesion and well-being.","og_url":"https:\/\/www.kisurfschool.com\/en\/surf-activities-for-businesses-seminars-team-building\/","og_site_name":"Ki Surf School - Surf et Taichi dans les Landes","article_modified_time":"2026-02-17T23:13:33+00:00","og_image":[{"width":2560,"height":1440,"url":"https:\/\/www.kisurfschool.com\/wp-content\/uploads\/2025\/09\/Photo_6553963_DJI_363_jpg_4269708_0_202182082838_photo_original-scaled.jpg","type":"image\/jpeg"}],"twitter_card":"summary_large_image","twitter_misc":{"Est. reading time":"5 minutes"},"schema":{"@context":"https:\/\/schema.org","@graph":[{"@type":"WebPage","@id":"https:\/\/www.kisurfschool.com\/en\/surf-activities-for-businesses-seminars-team-building\/","url":"https:\/\/www.kisurfschool.com\/en\/surf-activities-for-businesses-seminars-team-building\/","name":"Surf and Wellness Activities for Businesses and Professional Groups","isPartOf":{"@id":"https:\/\/www.kisurfschool.com\/#website"},"primaryImageOfPage":{"@id":"https:\/\/www.kisurfschool.com\/en\/surf-activities-for-businesses-seminars-team-building\/#primaryimage"},"image":{"@id":"https:\/\/www.kisurfschool.com\/en\/surf-activities-for-businesses-seminars-team-building\/#primaryimage"},"thumbnailUrl":"https:\/\/www.kisurfschool.com\/wp-content\/uploads\/2025\/09\/Photo_6553963_DJI_363_jpg_4269708_0_202182082838_photo_original-scaled.jpg","datePublished":"2025-07-16T08:57:42+00:00","dateModified":"2026-02-17T23:13:33+00:00","description":"Offer your teams a unique experience with Ki Surf School: surfing, tai chi chuan, rugbysurf, to strengthen cohesion and well-being.","breadcrumb":{"@id":"https:\/\/www.kisurfschool.com\/en\/surf-activities-for-businesses-seminars-team-building\/#breadcrumb"},"inLanguage":"en-US","potentialAction":[{"@type":"ReadAction","target":["https:\/\/www.kisurfschool.com\/en\/surf-activities-for-businesses-seminars-team-building\/"]}]},{"@type":"ImageObject","inLanguage":"en-US","@id":"https:\/\/www.kisurfschool.com\/en\/surf-activities-for-businesses-seminars-team-building\/#primaryimage","url":"https:\/\/www.kisurfschool.com\/wp-content\/uploads\/2025\/09\/Photo_6553963_DJI_363_jpg_4269708_0_202182082838_photo_original-scaled.jpg","contentUrl":"https:\/\/www.kisurfschool.com\/wp-content\/uploads\/2025\/09\/Photo_6553963_DJI_363_jpg_4269708_0_202182082838_photo_original-scaled.jpg","width":2560,"height":1440,"caption":"default"},{"@type":"BreadcrumbList","@id":"https:\/\/www.kisurfschool.com\/en\/surf-activities-for-businesses-seminars-team-building\/#breadcrumb","itemListElement":[{"@type":"ListItem","position":1,"name":"Accueil","item":"https:\/\/www.kisurfschool.com\/en\/ki-surf-school-surf-and-tai-chi\/"},{"@type":"ListItem","position":2,"name":"Surf and Wellness Activities for Businesses and Professional Groups"}]},{"@type":"WebSite","@id":"https:\/\/www.kisurfschool.com\/#website","url":"https:\/\/www.kisurfschool.com\/","name":"Ki Surf School - Surf et Taichi dans les Landes","description":"Ki Surf School &amp; Miki Dorade - Surf, Taichi, h\u00e9bergements et textiles inspir\u00e9s par l&#039;oc\u00e9an","potentialAction":[{"@type":"SearchAction","target":{"@type":"EntryPoint","urlTemplate":"https:\/\/www.kisurfschool.com\/?s={search_term_string}"},"query-input":{"@type":"PropertyValueSpecification","valueRequired":true,"valueName":"search_term_string"}}],"inLanguage":"en-US"}]}},"_links":{"self":[{"href":"https:\/\/www.kisurfschool.com\/en\/wp-json\/wp\/v2\/pages\/1576","targetHints":{"allow":["GET"]}}],"collection":[{"href":"https:\/\/www.kisurfschool.com\/en\/wp-json\/wp\/v2\/pages"}],"about":[{"href":"https:\/\/www.kisurfschool.com\/en\/wp-json\/wp\/v2\/types\/page"}],"author":[{"embeddable":true,"href":"https:\/\/www.kisurfschool.com\/en\/wp-json\/wp\/v2\/users\/1"}],"replies":[{"embeddable":true,"href":"https:\/\/www.kisurfschool.com\/en\/wp-json\/wp\/v2\/comments?post=1576"}],"version-history":[{"count":0,"href":"https:\/\/www.kisurfschool.com\/en\/wp-json\/wp\/v2\/pages\/1576\/revisions"}],"wp:featuredmedia":[{"embeddable":true,"href":"https:\/\/www.kisurfschool.com\/en\/wp-json\/wp\/v2\/media\/1577"}],"wp:attachment":[{"href":"https:\/\/www.kisurfschool.com\/en\/wp-json\/wp\/v2\/media?parent=1576"}],"curies":[{"name":"wp","href":"https:\/\/api.w.org\/{rel}","templated":true}]}}