{"id":3761,"date":"2026-02-18T15:12:31","date_gmt":"2026-02-18T15:12:31","guid":{"rendered":"https:\/\/kisurfschool.gypsea-agency.fr\/produit\/geschenkgutscheine-ki-surf-school\/"},"modified":"2026-02-18T15:12:31","modified_gmt":"2026-02-18T15:12:31","slug":"geschenkgutscheine-ki-surf-school","status":"publish","type":"product","link":"https:\/\/www.kisurfschool.com\/de\/produit\/geschenkgutscheine-ki-surf-school\/","title":{"rendered":"Geschenkgutscheine &#8211; Ki Surf School"},"content":{"rendered":"","protected":false},"excerpt":{"rendered":"<h2>Wie verschenke ich einen Geschenkgutschein?<\/h2>\n<ol>\n<li>W\u00e4hlen Sie den Betrag<\/li>\n<li>Bestellen und bezahlen Sie Ihren Geschenkgutschein<\/li>\n<li>Laden Sie den per E-Mail erhaltenen Coupon herunter und drucken Sie ihn aus.<\/li>\n<li>Geben Sie auf dem Geschenkgutschein Ihren Namen und den Namen der Person an, die den Gutschein erhalten soll.<\/li>\n<li>Sie m\u00fcssen nur noch den Gutschein an den oder die Gl\u00fcckliche(n) verschenken.<\/li>\n<\/ol>\n<p>&nbsp;<\/p>\n<h2>Wie l\u00f6se ich einen Geschenkgutschein ein?<\/h2>\n<ol>\n<li>Besuchen Sie die Website unter der Rubrik &#8221; <a href=\"https:\/\/www.kisurfschool.com\/de\/preise-und-buchungen\/\">Preise und Reservierungen<\/a> &#8220;.<\/li>\n<li>Geben Sie das Datum an, das Ihnen am besten passt, je nach Verf\u00fcgbarkeit der Schule (wir werden alles tun, um Sie zufrieden zu stellen).<\/li>\n<li>F\u00fcllen Sie alle Felder aus, einschlie\u00dflich der Nummer Ihres Geschenkgutscheins und Ihrer Kontaktdaten.<\/li>\n<li>Wir werden uns umgehend mit Ihnen in Verbindung setzen, um Ihre Buchung zu best\u00e4tigen und Ihre Fragen zu beantworten.<\/li>\n<li>Bitte best\u00e4tigen Sie Ihr Kommen 15 Tage bis eine Woche vor dem Kursdatum.<\/li>\n<li>Wir teilen Ihnen den Treffpunkt und die Uhrzeit f\u00fcr den Surf- oder Tai Chi Chan-Kurs mit.<\/li>\n<li>Sie geben uns Ihren Geschenkgutschein mit der einmaligen Nummer und genie\u00dfen die Aktivit\u00e4ten.<\/li>\n<\/ol>\n","protected":false},"featured_media":3762,"comment_status":"open","ping_status":"closed","template":"","meta":{"_et_pb_use_builder":"","_et_pb_old_content":"","_et_gb_content_width":""},"product_brand":[],"product_cat":[208],"product_tag":[],"class_list":{"0":"post-3761","1":"product","2":"type-product","3":"status-publish","4":"has-post-thumbnail","6":"product_cat-geschenkgutscheine","8":"first","9":"instock","10":"shipping-taxable","11":"purchasable","12":"product-type-variable"},"yoast_head":"<!-- This site is optimized with the Yoast SEO plugin v27.3 - https:\/\/yoast.com\/product\/yoast-seo-wordpress\/ -->\n<title>Geschenkgutscheine - Ki Surf School - Ki Surf School - Surf et Taichi dans les Landes<\/title>\n<meta name=\"robots\" content=\"index, follow, max-snippet:-1, max-image-preview:large, max-video-preview:-1\" \/>\n<link rel=\"canonical\" href=\"https:\/\/www.kisurfschool.com\/produit\/bons-cadeaux-ki-surf-school\/\" \/>\n<meta property=\"og:locale\" content=\"de_DE\" \/>\n<meta property=\"og:type\" content=\"article\" \/>\n<meta property=\"og:title\" content=\"Geschenkgutscheine - Ki Surf School - Ki Surf School - Surf et Taichi dans les Landes\" \/>\n<meta property=\"og:description\" content=\"Wie verschenke ich einen Geschenkgutschein?  W\u00e4hlen Sie den Betrag  Bestellen und bezahlen Sie Ihren Geschenkgutschein  Laden Sie den per E-Mail erhaltenen Coupon herunter und drucken Sie ihn aus.  Geben Sie auf dem Geschenkgutschein Ihren Namen und den Namen der Person an, die den Gutschein erhalten soll.  Sie m\u00fcssen nur noch den Gutschein an den oder die Gl\u00fcckliche(n) verschenken. &nbsp; Wie l\u00f6se ich einen Geschenkgutschein ein?  Besuchen Sie die Website unter der Rubrik &quot; Preise und Reservierungen &quot;.  Geben Sie das Datum an, das Ihnen am besten passt, je nach Verf\u00fcgbarkeit der Schule (wir werden alles tun, um Sie zufrieden zu stellen).  F\u00fcllen Sie alle Felder aus, einschlie\u00dflich der Nummer Ihres Geschenkgutscheins und Ihrer Kontaktdaten.  Wir werden uns umgehend mit Ihnen in Verbindung setzen, um Ihre Buchung zu best\u00e4tigen und Ihre Fragen zu beantworten.  Bitte best\u00e4tigen Sie Ihr Kommen 15 Tage bis eine Woche vor dem Kursdatum.  Wir teilen Ihnen den Treffpunkt und die Uhrzeit f\u00fcr den Surf- oder Tai Chi Chan-Kurs mit.  Sie geben uns Ihren Geschenkgutschein mit der einmaligen Nummer und genie\u00dfen die Aktivit\u00e4ten.\" \/>\n<meta property=\"og:url\" content=\"https:\/\/www.kisurfschool.com\/produit\/bons-cadeaux-ki-surf-school\/\" \/>\n<meta property=\"og:site_name\" content=\"Ki Surf School - Surf et Taichi dans les Landes\" \/>\n<meta property=\"og:image\" content=\"https:\/\/www.kisurfschool.com\/wp-content\/uploads\/2026\/02\/bon-cadeau_page-0001.jpg\" \/>\n\t<meta property=\"og:image:width\" content=\"1211\" \/>\n\t<meta property=\"og:image:height\" content=\"828\" \/>\n\t<meta property=\"og:image:type\" content=\"image\/jpeg\" \/>\n<meta name=\"twitter:card\" content=\"summary_large_image\" \/>\n<script type=\"application\/ld+json\" class=\"yoast-schema-graph\">{\"@context\":\"https:\\\/\\\/schema.org\",\"@graph\":[{\"@type\":\"WebPage\",\"@id\":\"https:\\\/\\\/www.kisurfschool.com\\\/produit\\\/bons-cadeaux-ki-surf-school\\\/\",\"url\":\"https:\\\/\\\/www.kisurfschool.com\\\/produit\\\/bons-cadeaux-ki-surf-school\\\/\",\"name\":\"Geschenkgutscheine - Ki Surf School - Ki Surf School - Surf et Taichi dans les Landes\",\"isPartOf\":{\"@id\":\"https:\\\/\\\/www.kisurfschool.com\\\/#website\"},\"primaryImageOfPage\":{\"@id\":\"https:\\\/\\\/www.kisurfschool.com\\\/produit\\\/bons-cadeaux-ki-surf-school\\\/#primaryimage\"},\"image\":{\"@id\":\"https:\\\/\\\/www.kisurfschool.com\\\/produit\\\/bons-cadeaux-ki-surf-school\\\/#primaryimage\"},\"thumbnailUrl\":\"https:\\\/\\\/www.kisurfschool.com\\\/wp-content\\\/uploads\\\/2026\\\/02\\\/bon-cadeau_page-0001.jpg\",\"datePublished\":\"2026-02-18T15:12:31+00:00\",\"breadcrumb\":{\"@id\":\"https:\\\/\\\/www.kisurfschool.com\\\/produit\\\/bons-cadeaux-ki-surf-school\\\/#breadcrumb\"},\"inLanguage\":\"de-DE\",\"potentialAction\":[{\"@type\":\"ReadAction\",\"target\":[\"https:\\\/\\\/www.kisurfschool.com\\\/produit\\\/bons-cadeaux-ki-surf-school\\\/\"]}]},{\"@type\":\"ImageObject\",\"inLanguage\":\"de-DE\",\"@id\":\"https:\\\/\\\/www.kisurfschool.com\\\/produit\\\/bons-cadeaux-ki-surf-school\\\/#primaryimage\",\"url\":\"https:\\\/\\\/www.kisurfschool.com\\\/wp-content\\\/uploads\\\/2026\\\/02\\\/bon-cadeau_page-0001.jpg\",\"contentUrl\":\"https:\\\/\\\/www.kisurfschool.com\\\/wp-content\\\/uploads\\\/2026\\\/02\\\/bon-cadeau_page-0001.jpg\",\"width\":1211,\"height\":828,\"caption\":\"Geschenkgutschein Ki Surf School: Surfen und Taiji Quan. Verschenken Sie ein einzigartiges Erlebnis!\"},{\"@type\":\"BreadcrumbList\",\"@id\":\"https:\\\/\\\/www.kisurfschool.com\\\/produit\\\/bons-cadeaux-ki-surf-school\\\/#breadcrumb\",\"itemListElement\":[{\"@type\":\"ListItem\",\"position\":1,\"name\":\"Accueil\",\"item\":\"https:\\\/\\\/www.kisurfschool.com\\\/de\\\/ki-surf-school-surf-und-tai-chi\\\/\"},{\"@type\":\"ListItem\",\"position\":2,\"name\":\"Shop\",\"item\":\"https:\\\/\\\/www.kisurfschool.com\\\/de\\\/shop\\\/\"},{\"@type\":\"ListItem\",\"position\":3,\"name\":\"Geschenkgutscheine &#8211; Ki Surf School\"}]},{\"@type\":\"WebSite\",\"@id\":\"https:\\\/\\\/www.kisurfschool.com\\\/#website\",\"url\":\"https:\\\/\\\/www.kisurfschool.com\\\/\",\"name\":\"Ki Surf School - Surf et Taichi dans les Landes\",\"description\":\"Ki Surf School &amp; Miki Dorade - Surf, Taichi, h\u00e9bergements et textiles inspir\u00e9s par l&#039;oc\u00e9an\",\"potentialAction\":[{\"@type\":\"SearchAction\",\"target\":{\"@type\":\"EntryPoint\",\"urlTemplate\":\"https:\\\/\\\/www.kisurfschool.com\\\/?s={search_term_string}\"},\"query-input\":{\"@type\":\"PropertyValueSpecification\",\"valueRequired\":true,\"valueName\":\"search_term_string\"}}],\"inLanguage\":\"de-DE\"}]}<\/script>\n<!-- \/ Yoast SEO plugin. -->","yoast_head_json":{"title":"Geschenkgutscheine - Ki Surf School - Ki Surf School - Surf et Taichi dans les Landes","robots":{"index":"index","follow":"follow","max-snippet":"max-snippet:-1","max-image-preview":"max-image-preview:large","max-video-preview":"max-video-preview:-1"},"canonical":"https:\/\/www.kisurfschool.com\/produit\/bons-cadeaux-ki-surf-school\/","og_locale":"de_DE","og_type":"article","og_title":"Geschenkgutscheine - Ki Surf School - Ki Surf School - Surf et Taichi dans les Landes","og_description":"Wie verschenke ich einen Geschenkgutschein?  W\u00e4hlen Sie den Betrag  Bestellen und bezahlen Sie Ihren Geschenkgutschein  Laden Sie den per E-Mail erhaltenen Coupon herunter und drucken Sie ihn aus.  Geben Sie auf dem Geschenkgutschein Ihren Namen und den Namen der Person an, die den Gutschein erhalten soll.  Sie m\u00fcssen nur noch den Gutschein an den oder die Gl\u00fcckliche(n) verschenken. &nbsp; Wie l\u00f6se ich einen Geschenkgutschein ein?  Besuchen Sie die Website unter der Rubrik \" Preise und Reservierungen \".  Geben Sie das Datum an, das Ihnen am besten passt, je nach Verf\u00fcgbarkeit der Schule (wir werden alles tun, um Sie zufrieden zu stellen).  F\u00fcllen Sie alle Felder aus, einschlie\u00dflich der Nummer Ihres Geschenkgutscheins und Ihrer Kontaktdaten.  Wir werden uns umgehend mit Ihnen in Verbindung setzen, um Ihre Buchung zu best\u00e4tigen und Ihre Fragen zu beantworten.  Bitte best\u00e4tigen Sie Ihr Kommen 15 Tage bis eine Woche vor dem Kursdatum.  Wir teilen Ihnen den Treffpunkt und die Uhrzeit f\u00fcr den Surf- oder Tai Chi Chan-Kurs mit.  Sie geben uns Ihren Geschenkgutschein mit der einmaligen Nummer und genie\u00dfen die Aktivit\u00e4ten.","og_url":"https:\/\/www.kisurfschool.com\/produit\/bons-cadeaux-ki-surf-school\/","og_site_name":"Ki Surf School - Surf et Taichi dans les Landes","og_image":[{"width":1211,"height":828,"url":"https:\/\/www.kisurfschool.com\/wp-content\/uploads\/2026\/02\/bon-cadeau_page-0001.jpg","type":"image\/jpeg"}],"twitter_card":"summary_large_image","schema":{"@context":"https:\/\/schema.org","@graph":[{"@type":"WebPage","@id":"https:\/\/www.kisurfschool.com\/produit\/bons-cadeaux-ki-surf-school\/","url":"https:\/\/www.kisurfschool.com\/produit\/bons-cadeaux-ki-surf-school\/","name":"Geschenkgutscheine - Ki Surf School - Ki Surf School - Surf et Taichi dans les Landes","isPartOf":{"@id":"https:\/\/www.kisurfschool.com\/#website"},"primaryImageOfPage":{"@id":"https:\/\/www.kisurfschool.com\/produit\/bons-cadeaux-ki-surf-school\/#primaryimage"},"image":{"@id":"https:\/\/www.kisurfschool.com\/produit\/bons-cadeaux-ki-surf-school\/#primaryimage"},"thumbnailUrl":"https:\/\/www.kisurfschool.com\/wp-content\/uploads\/2026\/02\/bon-cadeau_page-0001.jpg","datePublished":"2026-02-18T15:12:31+00:00","breadcrumb":{"@id":"https:\/\/www.kisurfschool.com\/produit\/bons-cadeaux-ki-surf-school\/#breadcrumb"},"inLanguage":"de-DE","potentialAction":[{"@type":"ReadAction","target":["https:\/\/www.kisurfschool.com\/produit\/bons-cadeaux-ki-surf-school\/"]}]},{"@type":"ImageObject","inLanguage":"de-DE","@id":"https:\/\/www.kisurfschool.com\/produit\/bons-cadeaux-ki-surf-school\/#primaryimage","url":"https:\/\/www.kisurfschool.com\/wp-content\/uploads\/2026\/02\/bon-cadeau_page-0001.jpg","contentUrl":"https:\/\/www.kisurfschool.com\/wp-content\/uploads\/2026\/02\/bon-cadeau_page-0001.jpg","width":1211,"height":828,"caption":"Geschenkgutschein Ki Surf School: Surfen und Taiji Quan. Verschenken Sie ein einzigartiges Erlebnis!"},{"@type":"BreadcrumbList","@id":"https:\/\/www.kisurfschool.com\/produit\/bons-cadeaux-ki-surf-school\/#breadcrumb","itemListElement":[{"@type":"ListItem","position":1,"name":"Accueil","item":"https:\/\/www.kisurfschool.com\/de\/ki-surf-school-surf-und-tai-chi\/"},{"@type":"ListItem","position":2,"name":"Shop","item":"https:\/\/www.kisurfschool.com\/de\/shop\/"},{"@type":"ListItem","position":3,"name":"Geschenkgutscheine &#8211; Ki Surf School"}]},{"@type":"WebSite","@id":"https:\/\/www.kisurfschool.com\/#website","url":"https:\/\/www.kisurfschool.com\/","name":"Ki Surf School - Surf et Taichi dans les Landes","description":"Ki Surf School &amp; Miki Dorade - Surf, Taichi, h\u00e9bergements et textiles inspir\u00e9s par l&#039;oc\u00e9an","potentialAction":[{"@type":"SearchAction","target":{"@type":"EntryPoint","urlTemplate":"https:\/\/www.kisurfschool.com\/?s={search_term_string}"},"query-input":{"@type":"PropertyValueSpecification","valueRequired":true,"valueName":"search_term_string"}}],"inLanguage":"de-DE"}]}},"_links":{"self":[{"href":"https:\/\/www.kisurfschool.com\/de\/wp-json\/wp\/v2\/product\/3761","targetHints":{"allow":["GET"]}}],"collection":[{"href":"https:\/\/www.kisurfschool.com\/de\/wp-json\/wp\/v2\/product"}],"about":[{"href":"https:\/\/www.kisurfschool.com\/de\/wp-json\/wp\/v2\/types\/product"}],"replies":[{"embeddable":true,"href":"https:\/\/www.kisurfschool.com\/de\/wp-json\/wp\/v2\/comments?post=3761"}],"wp:featuredmedia":[{"embeddable":true,"href":"https:\/\/www.kisurfschool.com\/de\/wp-json\/wp\/v2\/media\/3762"}],"wp:attachment":[{"href":"https:\/\/www.kisurfschool.com\/de\/wp-json\/wp\/v2\/media?parent=3761"}],"wp:term":[{"taxonomy":"product_brand","embeddable":true,"href":"https:\/\/www.kisurfschool.com\/de\/wp-json\/wp\/v2\/product_brand?post=3761"},{"taxonomy":"product_cat","embeddable":true,"href":"https:\/\/www.kisurfschool.com\/de\/wp-json\/wp\/v2\/product_cat?post=3761"},{"taxonomy":"product_tag","embeddable":true,"href":"https:\/\/www.kisurfschool.com\/de\/wp-json\/wp\/v2\/product_tag?post=3761"}],"curies":[{"name":"wp","href":"https:\/\/api.w.org\/{rel}","templated":true}]}}