{"id":2294,"date":"2025-10-06T08:20:30","date_gmt":"2025-10-06T08:20:30","guid":{"rendered":"https:\/\/kisurfschool.gypsea-agency.fr\/produit\/ki-surf-school-damen-t-shirts\/"},"modified":"2026-02-28T14:51:57","modified_gmt":"2026-02-28T14:51:57","slug":"ki-surf-school-damen-t-shirts","status":"publish","type":"product","link":"https:\/\/www.kisurfschool.com\/de\/produit\/ki-surf-school-damen-t-shirts\/","title":{"rendered":"KI SURF SCHOOL Damen T-Shirts"},"content":{"rendered":"","protected":false},"excerpt":{"rendered":"","protected":false},"featured_media":2302,"comment_status":"open","ping_status":"closed","template":"","meta":{"_et_pb_use_builder":"","_et_pb_old_content":"","_et_gb_content_width":""},"product_brand":[],"product_cat":[151,152],"product_tag":[],"class_list":{"0":"post-2294","1":"product","2":"type-product","3":"status-publish","4":"has-post-thumbnail","6":"product_cat-miki-dorade","7":"product_cat-t-shirt","8":"product_shipping_class-textilien","10":"first","11":"instock","12":"shipping-taxable","13":"purchasable","14":"product-type-variable"},"yoast_head":"<!-- This site is optimized with the Yoast SEO plugin v27.1.1 - https:\/\/yoast.com\/product\/yoast-seo-wordpress\/ -->\n<title>KI SURF SCHOOL Damen T-Shirts - Ki Surf School - Surf et Taichi dans les Landes<\/title>\n<meta name=\"robots\" content=\"index, follow, max-snippet:-1, max-image-preview:large, max-video-preview:-1\" \/>\n<link rel=\"canonical\" href=\"https:\/\/www.kisurfschool.com\/de\/produit\/ki-surf-school-damen-t-shirts\/\" \/>\n<meta property=\"og:locale\" content=\"de_DE\" \/>\n<meta property=\"og:type\" content=\"article\" \/>\n<meta property=\"og:title\" content=\"KI SURF SCHOOL Damen T-Shirts - Ki Surf School - Surf et Taichi dans les Landes\" \/>\n<meta property=\"og:url\" content=\"https:\/\/www.kisurfschool.com\/de\/produit\/ki-surf-school-damen-t-shirts\/\" \/>\n<meta property=\"og:site_name\" content=\"Ki Surf School - Surf et Taichi dans les Landes\" \/>\n<meta property=\"article:modified_time\" content=\"2026-02-28T14:51:57+00:00\" \/>\n<meta property=\"og:image\" content=\"https:\/\/www.kisurfschool.com\/wp-content\/uploads\/2025\/10\/Tshirt-Fille-KiSS-couleur-sable-1-scaled.jpg\" \/>\n\t<meta property=\"og:image:width\" content=\"2560\" \/>\n\t<meta property=\"og:image:height\" content=\"2146\" \/>\n\t<meta property=\"og:image:type\" content=\"image\/jpeg\" \/>\n<meta name=\"twitter:card\" content=\"summary_large_image\" \/>\n<script type=\"application\/ld+json\" class=\"yoast-schema-graph\">{\"@context\":\"https:\/\/schema.org\",\"@graph\":[{\"@type\":\"WebPage\",\"@id\":\"https:\/\/www.kisurfschool.com\/de\/produit\/ki-surf-school-damen-t-shirts\/\",\"url\":\"https:\/\/www.kisurfschool.com\/de\/produit\/ki-surf-school-damen-t-shirts\/\",\"name\":\"KI SURF SCHOOL Damen T-Shirts - Ki Surf School - Surf et Taichi dans les Landes\",\"isPartOf\":{\"@id\":\"https:\/\/www.kisurfschool.com\/#website\"},\"primaryImageOfPage\":{\"@id\":\"https:\/\/www.kisurfschool.com\/de\/produit\/ki-surf-school-damen-t-shirts\/#primaryimage\"},\"image\":{\"@id\":\"https:\/\/www.kisurfschool.com\/de\/produit\/ki-surf-school-damen-t-shirts\/#primaryimage\"},\"thumbnailUrl\":\"https:\/\/www.kisurfschool.com\/wp-content\/uploads\/2025\/10\/Tshirt-Fille-KiSS-couleur-sable-1-scaled.jpg\",\"datePublished\":\"2025-10-06T08:20:30+00:00\",\"dateModified\":\"2026-02-28T14:51:57+00:00\",\"breadcrumb\":{\"@id\":\"https:\/\/www.kisurfschool.com\/de\/produit\/ki-surf-school-damen-t-shirts\/#breadcrumb\"},\"inLanguage\":\"de-DE\",\"potentialAction\":[{\"@type\":\"ReadAction\",\"target\":[\"https:\/\/www.kisurfschool.com\/de\/produit\/ki-surf-school-damen-t-shirts\/\"]}]},{\"@type\":\"ImageObject\",\"inLanguage\":\"de-DE\",\"@id\":\"https:\/\/www.kisurfschool.com\/de\/produit\/ki-surf-school-damen-t-shirts\/#primaryimage\",\"url\":\"https:\/\/www.kisurfschool.com\/wp-content\/uploads\/2025\/10\/Tshirt-Fille-KiSS-couleur-sable-1-scaled.jpg\",\"contentUrl\":\"https:\/\/www.kisurfschool.com\/wp-content\/uploads\/2025\/10\/Tshirt-Fille-KiSS-couleur-sable-1-scaled.jpg\",\"width\":2560,\"height\":2146,\"caption\":\"L\u00e4chelnde Frau in einem KI SURF SCHOOL Unisex Sweat T-Shirt. Haare im Wind.\"},{\"@type\":\"BreadcrumbList\",\"@id\":\"https:\/\/www.kisurfschool.com\/de\/produit\/ki-surf-school-damen-t-shirts\/#breadcrumb\",\"itemListElement\":[{\"@type\":\"ListItem\",\"position\":1,\"name\":\"Accueil\",\"item\":\"https:\/\/www.kisurfschool.com\/de\/ki-surf-school-surf-und-tai-chi\/\"},{\"@type\":\"ListItem\",\"position\":2,\"name\":\"Shop\",\"item\":\"https:\/\/www.kisurfschool.com\/de\/shop\/\"},{\"@type\":\"ListItem\",\"position\":3,\"name\":\"KI SURF SCHOOL Damen T-Shirts\"}]},{\"@type\":\"WebSite\",\"@id\":\"https:\/\/www.kisurfschool.com\/#website\",\"url\":\"https:\/\/www.kisurfschool.com\/\",\"name\":\"Ki Surf School - Surf et Taichi dans les Landes\",\"description\":\"Ki Surf School &amp; Miki Dorade - Surf, Taichi, h\u00e9bergements et textiles inspir\u00e9s par l&#039;oc\u00e9an\",\"potentialAction\":[{\"@type\":\"SearchAction\",\"target\":{\"@type\":\"EntryPoint\",\"urlTemplate\":\"https:\/\/www.kisurfschool.com\/?s={search_term_string}\"},\"query-input\":{\"@type\":\"PropertyValueSpecification\",\"valueRequired\":true,\"valueName\":\"search_term_string\"}}],\"inLanguage\":\"de-DE\"}]}<\/script>\n<!-- \/ Yoast SEO plugin. -->","yoast_head_json":{"title":"KI SURF SCHOOL Damen T-Shirts - Ki Surf School - Surf et Taichi dans les Landes","robots":{"index":"index","follow":"follow","max-snippet":"max-snippet:-1","max-image-preview":"max-image-preview:large","max-video-preview":"max-video-preview:-1"},"canonical":"https:\/\/www.kisurfschool.com\/de\/produit\/ki-surf-school-damen-t-shirts\/","og_locale":"de_DE","og_type":"article","og_title":"KI SURF SCHOOL Damen T-Shirts - Ki Surf School - Surf et Taichi dans les Landes","og_url":"https:\/\/www.kisurfschool.com\/de\/produit\/ki-surf-school-damen-t-shirts\/","og_site_name":"Ki Surf School - Surf et Taichi dans les Landes","article_modified_time":"2026-02-28T14:51:57+00:00","og_image":[{"width":2560,"height":2146,"url":"https:\/\/www.kisurfschool.com\/wp-content\/uploads\/2025\/10\/Tshirt-Fille-KiSS-couleur-sable-1-scaled.jpg","type":"image\/jpeg"}],"twitter_card":"summary_large_image","schema":{"@context":"https:\/\/schema.org","@graph":[{"@type":"WebPage","@id":"https:\/\/www.kisurfschool.com\/de\/produit\/ki-surf-school-damen-t-shirts\/","url":"https:\/\/www.kisurfschool.com\/de\/produit\/ki-surf-school-damen-t-shirts\/","name":"KI SURF SCHOOL Damen T-Shirts - Ki Surf School - Surf et Taichi dans les Landes","isPartOf":{"@id":"https:\/\/www.kisurfschool.com\/#website"},"primaryImageOfPage":{"@id":"https:\/\/www.kisurfschool.com\/de\/produit\/ki-surf-school-damen-t-shirts\/#primaryimage"},"image":{"@id":"https:\/\/www.kisurfschool.com\/de\/produit\/ki-surf-school-damen-t-shirts\/#primaryimage"},"thumbnailUrl":"https:\/\/www.kisurfschool.com\/wp-content\/uploads\/2025\/10\/Tshirt-Fille-KiSS-couleur-sable-1-scaled.jpg","datePublished":"2025-10-06T08:20:30+00:00","dateModified":"2026-02-28T14:51:57+00:00","breadcrumb":{"@id":"https:\/\/www.kisurfschool.com\/de\/produit\/ki-surf-school-damen-t-shirts\/#breadcrumb"},"inLanguage":"de-DE","potentialAction":[{"@type":"ReadAction","target":["https:\/\/www.kisurfschool.com\/de\/produit\/ki-surf-school-damen-t-shirts\/"]}]},{"@type":"ImageObject","inLanguage":"de-DE","@id":"https:\/\/www.kisurfschool.com\/de\/produit\/ki-surf-school-damen-t-shirts\/#primaryimage","url":"https:\/\/www.kisurfschool.com\/wp-content\/uploads\/2025\/10\/Tshirt-Fille-KiSS-couleur-sable-1-scaled.jpg","contentUrl":"https:\/\/www.kisurfschool.com\/wp-content\/uploads\/2025\/10\/Tshirt-Fille-KiSS-couleur-sable-1-scaled.jpg","width":2560,"height":2146,"caption":"L\u00e4chelnde Frau in einem KI SURF SCHOOL Unisex Sweat T-Shirt. Haare im Wind."},{"@type":"BreadcrumbList","@id":"https:\/\/www.kisurfschool.com\/de\/produit\/ki-surf-school-damen-t-shirts\/#breadcrumb","itemListElement":[{"@type":"ListItem","position":1,"name":"Accueil","item":"https:\/\/www.kisurfschool.com\/de\/ki-surf-school-surf-und-tai-chi\/"},{"@type":"ListItem","position":2,"name":"Shop","item":"https:\/\/www.kisurfschool.com\/de\/shop\/"},{"@type":"ListItem","position":3,"name":"KI SURF SCHOOL Damen T-Shirts"}]},{"@type":"WebSite","@id":"https:\/\/www.kisurfschool.com\/#website","url":"https:\/\/www.kisurfschool.com\/","name":"Ki Surf School - Surf et Taichi dans les Landes","description":"Ki Surf School &amp; Miki Dorade - Surf, Taichi, h\u00e9bergements et textiles inspir\u00e9s par l&#039;oc\u00e9an","potentialAction":[{"@type":"SearchAction","target":{"@type":"EntryPoint","urlTemplate":"https:\/\/www.kisurfschool.com\/?s={search_term_string}"},"query-input":{"@type":"PropertyValueSpecification","valueRequired":true,"valueName":"search_term_string"}}],"inLanguage":"de-DE"}]}},"_links":{"self":[{"href":"https:\/\/www.kisurfschool.com\/de\/wp-json\/wp\/v2\/product\/2294","targetHints":{"allow":["GET"]}}],"collection":[{"href":"https:\/\/www.kisurfschool.com\/de\/wp-json\/wp\/v2\/product"}],"about":[{"href":"https:\/\/www.kisurfschool.com\/de\/wp-json\/wp\/v2\/types\/product"}],"replies":[{"embeddable":true,"href":"https:\/\/www.kisurfschool.com\/de\/wp-json\/wp\/v2\/comments?post=2294"}],"wp:featuredmedia":[{"embeddable":true,"href":"https:\/\/www.kisurfschool.com\/de\/wp-json\/wp\/v2\/media\/2302"}],"wp:attachment":[{"href":"https:\/\/www.kisurfschool.com\/de\/wp-json\/wp\/v2\/media?parent=2294"}],"wp:term":[{"taxonomy":"product_brand","embeddable":true,"href":"https:\/\/www.kisurfschool.com\/de\/wp-json\/wp\/v2\/product_brand?post=2294"},{"taxonomy":"product_cat","embeddable":true,"href":"https:\/\/www.kisurfschool.com\/de\/wp-json\/wp\/v2\/product_cat?post=2294"},{"taxonomy":"product_tag","embeddable":true,"href":"https:\/\/www.kisurfschool.com\/de\/wp-json\/wp\/v2\/product_tag?post=2294"}],"curies":[{"name":"wp","href":"https:\/\/api.w.org\/{rel}","templated":true}]}}