{"id":1891,"date":"2025-10-06T08:58:59","date_gmt":"2025-10-06T08:58:59","guid":{"rendered":"https:\/\/kisurfschool.gypsea-agency.fr\/produit\/surfen-gruppenkurs-4-std\/"},"modified":"2025-10-06T08:58:59","modified_gmt":"2025-10-06T08:58:59","slug":"surfen-gruppenkurs-4-std","status":"publish","type":"product","link":"https:\/\/www.kisurfschool.com\/de\/produit\/surfen-gruppenkurs-4-std\/","title":{"rendered":"Surfen &#8211; Gruppenkurs 4 Std."},"content":{"rendered":"","protected":false},"excerpt":{"rendered":"<p>Tauchen Sie mit einer 4-st\u00fcndigen Session in Seignosse, Hossegor oder Capbreton vollst\u00e4ndig in die Welt des Surfens ein. In Begleitung eines diplomierten Surflehrers erhalten Sie einen individuellen Unterricht, bei dem sich Theorie und Praxis abwechseln, damit Sie in Ihrem eigenen Rhythmus auf den sch\u00f6nsten Wellen der Landes Fortschritte machen k\u00f6nnen. Die Ausr\u00fcstung ist im Preis inbegriffen (Surfbrett und Neoprenanzug).    <a href=\"http:\/\/Vivez%20une%20immersion%20compl%C3%A8te%20dans%20l%E2%80%99univers%20du%20surf%20avec%20une%20session%20de%204%20heures%20%C3%A0%20Seignosse,%20Hossegor%20ou%20Capbreton.%20Accompagn%C3%A9%20d%E2%80%99un%20moniteur%20dipl%C3%B4m%C3%A9,%20vous%20profitez%20d%E2%80%99un%20enseignement%20personnalis%C3%A9%20alternant%20th%C3%A9orie%20et%20pratique,%20pour%20progresser%20%C3%A0%20votre%20rythme%20sur%20les%20plus%20belles%20vagues%20landaises.%20Mat%C3%A9riel%20inclus%20(planche%20et%20combinaison).&lt;a%20href=\" target=\"_blank\" rel=\"noopener\">Entdecken Sie das Surfen mit Ki Surf School<\/a><\/p>\n","protected":false},"featured_media":183,"comment_status":"open","ping_status":"closed","template":"","meta":{"_et_pb_use_builder":"on","_et_pb_old_content":"","_et_gb_content_width":""},"product_brand":[],"product_cat":[119],"product_tag":[],"class_list":{"0":"post-1891","1":"product","2":"type-product","3":"status-publish","4":"has-post-thumbnail","6":"product_cat-nicht-kategorisiert","8":"first","9":"instock","10":"shipping-taxable","11":"purchasable","12":"product-type-simple"},"yoast_head":"<!-- This site is optimized with the Yoast SEO plugin v27.5 - https:\/\/yoast.com\/product\/yoast-seo-wordpress\/ -->\n<title>Surfen - Gruppenkurs 4 Std. - Ki Surf School - Surf et Taichi dans les Landes<\/title>\n<meta name=\"robots\" content=\"index, follow, max-snippet:-1, max-image-preview:large, max-video-preview:-1\" \/>\n<link rel=\"canonical\" href=\"https:\/\/www.kisurfschool.com\/produit\/surf-cours-collectif-4h\/\" \/>\n<meta property=\"og:locale\" content=\"de_DE\" \/>\n<meta property=\"og:type\" content=\"article\" \/>\n<meta property=\"og:title\" content=\"Surfen - Gruppenkurs 4 Std. - Ki Surf School - Surf et Taichi dans les Landes\" \/>\n<meta property=\"og:description\" content=\"Tauchen Sie mit einer 4-st\u00fcndigen Session in Seignosse, Hossegor oder Capbreton vollst\u00e4ndig in die Welt des Surfens ein. In Begleitung eines diplomierten Surflehrers erhalten Sie einen individuellen Unterricht, bei dem sich Theorie und Praxis abwechseln, damit Sie in Ihrem eigenen Rhythmus auf den sch\u00f6nsten Wellen der Landes Fortschritte machen k\u00f6nnen. Die Ausr\u00fcstung ist im Preis inbegriffen (Surfbrett und Neoprenanzug).  Entdecken Sie das Surfen mit Ki Surf School\" \/>\n<meta property=\"og:url\" content=\"https:\/\/www.kisurfschool.com\/produit\/surf-cours-collectif-4h\/\" \/>\n<meta property=\"og:site_name\" content=\"Ki Surf School - Surf et Taichi dans les Landes\" \/>\n<meta property=\"og:image\" content=\"https:\/\/www.kisurfschool.com\/wp-content\/uploads\/2025\/07\/IMG_3272.jpg\" \/>\n\t<meta property=\"og:image:width\" content=\"1334\" \/>\n\t<meta property=\"og:image:height\" content=\"1000\" \/>\n\t<meta property=\"og:image:type\" content=\"image\/jpeg\" \/>\n<meta name=\"twitter:card\" content=\"summary_large_image\" \/>\n<script type=\"application\/ld+json\" class=\"yoast-schema-graph\">{\"@context\":\"https:\\\/\\\/schema.org\",\"@graph\":[{\"@type\":\"WebPage\",\"@id\":\"https:\\\/\\\/www.kisurfschool.com\\\/produit\\\/surf-cours-collectif-4h\\\/\",\"url\":\"https:\\\/\\\/www.kisurfschool.com\\\/produit\\\/surf-cours-collectif-4h\\\/\",\"name\":\"Surfen - Gruppenkurs 4 Std. - Ki Surf School - Surf et Taichi dans les Landes\",\"isPartOf\":{\"@id\":\"https:\\\/\\\/www.kisurfschool.com\\\/#website\"},\"primaryImageOfPage\":{\"@id\":\"https:\\\/\\\/www.kisurfschool.com\\\/produit\\\/surf-cours-collectif-4h\\\/#primaryimage\"},\"image\":{\"@id\":\"https:\\\/\\\/www.kisurfschool.com\\\/produit\\\/surf-cours-collectif-4h\\\/#primaryimage\"},\"thumbnailUrl\":\"https:\\\/\\\/www.kisurfschool.com\\\/wp-content\\\/uploads\\\/2025\\\/07\\\/IMG_3272.jpg\",\"datePublished\":\"2025-10-06T08:58:59+00:00\",\"breadcrumb\":{\"@id\":\"https:\\\/\\\/www.kisurfschool.com\\\/produit\\\/surf-cours-collectif-4h\\\/#breadcrumb\"},\"inLanguage\":\"de-DE\",\"potentialAction\":[{\"@type\":\"ReadAction\",\"target\":[\"https:\\\/\\\/www.kisurfschool.com\\\/produit\\\/surf-cours-collectif-4h\\\/\"]}]},{\"@type\":\"ImageObject\",\"inLanguage\":\"de-DE\",\"@id\":\"https:\\\/\\\/www.kisurfschool.com\\\/produit\\\/surf-cours-collectif-4h\\\/#primaryimage\",\"url\":\"https:\\\/\\\/www.kisurfschool.com\\\/wp-content\\\/uploads\\\/2025\\\/07\\\/IMG_3272.jpg\",\"contentUrl\":\"https:\\\/\\\/www.kisurfschool.com\\\/wp-content\\\/uploads\\\/2025\\\/07\\\/IMG_3272.jpg\",\"width\":1334,\"height\":1000,\"caption\":\"Vue a\u00e9rienne de surfeurs sur des planches \u00e0 pagaie dans l'eau calme de l'oc\u00e9an.\"},{\"@type\":\"BreadcrumbList\",\"@id\":\"https:\\\/\\\/www.kisurfschool.com\\\/produit\\\/surf-cours-collectif-4h\\\/#breadcrumb\",\"itemListElement\":[{\"@type\":\"ListItem\",\"position\":1,\"name\":\"Accueil\",\"item\":\"https:\\\/\\\/www.kisurfschool.com\\\/de\\\/\"},{\"@type\":\"ListItem\",\"position\":2,\"name\":\"Shop\",\"item\":\"https:\\\/\\\/www.kisurfschool.com\\\/de\\\/shop\\\/\"},{\"@type\":\"ListItem\",\"position\":3,\"name\":\"Surfen &#8211; Gruppenkurs 4 Std.\"}]},{\"@type\":\"WebSite\",\"@id\":\"https:\\\/\\\/www.kisurfschool.com\\\/#website\",\"url\":\"https:\\\/\\\/www.kisurfschool.com\\\/\",\"name\":\"Ki Surf School - Surf et Taichi dans les Landes\",\"description\":\"Ki Surf School &amp; Miki Dorade - Surf, Taichi, h\u00e9bergements et textiles inspir\u00e9s par l&#039;oc\u00e9an\",\"potentialAction\":[{\"@type\":\"SearchAction\",\"target\":{\"@type\":\"EntryPoint\",\"urlTemplate\":\"https:\\\/\\\/www.kisurfschool.com\\\/?s={search_term_string}\"},\"query-input\":{\"@type\":\"PropertyValueSpecification\",\"valueRequired\":true,\"valueName\":\"search_term_string\"}}],\"inLanguage\":\"de-DE\"}]}<\/script>\n<!-- \/ Yoast SEO plugin. -->","yoast_head_json":{"title":"Surfen - Gruppenkurs 4 Std. - Ki Surf School - Surf et Taichi dans les Landes","robots":{"index":"index","follow":"follow","max-snippet":"max-snippet:-1","max-image-preview":"max-image-preview:large","max-video-preview":"max-video-preview:-1"},"canonical":"https:\/\/www.kisurfschool.com\/produit\/surf-cours-collectif-4h\/","og_locale":"de_DE","og_type":"article","og_title":"Surfen - Gruppenkurs 4 Std. - Ki Surf School - Surf et Taichi dans les Landes","og_description":"Tauchen Sie mit einer 4-st\u00fcndigen Session in Seignosse, Hossegor oder Capbreton vollst\u00e4ndig in die Welt des Surfens ein. In Begleitung eines diplomierten Surflehrers erhalten Sie einen individuellen Unterricht, bei dem sich Theorie und Praxis abwechseln, damit Sie in Ihrem eigenen Rhythmus auf den sch\u00f6nsten Wellen der Landes Fortschritte machen k\u00f6nnen. Die Ausr\u00fcstung ist im Preis inbegriffen (Surfbrett und Neoprenanzug).  Entdecken Sie das Surfen mit Ki Surf School","og_url":"https:\/\/www.kisurfschool.com\/produit\/surf-cours-collectif-4h\/","og_site_name":"Ki Surf School - Surf et Taichi dans les Landes","og_image":[{"width":1334,"height":1000,"url":"https:\/\/www.kisurfschool.com\/wp-content\/uploads\/2025\/07\/IMG_3272.jpg","type":"image\/jpeg"}],"twitter_card":"summary_large_image","schema":{"@context":"https:\/\/schema.org","@graph":[{"@type":"WebPage","@id":"https:\/\/www.kisurfschool.com\/produit\/surf-cours-collectif-4h\/","url":"https:\/\/www.kisurfschool.com\/produit\/surf-cours-collectif-4h\/","name":"Surfen - Gruppenkurs 4 Std. - Ki Surf School - Surf et Taichi dans les Landes","isPartOf":{"@id":"https:\/\/www.kisurfschool.com\/#website"},"primaryImageOfPage":{"@id":"https:\/\/www.kisurfschool.com\/produit\/surf-cours-collectif-4h\/#primaryimage"},"image":{"@id":"https:\/\/www.kisurfschool.com\/produit\/surf-cours-collectif-4h\/#primaryimage"},"thumbnailUrl":"https:\/\/www.kisurfschool.com\/wp-content\/uploads\/2025\/07\/IMG_3272.jpg","datePublished":"2025-10-06T08:58:59+00:00","breadcrumb":{"@id":"https:\/\/www.kisurfschool.com\/produit\/surf-cours-collectif-4h\/#breadcrumb"},"inLanguage":"de-DE","potentialAction":[{"@type":"ReadAction","target":["https:\/\/www.kisurfschool.com\/produit\/surf-cours-collectif-4h\/"]}]},{"@type":"ImageObject","inLanguage":"de-DE","@id":"https:\/\/www.kisurfschool.com\/produit\/surf-cours-collectif-4h\/#primaryimage","url":"https:\/\/www.kisurfschool.com\/wp-content\/uploads\/2025\/07\/IMG_3272.jpg","contentUrl":"https:\/\/www.kisurfschool.com\/wp-content\/uploads\/2025\/07\/IMG_3272.jpg","width":1334,"height":1000,"caption":"Vue a\u00e9rienne de surfeurs sur des planches \u00e0 pagaie dans l'eau calme de l'oc\u00e9an."},{"@type":"BreadcrumbList","@id":"https:\/\/www.kisurfschool.com\/produit\/surf-cours-collectif-4h\/#breadcrumb","itemListElement":[{"@type":"ListItem","position":1,"name":"Accueil","item":"https:\/\/www.kisurfschool.com\/de\/"},{"@type":"ListItem","position":2,"name":"Shop","item":"https:\/\/www.kisurfschool.com\/de\/shop\/"},{"@type":"ListItem","position":3,"name":"Surfen &#8211; Gruppenkurs 4 Std."}]},{"@type":"WebSite","@id":"https:\/\/www.kisurfschool.com\/#website","url":"https:\/\/www.kisurfschool.com\/","name":"Ki Surf School - Surf et Taichi dans les Landes","description":"Ki Surf School &amp; Miki Dorade - Surf, Taichi, h\u00e9bergements et textiles inspir\u00e9s par l&#039;oc\u00e9an","potentialAction":[{"@type":"SearchAction","target":{"@type":"EntryPoint","urlTemplate":"https:\/\/www.kisurfschool.com\/?s={search_term_string}"},"query-input":{"@type":"PropertyValueSpecification","valueRequired":true,"valueName":"search_term_string"}}],"inLanguage":"de-DE"}]}},"_links":{"self":[{"href":"https:\/\/www.kisurfschool.com\/de\/wp-json\/wp\/v2\/product\/1891","targetHints":{"allow":["GET"]}}],"collection":[{"href":"https:\/\/www.kisurfschool.com\/de\/wp-json\/wp\/v2\/product"}],"about":[{"href":"https:\/\/www.kisurfschool.com\/de\/wp-json\/wp\/v2\/types\/product"}],"replies":[{"embeddable":true,"href":"https:\/\/www.kisurfschool.com\/de\/wp-json\/wp\/v2\/comments?post=1891"}],"wp:featuredmedia":[{"embeddable":true,"href":"https:\/\/www.kisurfschool.com\/de\/wp-json\/wp\/v2\/media\/183"}],"wp:attachment":[{"href":"https:\/\/www.kisurfschool.com\/de\/wp-json\/wp\/v2\/media?parent=1891"}],"wp:term":[{"taxonomy":"product_brand","embeddable":true,"href":"https:\/\/www.kisurfschool.com\/de\/wp-json\/wp\/v2\/product_brand?post=1891"},{"taxonomy":"product_cat","embeddable":true,"href":"https:\/\/www.kisurfschool.com\/de\/wp-json\/wp\/v2\/product_cat?post=1891"},{"taxonomy":"product_tag","embeddable":true,"href":"https:\/\/www.kisurfschool.com\/de\/wp-json\/wp\/v2\/product_tag?post=1891"}],"curies":[{"name":"wp","href":"https:\/\/api.w.org\/{rel}","templated":true}]}}