{"id":1781,"date":"2025-07-16T09:02:51","date_gmt":"2025-07-16T09:02:51","guid":{"rendered":"https:\/\/kisurfschool.gypsea-agency.fr\/surfclub-ki-surf-school-x-taichi-surf-tribe\/"},"modified":"2026-02-16T10:29:36","modified_gmt":"2026-02-16T10:29:36","slug":"surfclub-ki-surf-school-x-taichi-surf-tribe","status":"publish","type":"page","link":"https:\/\/www.kisurfschool.com\/de\/surfclub-ki-surf-school-x-taichi-surf-tribe\/","title":{"rendered":"Surfclub Ki Surf School x Taichi Surf Tribe"},"content":{"rendered":"<p>[et_pb_section fb_built=&#8221;1&#8243; _builder_version=&#8221;4.27.5&#8243; _module_preset=&#8221;default&#8221; custom_padding=&#8221;||0px|||&#8221; hover_enabled=&#8221;0&#8243; global_colors_info=&#8221;{}&#8221; sticky_enabled=&#8221;0&#8243;][et_pb_row column_structure=&#8221;3_5,2_5&#8243; _builder_version=&#8221;4.27.5&#8243; _module_preset=&#8221;default&#8221; global_colors_info=&#8221;{}&#8221; max_width=&#8221;100%&#8221; module_alignment=&#8221;center&#8221; width=&#8221;100%&#8221; hover_enabled=&#8221;0&#8243; sticky_enabled=&#8221;0&#8243;][et_pb_column type=&#8221;3_5&#8243; _builder_version=&#8221;4.27.5&#8243; _module_preset=&#8221;default&#8221; background_enable_color=&#8221;off&#8221; background_enable_image=&#8221;off&#8221; background_size=&#8221;initial&#8221; background_blend=&#8221;overlay&#8221; background_enable_video_mp4=&#8221;off&#8221; background_video_width=&#8221;734px&#8221; background_video_height=&#8221;587px&#8221; allow_player_pause=&#8221;on&#8221; background_video_pause_outside_viewport=&#8221;off&#8221; global_colors_info=&#8221;{}&#8221;][et_pb_image src=&#8221;https:\/\/www.kisurfschool.com\/wp-content\/uploads\/2026\/01\/5-2.png&#8221; alt=&#8221;Nahaufnahme eines schwarzen Surfbretts, Surfkurse.&#8221; title_text=&#8221;5 2&#8243; force_fullwidth=&#8221;on&#8221; _builder_version=&#8221;4.27.5&#8243; _module_preset=&#8221;default&#8221; background_image=&#8221;https:\/\/www.kisurfschool.com\/wp-content\/uploads\/2026\/01\/KiSurfSchool-9bis-scaled.jpg&#8221; hover_enabled=&#8221;0&#8243; locked=&#8221;off&#8221; global_colors_info=&#8221;{}&#8221; sticky_enabled=&#8221;0&#8243;][\/et_pb_image][\/et_pb_column][et_pb_column type=&#8221;2_5&#8243; module_class=&#8221;centrer-verticalement&#8221; _builder_version=&#8221;4.27.4&#8243; _module_preset=&#8221;default&#8221; global_colors_info=&#8221;{}&#8221;][et_pb_text _builder_version=&#8221;4.27.5&#8243; _module_preset=&#8221;default&#8221; text_text_color=&#8221;#000000&#8243; header_font=&#8221;Chewy||||||||&#8221; header_2_font=&#8221;Abel|||on|||||&#8221; width_tablet=&#8221;50%&#8221; width_phone=&#8221;90%&#8221; width_last_edited=&#8221;on|desktop&#8221; max_width=&#8221;60%&#8221; max_width_tablet=&#8221;60%&#8221; max_width_phone=&#8221;90%&#8221; max_width_last_edited=&#8221;on|phone&#8221; module_alignment=&#8221;center&#8221; hover_enabled=&#8221;0&#8243; global_colors_info=&#8221;{}&#8221; sticky_enabled=&#8221;0&#8243;]<\/p>\n<h1 data-start=\"596\" data-end=\"650\">Der Club Taichi Surf Tribe<\/h1>\n<h2 data-start=\"652\" data-end=\"688\">Ganzj\u00e4hriges Surfen<\/h2>\n<p data-start=\"689\" data-end=\"1121\">Der <strong data-start=\"692\" data-end=\"708\">Surfclub<\/strong> richtet sich an <strong data-start=\"723\" data-end=\"750\">Bewohner der S\u00fcd-Landes<\/strong>, die das ganze Jahr \u00fcber surfen m\u00f6chten.<br data-start=\"798\" data-end=\"801\"><strong>Als ehrenamtlicher Lehrer des Partnervereins Taichi Surf Tribe<\/strong> bietet Eric einen nicht-kompetitiven Ansatz, der sich auf die <strong>Freude am Fortschritt, im Geiste des Teilens und der kulturellen Offenheit<\/strong> konzentriert.<br data-start=\"1004\" data-end=\"1007\">Diese Formel erm\u00f6glicht es, die erworbenen F\u00e4higkeiten im Laufe der Jahreszeiten in einer kollektiven und wohlwollenden Dynamik zu festigen.<\/p>\n<h3 data-start=\"1128\" data-end=\"1168\"><\/h3>\n<h2 data-start=\"1128\" data-end=\"1168\">Ein anderer Blick auf den Fortschritt<\/h2>\n<p data-start=\"1169\" data-end=\"1272\">Fortschritt muss nicht unbedingt \u00fcber Wettbewerb erfolgen. Der Club basiert auf starken Werten: <\/p>\n<ul data-start=\"1273\" data-end=\"1758\">\n<li data-start=\"1273\" data-end=\"1357\">\n<p data-start=\"1275\" data-end=\"1357\"><strong data-start=\"1275\" data-end=\"1302\">Respekt und Anpassungsf\u00e4higkeit<\/strong> gegen\u00fcber einer fragilen und sich ver\u00e4ndernden nat\u00fcrlichen Umgebung<\/p>\n<\/li>\n<li data-start=\"1358\" data-end=\"1445\">\n<p data-start=\"1360\" data-end=\"1445\"><strong data-start=\"1360\" data-end=\"1379\">Teamgeist<\/strong>: gemeinsame Leistung statt Wettbewerb um jeden Preis<\/p>\n<\/li>\n<li data-start=\"1446\" data-end=\"1550\">\n<p data-start=\"1448\" data-end=\"1550\"><strong data-start=\"1448\" data-end=\"1474\">Differenzierte P\u00e4dagogik<\/strong>: ma\u00dfgeschneidertes Lernen, angepasst an die F\u00e4higkeiten und Qualit\u00e4ten jedes Einzelnen<\/p>\n<\/li>\n<li data-start=\"1551\" data-end=\"1647\">\n<p data-start=\"1553\" data-end=\"1647\"><strong data-start=\"1553\" data-end=\"1577\">Ziel Autonomie<\/strong>: das Element Ozean verstehen und die Sicherheitsanweisungen anwenden<\/p>\n<\/li>\n<li data-start=\"1648\" data-end=\"1758\">\n<p data-start=\"1650\" data-end=\"1758\"><strong data-start=\"1650\" data-end=\"1677\">Pers\u00f6nliche Entwicklung<\/strong>: lernen, Stress zu bew\u00e4ltigen und im Moment angemessene Antworten zu geben<\/p>\n<\/li>\n<\/ul>\n<p data-start=\"1760\" data-end=\"1902\">Surfen ist ein <strong data-start=\"1775\" data-end=\"1795\">Freiheitssport<\/strong>, bleibt aber den <strong data-start=\"1822\" data-end=\"1853\">vom Ozean auferlegten Regeln<\/strong> unterworfen, wobei die <strong data-start=\"1877\" data-end=\"1889\">Sicherheit<\/strong> jedes Einzelnen Priorit\u00e4t hat.<\/p>\n<p>[\/et_pb_text][\/et_pb_column][\/et_pb_row][et_pb_row column_structure=&#8221;2_5,3_5&#8243; _builder_version=&#8221;4.27.5&#8243; _module_preset=&#8221;default&#8221; width=&#8221;100%&#8221; max_width=&#8221;100%&#8221; module_alignment=&#8221;center&#8221; global_colors_info=&#8221;{}&#8221; sticky_enabled=&#8221;0&#8243;][et_pb_column type=&#8221;2_5&#8243; module_class=&#8221;centrer-verticalement&#8221; _builder_version=&#8221;4.27.4&#8243; _module_preset=&#8221;default&#8221; global_colors_info=&#8221;{}&#8221;][et_pb_divider show_divider=&#8221;off&#8221; _builder_version=&#8221;4.27.4&#8243; _module_preset=&#8221;default&#8221; global_colors_info=&#8221;{}&#8221;][\/et_pb_divider][et_pb_image src=&#8221;https:\/\/www.kisurfschool.com\/wp-content\/uploads\/2026\/01\/2-e1765982052223-1.png&#8221; alt=&#8221;Ovale schwarze Form mit einigen wei\u00dfen Details.&#8221; title_text=&#8221;2 E1765982052223 1&#8243; align=&#8221;right&#8221; force_fullwidth=&#8221;on&#8221; disabled_on=&#8221;off|off|on&#8221; _builder_version=&#8221;4.27.5&#8243; _module_preset=&#8221;default&#8221; background_image=&#8221;https:\/\/www.kisurfschool.com\/wp-content\/uploads\/2025\/12\/Ecole-de-surf-Hossegor-Seignosse-75-scaled.jpg&#8221; global_colors_info=&#8221;{}&#8221;][\/et_pb_image][et_pb_text _builder_version=&#8221;4.27.5&#8243; _module_preset=&#8221;default&#8221; text_text_color=&#8221;#000000&#8243; header_font=&#8221;Chewy||||||||&#8221; header_2_font=&#8221;Chewy|||on|||||&#8221; header_3_font=&#8221;Abel|||on|||||&#8221; width_tablet=&#8221;50%&#8221; width_phone=&#8221;90%&#8221; width_last_edited=&#8221;on|desktop&#8221; max_width=&#8221;60%&#8221; max_width_tablet=&#8221;60%&#8221; max_width_phone=&#8221;90%&#8221; max_width_last_edited=&#8221;on|phone&#8221; module_alignment=&#8221;center&#8221; hover_enabled=&#8221;0&#8243; global_colors_info=&#8221;{}&#8221; sticky_enabled=&#8221;0&#8243;]<\/p>\n<h2 data-start=\"1909\" data-end=\"1925\">F\u00fcr wen?<\/h2>\n<ul data-start=\"1926\" data-end=\"2154\">\n<li data-start=\"1926\" data-end=\"1984\">\n<p data-start=\"1928\" data-end=\"1984\">F\u00fcr <strong data-start=\"1937\" data-end=\"1982\">junge und erwachsene Bewohner der S\u00fcd-Landes<\/strong><\/p>\n<\/li>\n<li data-start=\"1985\" data-end=\"2080\">\n<p data-start=\"1987\" data-end=\"2080\">F\u00fcr alle, die <strong data-start=\"2027\" data-end=\"2078\">regelm\u00e4\u00dfig surfen<\/strong> m\u00f6chten<\/p>\n<\/li>\n<li data-start=\"2081\" data-end=\"2154\">\n<p data-start=\"2083\" data-end=\"2154\">F\u00fcr alle Niveaus, in einer wohlwollenden und <strong data-start=\"2111\" data-end=\"2135\">kollektiven Dynamik<\/strong><\/p>\n<\/li>\n<\/ul>\n<p>&nbsp;<\/p>\n<h2 data-start=\"2161\" data-end=\"2189\">Club-Betrieb<\/h2>\n<ul data-start=\"2190\" data-end=\"2534\">\n<li data-start=\"2190\" data-end=\"2230\">\n<p data-start=\"2192\" data-end=\"2230\"><strong>Sessions von April bis Oktober<\/strong><\/p>\n<\/li>\n<li data-start=\"2328\" data-end=\"2395\">\n<p data-start=\"2330\" data-end=\"2395\"><strong data-start=\"2330\" data-end=\"2359\">Gruppen mit angepasster Teilnehmerzahl<\/strong> zur Gew\u00e4hrleistung von Qualit\u00e4t und Sicherheit<\/p>\n<\/li>\n<li data-start=\"2396\" data-end=\"2534\">\n<p data-start=\"2398\" data-end=\"2534\"><strong>M\u00f6glichkeit, die Erfahrung mit der Praxis des Tai Chi Chuan zu erg\u00e4nzen<\/strong>, um die K\u00f6rperbeherrschung, das Gleichgewicht, die Koordination und das Stressmanagement zu verbessern.<\/p>\n<\/li>\n<\/ul>\n<p>&nbsp;<\/p>\n<h2 data-start=\"2541\" data-end=\"2575\">Warum dem Club beitreten?<\/h2>\n<ul data-start=\"2576\" data-end=\"2947\">\n<li data-start=\"2576\" data-end=\"2691\">\n<p data-start=\"2578\" data-end=\"2691\">Regelm\u00e4\u00dfiges Training, das es erm\u00f6glicht, <strong>schneller Fortschritte zu machen<\/strong> als mit einem Kurs oder gelegentlichen Workshops.<\/p>\n<\/li>\n<li data-start=\"2692\" data-end=\"2757\">\n<p data-start=\"2694\" data-end=\"2757\">Ein <strong data-start=\"2697\" data-end=\"2737\">Geist der Kameradschaft und des Wetteifers<\/strong> unter den Mitgliedern<\/p>\n<\/li>\n<li data-start=\"2758\" data-end=\"2834\">\n<p data-start=\"2760\" data-end=\"2834\">Ein <strong data-start=\"2763\" data-end=\"2793\">au\u00dfergew\u00f6hnliches Naturumfeld<\/strong> zwischen Seignosse, Capbreton und Hossegor<\/p>\n<\/li>\n<li data-start=\"2835\" data-end=\"2947\">\n<p data-start=\"2837\" data-end=\"2947\">Ein <strong data-start=\"2841\" data-end=\"2877\">respektvoller Umgang mit dem Ozean<\/strong>: Sicherheit, Einhaltung der Regeln und Umweltbewusstsein<\/p>\n<\/li>\n<\/ul>\n<p>&nbsp;<\/p>\n<h2 data-start=\"2954\" data-end=\"2995\">Eine im Tai-Chi verwurzelte P\u00e4dagogik<\/h2>\n<p data-start=\"2996\" data-end=\"3317\">Der Ansatz basiert auf den Prinzipien des <strong>Tai Chi Chuan (Tai-Chi)<\/strong>: Suche nach Gleichgewicht, K\u00f6rperbeherrschung im Raum, Koordination, Selbstkontrolle und Respekt vor dem Anderen.<\/p>\n<p data-start=\"2996\" data-end=\"3317\"><br data-start=\"3177\" data-end=\"3180\">Diese Dimension f\u00f6rdert ein besseres K\u00f6rperbewusstsein, eine gr\u00f6\u00dfere Leichtigkeit in den Wellen und die F\u00e4higkeit, sich an die st\u00e4ndigen Ver\u00e4nderungen der Meeresumwelt anzupassen.<\/p>\n<p>[\/et_pb_text][\/et_pb_column][et_pb_column type=&#8221;3_5&#8243; _builder_version=&#8221;4.27.4&#8243; _module_preset=&#8221;default&#8221; background_color=&#8221;rgba(255,255,255,0.88)&#8221; background_enable_image=&#8221;off&#8221; background_size=&#8221;initial&#8221; background_blend=&#8221;overlay&#8221; global_colors_info=&#8221;{}&#8221;][et_pb_image src=&#8221;https:\/\/www.kisurfschool.com\/wp-content\/uploads\/2026\/01\/2-e1765982052223-1.png&#8221; alt=&#8221;Ovale schwarze Form mit einigen wei\u00dfen Details.&#8221; title_text=&#8221;2 E1765982052223 1&#8243; align=&#8221;right&#8221; force_fullwidth=&#8221;on&#8221; disabled_on=&#8221;on|on|off&#8221; _builder_version=&#8221;4.27.5&#8243; _module_preset=&#8221;default&#8221; background_image=&#8221;https:\/\/www.kisurfschool.com\/wp-content\/uploads\/2025\/12\/Ecole-de-surf-Hossegor-Seignosse-75-scaled.jpg&#8221; hover_enabled=&#8221;0&#8243; global_colors_info=&#8221;{}&#8221; sticky_enabled=&#8221;0&#8243;][\/et_pb_image][\/et_pb_column][\/et_pb_row][\/et_pb_section][et_pb_section fb_built=&#8221;1&#8243; next_background_color=&#8221;#ffffff&#8221; _builder_version=&#8221;4.27.4&#8243; _module_preset=&#8221;default&#8221; background_color=&#8221;rgba(255,255,255,0.22)&#8221; background_image=&#8221;https:\/\/www.kisurfschool.com\/wp-content\/uploads\/2025\/10\/Ki-SURF.png&#8221; background_size=&#8221;stretch&#8221; background_blend=&#8221;overlay&#8221; custom_padding=&#8221;12vw||12vw||true|false&#8221; bottom_divider_style=&#8221;ramp2&#8243; locked=&#8221;off&#8221; global_colors_info=&#8221;{}&#8221;][et_pb_row _builder_version=&#8221;4.27.4&#8243; _module_preset=&#8221;default&#8221; global_colors_info=&#8221;{}&#8221;][et_pb_column type=&#8221;4_4&#8243; _builder_version=&#8221;4.27.4&#8243; _module_preset=&#8221;default&#8221; global_colors_info=&#8221;{}&#8221;][et_pb_image src=&#8221;https:\/\/www.kisurfschool.com\/wp-content\/uploads\/2025\/10\/KI-SURF-SCHOOL.png&#8221; alt=&#8221;Flaggen von Frankreich, Gro\u00dfbritannien, Spanien und Deutschland f\u00fcr das Erlernen europ\u00e4ischer Sprachen.&#8221; title_text=&#8221;KI SURF SCHOOL&#8221; align=&#8221;center&#8221; _builder_version=&#8221;4.27.4&#8243; _module_preset=&#8221;default&#8221; module_alignment=&#8221;center&#8221; global_colors_info=&#8221;{}&#8221;][\/et_pb_image][et_pb_text _builder_version=&#8221;4.27.5&#8243; _module_preset=&#8221;default&#8221; text_text_color=&#8221;#000000&#8243; text_font_size=&#8221;20px&#8221; header_font=&#8221;Chewy||||||||&#8221; header_2_font=&#8221;Chewy|||on|||||&#8221; header_2_text_align=&#8221;center&#8221; header_2_text_color=&#8221;#000000&#8243; header_2_font_size=&#8221;30px&#8221; header_3_font=&#8221;Abel|||on|||||&#8221; width_tablet=&#8221;50%&#8221; width_phone=&#8221;90%&#8221; width_last_edited=&#8221;on|phone&#8221; max_width_tablet=&#8221;&#8221; max_width_phone=&#8221;90%&#8221; max_width_last_edited=&#8221;on|phone&#8221; module_alignment=&#8221;center&#8221; custom_margin=&#8221;||36px|||&#8221; hover_enabled=&#8221;0&#8243; global_colors_info=&#8221;{}&#8221; sticky_enabled=&#8221;0&#8243;]<\/p>\n<h2>Ein reibungsloses Erlebnis, in allen Sprachen<\/h2>\n<p>Ob f\u00fcr <strong>Kurse, Camps oder Aufenthalte<\/strong>, jeder Austausch kann auf <strong>Franz\u00f6sisch, Englisch, Spanisch oder Deutsch<\/strong> erfolgen. Eine klare und nat\u00fcrliche Kommunikation in jeder Phase, <strong>f\u00fcr ein barrierefreies Erlebnis und ma\u00dfgeschneiderte Betreuung<\/strong>, vom ersten Kontakt bis zum Ende des Aufenthalts. <\/p>\n<p>[\/et_pb_text][\/et_pb_column][\/et_pb_row][\/et_pb_section][et_pb_section fb_built=&#8221;1&#8243; _builder_version=&#8221;4.27.4&#8243; _module_preset=&#8221;default&#8221; global_colors_info=&#8221;{}&#8221;][et_pb_row use_custom_gutter=&#8221;on&#8221; make_equal=&#8221;on&#8221; _builder_version=&#8221;4.27.5&#8243; _module_preset=&#8221;default&#8221; width=&#8221;60%&#8221; width_tablet=&#8221;60%&#8221; width_phone=&#8221;90%&#8221; width_last_edited=&#8221;on|phone&#8221; max_width=&#8221;60%&#8221; max_width_tablet=&#8221;60%&#8221; max_width_phone=&#8221;90%&#8221; max_width_last_edited=&#8221;on|phone&#8221; module_alignment=&#8221;center&#8221; global_colors_info=&#8221;{}&#8221;][et_pb_column type=&#8221;4_4&#8243; _builder_version=&#8221;4.27.4&#8243; _module_preset=&#8221;default&#8221; border_radii=&#8221;on|10px|10px|10px|10px&#8221; box_shadow_style=&#8221;preset1&#8243; box_shadow_blur=&#8221;8px&#8221; global_colors_info=&#8221;{}&#8221;][et_pb_text _builder_version=&#8221;4.27.4&#8243; _module_preset=&#8221;default&#8221; text_text_color=&#8221;#000000&#8243; header_2_font=&#8221;Chewy||||||||&#8221; header_2_text_align=&#8221;center&#8221; custom_margin=&#8221;2vw|1vw|2vw|1vw|true|true&#8221; global_colors_info=&#8221;{}&#8221;]<\/p>\n<h2 data-start=\"102\" data-end=\"129\">Mitgliedschaft<\/h2>\n<p>[\/et_pb_text][et_pb_text _builder_version=&#8221;4.27.4&#8243; _module_preset=&#8221;default&#8221; text_text_color=&#8221;#000000&#8243; text_orientation=&#8221;center&#8221; global_colors_info=&#8221;{}&#8221;]<\/p>\n<p><span>Um <strong>ganzj\u00e4hrig Surfkurse zu erhalten<\/strong>, erfolgt die Anmeldung direkt beim <strong>Verein Taichi Surf Tribe<\/strong>.<\/span><\/p>\n<p>[\/et_pb_text][et_pb_button button_url=&#8221;https:\/\/taichisurftribe.blogspot.com\/search\/label\/Club%20de%20surf&#8221; button_text=&#8221;Dem Taichi Surf Tribe beitreten&#8221; button_alignment=&#8221;center&#8221; _builder_version=&#8221;4.27.4&#8243; _module_preset=&#8221;default&#8221; custom_button=&#8221;on&#8221; button_text_color=&#8221;#FFFFFF&#8221; button_bg_color=&#8221;#ffc440&#8243; button_border_color=&#8221;#ffc440&#8243; button_border_radius=&#8221;7px&#8221; button_font=&#8221;|||on|||||&#8221; custom_margin=&#8221;||1vw||false|false&#8221; locked=&#8221;off&#8221; global_colors_info=&#8221;{}&#8221; width_tablet=&#8221;50%&#8221; width_phone=&#8221;50%&#8221; width_last_edited=&#8221;on|desktop&#8221;][\/et_pb_button][\/et_pb_column][\/et_pb_row][\/et_pb_section]<\/p>\n","protected":false},"excerpt":{"rendered":"<p>Der Club Taichi Surf Tribe Ganzj\u00e4hriges Surfen Der Surfclub richtet sich an Bewohner der S\u00fcd-Landes, die das ganze Jahr \u00fcber surfen m\u00f6chten.Als ehrenamtlicher Lehrer des Partnervereins Taichi Surf Tribe bietet Eric einen nicht-kompetitiven Ansatz, der sich auf die Freude am Fortschritt, im Geiste des Teilens und der kulturellen Offenheit konzentriert.Diese Formel erm\u00f6glicht es, die erworbenen [&hellip;]<\/p>\n","protected":false},"author":1,"featured_media":1782,"parent":0,"menu_order":0,"comment_status":"closed","ping_status":"closed","template":"","meta":{"_et_pb_use_builder":"on","_et_pb_old_content":"","_et_gb_content_width":"","footnotes":""},"class_list":["post-1781","page","type-page","status-publish","has-post-thumbnail","hentry"],"yoast_head":"<!-- This site is optimized with the Yoast SEO plugin v27.3 - https:\/\/yoast.com\/product\/yoast-seo-wordpress\/ -->\n<title>Surfclub Ki Surf School x Taichi Surf Tribe<\/title>\n<meta name=\"description\" content=\"Trete dem Surfclub Taichi Surf Tribe mit Ki Surf School bei: ganzj\u00e4hriges Surfen, Fortschritt, Teamgeist und Respekt vor dem Ozean.\" \/>\n<meta name=\"robots\" content=\"index, follow, max-snippet:-1, max-image-preview:large, max-video-preview:-1\" \/>\n<link rel=\"canonical\" href=\"https:\/\/www.kisurfschool.com\/club-de-surf-seignosse-hossegor-capbreton\/\" \/>\n<meta property=\"og:locale\" content=\"de_DE\" \/>\n<meta property=\"og:type\" content=\"article\" \/>\n<meta property=\"og:title\" content=\"Surfclub Ki Surf School x Taichi Surf Tribe\" \/>\n<meta property=\"og:description\" content=\"Trete dem Surfclub Taichi Surf Tribe mit Ki Surf School bei: ganzj\u00e4hriges Surfen, Fortschritt, Teamgeist und Respekt vor dem Ozean.\" \/>\n<meta property=\"og:url\" content=\"https:\/\/www.kisurfschool.com\/club-de-surf-seignosse-hossegor-capbreton\/\" \/>\n<meta property=\"og:site_name\" content=\"Ki Surf School - Surf et Taichi dans les Landes\" \/>\n<meta property=\"article:modified_time\" content=\"2026-02-16T10:29:36+00:00\" \/>\n<meta property=\"og:image\" content=\"https:\/\/www.kisurfschool.com\/wp-content\/uploads\/2025\/09\/Photo_6553954_DJI_354_jpg_3360981_0_202182081310_photo_original-scaled.jpg\" \/>\n\t<meta property=\"og:image:width\" content=\"2560\" \/>\n\t<meta property=\"og:image:height\" content=\"1440\" \/>\n\t<meta property=\"og:image:type\" content=\"image\/jpeg\" \/>\n<meta name=\"twitter:card\" content=\"summary_large_image\" \/>\n<meta name=\"twitter:label1\" content=\"Gesch\u00e4tzte Lesezeit\" \/>\n\t<meta name=\"twitter:data1\" content=\"7 minutes\" \/>\n<script type=\"application\/ld+json\" class=\"yoast-schema-graph\">{\"@context\":\"https:\\\/\\\/schema.org\",\"@graph\":[{\"@type\":\"WebPage\",\"@id\":\"https:\\\/\\\/www.kisurfschool.com\\\/club-de-surf-seignosse-hossegor-capbreton\\\/\",\"url\":\"https:\\\/\\\/www.kisurfschool.com\\\/club-de-surf-seignosse-hossegor-capbreton\\\/\",\"name\":\"Surfclub Ki Surf School x Taichi Surf Tribe\",\"isPartOf\":{\"@id\":\"https:\\\/\\\/www.kisurfschool.com\\\/#website\"},\"primaryImageOfPage\":{\"@id\":\"https:\\\/\\\/www.kisurfschool.com\\\/club-de-surf-seignosse-hossegor-capbreton\\\/#primaryimage\"},\"image\":{\"@id\":\"https:\\\/\\\/www.kisurfschool.com\\\/club-de-surf-seignosse-hossegor-capbreton\\\/#primaryimage\"},\"thumbnailUrl\":\"https:\\\/\\\/www.kisurfschool.com\\\/wp-content\\\/uploads\\\/2025\\\/09\\\/Photo_6553954_DJI_354_jpg_3360981_0_202182081310_photo_original-scaled.jpg\",\"datePublished\":\"2025-07-16T09:02:51+00:00\",\"dateModified\":\"2026-02-16T10:29:36+00:00\",\"description\":\"Trete dem Surfclub Taichi Surf Tribe mit Ki Surf School bei: ganzj\u00e4hriges Surfen, Fortschritt, Teamgeist und Respekt vor dem Ozean.\",\"breadcrumb\":{\"@id\":\"https:\\\/\\\/www.kisurfschool.com\\\/club-de-surf-seignosse-hossegor-capbreton\\\/#breadcrumb\"},\"inLanguage\":\"de-DE\",\"potentialAction\":[{\"@type\":\"ReadAction\",\"target\":[\"https:\\\/\\\/www.kisurfschool.com\\\/club-de-surf-seignosse-hossegor-capbreton\\\/\"]}]},{\"@type\":\"ImageObject\",\"inLanguage\":\"de-DE\",\"@id\":\"https:\\\/\\\/www.kisurfschool.com\\\/club-de-surf-seignosse-hossegor-capbreton\\\/#primaryimage\",\"url\":\"https:\\\/\\\/www.kisurfschool.com\\\/wp-content\\\/uploads\\\/2025\\\/09\\\/Photo_6553954_DJI_354_jpg_3360981_0_202182081310_photo_original-scaled.jpg\",\"contentUrl\":\"https:\\\/\\\/www.kisurfschool.com\\\/wp-content\\\/uploads\\\/2025\\\/09\\\/Photo_6553954_DJI_354_jpg_3360981_0_202182081310_photo_original-scaled.jpg\",\"width\":2560,\"height\":1440,\"caption\":\"default\"},{\"@type\":\"BreadcrumbList\",\"@id\":\"https:\\\/\\\/www.kisurfschool.com\\\/club-de-surf-seignosse-hossegor-capbreton\\\/#breadcrumb\",\"itemListElement\":[{\"@type\":\"ListItem\",\"position\":1,\"name\":\"Accueil\",\"item\":\"https:\\\/\\\/www.kisurfschool.com\\\/de\\\/ki-surf-school-surf-und-tai-chi\\\/\"},{\"@type\":\"ListItem\",\"position\":2,\"name\":\"Surfclub Ki Surf School x Taichi Surf Tribe\"}]},{\"@type\":\"WebSite\",\"@id\":\"https:\\\/\\\/www.kisurfschool.com\\\/#website\",\"url\":\"https:\\\/\\\/www.kisurfschool.com\\\/\",\"name\":\"Ki Surf School - Surf et Taichi dans les Landes\",\"description\":\"Ki Surf School &amp; Miki Dorade - Surf, Taichi, h\u00e9bergements et textiles inspir\u00e9s par l&#039;oc\u00e9an\",\"potentialAction\":[{\"@type\":\"SearchAction\",\"target\":{\"@type\":\"EntryPoint\",\"urlTemplate\":\"https:\\\/\\\/www.kisurfschool.com\\\/?s={search_term_string}\"},\"query-input\":{\"@type\":\"PropertyValueSpecification\",\"valueRequired\":true,\"valueName\":\"search_term_string\"}}],\"inLanguage\":\"de-DE\"}]}<\/script>\n<!-- \/ Yoast SEO plugin. -->","yoast_head_json":{"title":"Surfclub Ki Surf School x Taichi Surf Tribe","description":"Trete dem Surfclub Taichi Surf Tribe mit Ki Surf School bei: ganzj\u00e4hriges Surfen, Fortschritt, Teamgeist und Respekt vor dem Ozean.","robots":{"index":"index","follow":"follow","max-snippet":"max-snippet:-1","max-image-preview":"max-image-preview:large","max-video-preview":"max-video-preview:-1"},"canonical":"https:\/\/www.kisurfschool.com\/club-de-surf-seignosse-hossegor-capbreton\/","og_locale":"de_DE","og_type":"article","og_title":"Surfclub Ki Surf School x Taichi Surf Tribe","og_description":"Trete dem Surfclub Taichi Surf Tribe mit Ki Surf School bei: ganzj\u00e4hriges Surfen, Fortschritt, Teamgeist und Respekt vor dem Ozean.","og_url":"https:\/\/www.kisurfschool.com\/club-de-surf-seignosse-hossegor-capbreton\/","og_site_name":"Ki Surf School - Surf et Taichi dans les Landes","article_modified_time":"2026-02-16T10:29:36+00:00","og_image":[{"width":2560,"height":1440,"url":"https:\/\/www.kisurfschool.com\/wp-content\/uploads\/2025\/09\/Photo_6553954_DJI_354_jpg_3360981_0_202182081310_photo_original-scaled.jpg","type":"image\/jpeg"}],"twitter_card":"summary_large_image","twitter_misc":{"Gesch\u00e4tzte Lesezeit":"7 minutes"},"schema":{"@context":"https:\/\/schema.org","@graph":[{"@type":"WebPage","@id":"https:\/\/www.kisurfschool.com\/club-de-surf-seignosse-hossegor-capbreton\/","url":"https:\/\/www.kisurfschool.com\/club-de-surf-seignosse-hossegor-capbreton\/","name":"Surfclub Ki Surf School x Taichi Surf Tribe","isPartOf":{"@id":"https:\/\/www.kisurfschool.com\/#website"},"primaryImageOfPage":{"@id":"https:\/\/www.kisurfschool.com\/club-de-surf-seignosse-hossegor-capbreton\/#primaryimage"},"image":{"@id":"https:\/\/www.kisurfschool.com\/club-de-surf-seignosse-hossegor-capbreton\/#primaryimage"},"thumbnailUrl":"https:\/\/www.kisurfschool.com\/wp-content\/uploads\/2025\/09\/Photo_6553954_DJI_354_jpg_3360981_0_202182081310_photo_original-scaled.jpg","datePublished":"2025-07-16T09:02:51+00:00","dateModified":"2026-02-16T10:29:36+00:00","description":"Trete dem Surfclub Taichi Surf Tribe mit Ki Surf School bei: ganzj\u00e4hriges Surfen, Fortschritt, Teamgeist und Respekt vor dem Ozean.","breadcrumb":{"@id":"https:\/\/www.kisurfschool.com\/club-de-surf-seignosse-hossegor-capbreton\/#breadcrumb"},"inLanguage":"de-DE","potentialAction":[{"@type":"ReadAction","target":["https:\/\/www.kisurfschool.com\/club-de-surf-seignosse-hossegor-capbreton\/"]}]},{"@type":"ImageObject","inLanguage":"de-DE","@id":"https:\/\/www.kisurfschool.com\/club-de-surf-seignosse-hossegor-capbreton\/#primaryimage","url":"https:\/\/www.kisurfschool.com\/wp-content\/uploads\/2025\/09\/Photo_6553954_DJI_354_jpg_3360981_0_202182081310_photo_original-scaled.jpg","contentUrl":"https:\/\/www.kisurfschool.com\/wp-content\/uploads\/2025\/09\/Photo_6553954_DJI_354_jpg_3360981_0_202182081310_photo_original-scaled.jpg","width":2560,"height":1440,"caption":"default"},{"@type":"BreadcrumbList","@id":"https:\/\/www.kisurfschool.com\/club-de-surf-seignosse-hossegor-capbreton\/#breadcrumb","itemListElement":[{"@type":"ListItem","position":1,"name":"Accueil","item":"https:\/\/www.kisurfschool.com\/de\/ki-surf-school-surf-und-tai-chi\/"},{"@type":"ListItem","position":2,"name":"Surfclub Ki Surf School x Taichi Surf Tribe"}]},{"@type":"WebSite","@id":"https:\/\/www.kisurfschool.com\/#website","url":"https:\/\/www.kisurfschool.com\/","name":"Ki Surf School - Surf et Taichi dans les Landes","description":"Ki Surf School &amp; Miki Dorade - Surf, Taichi, h\u00e9bergements et textiles inspir\u00e9s par l&#039;oc\u00e9an","potentialAction":[{"@type":"SearchAction","target":{"@type":"EntryPoint","urlTemplate":"https:\/\/www.kisurfschool.com\/?s={search_term_string}"},"query-input":{"@type":"PropertyValueSpecification","valueRequired":true,"valueName":"search_term_string"}}],"inLanguage":"de-DE"}]}},"_links":{"self":[{"href":"https:\/\/www.kisurfschool.com\/de\/wp-json\/wp\/v2\/pages\/1781","targetHints":{"allow":["GET"]}}],"collection":[{"href":"https:\/\/www.kisurfschool.com\/de\/wp-json\/wp\/v2\/pages"}],"about":[{"href":"https:\/\/www.kisurfschool.com\/de\/wp-json\/wp\/v2\/types\/page"}],"author":[{"embeddable":true,"href":"https:\/\/www.kisurfschool.com\/de\/wp-json\/wp\/v2\/users\/1"}],"replies":[{"embeddable":true,"href":"https:\/\/www.kisurfschool.com\/de\/wp-json\/wp\/v2\/comments?post=1781"}],"version-history":[{"count":0,"href":"https:\/\/www.kisurfschool.com\/de\/wp-json\/wp\/v2\/pages\/1781\/revisions"}],"wp:featuredmedia":[{"embeddable":true,"href":"https:\/\/www.kisurfschool.com\/de\/wp-json\/wp\/v2\/media\/1782"}],"wp:attachment":[{"href":"https:\/\/www.kisurfschool.com\/de\/wp-json\/wp\/v2\/media?parent=1781"}],"curies":[{"name":"wp","href":"https:\/\/api.w.org\/{rel}","templated":true}]}}