{"id":1771,"date":"2025-07-16T08:59:09","date_gmt":"2025-07-16T08:59:09","guid":{"rendered":"https:\/\/kisurfschool.gypsea-agency.fr\/miki-dorade-surf-inspirierte-textilien\/"},"modified":"2026-02-17T21:16:09","modified_gmt":"2026-02-17T21:16:09","slug":"miki-dorade-surf-inspirierte-textilien","status":"publish","type":"page","link":"https:\/\/www.kisurfschool.com\/de\/miki-dorade-surf-inspirierte-textilien\/","title":{"rendered":"MIKI DORADE &#8211; Surf-inspirierte Textilien"},"content":{"rendered":"<p>[et_pb_section fb_built=&#8221;1&#8243; disabled_on=&#8221;on|on|off&#8221; _builder_version=&#8221;4.27.5&#8243; _module_preset=&#8221;default&#8221; custom_padding=&#8221;||0px|||&#8221; global_colors_info=&#8221;{}&#8221;][et_pb_row column_structure=&#8221;3_5,2_5&#8243; use_custom_gutter=&#8221;on&#8221; gutter_width=&#8221;2&#8243; make_equal=&#8221;on&#8221; _builder_version=&#8221;4.27.4&#8243; _module_preset=&#8221;default&#8221; width=&#8221;100%&#8221; max_width=&#8221;100%&#8221; module_alignment=&#8221;center&#8221; custom_padding=&#8221;||0px|||&#8221; global_colors_info=&#8221;{}&#8221;][et_pb_column type=&#8221;3_5&#8243; _builder_version=&#8221;4.27.4&#8243; _module_preset=&#8221;default&#8221; background_color=&#8221;rgba(255,255,255,0.88)&#8221; background_enable_image=&#8221;off&#8221; background_size=&#8221;initial&#8221; background_blend=&#8221;overlay&#8221; global_colors_info=&#8221;{}&#8221;][et_pb_image src=&#8221;https:\/\/www.kisurfschool.com\/wp-content\/uploads\/2026\/01\/5-2.png&#8221; alt=&#8221;Nahaufnahme eines schwarzen Surfbretts, Surfkurse.&#8221; title_text=&#8221;5 2&#8243; force_fullwidth=&#8221;on&#8221; _builder_version=&#8221;4.27.5&#8243; _module_preset=&#8221;default&#8221; background_image=&#8221;https:\/\/www.kisurfschool.com\/wp-content\/uploads\/2025\/12\/DSC03037-DXO_2-1-scaled.jpg&#8221; custom_margin=&#8221;3vw||3vw||true|false&#8221; custom_padding=&#8221;||0px|||&#8221; global_colors_info=&#8221;{}&#8221;][\/et_pb_image][et_pb_text _builder_version=&#8221;4.27.4&#8243; _module_preset=&#8221;default&#8221; text_text_color=&#8221;#000000&#8243; header_font=&#8221;Chewy||||||||&#8221; header_2_font=&#8221;Chewy|||on|||||&#8221; header_3_font=&#8221;Abel|||on|||||&#8221; width_tablet=&#8221;50%&#8221; width_phone=&#8221;50%&#8221; width_last_edited=&#8221;on|desktop&#8221; max_width=&#8221;60%&#8221; module_alignment=&#8221;center&#8221; custom_margin=&#8221;||36px|||&#8221; global_colors_info=&#8221;{}&#8221;]<\/p>\n<h2 data-start=\"1079\" data-end=\"1119\">Selbstironie als Identit\u00e4t<\/h2>\n<p data-start=\"1120\" data-end=\"1401\">Wie andere Marken, die von <strong data-start=\"1166\" data-end=\"1210\">Fischnamen oder maritimen Anspielungen<\/strong> inspiriert sind, entstand Miki Dorade aus einer <strong data-start=\"1241\" data-end=\"1307\">selbstironischen Haltung gegen\u00fcber den Trends, die Hossegor durchziehen<\/strong>.<\/p>\n<p data-start=\"1120\" data-end=\"1401\">Sie verk\u00f6rpert die <strong data-start=\"1327\" data-end=\"1398\">Fusion eines legend\u00e4ren Surfers und eines ikonischen Fisches: der Dorade<\/strong>.<\/p>\n<p data-start=\"1120\" data-end=\"1401\">\n<h2 data-start=\"1403\" data-end=\"1455\">Die Goldmakrele, Emblem der Marke<\/h2>\n<p data-start=\"1456\" data-end=\"1626\">Unter allen Doradenarten wurde die <strong data-start=\"1501\" data-end=\"1521\">Goldmakrele<\/strong> gew\u00e4hlt, <strong data-start=\"1541\" data-end=\"1594\">wegen ihrer Silhouette, die der eines Longboards \u00e4hnelt<\/strong>, auch <strong data-start=\"1613\" data-end=\"1623\">Malibu<\/strong> genannt.<\/p>\n<p>[\/et_pb_text][\/et_pb_column][et_pb_column type=&#8221;2_5&#8243; module_class=&#8221;centrer-verticalement&#8221; _builder_version=&#8221;4.27.4&#8243; _module_preset=&#8221;default&#8221; global_colors_info=&#8221;{}&#8221;][et_pb_image src=&#8221;https:\/\/www.kisurfschool.com\/wp-content\/uploads\/2025\/12\/Miki-Dorade-Logo-Transp-Noir-300&#215;247.png&#8221; alt=&#8221;Schwarzes Quadrat&#8221; title_text=&#8221;Miki Dorade Logo Transparent Schwarz&#8221; align=&#8221;center&#8221; _builder_version=&#8221;4.27.4&#8243; _module_preset=&#8221;default&#8221; global_colors_info=&#8221;{}&#8221;][\/et_pb_image][et_pb_text _builder_version=&#8221;4.27.4&#8243; _module_preset=&#8221;default&#8221; text_text_color=&#8221;#000000&#8243; header_font=&#8221;Chewy||||||||&#8221; header_2_font=&#8221;Abel|||on|||||&#8221; width_tablet=&#8221;50%&#8221; width_phone=&#8221;50%&#8221; width_last_edited=&#8221;on|desktop&#8221; max_width=&#8221;60%&#8221; module_alignment=&#8221;center&#8221; custom_margin=&#8221;||36px|||&#8221; global_colors_info=&#8221;{}&#8221;]<\/p>\n<h1 data-start=\"752\" data-end=\"799\">Miki Dorade, der Surf-Spirit neu gedacht<\/h1>\n<h2 data-start=\"801\" data-end=\"845\">Eine aus der Surfkultur entstandene Marke<\/h2>\n<p data-start=\"846\" data-end=\"1077\">An der Schnittstelle von der <strong data-start=\"865\" data-end=\"881\">Surfkultur<\/strong> und dem <strong data-start=\"890\" data-end=\"923\">Ruf der Meerestiefen<\/strong> schuf <strong data-start=\"925\" data-end=\"985\">Eric Lafargue die satirische Figur Miki Dorade<\/strong>, die nach und nach zu der <strong data-start=\"1015\" data-end=\"1038\">Bekleidungsmarke<\/strong> wurde, die wir dir heute anbieten.<\/p>\n<p>[\/et_pb_text][et_pb_divider show_divider=&#8221;off&#8221; _builder_version=&#8221;4.27.4&#8243; _module_preset=&#8221;default&#8221; global_colors_info=&#8221;{}&#8221;][\/et_pb_divider][et_pb_image src=&#8221;https:\/\/www.kisurfschool.com\/wp-content\/uploads\/2026\/01\/2-e1765982052223-1.png&#8221; alt=&#8221;Ovale schwarze Form mit einigen wei\u00dfen Details.&#8221; title_text=&#8221;2 E1765982052223 1&#8243; force_fullwidth=&#8221;on&#8221; _builder_version=&#8221;4.27.5&#8243; _module_preset=&#8221;default&#8221; background_image=&#8221;https:\/\/www.kisurfschool.com\/wp-content\/uploads\/2025\/12\/DSC03024-DXO-scaled.jpg&#8221; background_position=&#8221;center_right&#8221; custom_margin=&#8221;3vw||3vw||true|false&#8221; custom_padding=&#8221;||0px|||&#8221; global_colors_info=&#8221;{}&#8221;][\/et_pb_image][\/et_pb_column][\/et_pb_row][\/et_pb_section][et_pb_section fb_built=&#8221;1&#8243; _builder_version=&#8221;4.27.4&#8243; _module_preset=&#8221;default&#8221; custom_padding=&#8221;||0px|||&#8221; global_colors_info=&#8221;{}&#8221;][et_pb_row use_custom_gutter=&#8221;on&#8221; gutter_width=&#8221;2&#8243; make_equal=&#8221;on&#8221; disabled_on=&#8221;off|off|on&#8221; _builder_version=&#8221;4.27.5&#8243; _module_preset=&#8221;default&#8221; width=&#8221;100%&#8221; max_width=&#8221;100%&#8221; module_alignment=&#8221;center&#8221; custom_padding=&#8221;||0px|||&#8221; global_colors_info=&#8221;{}&#8221;][et_pb_column type=&#8221;4_4&#8243; _builder_version=&#8221;4.27.4&#8243; _module_preset=&#8221;default&#8221; background_color=&#8221;rgba(255,255,255,0.88)&#8221; background_enable_image=&#8221;off&#8221; background_size=&#8221;initial&#8221; background_blend=&#8221;overlay&#8221; global_colors_info=&#8221;{}&#8221;][et_pb_image src=&#8221;https:\/\/www.kisurfschool.com\/wp-content\/uploads\/2026\/01\/5-2.png&#8221; alt=&#8221;Nahaufnahme eines schwarzen Surfbretts, Surfkurse.&#8221; title_text=&#8221;5 2&#8243; force_fullwidth=&#8221;on&#8221; _builder_version=&#8221;4.27.5&#8243; _module_preset=&#8221;default&#8221; background_image=&#8221;https:\/\/www.kisurfschool.com\/wp-content\/uploads\/2025\/12\/DSC03037-DXO_2-1-scaled.jpg&#8221; custom_margin=&#8221;3vw||3vw||true|false&#8221; custom_padding=&#8221;||0px|||&#8221; global_colors_info=&#8221;{}&#8221;][\/et_pb_image][et_pb_image src=&#8221;https:\/\/www.kisurfschool.com\/wp-content\/uploads\/2025\/12\/Miki-Dorade-Logo-Transp-Noir-300&#215;247.png&#8221; alt=&#8221;Schwarzes Quadrat&#8221; title_text=&#8221;Miki Dorade Logo Transparent Schwarz&#8221; align=&#8221;center&#8221; _builder_version=&#8221;4.27.4&#8243; _module_preset=&#8221;default&#8221; global_colors_info=&#8221;{}&#8221;][\/et_pb_image][et_pb_text _builder_version=&#8221;4.27.5&#8243; _module_preset=&#8221;default&#8221; text_text_color=&#8221;#000000&#8243; header_font=&#8221;Chewy||||||||&#8221; header_2_font=&#8221;Abel|||on|||||&#8221; width_tablet=&#8221;50%&#8221; width_phone=&#8221;90%&#8221; width_last_edited=&#8221;on|desktop&#8221; max_width=&#8221;90%&#8221; module_alignment=&#8221;center&#8221; custom_margin=&#8221;||36px|||&#8221; global_colors_info=&#8221;{}&#8221;]<\/p>\n<h1 data-start=\"752\" data-end=\"799\">Miki Dorade, der Surf-Spirit neu gedacht<\/h1>\n<h2 data-start=\"801\" data-end=\"845\">Eine aus der Surfkultur entstandene Marke<\/h2>\n<p data-start=\"846\" data-end=\"1077\">An der Schnittstelle von der <strong data-start=\"865\" data-end=\"881\">Surfkultur<\/strong> und dem <strong data-start=\"890\" data-end=\"923\">Ruf der Meerestiefen<\/strong> schuf <strong data-start=\"925\" data-end=\"985\">Eric Lafargue die satirische Figur Miki Dorade<\/strong>, die nach und nach zu der <strong data-start=\"1015\" data-end=\"1038\">Bekleidungsmarke<\/strong> wurde, die wir dir heute anbieten.<\/p>\n<p>[\/et_pb_text][et_pb_image src=&#8221;https:\/\/www.kisurfschool.com\/wp-content\/uploads\/2026\/01\/2-e1765982052223-1.png&#8221; alt=&#8221;Ovale schwarze Form mit einigen wei\u00dfen Details.&#8221; title_text=&#8221;2 E1765982052223 1&#8243; force_fullwidth=&#8221;on&#8221; _builder_version=&#8221;4.27.5&#8243; _module_preset=&#8221;default&#8221; background_image=&#8221;https:\/\/www.kisurfschool.com\/wp-content\/uploads\/2025\/12\/DSC03024-DXO-scaled.jpg&#8221; background_position=&#8221;center_right&#8221; custom_margin=&#8221;3vw||3vw||true|false&#8221; custom_padding=&#8221;||0px|||&#8221; global_colors_info=&#8221;{}&#8221;][\/et_pb_image][et_pb_text _builder_version=&#8221;4.27.4&#8243; _module_preset=&#8221;default&#8221; text_text_color=&#8221;#000000&#8243; header_font=&#8221;Chewy||||||||&#8221; header_2_font=&#8221;Chewy|||on|||||&#8221; header_3_font=&#8221;Abel|||on|||||&#8221; width_tablet=&#8221;50%&#8221; width_phone=&#8221;90%&#8221; width_last_edited=&#8221;on|desktop&#8221; max_width=&#8221;90%&#8221; module_alignment=&#8221;center&#8221; custom_margin=&#8221;||-1px|||&#8221; global_colors_info=&#8221;{}&#8221;]<\/p>\n<h2 data-start=\"1079\" data-end=\"1119\">Selbstironie als Identit\u00e4t<\/h2>\n<p data-start=\"1120\" data-end=\"1401\">Wie andere Marken, die von <strong data-start=\"1166\" data-end=\"1210\">Fischnamen oder maritimen Anspielungen<\/strong> inspiriert sind, entstand Miki Dorade aus einer <strong data-start=\"1241\" data-end=\"1307\">selbstironischen Haltung gegen\u00fcber den Trends, die Hossegor durchziehen<\/strong>.<\/p>\n<p data-start=\"1120\" data-end=\"1401\">Sie verk\u00f6rpert die <strong data-start=\"1327\" data-end=\"1398\">Fusion eines legend\u00e4ren Surfers und eines ikonischen Fisches: der Dorade<\/strong>.<\/p>\n<p data-start=\"1120\" data-end=\"1401\">\n<h2 data-start=\"1403\" data-end=\"1455\">Die Goldmakrele, Emblem der Marke<\/h2>\n<p data-start=\"1456\" data-end=\"1626\">Unter allen Doradenarten wurde die <strong data-start=\"1501\" data-end=\"1521\">Goldmakrele<\/strong> gew\u00e4hlt, <strong data-start=\"1541\" data-end=\"1594\">wegen ihrer Silhouette, die der eines Longboards \u00e4hnelt<\/strong>, auch <strong data-start=\"1613\" data-end=\"1623\">Malibu<\/strong> genannt.<\/p>\n<p>[\/et_pb_text][et_pb_divider show_divider=&#8221;off&#8221; _builder_version=&#8221;4.27.4&#8243; _module_preset=&#8221;default&#8221; global_colors_info=&#8221;{}&#8221;][\/et_pb_divider][\/et_pb_column][\/et_pb_row][\/et_pb_section][et_pb_section fb_built=&#8221;1&#8243; _builder_version=&#8221;4.27.4&#8243; _module_preset=&#8221;default&#8221; global_colors_info=&#8221;{}&#8221;][et_pb_row _builder_version=&#8221;4.27.4&#8243; _module_preset=&#8221;default&#8221; max_width=&#8221;80%&#8221; global_colors_info=&#8221;{}&#8221;][et_pb_column type=&#8221;4_4&#8243; _builder_version=&#8221;4.27.4&#8243; _module_preset=&#8221;default&#8221; global_colors_info=&#8221;{}&#8221;][et_pb_shop type=&#8221;product_category&#8221; include_categories=&#8221;43,41,46,45,42,44&#8243; columns_number=&#8221;5&#8243; sale_badge_color=&#8221;#101e3b&#8221; icon_hover_color=&#8221;#101e3b&#8221; hover_icon=&#8221;\uf578||fa||900&#8243; show_rating=&#8221;off&#8221; _builder_version=&#8221;4.27.4&#8243; _module_preset=&#8221;default&#8221; title_font=&#8221;Chewy||||||||&#8221; title_text_align=&#8221;center&#8221; title_font_size=&#8221;18px&#8221; price_font=&#8221;Abel|700||on|||||&#8221; price_text_align=&#8221;center&#8221; price_font_size=&#8221;20px&#8221; sale_badge_text_color=&#8221;#ffffff&#8221; module_alignment=&#8221;center&#8221; global_colors_info=&#8221;{}&#8221;][\/et_pb_shop][\/et_pb_column][\/et_pb_row][\/et_pb_section]<\/p>\n","protected":false},"excerpt":{"rendered":"<p>Selbstironie als Identit\u00e4t Wie andere Marken, die von Fischnamen oder maritimen Anspielungen inspiriert sind, entstand Miki Dorade aus einer selbstironischen Haltung gegen\u00fcber den Trends, die Hossegor durchziehen. Sie verk\u00f6rpert die Fusion eines legend\u00e4ren Surfers und eines ikonischen Fisches: der Dorade. Die Goldmakrele, Emblem der Marke Unter allen Doradenarten wurde die Goldmakrele gew\u00e4hlt, wegen ihrer Silhouette, [&hellip;]<\/p>\n","protected":false},"author":1,"featured_media":1772,"parent":0,"menu_order":0,"comment_status":"closed","ping_status":"closed","template":"","meta":{"_et_pb_use_builder":"on","_et_pb_old_content":"","_et_gb_content_width":"","footnotes":""},"class_list":["post-1771","page","type-page","status-publish","has-post-thumbnail","hentry"],"yoast_head":"<!-- This site is optimized with the Yoast SEO plugin v27.3 - https:\/\/yoast.com\/product\/yoast-seo-wordpress\/ -->\n<title>MIKI DORADE - Surf-inspirierte Textilien - Ki Surf School - Surf et Taichi dans les Landes<\/title>\n<meta name=\"description\" content=\"Entdecke Miki Dorade, die von Eric Lafargue gegr\u00fcndete Bekleidungsmarke, an der Schnittstelle von Surfkultur und den Tiefen des Meeres.\" \/>\n<meta name=\"robots\" content=\"index, follow, max-snippet:-1, max-image-preview:large, max-video-preview:-1\" \/>\n<link rel=\"canonical\" href=\"https:\/\/www.kisurfschool.com\/miki-dorade-vetements-surf\/\" \/>\n<meta property=\"og:locale\" content=\"de_DE\" \/>\n<meta property=\"og:type\" content=\"article\" \/>\n<meta property=\"og:title\" content=\"MIKI DORADE - Surf-inspirierte Textilien - Ki Surf School - Surf et Taichi dans les Landes\" \/>\n<meta property=\"og:description\" content=\"Entdecke Miki Dorade, die von Eric Lafargue gegr\u00fcndete Bekleidungsmarke, an der Schnittstelle von Surfkultur und den Tiefen des Meeres.\" \/>\n<meta property=\"og:url\" content=\"https:\/\/www.kisurfschool.com\/miki-dorade-vetements-surf\/\" \/>\n<meta property=\"og:site_name\" content=\"Ki Surf School - Surf et Taichi dans les Landes\" \/>\n<meta property=\"article:modified_time\" content=\"2026-02-17T21:16:09+00:00\" \/>\n<meta property=\"og:image\" content=\"https:\/\/www.kisurfschool.com\/wp-content\/uploads\/2025\/07\/kisurfschool40130.png\" \/>\n\t<meta property=\"og:image:width\" content=\"370\" \/>\n\t<meta property=\"og:image:height\" content=\"329\" \/>\n\t<meta property=\"og:image:type\" content=\"image\/png\" \/>\n<meta name=\"twitter:card\" content=\"summary_large_image\" \/>\n<meta name=\"twitter:label1\" content=\"Gesch\u00e4tzte Lesezeit\" \/>\n\t<meta name=\"twitter:data1\" content=\"5 minutes\" \/>\n<script type=\"application\/ld+json\" class=\"yoast-schema-graph\">{\"@context\":\"https:\\\/\\\/schema.org\",\"@graph\":[{\"@type\":\"WebPage\",\"@id\":\"https:\\\/\\\/www.kisurfschool.com\\\/miki-dorade-vetements-surf\\\/\",\"url\":\"https:\\\/\\\/www.kisurfschool.com\\\/miki-dorade-vetements-surf\\\/\",\"name\":\"MIKI DORADE - Surf-inspirierte Textilien - Ki Surf School - Surf et Taichi dans les Landes\",\"isPartOf\":{\"@id\":\"https:\\\/\\\/www.kisurfschool.com\\\/#website\"},\"primaryImageOfPage\":{\"@id\":\"https:\\\/\\\/www.kisurfschool.com\\\/miki-dorade-vetements-surf\\\/#primaryimage\"},\"image\":{\"@id\":\"https:\\\/\\\/www.kisurfschool.com\\\/miki-dorade-vetements-surf\\\/#primaryimage\"},\"thumbnailUrl\":\"https:\\\/\\\/www.kisurfschool.com\\\/wp-content\\\/uploads\\\/2025\\\/07\\\/kisurfschool40130.png\",\"datePublished\":\"2025-07-16T08:59:09+00:00\",\"dateModified\":\"2026-02-17T21:16:09+00:00\",\"description\":\"Entdecke Miki Dorade, die von Eric Lafargue gegr\u00fcndete Bekleidungsmarke, an der Schnittstelle von Surfkultur und den Tiefen des Meeres.\",\"breadcrumb\":{\"@id\":\"https:\\\/\\\/www.kisurfschool.com\\\/miki-dorade-vetements-surf\\\/#breadcrumb\"},\"inLanguage\":\"de-DE\",\"potentialAction\":[{\"@type\":\"ReadAction\",\"target\":[\"https:\\\/\\\/www.kisurfschool.com\\\/miki-dorade-vetements-surf\\\/\"]}]},{\"@type\":\"ImageObject\",\"inLanguage\":\"de-DE\",\"@id\":\"https:\\\/\\\/www.kisurfschool.com\\\/miki-dorade-vetements-surf\\\/#primaryimage\",\"url\":\"https:\\\/\\\/www.kisurfschool.com\\\/wp-content\\\/uploads\\\/2025\\\/07\\\/kisurfschool40130.png\",\"contentUrl\":\"https:\\\/\\\/www.kisurfschool.com\\\/wp-content\\\/uploads\\\/2025\\\/07\\\/kisurfschool40130.png\",\"width\":370,\"height\":329,\"caption\":\"Wellen, die an einem Sandstrand an einem sonnigen Tag brechen.\"},{\"@type\":\"BreadcrumbList\",\"@id\":\"https:\\\/\\\/www.kisurfschool.com\\\/miki-dorade-vetements-surf\\\/#breadcrumb\",\"itemListElement\":[{\"@type\":\"ListItem\",\"position\":1,\"name\":\"Accueil\",\"item\":\"https:\\\/\\\/www.kisurfschool.com\\\/de\\\/ki-surf-school-surf-und-tai-chi\\\/\"},{\"@type\":\"ListItem\",\"position\":2,\"name\":\"MIKI DORADE &#8211; Surf-inspirierte Textilien\"}]},{\"@type\":\"WebSite\",\"@id\":\"https:\\\/\\\/www.kisurfschool.com\\\/#website\",\"url\":\"https:\\\/\\\/www.kisurfschool.com\\\/\",\"name\":\"Ki Surf School - Surf et Taichi dans les Landes\",\"description\":\"Ki Surf School &amp; Miki Dorade - Surf, Taichi, h\u00e9bergements et textiles inspir\u00e9s par l&#039;oc\u00e9an\",\"potentialAction\":[{\"@type\":\"SearchAction\",\"target\":{\"@type\":\"EntryPoint\",\"urlTemplate\":\"https:\\\/\\\/www.kisurfschool.com\\\/?s={search_term_string}\"},\"query-input\":{\"@type\":\"PropertyValueSpecification\",\"valueRequired\":true,\"valueName\":\"search_term_string\"}}],\"inLanguage\":\"de-DE\"}]}<\/script>\n<!-- \/ Yoast SEO plugin. -->","yoast_head_json":{"title":"MIKI DORADE - Surf-inspirierte Textilien - Ki Surf School - Surf et Taichi dans les Landes","description":"Entdecke Miki Dorade, die von Eric Lafargue gegr\u00fcndete Bekleidungsmarke, an der Schnittstelle von Surfkultur und den Tiefen des Meeres.","robots":{"index":"index","follow":"follow","max-snippet":"max-snippet:-1","max-image-preview":"max-image-preview:large","max-video-preview":"max-video-preview:-1"},"canonical":"https:\/\/www.kisurfschool.com\/miki-dorade-vetements-surf\/","og_locale":"de_DE","og_type":"article","og_title":"MIKI DORADE - Surf-inspirierte Textilien - Ki Surf School - Surf et Taichi dans les Landes","og_description":"Entdecke Miki Dorade, die von Eric Lafargue gegr\u00fcndete Bekleidungsmarke, an der Schnittstelle von Surfkultur und den Tiefen des Meeres.","og_url":"https:\/\/www.kisurfschool.com\/miki-dorade-vetements-surf\/","og_site_name":"Ki Surf School - Surf et Taichi dans les Landes","article_modified_time":"2026-02-17T21:16:09+00:00","og_image":[{"width":370,"height":329,"url":"https:\/\/www.kisurfschool.com\/wp-content\/uploads\/2025\/07\/kisurfschool40130.png","type":"image\/png"}],"twitter_card":"summary_large_image","twitter_misc":{"Gesch\u00e4tzte Lesezeit":"5 minutes"},"schema":{"@context":"https:\/\/schema.org","@graph":[{"@type":"WebPage","@id":"https:\/\/www.kisurfschool.com\/miki-dorade-vetements-surf\/","url":"https:\/\/www.kisurfschool.com\/miki-dorade-vetements-surf\/","name":"MIKI DORADE - Surf-inspirierte Textilien - Ki Surf School - Surf et Taichi dans les Landes","isPartOf":{"@id":"https:\/\/www.kisurfschool.com\/#website"},"primaryImageOfPage":{"@id":"https:\/\/www.kisurfschool.com\/miki-dorade-vetements-surf\/#primaryimage"},"image":{"@id":"https:\/\/www.kisurfschool.com\/miki-dorade-vetements-surf\/#primaryimage"},"thumbnailUrl":"https:\/\/www.kisurfschool.com\/wp-content\/uploads\/2025\/07\/kisurfschool40130.png","datePublished":"2025-07-16T08:59:09+00:00","dateModified":"2026-02-17T21:16:09+00:00","description":"Entdecke Miki Dorade, die von Eric Lafargue gegr\u00fcndete Bekleidungsmarke, an der Schnittstelle von Surfkultur und den Tiefen des Meeres.","breadcrumb":{"@id":"https:\/\/www.kisurfschool.com\/miki-dorade-vetements-surf\/#breadcrumb"},"inLanguage":"de-DE","potentialAction":[{"@type":"ReadAction","target":["https:\/\/www.kisurfschool.com\/miki-dorade-vetements-surf\/"]}]},{"@type":"ImageObject","inLanguage":"de-DE","@id":"https:\/\/www.kisurfschool.com\/miki-dorade-vetements-surf\/#primaryimage","url":"https:\/\/www.kisurfschool.com\/wp-content\/uploads\/2025\/07\/kisurfschool40130.png","contentUrl":"https:\/\/www.kisurfschool.com\/wp-content\/uploads\/2025\/07\/kisurfschool40130.png","width":370,"height":329,"caption":"Wellen, die an einem Sandstrand an einem sonnigen Tag brechen."},{"@type":"BreadcrumbList","@id":"https:\/\/www.kisurfschool.com\/miki-dorade-vetements-surf\/#breadcrumb","itemListElement":[{"@type":"ListItem","position":1,"name":"Accueil","item":"https:\/\/www.kisurfschool.com\/de\/ki-surf-school-surf-und-tai-chi\/"},{"@type":"ListItem","position":2,"name":"MIKI DORADE &#8211; Surf-inspirierte Textilien"}]},{"@type":"WebSite","@id":"https:\/\/www.kisurfschool.com\/#website","url":"https:\/\/www.kisurfschool.com\/","name":"Ki Surf School - Surf et Taichi dans les Landes","description":"Ki Surf School &amp; Miki Dorade - Surf, Taichi, h\u00e9bergements et textiles inspir\u00e9s par l&#039;oc\u00e9an","potentialAction":[{"@type":"SearchAction","target":{"@type":"EntryPoint","urlTemplate":"https:\/\/www.kisurfschool.com\/?s={search_term_string}"},"query-input":{"@type":"PropertyValueSpecification","valueRequired":true,"valueName":"search_term_string"}}],"inLanguage":"de-DE"}]}},"_links":{"self":[{"href":"https:\/\/www.kisurfschool.com\/de\/wp-json\/wp\/v2\/pages\/1771","targetHints":{"allow":["GET"]}}],"collection":[{"href":"https:\/\/www.kisurfschool.com\/de\/wp-json\/wp\/v2\/pages"}],"about":[{"href":"https:\/\/www.kisurfschool.com\/de\/wp-json\/wp\/v2\/types\/page"}],"author":[{"embeddable":true,"href":"https:\/\/www.kisurfschool.com\/de\/wp-json\/wp\/v2\/users\/1"}],"replies":[{"embeddable":true,"href":"https:\/\/www.kisurfschool.com\/de\/wp-json\/wp\/v2\/comments?post=1771"}],"version-history":[{"count":0,"href":"https:\/\/www.kisurfschool.com\/de\/wp-json\/wp\/v2\/pages\/1771\/revisions"}],"wp:featuredmedia":[{"embeddable":true,"href":"https:\/\/www.kisurfschool.com\/de\/wp-json\/wp\/v2\/media\/1772"}],"wp:attachment":[{"href":"https:\/\/www.kisurfschool.com\/de\/wp-json\/wp\/v2\/media?parent=1771"}],"curies":[{"name":"wp","href":"https:\/\/api.w.org\/{rel}","templated":true}]}}