{"id":1630,"date":"2025-09-13T13:20:24","date_gmt":"2025-09-13T13:20:24","guid":{"rendered":"https:\/\/kisurfschool.gypsea-agency.fr\/tai-chi-chuan-club-in-seignosse\/"},"modified":"2026-01-22T18:38:30","modified_gmt":"2026-01-22T18:38:30","slug":"tai-chi-chuan-club-in-seignosse","status":"publish","type":"page","link":"https:\/\/www.kisurfschool.com\/de\/tai-chi-chuan-club-in-seignosse\/","title":{"rendered":"Tai-Chi-Chuan-Club in Seignosse"},"content":{"rendered":"<p>[et_pb_section fb_built=&#8221;1&#8243; _builder_version=&#8221;4.27.4&#8243; _module_preset=&#8221;default&#8221; custom_padding=&#8221;||0px|||&#8221; global_colors_info=&#8221;{}&#8221;][et_pb_row column_structure=&#8221;3_5,2_5&#8243; use_custom_gutter=&#8221;on&#8221; gutter_width=&#8221;2&#8243; make_equal=&#8221;on&#8221; disabled_on=&#8221;on|on|off&#8221; _builder_version=&#8221;4.27.5&#8243; _module_preset=&#8221;default&#8221; width=&#8221;100%&#8221; max_width=&#8221;100%&#8221; module_alignment=&#8221;center&#8221; global_colors_info=&#8221;{}&#8221;][et_pb_column type=&#8221;3_5&#8243; _builder_version=&#8221;4.27.4&#8243; _module_preset=&#8221;default&#8221; background_color=&#8221;rgba(255,255,255,0.88)&#8221; background_enable_image=&#8221;off&#8221; background_size=&#8221;initial&#8221; background_blend=&#8221;overlay&#8221; global_colors_info=&#8221;{}&#8221;][et_pb_image src=&#8221;https:\/\/www.kisurfschool.com\/wp-content\/uploads\/2026\/01\/5-2.png&#8221; alt=&#8221;Nahaufnahme eines schwarzen Surfbretts, Surfkurse.&#8221; title_text=&#8221;5 2&#8243; force_fullwidth=&#8221;on&#8221; _builder_version=&#8221;4.27.5&#8243; _module_preset=&#8221;default&#8221; background_image=&#8221;https:\/\/www.kisurfschool.com\/wp-content\/uploads\/2025\/12\/Ki-Surf-Taichi-Hossegor-3-scaled.jpg&#8221; custom_padding=&#8221;||0px|||&#8221; hover_enabled=&#8221;0&#8243; global_colors_info=&#8221;{}&#8221; custom_margin=&#8221;3vw||3vw||true|false&#8221; sticky_enabled=&#8221;0&#8243;][\/et_pb_image][et_pb_text _builder_version=&#8221;4.27.5&#8243; _module_preset=&#8221;default&#8221; text_text_color=&#8221;#000000&#8243; header_font=&#8221;Chewy||||||||&#8221; header_2_font=&#8221;Chewy|||on|||||&#8221; header_3_font=&#8221;Abel|||on|||||&#8221; width_tablet=&#8221;50%&#8221; width_phone=&#8221;90%&#8221; width_last_edited=&#8221;on|desktop&#8221; max_width=&#8221;60%&#8221; max_width_tablet=&#8221;60%&#8221; max_width_phone=&#8221;90%&#8221; max_width_last_edited=&#8221;on|phone&#8221; module_alignment=&#8221;center&#8221; custom_margin=&#8221;||36px|||&#8221; global_colors_info=&#8221;{}&#8221;]<\/p>\n<h2 data-start=\"1440\" data-end=\"1488\">Die Vorteile einer kontinuierlichen Praxis<\/h2>\n<p data-start=\"1489\" data-end=\"1994\"><strong data-start=\"1492\" data-end=\"1509\">Tai-Chi-Chuan<\/strong> erm\u00f6glicht es, <strong data-start=\"1520\" data-end=\"1561\">mit sitzenden Gewohnheiten zu brechen<\/strong>, dank <strong data-start=\"1575\" data-end=\"1610\">gro\u00dfer und harmonischer Bewegungen<\/strong>, die <strong data-start=\"1615\" data-end=\"1640\">Verspannungen l\u00f6sen<\/strong> und dazu beitragen, <strong data-start=\"1658\" data-end=\"1692\">R\u00fcckenschmerzen vorzubeugen<\/strong>.<\/p>\n<p data-start=\"1489\" data-end=\"1994\">Diese Praxis f\u00f6rdert eine <strong data-start=\"1724\" data-end=\"1767\">Wiederaneignung von K\u00f6rper und Geist<\/strong>, w\u00e4hrend sie <strong data-start=\"1788\" data-end=\"1825\">Zeit zur Entspannung und Neuorientierung<\/strong> in der Mitte der Woche bietet.<\/p>\n<p data-start=\"1489\" data-end=\"1994\">Der Unterricht wird in einer <strong data-start=\"1888\" data-end=\"1927\">freundlichen und stressfreien Atmosph\u00e4re<\/strong>, unter <strong data-start=\"1937\" data-end=\"1991\">Ber\u00fccksichtigung der F\u00e4higkeiten und W\u00fcnsche jedes Einzelnen<\/strong> vermittelt.<\/p>\n<h2 data-start=\"2001\" data-end=\"2046\">Ort und Ablauf der Clubkurse<\/h2>\n<p data-start=\"2047\" data-end=\"2431\">Die Clubkurse finden in <strong data-start=\"2079\" data-end=\"2138\">Seignosse, im Sport- und Kulturzentrum Maurice Ravailhe<\/strong> statt.<\/p>\n<p data-start=\"2047\" data-end=\"2431\">Sie sind <strong data-start=\"2151\" data-end=\"2175\">nach Niveaus aufgeteilt<\/strong>: die <strong data-start=\"2182\" data-end=\"2247\">Montage sind Anf\u00e4ngern und dann der Kampfkunstpraxis gewidmet<\/strong>, die <strong data-start=\"2253\" data-end=\"2297\">Mittwoche den fortgeschrittenen Praktizierenden<\/strong>.<\/p>\n<p data-start=\"2047\" data-end=\"2431\">Der <strong data-start=\"2304\" data-end=\"2327\">w\u00f6chentliche Rhythmus<\/strong> erm\u00f6glicht es, solide Grundlagen zu erwerben und langfristig Fortschritte zu machen, in einer Gruppendynamik.<\/p>\n<p>[\/et_pb_text][\/et_pb_column][et_pb_column type=&#8221;2_5&#8243; module_class=&#8221;centrer-verticalement&#8221; _builder_version=&#8221;4.27.4&#8243; _module_preset=&#8221;default&#8221; global_colors_info=&#8221;{}&#8221;][et_pb_text _builder_version=&#8221;4.27.5&#8243; _module_preset=&#8221;default&#8221; text_text_color=&#8221;#000000&#8243; header_font=&#8221;Chewy||||||||&#8221; header_2_font=&#8221;Abel|||on|||||&#8221; width_tablet=&#8221;50%&#8221; width_phone=&#8221;90%&#8221; width_last_edited=&#8221;on|desktop&#8221; max_width=&#8221;60%&#8221; max_width_tablet=&#8221;60%&#8221; max_width_phone=&#8221;90%&#8221; max_width_last_edited=&#8221;on|phone&#8221; module_alignment=&#8221;center&#8221; custom_margin=&#8221;||36px|||&#8221; global_colors_info=&#8221;{}&#8221;]<\/p>\n<h1 data-start=\"1004\" data-end=\"1048\">Tai-Chi-Chuan-Club in Seignosse<\/h1>\n<h2 data-start=\"1050\" data-end=\"1093\">Eine regelm\u00e4\u00dfige Praxis das ganze Jahr \u00fcber<\/h2>\n<p data-start=\"1094\" data-end=\"1433\">Der Partnerclub Taichi Surf Tribe bietet <strong>eine ganzj\u00e4hrige Praxis f\u00fcr die Bewohner der S\u00fcd-Landes<\/strong>, unabh\u00e4ngig von ihren pers\u00f6nlichen Zielen: eine sanfte Kampfkunst, <strong>einen Moment der Entspannung<\/strong>, eine subtile Bewegungskunst, eine Erg\u00e4nzung zum Surfen oder anderen Sportarten, den Erwerb <strong>besserer k\u00f6rperlicher F\u00e4higkeiten<\/strong>, die Freude an einer <strong>geselligen Praxis<\/strong>.<\/p>\n<p data-start=\"1094\" data-end=\"1433\">Diese Formel erm\u00f6glicht es, <strong data-start=\"1281\" data-end=\"1335\">regelm\u00e4\u00dfig \u00fcber die Jahreszeiten hinweg zu trainieren<\/strong>, einen <strong data-start=\"1353\" data-end=\"1385\">sanften und nachhaltigen Fortschritt<\/strong> zu etablieren und die Disziplin im Alltag zu verankern.<\/p>\n<p>[\/et_pb_text][et_pb_image src=&#8221;https:\/\/www.kisurfschool.com\/wp-content\/uploads\/2026\/01\/2-e1765982052223-1.png&#8221; alt=&#8221;Ovale schwarze Form mit einigen wei\u00dfen Details.&#8221; title_text=&#8221;2 E1765982052223 1&#8243; force_fullwidth=&#8221;on&#8221; disabled_on=&#8221;on|on|off&#8221; _builder_version=&#8221;4.27.5&#8243; _module_preset=&#8221;default&#8221; background_image=&#8221;https:\/\/www.kisurfschool.com\/wp-content\/uploads\/2025\/10\/article-stages-taichi-hossegor1-2-scaled.jpg&#8221; background_position=&#8221;center_right&#8221; hover_enabled=&#8221;0&#8243; global_colors_info=&#8221;{}&#8221; sticky_enabled=&#8221;0&#8243;][\/et_pb_image][et_pb_divider show_divider=&#8221;off&#8221; _builder_version=&#8221;4.27.4&#8243; _module_preset=&#8221;default&#8221; global_colors_info=&#8221;{}&#8221;][\/et_pb_divider][\/et_pb_column][\/et_pb_row][et_pb_row column_structure=&#8221;3_5,2_5&#8243; use_custom_gutter=&#8221;on&#8221; gutter_width=&#8221;2&#8243; make_equal=&#8221;on&#8221; disabled_on=&#8221;off|off|on&#8221; _builder_version=&#8221;4.27.5&#8243; _module_preset=&#8221;default&#8221; width=&#8221;100%&#8221; max_width=&#8221;100%&#8221; module_alignment=&#8221;center&#8221; global_colors_info=&#8221;{}&#8221;][et_pb_column type=&#8221;3_5&#8243; _builder_version=&#8221;4.27.4&#8243; _module_preset=&#8221;default&#8221; background_color=&#8221;rgba(255,255,255,0.88)&#8221; background_enable_image=&#8221;off&#8221; background_size=&#8221;initial&#8221; background_blend=&#8221;overlay&#8221; global_colors_info=&#8221;{}&#8221;][et_pb_image src=&#8221;https:\/\/www.kisurfschool.com\/wp-content\/uploads\/2026\/01\/5-2.png&#8221; alt=&#8221;Nahaufnahme eines schwarzen Surfbretts, Surfkurse.&#8221; title_text=&#8221;5 2&#8243; force_fullwidth=&#8221;on&#8221; _builder_version=&#8221;4.27.5&#8243; _module_preset=&#8221;default&#8221; background_image=&#8221;https:\/\/www.kisurfschool.com\/wp-content\/uploads\/2025\/12\/Ki-Surf-Taichi-Hossegor-3-scaled.jpg&#8221; custom_padding=&#8221;||0px|||&#8221; hover_enabled=&#8221;0&#8243; global_colors_info=&#8221;{}&#8221; sticky_enabled=&#8221;0&#8243;][\/et_pb_image][et_pb_text _builder_version=&#8221;4.27.5&#8243; _module_preset=&#8221;default&#8221; text_text_color=&#8221;#000000&#8243; header_font=&#8221;Chewy||||||||&#8221; header_2_font=&#8221;Abel|||on|||||&#8221; width_tablet=&#8221;50%&#8221; width_phone=&#8221;90%&#8221; width_last_edited=&#8221;on|desktop&#8221; max_width=&#8221;60%&#8221; max_width_tablet=&#8221;60%&#8221; max_width_phone=&#8221;90%&#8221; max_width_last_edited=&#8221;on|phone&#8221; module_alignment=&#8221;center&#8221; custom_margin=&#8221;||36px|||&#8221; global_colors_info=&#8221;{}&#8221;]<\/p>\n<h1 data-start=\"1004\" data-end=\"1048\">Tai-Chi-Chuan-Club in Seignosse<\/h1>\n<h2 data-start=\"1050\" data-end=\"1093\">Eine regelm\u00e4\u00dfige Praxis das ganze Jahr \u00fcber<\/h2>\n<p data-start=\"1094\" data-end=\"1433\">Der Partnerclub Taichi Surf Tribe bietet <strong>eine ganzj\u00e4hrige Praxis f\u00fcr die Bewohner der S\u00fcd-Landes<\/strong>, unabh\u00e4ngig von ihren pers\u00f6nlichen Zielen: eine sanfte Kampfkunst, <strong>einen Moment der Entspannung<\/strong>, eine subtile Bewegungskunst, eine Erg\u00e4nzung zum Surfen oder anderen Sportarten, den Erwerb <strong>besserer k\u00f6rperlicher F\u00e4higkeiten<\/strong>, die Freude an einer <strong>geselligen Praxis<\/strong>.<\/p>\n<p data-start=\"1094\" data-end=\"1433\">Diese Formel erm\u00f6glicht es, <strong data-start=\"1281\" data-end=\"1335\">regelm\u00e4\u00dfig \u00fcber die Jahreszeiten hinweg zu trainieren<\/strong>, einen <strong data-start=\"1353\" data-end=\"1385\">sanften und nachhaltigen Fortschritt<\/strong> zu etablieren und die Disziplin im Alltag zu verankern.<\/p>\n<p>[\/et_pb_text][et_pb_image src=&#8221;https:\/\/www.kisurfschool.com\/wp-content\/uploads\/2026\/01\/2-e1765982052223-1.png&#8221; alt=&#8221;Ovale schwarze Form mit einigen wei\u00dfen Details.&#8221; title_text=&#8221;2 E1765982052223 1&#8243; force_fullwidth=&#8221;on&#8221; disabled_on=&#8221;off|off|off&#8221; _builder_version=&#8221;4.27.5&#8243; _module_preset=&#8221;default&#8221; background_image=&#8221;https:\/\/www.kisurfschool.com\/wp-content\/uploads\/2025\/10\/article-stages-taichi-hossegor1-2-scaled.jpg&#8221; custom_padding=&#8221;||0px|||&#8221; hover_enabled=&#8221;0&#8243; global_colors_info=&#8221;{}&#8221; sticky_enabled=&#8221;0&#8243;][\/et_pb_image][et_pb_text _builder_version=&#8221;4.27.5&#8243; _module_preset=&#8221;default&#8221; text_text_color=&#8221;#000000&#8243; header_font=&#8221;Chewy||||||||&#8221; header_2_font=&#8221;Chewy|||on|||||&#8221; header_3_font=&#8221;Abel|||on|||||&#8221; width_tablet=&#8221;50%&#8221; width_phone=&#8221;90%&#8221; width_last_edited=&#8221;on|desktop&#8221; max_width=&#8221;60%&#8221; max_width_tablet=&#8221;60%&#8221; max_width_phone=&#8221;90%&#8221; max_width_last_edited=&#8221;on|phone&#8221; module_alignment=&#8221;center&#8221; custom_margin=&#8221;||36px|||&#8221; global_colors_info=&#8221;{}&#8221;]<\/p>\n<h2 data-start=\"1440\" data-end=\"1488\">Die Vorteile einer kontinuierlichen Praxis<\/h2>\n<p data-start=\"1489\" data-end=\"1994\"><strong data-start=\"1492\" data-end=\"1509\">Tai-Chi-Chuan<\/strong> erm\u00f6glicht es, <strong data-start=\"1520\" data-end=\"1561\">mit sitzenden Gewohnheiten zu brechen<\/strong>, dank <strong data-start=\"1575\" data-end=\"1610\">gro\u00dfer und harmonischer Bewegungen<\/strong>, die <strong data-start=\"1615\" data-end=\"1640\">Verspannungen l\u00f6sen<\/strong> und dazu beitragen, <strong data-start=\"1658\" data-end=\"1692\">R\u00fcckenschmerzen vorzubeugen<\/strong>.<\/p>\n<p data-start=\"1489\" data-end=\"1994\">Diese Praxis f\u00f6rdert eine <strong data-start=\"1724\" data-end=\"1767\">Wiederaneignung von K\u00f6rper und Geist<\/strong>, w\u00e4hrend sie <strong data-start=\"1788\" data-end=\"1825\">Zeit zur Entspannung und Neuorientierung<\/strong> in der Mitte der Woche bietet.<\/p>\n<p data-start=\"1489\" data-end=\"1994\">Der Unterricht wird in einer <strong data-start=\"1888\" data-end=\"1927\">freundlichen und stressfreien Atmosph\u00e4re<\/strong>, unter <strong data-start=\"1937\" data-end=\"1991\">Ber\u00fccksichtigung der F\u00e4higkeiten und W\u00fcnsche jedes Einzelnen<\/strong> vermittelt.<\/p>\n<h2 data-start=\"2001\" data-end=\"2046\">Ort und Ablauf der Clubkurse<\/h2>\n<p data-start=\"2047\" data-end=\"2431\">Die Clubkurse finden in <strong data-start=\"2079\" data-end=\"2138\">Seignosse, im Sport- und Kulturzentrum Maurice Ravailhe<\/strong> statt.<\/p>\n<p data-start=\"2047\" data-end=\"2431\">Sie sind <strong data-start=\"2151\" data-end=\"2175\">nach Niveaus aufgeteilt<\/strong>: die <strong data-start=\"2182\" data-end=\"2247\">Montage sind Anf\u00e4ngern und dann der Kampfkunstpraxis gewidmet<\/strong>, die <strong data-start=\"2253\" data-end=\"2297\">Mittwoche den fortgeschrittenen Praktizierenden<\/strong>.<\/p>\n<p data-start=\"2047\" data-end=\"2431\">Der <strong data-start=\"2304\" data-end=\"2327\">w\u00f6chentliche Rhythmus<\/strong> erm\u00f6glicht es, solide Grundlagen zu erwerben und langfristig Fortschritte zu machen, in einer Gruppendynamik.<\/p>\n<p>[\/et_pb_text][\/et_pb_column][et_pb_column type=&#8221;2_5&#8243; module_class=&#8221;centrer-verticalement&#8221; _builder_version=&#8221;4.27.4&#8243; _module_preset=&#8221;default&#8221; global_colors_info=&#8221;{}&#8221;][et_pb_divider show_divider=&#8221;off&#8221; _builder_version=&#8221;4.27.4&#8243; _module_preset=&#8221;default&#8221; global_colors_info=&#8221;{}&#8221;][\/et_pb_divider][\/et_pb_column][\/et_pb_row][\/et_pb_section][et_pb_section fb_built=&#8221;1&#8243; _builder_version=&#8221;4.27.4&#8243; _module_preset=&#8221;default&#8221; global_colors_info=&#8221;{}&#8221;][et_pb_row use_custom_gutter=&#8221;on&#8221; make_equal=&#8221;on&#8221; _builder_version=&#8221;4.27.4&#8243; _module_preset=&#8221;default&#8221; max_width=&#8221;70%&#8221; module_alignment=&#8221;center&#8221; global_colors_info=&#8221;{}&#8221;][et_pb_column type=&#8221;4_4&#8243; _builder_version=&#8221;4.27.4&#8243; _module_preset=&#8221;default&#8221; border_radii=&#8221;on|10px|10px|10px|10px&#8221; box_shadow_style=&#8221;preset1&#8243; box_shadow_blur=&#8221;8px&#8221; global_colors_info=&#8221;{}&#8221;][et_pb_text _builder_version=&#8221;4.27.4&#8243; _module_preset=&#8221;default&#8221; text_text_color=&#8221;#000000&#8243; header_2_font=&#8221;Chewy||||||||&#8221; header_2_text_align=&#8221;center&#8221; custom_margin=&#8221;2vw|1vw|2vw|1vw|true|true&#8221; global_colors_info=&#8221;{}&#8221;]<\/p>\n<h2 data-start=\"102\" data-end=\"129\">Mitgliedschaft im Tai-Chi-Chuan-Club<\/h2>\n<p>[\/et_pb_text][et_pb_text _builder_version=&#8221;4.27.4&#8243; _module_preset=&#8221;default&#8221; text_text_color=&#8221;#000000&#8243; header_2_font=&#8221;Chewy||||||||&#8221; header_2_text_align=&#8221;center&#8221; width_tablet=&#8221;50%&#8221; width_phone=&#8221;90%&#8221; width_last_edited=&#8221;on|desktop&#8221; max_width=&#8221;60%&#8221; max_width_tablet=&#8221;60%&#8221; max_width_phone=&#8221;90%&#8221; max_width_last_edited=&#8221;on|phone&#8221; module_alignment=&#8221;center&#8221; custom_margin=&#8221;|1vw|1vw|1vw|false|true&#8221; global_colors_info=&#8221;{}&#8221;]<\/p>\n<p style=\"text-align: center;\">Die Anmeldung im Club erfolgt direkt \u00fcber den Verein Taichi Surf Tribe, mittels <strong>einer j\u00e4hrlichen Mitgliedschaft und verschiedenen Abonnements, monatlich, viertelj\u00e4hrlich oder Karten<\/strong>.<\/p>\n<p style=\"text-align: center;\">[\/et_pb_text][et_pb_button button_url=&#8221;https:\/\/taichisurftribe.blogspot.com\/search\/label\/Club%20de%20taichi&#8221; button_text=&#8221;Im Club anmelden&#8221; button_alignment=&#8221;center&#8221; _builder_version=&#8221;4.27.4&#8243; _module_preset=&#8221;default&#8221; custom_button=&#8221;on&#8221; button_text_color=&#8221;#FFFFFF&#8221; button_bg_color=&#8221;#ffc440&#8243; button_border_color=&#8221;#ffc440&#8243; button_border_radius=&#8221;7px&#8221; button_font=&#8221;|||on|||||&#8221; custom_margin=&#8221;||1vw||false|false&#8221; locked=&#8221;off&#8221; global_colors_info=&#8221;{}&#8221; width_tablet=&#8221;50%&#8221; width_phone=&#8221;50%&#8221; width_last_edited=&#8221;on|desktop&#8221;][\/et_pb_button][\/et_pb_column][\/et_pb_row][\/et_pb_section]<\/p>\n","protected":false},"excerpt":{"rendered":"<p>Die Vorteile einer kontinuierlichen Praxis Tai-Chi-Chuan erm\u00f6glicht es, mit sitzenden Gewohnheiten zu brechen, dank gro\u00dfer und harmonischer Bewegungen, die Verspannungen l\u00f6sen und dazu beitragen, R\u00fcckenschmerzen vorzubeugen. Diese Praxis f\u00f6rdert eine Wiederaneignung von K\u00f6rper und Geist, w\u00e4hrend sie Zeit zur Entspannung und Neuorientierung in der Mitte der Woche bietet. Der Unterricht wird in einer freundlichen und [&hellip;]<\/p>\n","protected":false},"author":2,"featured_media":1631,"parent":0,"menu_order":0,"comment_status":"closed","ping_status":"closed","template":"","meta":{"_et_pb_use_builder":"on","_et_pb_old_content":"","_et_gb_content_width":"","footnotes":""},"class_list":["post-1630","page","type-page","status-publish","has-post-thumbnail","hentry"],"yoast_head":"<!-- This site is optimized with the Yoast SEO plugin v27.3 - https:\/\/yoast.com\/product\/yoast-seo-wordpress\/ -->\n<title>Tai-Chi-Chuan-Club in Seignosse<\/title>\n<meta name=\"description\" content=\"Praktiziere Tai-Chi-Chuan das ganze Jahr \u00fcber in Seignosse mit dem Taichi Surf Tribe Club. Regelm\u00e4\u00dfige Kurse, Fortschritt, Vorteile und Gleichgewicht.\" \/>\n<meta name=\"robots\" content=\"index, follow, max-snippet:-1, max-image-preview:large, max-video-preview:-1\" \/>\n<link rel=\"canonical\" href=\"https:\/\/www.kisurfschool.com\/de\/tai-chi-chuan-club-in-seignosse\/\" \/>\n<meta property=\"og:locale\" content=\"de_DE\" \/>\n<meta property=\"og:type\" content=\"article\" \/>\n<meta property=\"og:title\" content=\"Tai-Chi-Chuan-Club in Seignosse\" \/>\n<meta property=\"og:description\" content=\"Praktiziere Tai-Chi-Chuan das ganze Jahr \u00fcber in Seignosse mit dem Taichi Surf Tribe Club. Regelm\u00e4\u00dfige Kurse, Fortschritt, Vorteile und Gleichgewicht.\" \/>\n<meta property=\"og:url\" content=\"https:\/\/www.kisurfschool.com\/de\/tai-chi-chuan-club-in-seignosse\/\" \/>\n<meta property=\"og:site_name\" content=\"Ki Surf School - Surf et Taichi dans les Landes\" \/>\n<meta property=\"article:modified_time\" content=\"2026-01-22T18:38:30+00:00\" \/>\n<meta property=\"og:image\" content=\"https:\/\/www.kisurfschool.com\/wp-content\/uploads\/2025\/07\/TAICHI-Hossegor-44-scaled.jpg\" \/>\n\t<meta property=\"og:image:width\" content=\"2560\" \/>\n\t<meta property=\"og:image:height\" content=\"1594\" \/>\n\t<meta property=\"og:image:type\" content=\"image\/jpeg\" \/>\n<meta name=\"twitter:card\" content=\"summary_large_image\" \/>\n<meta name=\"twitter:label1\" content=\"Gesch\u00e4tzte Lesezeit\" \/>\n\t<meta name=\"twitter:data1\" content=\"7 minutes\" \/>\n<script type=\"application\/ld+json\" class=\"yoast-schema-graph\">{\"@context\":\"https:\\\/\\\/schema.org\",\"@graph\":[{\"@type\":\"WebPage\",\"@id\":\"https:\\\/\\\/www.kisurfschool.com\\\/de\\\/tai-chi-chuan-club-in-seignosse\\\/\",\"url\":\"https:\\\/\\\/www.kisurfschool.com\\\/de\\\/tai-chi-chuan-club-in-seignosse\\\/\",\"name\":\"Tai-Chi-Chuan-Club in Seignosse\",\"isPartOf\":{\"@id\":\"https:\\\/\\\/www.kisurfschool.com\\\/#website\"},\"primaryImageOfPage\":{\"@id\":\"https:\\\/\\\/www.kisurfschool.com\\\/de\\\/tai-chi-chuan-club-in-seignosse\\\/#primaryimage\"},\"image\":{\"@id\":\"https:\\\/\\\/www.kisurfschool.com\\\/de\\\/tai-chi-chuan-club-in-seignosse\\\/#primaryimage\"},\"thumbnailUrl\":\"https:\\\/\\\/www.kisurfschool.com\\\/wp-content\\\/uploads\\\/2025\\\/07\\\/TAICHI-Hossegor-44-scaled.jpg\",\"datePublished\":\"2025-09-13T13:20:24+00:00\",\"dateModified\":\"2026-01-22T18:38:30+00:00\",\"description\":\"Praktiziere Tai-Chi-Chuan das ganze Jahr \u00fcber in Seignosse mit dem Taichi Surf Tribe Club. Regelm\u00e4\u00dfige Kurse, Fortschritt, Vorteile und Gleichgewicht.\",\"breadcrumb\":{\"@id\":\"https:\\\/\\\/www.kisurfschool.com\\\/de\\\/tai-chi-chuan-club-in-seignosse\\\/#breadcrumb\"},\"inLanguage\":\"de-DE\",\"potentialAction\":[{\"@type\":\"ReadAction\",\"target\":[\"https:\\\/\\\/www.kisurfschool.com\\\/de\\\/tai-chi-chuan-club-in-seignosse\\\/\"]}]},{\"@type\":\"ImageObject\",\"inLanguage\":\"de-DE\",\"@id\":\"https:\\\/\\\/www.kisurfschool.com\\\/de\\\/tai-chi-chuan-club-in-seignosse\\\/#primaryimage\",\"url\":\"https:\\\/\\\/www.kisurfschool.com\\\/wp-content\\\/uploads\\\/2025\\\/07\\\/TAICHI-Hossegor-44-scaled.jpg\",\"contentUrl\":\"https:\\\/\\\/www.kisurfschool.com\\\/wp-content\\\/uploads\\\/2025\\\/07\\\/TAICHI-Hossegor-44-scaled.jpg\",\"width\":2560,\"height\":1594,\"caption\":\"Ein Mann, der Tai-Chi-Chuan am Strand praktiziert\"},{\"@type\":\"BreadcrumbList\",\"@id\":\"https:\\\/\\\/www.kisurfschool.com\\\/de\\\/tai-chi-chuan-club-in-seignosse\\\/#breadcrumb\",\"itemListElement\":[{\"@type\":\"ListItem\",\"position\":1,\"name\":\"Accueil\",\"item\":\"https:\\\/\\\/www.kisurfschool.com\\\/de\\\/ki-surf-school-surf-und-tai-chi\\\/\"},{\"@type\":\"ListItem\",\"position\":2,\"name\":\"Tai-Chi-Chuan-Club in Seignosse\"}]},{\"@type\":\"WebSite\",\"@id\":\"https:\\\/\\\/www.kisurfschool.com\\\/#website\",\"url\":\"https:\\\/\\\/www.kisurfschool.com\\\/\",\"name\":\"Ki Surf School - Surf et Taichi dans les Landes\",\"description\":\"Ki Surf School &amp; Miki Dorade - Surf, Taichi, h\u00e9bergements et textiles inspir\u00e9s par l&#039;oc\u00e9an\",\"potentialAction\":[{\"@type\":\"SearchAction\",\"target\":{\"@type\":\"EntryPoint\",\"urlTemplate\":\"https:\\\/\\\/www.kisurfschool.com\\\/?s={search_term_string}\"},\"query-input\":{\"@type\":\"PropertyValueSpecification\",\"valueRequired\":true,\"valueName\":\"search_term_string\"}}],\"inLanguage\":\"de-DE\"}]}<\/script>\n<!-- \/ Yoast SEO plugin. -->","yoast_head_json":{"title":"Tai-Chi-Chuan-Club in Seignosse","description":"Praktiziere Tai-Chi-Chuan das ganze Jahr \u00fcber in Seignosse mit dem Taichi Surf Tribe Club. Regelm\u00e4\u00dfige Kurse, Fortschritt, Vorteile und Gleichgewicht.","robots":{"index":"index","follow":"follow","max-snippet":"max-snippet:-1","max-image-preview":"max-image-preview:large","max-video-preview":"max-video-preview:-1"},"canonical":"https:\/\/www.kisurfschool.com\/de\/tai-chi-chuan-club-in-seignosse\/","og_locale":"de_DE","og_type":"article","og_title":"Tai-Chi-Chuan-Club in Seignosse","og_description":"Praktiziere Tai-Chi-Chuan das ganze Jahr \u00fcber in Seignosse mit dem Taichi Surf Tribe Club. Regelm\u00e4\u00dfige Kurse, Fortschritt, Vorteile und Gleichgewicht.","og_url":"https:\/\/www.kisurfschool.com\/de\/tai-chi-chuan-club-in-seignosse\/","og_site_name":"Ki Surf School - Surf et Taichi dans les Landes","article_modified_time":"2026-01-22T18:38:30+00:00","og_image":[{"width":2560,"height":1594,"url":"https:\/\/www.kisurfschool.com\/wp-content\/uploads\/2025\/07\/TAICHI-Hossegor-44-scaled.jpg","type":"image\/jpeg"}],"twitter_card":"summary_large_image","twitter_misc":{"Gesch\u00e4tzte Lesezeit":"7 minutes"},"schema":{"@context":"https:\/\/schema.org","@graph":[{"@type":"WebPage","@id":"https:\/\/www.kisurfschool.com\/de\/tai-chi-chuan-club-in-seignosse\/","url":"https:\/\/www.kisurfschool.com\/de\/tai-chi-chuan-club-in-seignosse\/","name":"Tai-Chi-Chuan-Club in Seignosse","isPartOf":{"@id":"https:\/\/www.kisurfschool.com\/#website"},"primaryImageOfPage":{"@id":"https:\/\/www.kisurfschool.com\/de\/tai-chi-chuan-club-in-seignosse\/#primaryimage"},"image":{"@id":"https:\/\/www.kisurfschool.com\/de\/tai-chi-chuan-club-in-seignosse\/#primaryimage"},"thumbnailUrl":"https:\/\/www.kisurfschool.com\/wp-content\/uploads\/2025\/07\/TAICHI-Hossegor-44-scaled.jpg","datePublished":"2025-09-13T13:20:24+00:00","dateModified":"2026-01-22T18:38:30+00:00","description":"Praktiziere Tai-Chi-Chuan das ganze Jahr \u00fcber in Seignosse mit dem Taichi Surf Tribe Club. Regelm\u00e4\u00dfige Kurse, Fortschritt, Vorteile und Gleichgewicht.","breadcrumb":{"@id":"https:\/\/www.kisurfschool.com\/de\/tai-chi-chuan-club-in-seignosse\/#breadcrumb"},"inLanguage":"de-DE","potentialAction":[{"@type":"ReadAction","target":["https:\/\/www.kisurfschool.com\/de\/tai-chi-chuan-club-in-seignosse\/"]}]},{"@type":"ImageObject","inLanguage":"de-DE","@id":"https:\/\/www.kisurfschool.com\/de\/tai-chi-chuan-club-in-seignosse\/#primaryimage","url":"https:\/\/www.kisurfschool.com\/wp-content\/uploads\/2025\/07\/TAICHI-Hossegor-44-scaled.jpg","contentUrl":"https:\/\/www.kisurfschool.com\/wp-content\/uploads\/2025\/07\/TAICHI-Hossegor-44-scaled.jpg","width":2560,"height":1594,"caption":"Ein Mann, der Tai-Chi-Chuan am Strand praktiziert"},{"@type":"BreadcrumbList","@id":"https:\/\/www.kisurfschool.com\/de\/tai-chi-chuan-club-in-seignosse\/#breadcrumb","itemListElement":[{"@type":"ListItem","position":1,"name":"Accueil","item":"https:\/\/www.kisurfschool.com\/de\/ki-surf-school-surf-und-tai-chi\/"},{"@type":"ListItem","position":2,"name":"Tai-Chi-Chuan-Club in Seignosse"}]},{"@type":"WebSite","@id":"https:\/\/www.kisurfschool.com\/#website","url":"https:\/\/www.kisurfschool.com\/","name":"Ki Surf School - Surf et Taichi dans les Landes","description":"Ki Surf School &amp; Miki Dorade - Surf, Taichi, h\u00e9bergements et textiles inspir\u00e9s par l&#039;oc\u00e9an","potentialAction":[{"@type":"SearchAction","target":{"@type":"EntryPoint","urlTemplate":"https:\/\/www.kisurfschool.com\/?s={search_term_string}"},"query-input":{"@type":"PropertyValueSpecification","valueRequired":true,"valueName":"search_term_string"}}],"inLanguage":"de-DE"}]}},"_links":{"self":[{"href":"https:\/\/www.kisurfschool.com\/de\/wp-json\/wp\/v2\/pages\/1630","targetHints":{"allow":["GET"]}}],"collection":[{"href":"https:\/\/www.kisurfschool.com\/de\/wp-json\/wp\/v2\/pages"}],"about":[{"href":"https:\/\/www.kisurfschool.com\/de\/wp-json\/wp\/v2\/types\/page"}],"author":[{"embeddable":true,"href":"https:\/\/www.kisurfschool.com\/de\/wp-json\/wp\/v2\/users\/2"}],"replies":[{"embeddable":true,"href":"https:\/\/www.kisurfschool.com\/de\/wp-json\/wp\/v2\/comments?post=1630"}],"version-history":[{"count":0,"href":"https:\/\/www.kisurfschool.com\/de\/wp-json\/wp\/v2\/pages\/1630\/revisions"}],"wp:featuredmedia":[{"embeddable":true,"href":"https:\/\/www.kisurfschool.com\/de\/wp-json\/wp\/v2\/media\/1631"}],"wp:attachment":[{"href":"https:\/\/www.kisurfschool.com\/de\/wp-json\/wp\/v2\/media?parent=1630"}],"curies":[{"name":"wp","href":"https:\/\/api.w.org\/{rel}","templated":true}]}}