{"id":1580,"date":"2025-07-16T08:57:42","date_gmt":"2025-07-16T08:57:42","guid":{"rendered":"https:\/\/kisurfschool.gypsea-agency.fr\/surf-aktivitaeten-fuer-unternehmen-seminare-teambuilding\/"},"modified":"2026-02-17T23:13:36","modified_gmt":"2026-02-17T23:13:36","slug":"surf-aktivitaeten-fuer-unternehmen-seminare-teambuilding","status":"publish","type":"page","link":"https:\/\/www.kisurfschool.com\/de\/surf-aktivitaeten-fuer-unternehmen-seminare-teambuilding\/","title":{"rendered":"Surf-Aktivit\u00e4ten f\u00fcr Unternehmen (Seminare, Teambuilding&#8230;)"},"content":{"rendered":"<p>[et_pb_section fb_built=&#8221;1&#8243; _builder_version=&#8221;4.27.4&#8243; _module_preset=&#8221;default&#8221; custom_padding=&#8221;||0px|||&#8221; global_colors_info=&#8221;{}&#8221;][et_pb_row column_structure=&#8221;3_5,2_5&#8243; use_custom_gutter=&#8221;on&#8221; gutter_width=&#8221;2&#8243; make_equal=&#8221;on&#8221; _builder_version=&#8221;4.27.4&#8243; _module_preset=&#8221;default&#8221; width=&#8221;100%&#8221; max_width=&#8221;100%&#8221; module_alignment=&#8221;center&#8221; custom_padding=&#8221;||0px|||&#8221; global_colors_info=&#8221;{}&#8221;][et_pb_column type=&#8221;3_5&#8243; _builder_version=&#8221;4.27.4&#8243; _module_preset=&#8221;default&#8221; background_color=&#8221;rgba(255,255,255,0.88)&#8221; background_enable_image=&#8221;off&#8221; background_size=&#8221;initial&#8221; background_blend=&#8221;overlay&#8221; global_colors_info=&#8221;{}&#8221;][et_pb_image src=&#8221;https:\/\/www.kisurfschool.com\/wp-content\/uploads\/2026\/01\/5-2.png&#8221; alt=&#8221;Nahaufnahme eines schwarzen Surfbretts, Surfkurse.&#8221; title_text=&#8221;5 2&#8243; force_fullwidth=&#8221;on&#8221; _builder_version=&#8221;4.27.5&#8243; _module_preset=&#8221;default&#8221; background_image=&#8221;https:\/\/www.kisurfschool.com\/wp-content\/uploads\/2025\/10\/Ecole-de-surf-Hossegor-Seignosse-11-1-1-scaled.jpg&#8221; custom_margin=&#8221;3vw||3vw||true|false&#8221; custom_padding=&#8221;||0px|||&#8221; global_colors_info=&#8221;{}&#8221;][\/et_pb_image][et_pb_text _builder_version=&#8221;4.27.4&#8243; _module_preset=&#8221;default&#8221; text_text_color=&#8221;#000000&#8243; header_font=&#8221;Chewy||||||||&#8221; header_2_font=&#8221;Chewy|||on|||||&#8221; header_3_font=&#8221;Abel|||on|||||&#8221; width_tablet=&#8221;50%&#8221; width_phone=&#8221;90%&#8221; width_last_edited=&#8221;on|desktop&#8221; max_width=&#8221;60%&#8221; max_width_tablet=&#8221;60%&#8221; max_width_phone=&#8221;90%&#8221; max_width_last_edited=&#8221;on|phone&#8221; module_alignment=&#8221;center&#8221; custom_margin=&#8221;||36px|||&#8221; global_colors_info=&#8221;{}&#8221;]<\/p>\n<h2>Tai Chi Chuan: Stressmanagement und Zentrierung<\/h2>\n<p>Als Erg\u00e4nzung zum Surfen wird <strong>Tai Chi Chuan (Chen-Stil)<\/strong> als Aktivit\u00e4t angeboten, die sich auf Folgendes konzentriert:<\/p>\n<ul>\n<li>Stress- und Energiemanagement,<\/li>\n<li>k\u00f6rperliches und geistiges Gleichgewicht,<\/li>\n<li>Konzentration und geistige Klarheit,<\/li>\n<li>die St\u00e4rkung des Zusammenhalts und der Gruppendynamik.<\/li>\n<\/ul>\n<p>Diese Achtsamkeitspraxis ist besonders geeignet f\u00fcr <strong>professionelle Teams<\/strong>, die mit anspruchsvollen Umgebungen konfrontiert sind und Ruhe sowie nachhaltige Ressourcen suchen, um ihre Leistung und ihr Wohlbefinden zu verbessern.<\/p>\n<p>[\/et_pb_text][et_pb_image src=&#8221;https:\/\/www.kisurfschool.com\/wp-content\/uploads\/2026\/01\/1.png&#8221; alt=&#8221;Schwarze abstrakte Form mit geb\u00fcrsteter Textur&#8221; title_text=&#8221;1&#8243; force_fullwidth=&#8221;on&#8221; disabled_on=&#8221;on|on|off&#8221; _builder_version=&#8221;4.27.5&#8243; _module_preset=&#8221;default&#8221; background_image=&#8221;https:\/\/www.kisurfschool.com\/wp-content\/uploads\/2025\/12\/DSC03545-scaled.jpg&#8221; custom_margin=&#8221;3vw||3vw||true|false&#8221; custom_padding=&#8221;||0px|||&#8221; global_colors_info=&#8221;{}&#8221;][\/et_pb_image][\/et_pb_column][et_pb_column type=&#8221;2_5&#8243; module_class=&#8221;centrer-verticalement&#8221; _builder_version=&#8221;4.27.4&#8243; _module_preset=&#8221;default&#8221; global_colors_info=&#8221;{}&#8221;][et_pb_text _builder_version=&#8221;4.27.4&#8243; _module_preset=&#8221;default&#8221; text_text_color=&#8221;#000000&#8243; header_font=&#8221;Chewy||||||||&#8221; header_2_font=&#8221;Chewy|||on|||||&#8221; width_tablet=&#8221;50%&#8221; width_phone=&#8221;90%&#8221; width_last_edited=&#8221;on|desktop&#8221; max_width=&#8221;60%&#8221; max_width_tablet=&#8221;60%&#8221; max_width_phone=&#8221;90%&#8221; max_width_last_edited=&#8221;on|phone&#8221; module_alignment=&#8221;center&#8221; custom_margin=&#8221;||36px|||&#8221; global_colors_info=&#8221;{}&#8221;]<\/p>\n<h1>Surf- und Wellness-Aktivit\u00e4ten f\u00fcr Unternehmen und professionelle Gruppen<\/h1>\n<p><strong>Ki Surf School<\/strong> entwickelt <strong>ma\u00dfgeschneiderte Erlebnisse f\u00fcr Unternehmen<\/strong>, Betriebsr\u00e4te und Sportteams, die ihre Bindungen st\u00e4rken, die Motivation f\u00f6rdern und das Wohlbefinden ihrer Mitarbeiter verbessern m\u00f6chten.<\/p>\n<p>Durch <strong>Sport- und Naturaktivit\u00e4ten<\/strong> entdecken Ihre Teams eine neue Umgebung, fernab des beruflichen Alltags, die den Zusammenhalt, die Kommunikation und die Kreativit\u00e4t f\u00f6rdert.<\/p>\n<p>An der K\u00fcste der Landes gelegen, bietet die <strong>Ki Surf School<\/strong> einfachen Zugang dank der N\u00e4he zu mehreren Bahnh\u00f6fen (Saint-Vincent-de-Tyrosse, Bayonne, Dax, Labenne) und dem Flughafen Biarritz Parme, die durch Shuttles und Regionalbusse verbunden sind.<\/p>\n<p>Jedes Programm ist nach Ihren spezifischen Bed\u00fcrfnissen konzipiert:<\/p>\n<ul>\n<li>den Teamzusammenhalt st\u00e4rken,<\/li>\n<li>Motivation und Engagement f\u00f6rdern,<\/li>\n<li>Stress vorbeugen und die Arbeitsplatzqualit\u00e4t verbessern.<\/li>\n<\/ul>\n<p>Surfen, Tai Chi und Rugbysurf zu kombinieren, bedeutet, Ihren Mitarbeitern ein umfassendes Erlebnis zu bieten, das <strong>Energie, Gleichgewicht und Teamgeist<\/strong> vereint. Diese Aktivit\u00e4ten erm\u00f6glichen es, gemeinsame Erinnerungen zu schaffen und den Zusammenhalt nachhaltig zu st\u00e4rken, in einer nat\u00fcrlichen und beruhigenden Umgebung. <\/p>\n<p>[\/et_pb_text][et_pb_divider show_divider=&#8221;off&#8221; _builder_version=&#8221;4.27.4&#8243; _module_preset=&#8221;default&#8221; global_colors_info=&#8221;{}&#8221;][\/et_pb_divider][et_pb_image src=&#8221;https:\/\/www.kisurfschool.com\/wp-content\/uploads\/2026\/01\/2-e1765982052223-1.png&#8221; alt=&#8221;Ovale schwarze Form mit einigen wei\u00dfen Details.&#8221; title_text=&#8221;2 E1765982052223 1&#8243; force_fullwidth=&#8221;on&#8221; disabled_on=&#8221;off|off|on&#8221; _builder_version=&#8221;4.27.5&#8243; _module_preset=&#8221;default&#8221; background_image=&#8221;https:\/\/www.kisurfschool.com\/wp-content\/uploads\/2025\/12\/Taichi-Frankreich-Seignosse-10-scaled.jpg&#8221; custom_margin=&#8221;3vw||3vw||true|false&#8221; custom_padding=&#8221;||0px|||&#8221; global_colors_info=&#8221;{}&#8221;][\/et_pb_image][et_pb_image src=&#8221;https:\/\/www.kisurfschool.com\/wp-content\/uploads\/2026\/01\/2-e1765982052223-1.png&#8221; alt=&#8221;Ovale schwarze Form mit einigen wei\u00dfen Details.&#8221; title_text=&#8221;2 E1765982052223 1&#8243; force_fullwidth=&#8221;on&#8221; disabled_on=&#8221;on|on|off&#8221; _builder_version=&#8221;4.27.5&#8243; _module_preset=&#8221;default&#8221; background_image=&#8221;https:\/\/www.kisurfschool.com\/wp-content\/uploads\/2025\/12\/Taichi-Frankreich-Seignosse-10-scaled.jpg&#8221; custom_margin=&#8221;3vw||3vw||true|false&#8221; custom_padding=&#8221;||0px|||&#8221; global_colors_info=&#8221;{}&#8221;][\/et_pb_image][et_pb_image src=&#8221;https:\/\/www.kisurfschool.com\/wp-content\/uploads\/2026\/01\/1.png&#8221; alt=&#8221;Schwarze abstrakte Form mit geb\u00fcrsteter Textur&#8221; title_text=&#8221;1&#8243; force_fullwidth=&#8221;on&#8221; disabled_on=&#8221;off|off|on&#8221; _builder_version=&#8221;4.27.5&#8243; _module_preset=&#8221;default&#8221; background_image=&#8221;https:\/\/www.kisurfschool.com\/wp-content\/uploads\/2025\/12\/DSC03545-scaled.jpg&#8221; custom_padding=&#8221;||0px|||&#8221; global_colors_info=&#8221;{}&#8221;][\/et_pb_image][et_pb_text _builder_version=&#8221;4.27.4&#8243; _module_preset=&#8221;default&#8221; text_text_color=&#8221;#000000&#8243; header_font=&#8221;Chewy||||||||&#8221; header_2_font=&#8221;Chewy|||on|||||&#8221; header_3_font=&#8221;Abel|||on|||||&#8221; width_tablet=&#8221;50%&#8221; width_phone=&#8221;90%&#8221; width_last_edited=&#8221;on|desktop&#8221; max_width=&#8221;60%&#8221; max_width_tablet=&#8221;60%&#8221; max_width_phone=&#8221;90%&#8221; max_width_last_edited=&#8221;on|phone&#8221; module_alignment=&#8221;center&#8221; custom_margin=&#8221;||36px|||&#8221; global_colors_info=&#8221;{}&#8221;]<\/p>\n<h2>Rugbysurf: Teamgeist im Spiel st\u00e4rken<\/h2>\n<p>Entwickelt von <strong>\u00c9ric Lafargue<\/strong>, ist <strong>Rugbysurf<\/strong> eine originelle, spielerische und f\u00fcr alle zug\u00e4ngliche Gruppenaktivit\u00e4t. Auf ruhigem Gew\u00e4sser praktiziert, mit einem Schaumstoff-Surfbrett und einem Mini-Rugbyball, f\u00f6rdert es: <\/p>\n<ul>\n<li>Kooperation und Koordination,<\/li>\n<li>die Entwicklung der Kommunikation innerhalb eines Teams,<\/li>\n<li>die kollektive Entscheidungsfindung in dynamischen Situationen.<\/li>\n<\/ul>\n<p>Eine einst\u00fcndige Einheit umfasst:<\/p>\n<ul>\n<li>eine Einf\u00fchrung in die Paddeltechniken und die Mobilit\u00e4t auf dem Brett,<\/li>\n<li>ein Freundschaftsspiel, das vom Betreuer geleitet wird.<\/li>\n<\/ul>\n<p>Die Regeln k\u00f6nnen an <strong>Sportteams<\/strong> oder an <strong>Unternehmensgruppen<\/strong> mit spezifischen p\u00e4dagogischen Zielen angepasst werden: k\u00f6rperliche Vorbereitung, Zusammenhalt oder aktive Erholung.<\/p>\n<p>[\/et_pb_text][\/et_pb_column][\/et_pb_row][\/et_pb_section][et_pb_section fb_built=&#8221;1&#8243; _builder_version=&#8221;4.27.5&#8243; _module_preset=&#8221;default&#8221; locked=&#8221;off&#8221;][et_pb_row _builder_version=&#8221;4.27.5&#8243; _module_preset=&#8221;default&#8221; theme_builder_area=&#8221;post_content&#8221;][et_pb_column _builder_version=&#8221;4.27.5&#8243; _module_preset=&#8221;default&#8221; type=&#8221;4_4&#8243; theme_builder_area=&#8221;post_content&#8221;][et_pb_button button_text=&#8221;Preise und Buchungen&#8221; _builder_version=&#8221;4.27.5&#8243; _module_preset=&#8221;default&#8221; theme_builder_area=&#8221;post_content&#8221; button_url=&#8221;@ET-DC@eyJkeW5hbWljIjp0cnVlLCJjb250ZW50IjoicG9zdF9saW5rX3VybF9wYWdlIiwic2V0dGluZ3MiOnsicG9zdF9pZCI6IjQxIiwiZW5hYmxlX2h0bWwiOiJvZmYifX0=@&#8221; _dynamic_attributes=&#8221;button_url&#8221; sticky_enabled=&#8221;0&#8243; button_alignment=&#8221;center&#8221; custom_button=&#8221;on&#8221; button_text_color=&#8221;#FFFFFF&#8221; button_bg_color=&#8221;#ffc440&#8243; button_border_radius=&#8221;7px&#8221; button_font=&#8221;|||on|||||&#8221;][\/et_pb_button][\/et_pb_column][\/et_pb_row][\/et_pb_section]<\/p>\n","protected":false},"excerpt":{"rendered":"<p>Tai Chi Chuan: Stressmanagement und Zentrierung Als Erg\u00e4nzung zum Surfen wird Tai Chi Chuan (Chen-Stil) als Aktivit\u00e4t angeboten, die sich auf Folgendes konzentriert: Stress- und Energiemanagement, k\u00f6rperliches und geistiges Gleichgewicht, Konzentration und geistige Klarheit, die St\u00e4rkung des Zusammenhalts und der Gruppendynamik. Diese Achtsamkeitspraxis ist besonders geeignet f\u00fcr professionelle Teams, die mit anspruchsvollen Umgebungen konfrontiert sind [&hellip;]<\/p>\n","protected":false},"author":1,"featured_media":1581,"parent":0,"menu_order":0,"comment_status":"closed","ping_status":"closed","template":"","meta":{"_et_pb_use_builder":"on","_et_pb_old_content":"","_et_gb_content_width":"","footnotes":""},"class_list":["post-1580","page","type-page","status-publish","has-post-thumbnail","hentry"],"yoast_head":"<!-- This site is optimized with the Yoast SEO plugin v27.3 - https:\/\/yoast.com\/product\/yoast-seo-wordpress\/ -->\n<title>Surf-Aktivit\u00e4ten f\u00fcr Unternehmen (Seminare, Teambuilding...)<\/title>\n<meta name=\"description\" content=\"Bieten Sie Ihren Teams ein einzigartiges Erlebnis mit der Ki Surf School: Surfen, Tai Chi Chuan, Rugbysurf, um Zusammenhalt und Wohlbefinden zu st\u00e4rken.\" \/>\n<meta name=\"robots\" content=\"index, follow, max-snippet:-1, max-image-preview:large, max-video-preview:-1\" \/>\n<link rel=\"canonical\" href=\"https:\/\/www.kisurfschool.com\/de\/surf-aktivitaeten-fuer-unternehmen-seminare-teambuilding\/\" \/>\n<meta property=\"og:locale\" content=\"de_DE\" \/>\n<meta property=\"og:type\" content=\"article\" \/>\n<meta property=\"og:title\" content=\"Surf-Aktivit\u00e4ten f\u00fcr Unternehmen (Seminare, Teambuilding...)\" \/>\n<meta property=\"og:description\" content=\"Bieten Sie Ihren Teams ein einzigartiges Erlebnis mit der Ki Surf School: Surfen, Tai Chi Chuan, Rugbysurf, um Zusammenhalt und Wohlbefinden zu st\u00e4rken.\" \/>\n<meta property=\"og:url\" content=\"https:\/\/www.kisurfschool.com\/de\/surf-aktivitaeten-fuer-unternehmen-seminare-teambuilding\/\" \/>\n<meta property=\"og:site_name\" content=\"Ki Surf School - Surf et Taichi dans les Landes\" \/>\n<meta property=\"article:modified_time\" content=\"2026-02-17T23:13:36+00:00\" \/>\n<meta property=\"og:image\" content=\"https:\/\/www.kisurfschool.com\/wp-content\/uploads\/2025\/09\/Photo_6553963_DJI_363_jpg_4269708_0_202182082838_photo_original-scaled.jpg\" \/>\n\t<meta property=\"og:image:width\" content=\"2560\" \/>\n\t<meta property=\"og:image:height\" content=\"1440\" \/>\n\t<meta property=\"og:image:type\" content=\"image\/jpeg\" \/>\n<meta name=\"twitter:card\" content=\"summary_large_image\" \/>\n<meta name=\"twitter:label1\" content=\"Gesch\u00e4tzte Lesezeit\" \/>\n\t<meta name=\"twitter:data1\" content=\"5 minutes\" \/>\n<script type=\"application\/ld+json\" class=\"yoast-schema-graph\">{\"@context\":\"https:\\\/\\\/schema.org\",\"@graph\":[{\"@type\":\"WebPage\",\"@id\":\"https:\\\/\\\/www.kisurfschool.com\\\/de\\\/surf-aktivitaeten-fuer-unternehmen-seminare-teambuilding\\\/\",\"url\":\"https:\\\/\\\/www.kisurfschool.com\\\/de\\\/surf-aktivitaeten-fuer-unternehmen-seminare-teambuilding\\\/\",\"name\":\"Surf-Aktivit\u00e4ten f\u00fcr Unternehmen (Seminare, Teambuilding...)\",\"isPartOf\":{\"@id\":\"https:\\\/\\\/www.kisurfschool.com\\\/#website\"},\"primaryImageOfPage\":{\"@id\":\"https:\\\/\\\/www.kisurfschool.com\\\/de\\\/surf-aktivitaeten-fuer-unternehmen-seminare-teambuilding\\\/#primaryimage\"},\"image\":{\"@id\":\"https:\\\/\\\/www.kisurfschool.com\\\/de\\\/surf-aktivitaeten-fuer-unternehmen-seminare-teambuilding\\\/#primaryimage\"},\"thumbnailUrl\":\"https:\\\/\\\/www.kisurfschool.com\\\/wp-content\\\/uploads\\\/2025\\\/09\\\/Photo_6553963_DJI_363_jpg_4269708_0_202182082838_photo_original-scaled.jpg\",\"datePublished\":\"2025-07-16T08:57:42+00:00\",\"dateModified\":\"2026-02-17T23:13:36+00:00\",\"description\":\"Bieten Sie Ihren Teams ein einzigartiges Erlebnis mit der Ki Surf School: Surfen, Tai Chi Chuan, Rugbysurf, um Zusammenhalt und Wohlbefinden zu st\u00e4rken.\",\"breadcrumb\":{\"@id\":\"https:\\\/\\\/www.kisurfschool.com\\\/de\\\/surf-aktivitaeten-fuer-unternehmen-seminare-teambuilding\\\/#breadcrumb\"},\"inLanguage\":\"de-DE\",\"potentialAction\":[{\"@type\":\"ReadAction\",\"target\":[\"https:\\\/\\\/www.kisurfschool.com\\\/de\\\/surf-aktivitaeten-fuer-unternehmen-seminare-teambuilding\\\/\"]}]},{\"@type\":\"ImageObject\",\"inLanguage\":\"de-DE\",\"@id\":\"https:\\\/\\\/www.kisurfschool.com\\\/de\\\/surf-aktivitaeten-fuer-unternehmen-seminare-teambuilding\\\/#primaryimage\",\"url\":\"https:\\\/\\\/www.kisurfschool.com\\\/wp-content\\\/uploads\\\/2025\\\/09\\\/Photo_6553963_DJI_363_jpg_4269708_0_202182082838_photo_original-scaled.jpg\",\"contentUrl\":\"https:\\\/\\\/www.kisurfschool.com\\\/wp-content\\\/uploads\\\/2025\\\/09\\\/Photo_6553963_DJI_363_jpg_4269708_0_202182082838_photo_original-scaled.jpg\",\"width\":2560,\"height\":1440,\"caption\":\"default\"},{\"@type\":\"BreadcrumbList\",\"@id\":\"https:\\\/\\\/www.kisurfschool.com\\\/de\\\/surf-aktivitaeten-fuer-unternehmen-seminare-teambuilding\\\/#breadcrumb\",\"itemListElement\":[{\"@type\":\"ListItem\",\"position\":1,\"name\":\"Accueil\",\"item\":\"https:\\\/\\\/www.kisurfschool.com\\\/de\\\/ki-surf-school-surf-und-tai-chi\\\/\"},{\"@type\":\"ListItem\",\"position\":2,\"name\":\"Surf-Aktivit\u00e4ten f\u00fcr Unternehmen (Seminare, Teambuilding&#8230;)\"}]},{\"@type\":\"WebSite\",\"@id\":\"https:\\\/\\\/www.kisurfschool.com\\\/#website\",\"url\":\"https:\\\/\\\/www.kisurfschool.com\\\/\",\"name\":\"Ki Surf School - Surf et Taichi dans les Landes\",\"description\":\"Ki Surf School &amp; Miki Dorade - Surf, Taichi, h\u00e9bergements et textiles inspir\u00e9s par l&#039;oc\u00e9an\",\"potentialAction\":[{\"@type\":\"SearchAction\",\"target\":{\"@type\":\"EntryPoint\",\"urlTemplate\":\"https:\\\/\\\/www.kisurfschool.com\\\/?s={search_term_string}\"},\"query-input\":{\"@type\":\"PropertyValueSpecification\",\"valueRequired\":true,\"valueName\":\"search_term_string\"}}],\"inLanguage\":\"de-DE\"}]}<\/script>\n<!-- \/ Yoast SEO plugin. -->","yoast_head_json":{"title":"Surf-Aktivit\u00e4ten f\u00fcr Unternehmen (Seminare, Teambuilding...)","description":"Bieten Sie Ihren Teams ein einzigartiges Erlebnis mit der Ki Surf School: Surfen, Tai Chi Chuan, Rugbysurf, um Zusammenhalt und Wohlbefinden zu st\u00e4rken.","robots":{"index":"index","follow":"follow","max-snippet":"max-snippet:-1","max-image-preview":"max-image-preview:large","max-video-preview":"max-video-preview:-1"},"canonical":"https:\/\/www.kisurfschool.com\/de\/surf-aktivitaeten-fuer-unternehmen-seminare-teambuilding\/","og_locale":"de_DE","og_type":"article","og_title":"Surf-Aktivit\u00e4ten f\u00fcr Unternehmen (Seminare, Teambuilding...)","og_description":"Bieten Sie Ihren Teams ein einzigartiges Erlebnis mit der Ki Surf School: Surfen, Tai Chi Chuan, Rugbysurf, um Zusammenhalt und Wohlbefinden zu st\u00e4rken.","og_url":"https:\/\/www.kisurfschool.com\/de\/surf-aktivitaeten-fuer-unternehmen-seminare-teambuilding\/","og_site_name":"Ki Surf School - Surf et Taichi dans les Landes","article_modified_time":"2026-02-17T23:13:36+00:00","og_image":[{"width":2560,"height":1440,"url":"https:\/\/www.kisurfschool.com\/wp-content\/uploads\/2025\/09\/Photo_6553963_DJI_363_jpg_4269708_0_202182082838_photo_original-scaled.jpg","type":"image\/jpeg"}],"twitter_card":"summary_large_image","twitter_misc":{"Gesch\u00e4tzte Lesezeit":"5 minutes"},"schema":{"@context":"https:\/\/schema.org","@graph":[{"@type":"WebPage","@id":"https:\/\/www.kisurfschool.com\/de\/surf-aktivitaeten-fuer-unternehmen-seminare-teambuilding\/","url":"https:\/\/www.kisurfschool.com\/de\/surf-aktivitaeten-fuer-unternehmen-seminare-teambuilding\/","name":"Surf-Aktivit\u00e4ten f\u00fcr Unternehmen (Seminare, Teambuilding...)","isPartOf":{"@id":"https:\/\/www.kisurfschool.com\/#website"},"primaryImageOfPage":{"@id":"https:\/\/www.kisurfschool.com\/de\/surf-aktivitaeten-fuer-unternehmen-seminare-teambuilding\/#primaryimage"},"image":{"@id":"https:\/\/www.kisurfschool.com\/de\/surf-aktivitaeten-fuer-unternehmen-seminare-teambuilding\/#primaryimage"},"thumbnailUrl":"https:\/\/www.kisurfschool.com\/wp-content\/uploads\/2025\/09\/Photo_6553963_DJI_363_jpg_4269708_0_202182082838_photo_original-scaled.jpg","datePublished":"2025-07-16T08:57:42+00:00","dateModified":"2026-02-17T23:13:36+00:00","description":"Bieten Sie Ihren Teams ein einzigartiges Erlebnis mit der Ki Surf School: Surfen, Tai Chi Chuan, Rugbysurf, um Zusammenhalt und Wohlbefinden zu st\u00e4rken.","breadcrumb":{"@id":"https:\/\/www.kisurfschool.com\/de\/surf-aktivitaeten-fuer-unternehmen-seminare-teambuilding\/#breadcrumb"},"inLanguage":"de-DE","potentialAction":[{"@type":"ReadAction","target":["https:\/\/www.kisurfschool.com\/de\/surf-aktivitaeten-fuer-unternehmen-seminare-teambuilding\/"]}]},{"@type":"ImageObject","inLanguage":"de-DE","@id":"https:\/\/www.kisurfschool.com\/de\/surf-aktivitaeten-fuer-unternehmen-seminare-teambuilding\/#primaryimage","url":"https:\/\/www.kisurfschool.com\/wp-content\/uploads\/2025\/09\/Photo_6553963_DJI_363_jpg_4269708_0_202182082838_photo_original-scaled.jpg","contentUrl":"https:\/\/www.kisurfschool.com\/wp-content\/uploads\/2025\/09\/Photo_6553963_DJI_363_jpg_4269708_0_202182082838_photo_original-scaled.jpg","width":2560,"height":1440,"caption":"default"},{"@type":"BreadcrumbList","@id":"https:\/\/www.kisurfschool.com\/de\/surf-aktivitaeten-fuer-unternehmen-seminare-teambuilding\/#breadcrumb","itemListElement":[{"@type":"ListItem","position":1,"name":"Accueil","item":"https:\/\/www.kisurfschool.com\/de\/ki-surf-school-surf-und-tai-chi\/"},{"@type":"ListItem","position":2,"name":"Surf-Aktivit\u00e4ten f\u00fcr Unternehmen (Seminare, Teambuilding&#8230;)"}]},{"@type":"WebSite","@id":"https:\/\/www.kisurfschool.com\/#website","url":"https:\/\/www.kisurfschool.com\/","name":"Ki Surf School - Surf et Taichi dans les Landes","description":"Ki Surf School &amp; Miki Dorade - Surf, Taichi, h\u00e9bergements et textiles inspir\u00e9s par l&#039;oc\u00e9an","potentialAction":[{"@type":"SearchAction","target":{"@type":"EntryPoint","urlTemplate":"https:\/\/www.kisurfschool.com\/?s={search_term_string}"},"query-input":{"@type":"PropertyValueSpecification","valueRequired":true,"valueName":"search_term_string"}}],"inLanguage":"de-DE"}]}},"_links":{"self":[{"href":"https:\/\/www.kisurfschool.com\/de\/wp-json\/wp\/v2\/pages\/1580","targetHints":{"allow":["GET"]}}],"collection":[{"href":"https:\/\/www.kisurfschool.com\/de\/wp-json\/wp\/v2\/pages"}],"about":[{"href":"https:\/\/www.kisurfschool.com\/de\/wp-json\/wp\/v2\/types\/page"}],"author":[{"embeddable":true,"href":"https:\/\/www.kisurfschool.com\/de\/wp-json\/wp\/v2\/users\/1"}],"replies":[{"embeddable":true,"href":"https:\/\/www.kisurfschool.com\/de\/wp-json\/wp\/v2\/comments?post=1580"}],"version-history":[{"count":0,"href":"https:\/\/www.kisurfschool.com\/de\/wp-json\/wp\/v2\/pages\/1580\/revisions"}],"wp:featuredmedia":[{"embeddable":true,"href":"https:\/\/www.kisurfschool.com\/de\/wp-json\/wp\/v2\/media\/1581"}],"wp:attachment":[{"href":"https:\/\/www.kisurfschool.com\/de\/wp-json\/wp\/v2\/media?parent=1580"}],"curies":[{"name":"wp","href":"https:\/\/api.w.org\/{rel}","templated":true}]}}